{"id":559,"date":"2020-06-17T17:56:04","date_gmt":"2020-06-17T22:56:04","guid":{"rendered":"https:\/\/www.drscholls.ca\/fr\/?post_type=product&#038;p=559"},"modified":"2025-03-21T16:16:23","modified_gmt":"2025-03-21T21:16:23","slug":"coussinets-moleskin-plus","status":"publish","type":"product","link":"https:\/\/www.drscholls.ca\/fr\/p\/ampoules\/coussinets-moleskin-plus\/","title":{"rendered":"Coussinets Moleskin Plus"},"content":{"rendered":"<div class=\"wpb-content-wrapper\">[vc_section full_width=&#8221;stretch_row&#8221; el_id=&#8221;product-tabs&#8221;][vc_row][vc_column][vc_tta_tabs style=&#8221;flat&#8221; shape=&#8221;square&#8221; alignment=&#8221;centre&#8221; active_section=&#8221;1&#8243; colour=&#8221;white&#8221;][vc_tta_section title=&#8221;Explications&#8221; tab_id=&#8221;explications&#8221;][vc_row_inner][vc_column_inner][vc_column_text]\r\n<ul>\r\n \t<li><strong><a href=\"https:\/\/www.drscholls.ca\/fr\/ca\/symptomes-et-problemes\/douleur-aux-pieds-et-problemes-de-sante\/inconforts-lies-au-port-de-chaussures\/\">Des chaussures mal ajust\u00e9es<\/a><\/strong> peuvent provoquer des pressions douloureuses et des ampoules.<\/li>\r\n \t<li>Nos <strong>Coussinets Moleskin<sup>MC<\/sup> Plus doux<\/strong> prot\u00e8gent le pied et emp\u00eachent la formation d\u2019ampoules.<\/li>\r\n<\/ul>\r\n[\/vc_column_text][\/vc_column_inner][\/vc_row_inner][\/vc_tta_section][vc_tta_section title=&#8221;Mode d\u2019emploi&#8221; tab_id=&#8221;mode&#8221;][vc_row_inner][vc_column_inner width=&#8221;1\/3&#8243;][vc_column_text]\r\n<h6 class=\"head\" style=\"text-align: center;\">1<sup>re<\/sup>\u00a0\u00c9TAPE<\/h6>\r\n<p style=\"text-align: center;\">Trempez les pieds et s\u00e9chez-les bien.<\/p>\r\n[\/vc_column_text][\/vc_column_inner][vc_column_inner width=&#8221;1\/3&#8243;][vc_column_text]\r\n<h6 class=\"head\" style=\"text-align: center;\">2<sup>e<\/sup>\u00a0\u00c9TAPE<\/h6>\r\n<p style=\"text-align: center;\">D\u00e9coupez les coussinets selon vos besoins, enlevez les pellicules et appliquez-les sur les zones affect\u00e9es. Ne placez pas de coussinet directement sur une ampoule ou \u00e9raflure.<\/p>\r\n[\/vc_column_text][\/vc_column_inner][vc_column_inner width=&#8221;1\/3&#8243;][vc_column_text]\r\n<h6 class=\"head\" style=\"text-align: center;\">3<sup>e<\/sup>\u00a0\u00c9TAPE<\/h6>\r\n<p style=\"text-align: center;\">Pour traiter une ampoule ou \u00e9raflure\u00a0: d\u00e9coupez le coussinet de mani\u00e8re \u00e0 couvrir le contour.<\/p>\r\n[\/vc_column_text][\/vc_column_inner][\/vc_row_inner][\/vc_tta_section][vc_tta_section title=&#8221;Vid\u00e9o p\u00e9dagogique&#8221; tab_id=&#8221;video-pedagogique&#8221;][vc_video link=&#8221;https:\/\/youtu.be\/UPP0G-OTuKo?list=PLPfbaGoIo4xhTkoN5Kr4231yTxs98AACJ&#8221;][\/vc_tta_section][\/vc_tta_tabs][\/vc_column][\/vc_row][\/vc_section][vc_row content_placement=&#8221;top&#8221; el_id=&#8221;product-carousel&#8221;][vc_column][vc_custom_heading text=&#8221;TROUVER D&#8217;AUTRES PRODUITS CONNEXES&#8221; font_container=&#8221;tag:h2|text_align:center&#8221; use_theme_fonts=&#8221;yes&#8221; el_class=&#8221;text-uppercase&#8221;][vc_raw_html]JTVCcHJvZHVjdHNfc2xpZGVyJTIwY2F0cyUzRCUyMjE3MiUyMiUyMGF1dG9wbGF5JTNEJUUyJTgwJTlEZmFsc2UlRTIlODAlOUQlMjBvcmRlcmJ5JTNEJTIybWVudV9vcmRlciUyMiU1RA==[\/vc_raw_html][\/vc_column][\/vc_row]<\/div>","protected":false},"excerpt":{"rendered":"<p>Nos <strong>Coussinets Moleskin<sup>MC<\/sup> Plus<\/strong> <strong>minces et flexibles<\/strong> sont sp\u00e9cialement con\u00e7us pour soulager la douleur caus\u00e9e par la pression de chaussures serr\u00e9es \u00e0 plusieurs endroits.<\/p>\n<h5>Avantages<\/h5>\n<ul>\n<li>Coussinets en flanelle de coton qui prot\u00e8gent n\u2019importe quelle partie du pied contre les frottements de la chaussure, pour un soulagement de la douleur toute la journ\u00e9e<\/li>\n<li>Pr\u00e9vient les ampoules<\/li>\n<li>Mod\u00e8le mince qui s\u2019adapte au pied et compatible avec toutes les chaussures<\/li>\n<li>Grands coussinets pour couvrir de grandes surfaces, mais libre \u00e0 vous de les couper selon le besoin<\/li>\n<li>Con\u00e7u pour rester en place toute la journ\u00e9e<\/li>\n<\/ul>\n<h5>Quantit\u00e9<\/h5>\n<ul>\n<li>3 bandes, 4<sup>5\/8<\/sup> po x 3<sup>3\/8<\/sup> po<\/li>\n<\/ul>\n<p class=\"speical-note\"><sub><strong>Avertissement:<\/strong> Si vous \u00eates diab\u00e9tique ou avez une mauvaise circulation sanguine ou une peau fragile, consultez votre m\u00e9decin ou votre podologue avant d\u2019utiliser ce produit.<br \/>\n<\/sub><\/p>\n","protected":false},"featured_media":13784,"template":"","meta":{"_acf_changed":false},"product_brand":[],"product_cat":[172,223,321],"product_tag":[],"class_list":{"0":"post-559","1":"product","2":"type-product","3":"status-publish","4":"has-post-thumbnail","6":"product_cat-ampoules","7":"product_cat-coussinets-et-protections","8":"product_cat-traitements-pour-la-peau","10":"first","11":"instock","12":"taxable","13":"shipping-taxable","14":"product-type-simple"},"acf":[],"_links":{"self":[{"href":"https:\/\/www.drscholls.ca\/fr\/wp-json\/wp\/v2\/product\/559","targetHints":{"allow":["GET"]}}],"collection":[{"href":"https:\/\/www.drscholls.ca\/fr\/wp-json\/wp\/v2\/product"}],"about":[{"href":"https:\/\/www.drscholls.ca\/fr\/wp-json\/wp\/v2\/types\/product"}],"wp:featuredmedia":[{"embeddable":true,"href":"https:\/\/www.drscholls.ca\/fr\/wp-json\/wp\/v2\/media\/13784"}],"wp:attachment":[{"href":"https:\/\/www.drscholls.ca\/fr\/wp-json\/wp\/v2\/media?parent=559"}],"wp:term":[{"taxonomy":"product_brand","embeddable":true,"href":"https:\/\/www.drscholls.ca\/fr\/wp-json\/wp\/v2\/product_brand?post=559"},{"taxonomy":"product_cat","embeddable":true,"href":"https:\/\/www.drscholls.ca\/fr\/wp-json\/wp\/v2\/product_cat?post=559"},{"taxonomy":"product_tag","embeddable":true,"href":"https:\/\/www.drscholls.ca\/fr\/wp-json\/wp\/v2\/product_tag?post=559"}],"curies":[{"name":"wp","href":"https:\/\/api.w.org\/{rel}","templated":true}]}}