{"id":556,"date":"2020-06-17T17:51:51","date_gmt":"2020-06-17T22:51:51","guid":{"rendered":"https:\/\/www.drscholls.ca\/fr\/?post_type=product&#038;p=556"},"modified":"2025-03-21T16:16:22","modified_gmt":"2025-03-21T21:16:22","slug":"traitement-des-ampoules-coussinets-avec-technologie-duragel","status":"publish","type":"product","link":"https:\/\/www.drscholls.ca\/fr\/p\/ampoules\/traitement-des-ampoules-coussinets-avec-technologie-duragel\/","title":{"rendered":"Coussinets Pour Ampoules Avec Technologie Duragel<sup>TM<\/sup>"},"content":{"rendered":"<div class=\"wpb-content-wrapper\">[vc_section full_width=&#8221;stretch_row&#8221; el_id=&#8221;product-tabs&#8221;][vc_row][vc_column][vc_tta_tabs style=&#8221;flat&#8221; shape=&#8221;square&#8221; alignment=&#8221;centre&#8221; active_section=&#8221;1&#8243; colour=&#8221;white&#8221;][vc_tta_section title=&#8221;Explications&#8221; tab_id=&#8221;why-it-works&#8221;][vc_row_inner][vc_column_inner width=&#8221;1\/2&#8243;][vc_single_image image=&#8221;1029&#8243; img_size=&#8221;large&#8221;][\/vc_column_inner][vc_column_inner width=&#8221;1\/2&#8243;][vc_column_text]\r\n<ul>\r\n \t<li><a href=\"https:\/\/www.drscholls.ca\/fr\/ca\/symptomes-et-problemes\/affections-cutanees-du-pied\/ampoules\/\">Une ampoule<\/a> est la formation d\u2019une bulle remplie de liquide sur la peau. Elle peut se former partout, y compris en r\u00e9action \u00e0 la friction et l\u2019irritation de la chaussure.<\/li>\r\n \t<li>Nos <strong>coussinets de traitement des ampoules avec technologie DURAGEL<sup>TM<\/sup><\/strong> cr\u00e9ent un environnement propre et r\u00e9duisent la friction. Cela permet non seulement de soulager la douleur, mais aussi de favoriser la gu\u00e9rison et d\u2019emp\u00eacher la formation de nouvelles ampoules en r\u00e9duisant la friction et le frottement des chaussures.<\/li>\r\n<\/ul>\r\n[\/vc_column_text][\/vc_column_inner][\/vc_row_inner][\/vc_tta_section][vc_tta_section title=&#8221;Mode d\u2019emploi&#8221; tab_id=&#8221;how-to-use&#8221;][vc_row_inner][vc_column_inner width=&#8221;1\/2&#8243;][vc_column_text]\r\n<h6 class=\"head\" style=\"text-align: center;\">1re\u00a0\u00c9TAPE<\/h6>\r\n<p style=\"text-align: center;\">Retirez la pellicule \u00ab\u00a0Step\u00a01\u00a0\u00bb et placez le centre (c\u00f4t\u00e9 adh\u00e9sif vers le bas) sur l\u2019ampoule.<\/p>\r\n[\/vc_column_text][\/vc_column_inner][vc_column_inner width=&#8221;1\/2&#8243;][vc_column_text]\r\n<h6 class=\"head\" style=\"text-align: center;\">2e\u00a0\u00c9TAPE<\/h6>\r\n<p style=\"text-align: center;\">Retirez la pellicule \u00ab\u00a0Step\u00a02\u00a0\u00bb et faites fermement adh\u00e9rer le rebord adh\u00e9sif \u00e0 la peau.<\/p>\r\n[\/vc_column_text][\/vc_column_inner][\/vc_row_inner][\/vc_tta_section][vc_tta_section title=&#8221;Vid\u00e9o p\u00e9dagogique&#8221; tab_id=&#8221;video-pedagogique&#8221;][vc_video link=&#8221;https:\/\/youtu.be\/Mu6XqhV-05k?list=PLPfbaGoIo4xhTkoN5Kr4231yTxs98AACJ&#8221;][\/vc_tta_section][\/vc_tta_tabs][\/vc_column][\/vc_row][\/vc_section][vc_row content_placement=&#8221;top&#8221; el_id=&#8221;product-carousel&#8221;][vc_column][vc_custom_heading text=&#8221;Produits pertinents en magasin&#8221; font_container=&#8221;tag:h2|text_align:center&#8221; use_theme_fonts=&#8221;yes&#8221; el_class=&#8221;text-uppercase&#8221;][vc_raw_html]JTVCcHJvZHVjdHNfc2xpZGVyJTIwY2F0cyUzRCUyMjE3MiUyMiUyMGF1dG9wbGF5JTNEJUUyJTgwJTlEZmFsc2UlRTIlODAlOUQlMjBvcmRlcmJ5JTNEJTIybWVudV9vcmRlciUyMiU1RA==[\/vc_raw_html][\/vc_column][\/vc_row]<\/div>","protected":false},"excerpt":{"rendered":"<p>Nos coussinets pour ampoules avec <strong>la technologie DURAGEL<sup>TM<\/sup><\/strong> sont sp\u00e9cialement con\u00e7us pour traiter <a href=\"https:\/\/www.drscholls.ca\/fr\/ca\/symptomes-et-problemes\/affections-cutanees-du-pied\/ampoules\/\">les ampoules<\/a> douloureuses aux pieds et obtenir un amortissement discret.<\/p>\n<h5>Avantages<\/h5>\n<ul>\n<li>Contribue \u00e0 la gu\u00e9rison des ampoules et emp\u00eache la formation de nouvelles ampoules<\/li>\n<li>Prot\u00e8ge des pressions et des frottements douloureux des chaussures<\/li>\n<li>Soulagement de la douleur qui dure toute la journ\u00e9e<\/li>\n<li>Adh\u00e9sif r\u00e9sistant \u00e0 la transpiration qui garde les coussinets en place<\/li>\n<li>Fabriqu\u00e9 avec la technologie DURAGEL<sup>TM<\/sup> &#8211; des coussinets minces, flexibles et presque invisibles qui s\u2019adaptent au pied<\/li>\n<\/ul>\n<h5>Quantit\u00e9<\/h5>\n<ul>\n<li>6 coussinets<\/li>\n<\/ul>\n","protected":false},"featured_media":13735,"template":"","meta":{"_acf_changed":false},"product_brand":[],"product_cat":[172,223,229,321],"product_tag":[],"class_list":{"0":"post-556","1":"product","2":"type-product","3":"status-publish","4":"has-post-thumbnail","6":"product_cat-ampoules","7":"product_cat-coussinets-et-protections","8":"product_cat-duragel","9":"product_cat-traitements-pour-la-peau","11":"first","12":"instock","13":"taxable","14":"shipping-taxable","15":"product-type-simple"},"acf":[],"_links":{"self":[{"href":"https:\/\/www.drscholls.ca\/fr\/wp-json\/wp\/v2\/product\/556","targetHints":{"allow":["GET"]}}],"collection":[{"href":"https:\/\/www.drscholls.ca\/fr\/wp-json\/wp\/v2\/product"}],"about":[{"href":"https:\/\/www.drscholls.ca\/fr\/wp-json\/wp\/v2\/types\/product"}],"wp:featuredmedia":[{"embeddable":true,"href":"https:\/\/www.drscholls.ca\/fr\/wp-json\/wp\/v2\/media\/13735"}],"wp:attachment":[{"href":"https:\/\/www.drscholls.ca\/fr\/wp-json\/wp\/v2\/media?parent=556"}],"wp:term":[{"taxonomy":"product_brand","embeddable":true,"href":"https:\/\/www.drscholls.ca\/fr\/wp-json\/wp\/v2\/product_brand?post=556"},{"taxonomy":"product_cat","embeddable":true,"href":"https:\/\/www.drscholls.ca\/fr\/wp-json\/wp\/v2\/product_cat?post=556"},{"taxonomy":"product_tag","embeddable":true,"href":"https:\/\/www.drscholls.ca\/fr\/wp-json\/wp\/v2\/product_tag?post=556"}],"curies":[{"name":"wp","href":"https:\/\/api.w.org\/{rel}","templated":true}]}}