{"id":550,"date":"2020-06-17T17:41:55","date_gmt":"2020-06-17T22:41:55","guid":{"rendered":"https:\/\/www.drscholls.ca\/fr\/?post_type=product&#038;p=550"},"modified":"2025-03-21T16:16:22","modified_gmt":"2025-03-21T21:16:22","slug":"coussinets-pour-oignons-avec-technologie-duragel","status":"publish","type":"product","link":"https:\/\/www.drscholls.ca\/fr\/p\/oignons\/coussinets-pour-oignons-avec-technologie-duragel\/","title":{"rendered":"Coussinets Pour Oignons Avec Technologie Duragel<sup>TM<\/sup>"},"content":{"rendered":"<div class=\"wpb-content-wrapper\">[vc_section full_width=&#8221;stretch_row&#8221; el_id=&#8221;product-tabs&#8221;][vc_row][vc_column][vc_tta_tabs style=&#8221;flat&#8221; shape=&#8221;square&#8221; alignment=&#8221;centre&#8221; active_section=&#8221;1&#8243; colour=&#8221;white&#8221;][vc_tta_section title=&#8221;Explications&#8221; tab_id=&#8221;explications&#8221;][vc_row_inner][vc_column_inner][vc_column_text]\r\n<ul>\r\n \t<li>Nous coussinets pour <a href=\"https:\/\/www.drscholls.ca\/fr\/ca\/symptomes-et-problemes\/affections-cutanees-du-pied\/oignons\/\"><strong>oignons<\/strong><\/a> avec la technologie DURAGEL<sup>TM<\/sup> soulagent de la douleur toute la journ\u00e9e en prot\u00e9geant l\u2019oignon des frottements et de la pression de la chaussure.<\/li>\r\n<\/ul>\r\n[\/vc_column_text][\/vc_column_inner][\/vc_row_inner][\/vc_tta_section][vc_tta_section title=&#8221;Mode d\u2019emploi&#8221; tab_id=&#8221;mode&#8221;][vc_row_inner][vc_column_inner width=&#8221;1\/3&#8243;][vc_column_text]\r\n<h6 class=\"head\" style=\"text-align: center;\">1<sup>re<\/sup>\u00a0\u00c9TAPE<\/h6>\r\n<p style=\"text-align: center;\">Retirez la pellicule <strong>\u00ab\u00a0Step\u00a01\u00a0\u00bb<\/strong> et placez le centre (c\u00f4t\u00e9 adh\u00e9sif vers le bas) sur l\u2019ampoule.<\/p>\r\n[\/vc_column_text][\/vc_column_inner][vc_column_inner width=&#8221;1\/3&#8243;][vc_column_text]\r\n<h6 class=\"head\" style=\"text-align: center;\">2<sup>e<\/sup>\u00a0\u00c9TAPE<\/h6>\r\n<p style=\"text-align: center;\">Retirez la pellicule <strong>\u00ab\u00a0Step\u00a02\u00a0\u00bb<\/strong>, retirez la languette bleue et faites fermement adh\u00e9rer le rebord adh\u00e9sif \u00e0 la peau.<\/p>\r\n[\/vc_column_text][\/vc_column_inner][vc_column_inner width=&#8221;1\/3&#8243;][vc_column_text]\r\n<h6 class=\"head\" style=\"text-align: center;\">3<sup>e<\/sup>\u00a0\u00c9TAPE<\/h6>\r\n<p style=\"text-align: center;\">Remplacez le coussinet lorsqu\u2019il commence \u00e0 se d\u00e9tacher.<\/p>\r\n[\/vc_column_text][\/vc_column_inner][vc_column_inner][vc_column_text]\r\n<p style=\"text-align: center;\"><sub><strong>Avertissement:<\/strong> <em>Si vous \u00eates diab\u00e9tique ou avez une mauvaise circulation sanguine ou une peau fragile, consultez votre m\u00e9decin ou votre podologue avant d\u2019utiliser ce produit.<\/em><\/sub><\/p>\r\n[\/vc_column_text][\/vc_column_inner][\/vc_row_inner][\/vc_tta_section][vc_tta_section title=&#8221;Vid\u00e9o p\u00e9dagogique&#8221; tab_id=&#8221;video-pedagogique&#8221;][vc_video link=&#8221;https:\/\/youtu.be\/kkz3TBcVu-s?list=PLPfbaGoIo4xhTkoN5Kr4231yTxs98AACJ&#8221;][\/vc_tta_section][\/vc_tta_tabs][\/vc_column][\/vc_row][\/vc_section][vc_row content_placement=&#8221;top&#8221; disable_element=&#8221;yes&#8221; el_id=&#8221;product-carousel&#8221;][vc_column][vc_custom_heading text=&#8221;PRODUITS PERTINENTS EN MAGASIN&#8221; font_container=&#8221;tag:h2|text_align:center&#8221; use_theme_fonts=&#8221;yes&#8221; el_class=&#8221;text-uppercase&#8221;][vc_raw_html]JTVCcHJvZHVjdHNfc2xpZGVyJTIwY2F0cyUzRCUyMjI3JTIyJTIwYXV0b3BsYXklM0QlRTIlODAlOURmYWxzZSVFMiU4MCU5RCUyMG9yZGVyYnklM0QlMjJtZW51X29yZGVyJTIyJTVE[\/vc_raw_html][\/vc_column][\/vc_row]<\/div>","protected":false},"excerpt":{"rendered":"<p>Nos <strong>coussinets pour oignons avec la technologie DURAGEL<sup>TM<\/sup><\/strong> sont sp\u00e9cialement con\u00e7us pour traiter les <a href=\"https:\/\/www.drscholls.ca\/fr\/ca\/symptomes-et-problemes\/affections-cutanees-du-pied\/oignons\/\">oignons<\/a> douloureux et obtenir un amortissement discret.<\/p>\n<h5>Avantages<\/h5>\n<ul>\n<li>Soulage de la douleur en r\u00e9duisant la pression et la friction de la chaussure, preuves cliniques \u00e0 l\u2019appui<\/li>\n<li>Soulagement imm\u00e9diat de la douleur<\/li>\n<li>Reste en place jour et nuit<\/li>\n<li>Technologie Duragel<sup>TM<\/sup>: des coussinets minces, flexibles et presque invisibles qui s\u2019adaptent facilement \u00e0 toutes les chaussures<\/li>\n<\/ul>\n<h5>Quantit\u00e9<\/h5>\n<ul>\n<li>5 coussinets<\/li>\n<\/ul>\n","protected":false},"featured_media":13737,"template":"","meta":{"_acf_changed":false},"product_brand":[],"product_cat":[223,229,27,321],"product_tag":[],"class_list":{"0":"post-550","1":"product","2":"type-product","3":"status-publish","4":"has-post-thumbnail","6":"product_cat-coussinets-et-protections","7":"product_cat-duragel","8":"product_cat-oignons","9":"product_cat-traitements-pour-la-peau","11":"first","12":"instock","13":"taxable","14":"shipping-taxable","15":"product-type-simple"},"acf":[],"_links":{"self":[{"href":"https:\/\/www.drscholls.ca\/fr\/wp-json\/wp\/v2\/product\/550","targetHints":{"allow":["GET"]}}],"collection":[{"href":"https:\/\/www.drscholls.ca\/fr\/wp-json\/wp\/v2\/product"}],"about":[{"href":"https:\/\/www.drscholls.ca\/fr\/wp-json\/wp\/v2\/types\/product"}],"wp:featuredmedia":[{"embeddable":true,"href":"https:\/\/www.drscholls.ca\/fr\/wp-json\/wp\/v2\/media\/13737"}],"wp:attachment":[{"href":"https:\/\/www.drscholls.ca\/fr\/wp-json\/wp\/v2\/media?parent=550"}],"wp:term":[{"taxonomy":"product_brand","embeddable":true,"href":"https:\/\/www.drscholls.ca\/fr\/wp-json\/wp\/v2\/product_brand?post=550"},{"taxonomy":"product_cat","embeddable":true,"href":"https:\/\/www.drscholls.ca\/fr\/wp-json\/wp\/v2\/product_cat?post=550"},{"taxonomy":"product_tag","embeddable":true,"href":"https:\/\/www.drscholls.ca\/fr\/wp-json\/wp\/v2\/product_tag?post=550"}],"curies":[{"name":"wp","href":"https:\/\/api.w.org\/{rel}","templated":true}]}}