{"id":540,"date":"2020-06-17T17:13:57","date_gmt":"2020-06-17T22:13:57","guid":{"rendered":"https:\/\/www.drscholls.ca\/fr\/?post_type=product&#038;p=540"},"modified":"2025-03-21T16:16:22","modified_gmt":"2025-03-21T21:16:22","slug":"enleve-callosites-avec-technologie-duragel","status":"publish","type":"product","link":"https:\/\/www.drscholls.ca\/fr\/p\/callosites\/enleve-callosites-avec-technologie-duragel\/","title":{"rendered":"Enl\u00e8ve-Callosit\u00e9s Avec Technologie Duragel<sup>\u2122<\/sup>"},"content":{"rendered":"<div class=\"wpb-content-wrapper\">[vc_section full_width=&#8221;stretch_row&#8221; el_id=&#8221;product-tabs&#8221;][vc_row][vc_column][vc_tta_tabs style=&#8221;flat&#8221; shape=&#8221;square&#8221; alignment=&#8221;centre&#8221; active_section=&#8221;1&#8243; colour=&#8221;white&#8221;][vc_tta_section title=&#8221;Explications&#8221; tab_id=&#8221;explications&#8221;][vc_row_inner][vc_column_inner width=&#8221;1\/2&#8243;][vc_single_image image=&#8221;1015&#8243; img_size=&#8221;large&#8221;][\/vc_column_inner][vc_column_inner width=&#8221;1\/2&#8243;][vc_column_text]\r\n<ul>\r\n \t<li>Une <strong><a href=\"https:\/\/www.drscholls.ca\/fr\/ca\/symptomes-et-problemes\/affections-cutanees-du-pied\/callosites\/\">callosit\u00e9<\/a><\/strong> est caus\u00e9e par l\u2019accumulation de peau dure et morte sur une zone de pression ou de pro\u00e9minence osseuse. Au pied, elle est souvent caus\u00e9e par la friction et la pression des chaussures ainsi que par des habitudes de marche anormales ou des activit\u00e9s r\u00e9p\u00e9titives (le sport est un bon exemple).<\/li>\r\n \t<li>Nos <strong>Enl\u00e8ve-Callosit\u00e9s Avec la Technologie DURAGEL<sup>TM<\/sup><\/strong> entourent les callosit\u00e9s et la peau dure d\u2019un gel fin et flexible qui soulage imm\u00e9diatement la pression et la friction douloureuses caus\u00e9es par la chaussure. Les disques m\u00e9dicamenteux \u00e0 concentration maximale offrent un traitement s\u00fbr et efficace des callosit\u00e9s et simplifient leur \u00e9limination.<\/li>\r\n<\/ul>\r\n[\/vc_column_text][\/vc_column_inner][\/vc_row_inner][\/vc_tta_section][vc_tta_section title=&#8221;Ingr\u00e9dients&#8221; tab_id=&#8221;ingredients&#8221;][vc_column_text]<strong><em>Ingr\u00e9dient actif\r\n<\/em><\/strong>Acide salicylique \u00e0 40%\r\n\r\n<strong><em>Ingr\u00e9dients inactifs\r\n<\/em><\/strong>antioxydant (CAS\u00a0991-84-4), oxydes de fer, huile min\u00e9rale, r\u00e9sine d\u2019hydrocarbure de p\u00e9trole, dioxyde de silicium, caoutchouc polyisopr\u00e8ne synth\u00e9tique, talc[\/vc_column_text][\/vc_tta_section][vc_tta_section title=&#8221;Mode d\u2019emploi&#8221; tab_id=&#8221;mode&#8221;][vc_row_inner][vc_column_inner width=&#8221;1\/2&#8243;][vc_column_text]\r\n<h6 class=\"head\" style=\"text-align: center;\">1<sup>re<\/sup>\u00a0\u00c9TAPE<\/h6>\r\n<p style=\"text-align: center;\">Placez le c\u00f4t\u00e9 adh\u00e9rant du disque directement au centre de la callosit\u00e9, voir \u00ab\u00a0l\u2019\u00e9tape\u00a01\u00a0\u00bb. Retirez la pellicule \u00ab\u00a0Step\u00a01\u00a0\u00bb et placez le centre (c\u00f4t\u00e9 adh\u00e9sif vers le bas) sur le disque, le c\u00f4t\u00e9 le plus \u00e9troit vers les orteils.<\/p>\r\n[\/vc_column_text][\/vc_column_inner][vc_column_inner width=&#8221;1\/2&#8243;][vc_column_text]\r\n<h6 class=\"head\" style=\"text-align: center;\">2<sup>e<\/sup>\u00a0\u00c9TAPE<\/h6>\r\n<p style=\"text-align: center;\">Retirez la pellicule \u00ab\u00a0Step\u00a02\u00a0\u00bb, retirez la languette bleue et faites fermement adh\u00e9rer le rebord adh\u00e9sif \u00e0 la peau..<\/p>\r\n[\/vc_column_text][\/vc_column_inner][vc_column_inner][vc_column_text]\r\n<p style=\"text-align: center;\"><sub><strong>Avertissement:<\/strong>\u00a0<em>Si vous \u00eates diab\u00e9tique ou avez une mauvaise circulation sanguine, consultez votre m\u00e9decin ou votre podologue avant d\u2019utiliser ce produit.<\/em><\/sub><\/p>\r\n[\/vc_column_text][\/vc_column_inner][\/vc_row_inner][\/vc_tta_section][vc_tta_section title=&#8221;Vid\u00e9o p\u00e9dagogique&#8221; tab_id=&#8221;video-pedagogique&#8221;][vc_video link=&#8221;https:\/\/youtu.be\/U8MEoQrHie0?list=PLPfbaGoIo4xhTkoN5Kr4231yTxs98AACJ&#8221;][\/vc_tta_section][\/vc_tta_tabs][\/vc_column][\/vc_row][\/vc_section][vc_row content_placement=&#8221;top&#8221; el_id=&#8221;product-carousel&#8221;][vc_column][vc_custom_heading text=&#8221;TROUVER D&#8217;AUTRES PRODUITS CONNEXES&#8221; font_container=&#8221;tag:h2|text_align:center&#8221; use_theme_fonts=&#8221;yes&#8221; el_class=&#8221;text-uppercase&#8221;][vc_raw_html]JTVCcHJvZHVjdHNfc2xpZGVyJTIwY2F0cyUzRCUyMjIyMSUyMiUyMGF1dG9wbGF5JTNEJUUyJTgwJTlEZmFsc2UlRTIlODAlOUQlMjBvcmRlcmJ5JTNEJTIybWVudV9vcmRlciUyMiU1RA==[\/vc_raw_html][\/vc_column][\/vc_row]<\/div>","protected":false},"excerpt":{"rendered":"<p>Nos <strong>enl\u00e8ve-callosit\u00e9s avec la technologie DURAGEL<sup>TM<\/sup><\/strong> sont sp\u00e9cialement con\u00e7us pour enlever discr\u00e8tement les <a href=\"https:\/\/www.drscholls.ca\/fr\/ca\/symptomes-et-problemes\/affections-cutanees-du-pied\/callosites\/\">callosit\u00e9s<\/a> douloureuses au pied.<\/p>\n<h5>Avantages<\/h5>\n<p>\u00c9limination rapide des callosit\u00e9s, parfois en seulement deux traitements, preuves cliniques \u00e0 l\u2019appui<\/p>\n<ul>\n<li>Disques m\u00e9dicamenteux \u00e0 concentration maximale<\/li>\n<li>Adoucit les callosit\u00e9s dures<\/li>\n<li>Reste en place jour et nuit<\/li>\n<li>Technologie DURAGEL<sup>TM<\/sup>: des coussinets minces, flexibles et presque invisibles qui soulagent de la douleur toute la journ\u00e9e<\/li>\n<\/ul>\n<h5>Quantit\u00e9<\/h5>\n<ul>\n<li>4 coussinets et 4\u00a0disques m\u00e9dicamenteux<\/li>\n<\/ul>\n<p><strong><a href=\"\/wp-content\/uploads\/DrSchollsDuragelCallusRemoverDrugFacts.pdf\">FAITS SUR LE M\u00c9DICAMENT (PDF)<img decoding=\"async\" class=\"alignnone size-full wp-image-12084\" src=\"https:\/\/www.drscholls.ca\/fr\/wp-content\/uploads\/image003.png\" alt=\"\" width=\"15\" height=\"16\" \/><\/a><\/strong><\/p>\n","protected":false},"featured_media":13742,"template":"","meta":{"_acf_changed":false},"product_brand":[],"product_cat":[221,223,229,321],"product_tag":[],"class_list":{"0":"post-540","1":"product","2":"type-product","3":"status-publish","4":"has-post-thumbnail","6":"product_cat-callosites","7":"product_cat-coussinets-et-protections","8":"product_cat-duragel","9":"product_cat-traitements-pour-la-peau","11":"first","12":"instock","13":"taxable","14":"shipping-taxable","15":"product-type-simple"},"acf":[],"_links":{"self":[{"href":"https:\/\/www.drscholls.ca\/fr\/wp-json\/wp\/v2\/product\/540","targetHints":{"allow":["GET"]}}],"collection":[{"href":"https:\/\/www.drscholls.ca\/fr\/wp-json\/wp\/v2\/product"}],"about":[{"href":"https:\/\/www.drscholls.ca\/fr\/wp-json\/wp\/v2\/types\/product"}],"wp:featuredmedia":[{"embeddable":true,"href":"https:\/\/www.drscholls.ca\/fr\/wp-json\/wp\/v2\/media\/13742"}],"wp:attachment":[{"href":"https:\/\/www.drscholls.ca\/fr\/wp-json\/wp\/v2\/media?parent=540"}],"wp:term":[{"taxonomy":"product_brand","embeddable":true,"href":"https:\/\/www.drscholls.ca\/fr\/wp-json\/wp\/v2\/product_brand?post=540"},{"taxonomy":"product_cat","embeddable":true,"href":"https:\/\/www.drscholls.ca\/fr\/wp-json\/wp\/v2\/product_cat?post=540"},{"taxonomy":"product_tag","embeddable":true,"href":"https:\/\/www.drscholls.ca\/fr\/wp-json\/wp\/v2\/product_tag?post=540"}],"curies":[{"name":"wp","href":"https:\/\/api.w.org\/{rel}","templated":true}]}}