{"id":537,"date":"2020-06-17T17:07:08","date_gmt":"2020-06-17T22:07:08","guid":{"rendered":"https:\/\/www.drscholls.ca\/fr\/?post_type=product&#038;p=537"},"modified":"2025-03-21T16:16:21","modified_gmt":"2025-03-21T21:16:21","slug":"traitement-liquide-contre-les-cors-et-les-callosites","status":"publish","type":"product","link":"https:\/\/www.drscholls.ca\/fr\/p\/cors-pied\/traitement-liquide-contre-les-cors-et-les-callosites\/","title":{"rendered":"Traitement liquide contre les cors et les callosit\u00e9s"},"content":{"rendered":"<div class=\"wpb-content-wrapper\">[vc_section full_width=&#8221;stretch_row&#8221; el_id=&#8221;product-tabs&#8221;][vc_row][vc_column][vc_tta_tabs style=&#8221;flat&#8221; shape=&#8221;square&#8221; alignment=&#8221;centre&#8221; active_section=&#8221;1&#8243; colour=&#8221;white&#8221;][vc_tta_section title=&#8221;Explications&#8221; tab_id=&#8221;why-it-works&#8221;][vc_row_inner][vc_column_inner][vc_column_text]\r\n<ul>\r\n \t<li>Les <strong><a href=\"https:\/\/www.drscholls.ca\/fr\/ca\/symptomes-et-problemes\/affections-cutanees-du-pied\/cors\/\">cors<\/a><\/strong> et <a href=\"https:\/\/www.drscholls.ca\/fr\/ca\/symptomes-et-problemes\/affections-cutanees-du-pied\/callosites\/\"><strong>callosit\u00e9s<\/strong><\/a> sont caus\u00e9s par l\u2019accumulation de peau dure et morte sur une zone de pression ou de pro\u00e9minence osseuse. Au pied, ils sont souvent caus\u00e9s par la friction et la pression des chaussures ainsi que par des habitudes de marche anormales ou des activit\u00e9s r\u00e9p\u00e9titives (le sport est un bon exemple).<\/li>\r\n \t<li>Notre <strong>traitement liquide enl\u00e8ve les cors et les callosit\u00e9s<\/strong>, et nos coussinets doux soulagent de la douleur en prot\u00e9geant la peau contre la pression et la friction des chaussures.<\/li>\r\n<\/ul>\r\n[\/vc_column_text][\/vc_column_inner][\/vc_row_inner][\/vc_tta_section][vc_tta_section title=&#8221;Ingr\u00e9dients&#8221; tab_id=&#8221;ingredients&#8221;][vc_column_text]<strong><em>Ingr\u00e9dient actif\r\n<\/em><\/strong>Acide salicylique \u00e0 17\u00a0% p\/p\r\n\r\n<strong><em>Ingr\u00e9dients inactifs\r\n<\/em><\/strong>Huile de ricin, lactate d\u2019\u00e9thyle, collodion flexible, polybutyl\u00e8ne. (Contient de l\u2019alcool 18\u00a0% V\/V et de l\u2019\u00e9thyle 53\u00a0% V\/V dans le collodion flexible)[\/vc_column_text][\/vc_tta_section][vc_tta_section title=&#8221;Mode d\u2019emploi&#8221; tab_id=&#8221;how-to-use&#8221;][vc_row_inner][vc_column_inner][vc_column_text]\r\n<p style=\"text-align: center;\">Les instructions se trouvent dans la bo\u00eete. Appliquez le traitement une ou deux fois par jour jusqu\u2019\u00e0 la disparition du cor ou de la callosit\u00e9 \u2013 14 jours d\u2019utilisation cons\u00e9cutifs au maximum<\/p>\r\n[\/vc_column_text][\/vc_column_inner][\/vc_row_inner][vc_row_inner][vc_column_inner width=&#8221;1\/3&#8243;][vc_column_text]\r\n<h6 style=\"text-align: center;\">1<sup>re<\/sup> \u00c9TAPE<\/h6>\r\n<p style=\"text-align: center;\">Nettoyez et s\u00e9chez bien la zone affect\u00e9e. Ensuite, avec l\u2019applicateur, appliquez le liquide de traitement sur le cor ou la callosit\u00e9 une goutte \u00e0 la fois, suffisamment pour le ou la couvrir enti\u00e8rement.<\/p>\r\n[\/vc_column_text][\/vc_column_inner][vc_column_inner width=&#8221;1\/3&#8243;][vc_column_text]\r\n<h6 style=\"text-align: center;\">2<sup>e<\/sup> \u00c9TAPE<\/h6>\r\n<p style=\"text-align: center;\">Laissez s\u00e9cher. Conseil qui peut aider\u00a0: trempez le cor ou la callosit\u00e9 dans de l\u2019eau chaude pendant 5\u00a0minutes.<\/p>\r\n[\/vc_column_text][\/vc_column_inner][vc_column_inner width=&#8221;1\/3&#8243;][vc_column_text]\r\n<h6 style=\"text-align: center;\">3<sup>e<\/sup> \u00c9TAPE<\/h6>\r\n<p style=\"text-align: center;\">Au besoin, appliquez une pellicule protectrice au cor ou \u00e0 la callosit\u00e9 lors du traitement.<\/p>\r\n[\/vc_column_text][\/vc_column_inner][\/vc_row_inner][\/vc_tta_section][vc_tta_section title=&#8221;Vid\u00e9o p\u00e9dagogique&#8221; tab_id=&#8221;video-pedagogique&#8221;][vc_video link=&#8221;https:\/\/youtu.be\/KebtxXqquNQ?list=PLPfbaGoIo4xhTkoN5Kr4231yTxs98AACJ&#8221;][\/vc_tta_section][\/vc_tta_tabs][\/vc_column][\/vc_row][\/vc_section][vc_row content_placement=&#8221;top&#8221; el_id=&#8221;product-carousel&#8221;][vc_column][vc_custom_heading text=&#8221;Trouver d&#8217;autres produits connexes&#8221; font_container=&#8221;tag:h2|text_align:center&#8221; use_theme_fonts=&#8221;yes&#8221; el_class=&#8221;text-uppercase&#8221;][vc_raw_html]JTVCcHJvZHVjdHNfc2xpZGVyJTIwY2F0cyUzRCUyMjIyMCUyQyUyMDIyMSUyMiUyMGF1dG9wbGF5JTNEJUUyJTgwJTlEZmFsc2UlRTIlODAlOUQlMjBvcmRlcmJ5JTNEJTIybWVudV9vcmRlciUyMiU1RA==[\/vc_raw_html][\/vc_column][\/vc_row]<\/div>","protected":false},"excerpt":{"rendered":"<p>Notre <strong>traitement liquide contre les cors et es callosit\u00e9s<\/strong> est sp\u00e9cialement con\u00e7u pour enlever les <a href=\"https:\/\/www.drscholls.ca\/fr\/ca\/symptomes-et-problemes\/affections-cutanees-du-pied\/callosites\/\">callosit\u00e9s<\/a> ou <a href=\"https:\/\/www.drscholls.ca\/fr\/ca\/symptomes-et-problemes\/affections-cutanees-du-pied\/cors\/\">cors<\/a> douloureux aux pieds.<\/p>\n<h5>Avantages<\/h5>\n<p>\u00c9limine rapidement les cors et les callosit\u00e9s<\/p>\n<ul>\n<li>Liquide m\u00e9dicamenteux \u00e0 concentration maximale (acide salicylique) efficace et s\u00fbr pour \u00e9liminer les cors et callosit\u00e9s<\/li>\n<li>Coussinets qui soulagent toute la journ\u00e9e de la douleur caus\u00e9e par la pression et la friction des chaussures<\/li>\n<\/ul>\n<h5>Quantit\u00e9<\/h5>\n<ul>\n<li>1\/3 oz liq. (9,8\u00a0ml) de liquide m\u00e9dicamenteux<\/li>\n<li>et 3 coussinets<\/li>\n<\/ul>\n<p><strong><a href=\"\/wp-content\/uploads\/DrSchollsLiquidCornandCallusRemoverDrugFacts.pdf\">FAITS SUR LE M\u00c9DICAMENT (PDF)<img decoding=\"async\" class=\"alignnone size-full wp-image-12084\" src=\"https:\/\/www.drscholls.ca\/fr\/wp-content\/uploads\/image003.png\" alt=\"\" width=\"15\" height=\"16\" \/><\/a><\/strong><\/p>\n<p><sub><strong>Avertissement :<\/strong>\u00a0<em> Ne pas utiliser si vous avez du diab\u00e8te, une mauvaise circulation sanguine ou une peau irrit\u00e9e\/infect\u00e9e\/rougie.<\/em><\/sub><\/p>\n","protected":false},"featured_media":13779,"template":"","meta":{"_acf_changed":false},"product_brand":[],"product_cat":[221,220,227,321],"product_tag":[],"class_list":{"0":"post-537","1":"product","2":"type-product","3":"status-publish","4":"has-post-thumbnail","6":"product_cat-callosites","7":"product_cat-cors-pied","8":"product_cat-traitements-liquides","9":"product_cat-traitements-pour-la-peau","10":"product_shipping_class-hazmat-shipping","12":"first","13":"instock","14":"taxable","15":"shipping-taxable","16":"product-type-simple"},"acf":[],"_links":{"self":[{"href":"https:\/\/www.drscholls.ca\/fr\/wp-json\/wp\/v2\/product\/537","targetHints":{"allow":["GET"]}}],"collection":[{"href":"https:\/\/www.drscholls.ca\/fr\/wp-json\/wp\/v2\/product"}],"about":[{"href":"https:\/\/www.drscholls.ca\/fr\/wp-json\/wp\/v2\/types\/product"}],"wp:featuredmedia":[{"embeddable":true,"href":"https:\/\/www.drscholls.ca\/fr\/wp-json\/wp\/v2\/media\/13779"}],"wp:attachment":[{"href":"https:\/\/www.drscholls.ca\/fr\/wp-json\/wp\/v2\/media?parent=537"}],"wp:term":[{"taxonomy":"product_brand","embeddable":true,"href":"https:\/\/www.drscholls.ca\/fr\/wp-json\/wp\/v2\/product_brand?post=537"},{"taxonomy":"product_cat","embeddable":true,"href":"https:\/\/www.drscholls.ca\/fr\/wp-json\/wp\/v2\/product_cat?post=537"},{"taxonomy":"product_tag","embeddable":true,"href":"https:\/\/www.drscholls.ca\/fr\/wp-json\/wp\/v2\/product_tag?post=537"}],"curies":[{"name":"wp","href":"https:\/\/api.w.org\/{rel}","templated":true}]}}