{"id":496,"date":"2020-06-17T09:47:44","date_gmt":"2020-06-17T14:47:44","guid":{"rendered":"https:\/\/www.drscholls.ca\/fr\/?post_type=product&#038;p=496"},"modified":"2025-03-21T16:16:21","modified_gmt":"2025-03-21T21:16:21","slug":"coussinets-cors-avec-technologie-duragel","status":"publish","type":"product","link":"https:\/\/www.drscholls.ca\/fr\/p\/cors-pied\/coussinets-cors-avec-technologie-duragel\/","title":{"rendered":"Coussinets-Cors Avec Technologie Duragel<sup>TM<\/sup>"},"content":{"rendered":"<div class=\"wpb-content-wrapper\">[vc_section full_width=&#8221;stretch_row&#8221; el_id=&#8221;product-tabs&#8221;][vc_row][vc_column][vc_tta_tabs style=&#8221;flat&#8221; shape=&#8221;square&#8221; alignment=&#8221;centre&#8221; active_section=&#8221;1&#8243; colour=&#8221;white&#8221;][vc_tta_section title=&#8221;Explications&#8221; tab_id=&#8221;explications&#8221;][vc_row_inner][vc_column_inner width=&#8221;1\/2&#8243;][vc_single_image image=&#8221;961&#8243; img_size=&#8221;full&#8221;][\/vc_column_inner][vc_column_inner width=&#8221;1\/2&#8243;][vc_column_text]\r\n<ul>\r\n \t<li>Les <a href=\"https:\/\/www.drscholls.ca\/fr\/ca\/symptomes-et-problemes\/affections-cutanees-du-pied\/cors\/\"><strong>cors<\/strong><\/a> aux pieds sont souvent caus\u00e9s par la friction et la pression, en particulier avec des chaussures mal ajust\u00e9es ou tr\u00e8s serr\u00e9es.<\/li>\r\n \t<li>Nos <strong>coussinets-cors avec la technologie DURAGEL<sup>TM<\/sup><\/strong> aident \u00e0 ramollir le cor et offrent une protection amortissante contre la pression et la friction des chaussures pour soulager la douleur.<\/li>\r\n<\/ul>\r\n[\/vc_column_text][\/vc_column_inner][\/vc_row_inner][\/vc_tta_section][vc_tta_section title=&#8221;Mode d\u2019emploi&#8221; tab_id=&#8221;mode&#8221;][vc_row_inner][vc_column_inner width=&#8221;1\/2&#8243;][vc_column_text]\r\n<h6 style=\"text-align: center;\">1<sup>re<\/sup>\u00a0\u00c9TAPE<\/h6>\r\n<p style=\"text-align: center;\">Nettoyez la peau: elle doit \u00eatre propre, s\u00e8che et sans cr\u00e8me ou huile. Retirez la pellicule <strong>\u00ab\u00a0Step\u00a01\u00a0\u00bb<\/strong> et placez le centre (c\u00f4t\u00e9 adh\u00e9sif vers le bas) sur le cor.<\/p>\r\n[\/vc_column_text][\/vc_column_inner][vc_column_inner width=&#8221;1\/2&#8243;][vc_column_text]\r\n<h6 style=\"text-align: center;\">2<sup>e<\/sup>\u00a0\u00c9TAPE<\/h6>\r\n<p style=\"text-align: center;\">Retirez la pellicule <strong>\u00ab\u00a0Step\u00a02\u00a0\u00bb<\/strong> en utilisant la languette bleue et faites fermement adh\u00e9rer le rebord adh\u00e9sif \u00e0 la peau.<\/p>\r\n[\/vc_column_text][\/vc_column_inner][\/vc_row_inner][vc_row_inner][vc_column_inner][vc_column_text]\r\n<p style=\"text-align: center;\">Remplacez le coussinet lorsqu\u2019il commence \u00e0 se d\u00e9tacher.<\/p>\r\n[\/vc_column_text][\/vc_column_inner][\/vc_row_inner][\/vc_tta_section][vc_tta_section title=&#8221;Vid\u00e9o p\u00e9dagogique&#8221; tab_id=&#8221;video-pedagogique&#8221;][vc_video link=&#8221;https:\/\/youtu.be\/uZDPBcQwq1s?list=PLPfbaGoIo4xhTkoN5Kr4231yTxs98AACJ&#8221;][\/vc_tta_section][\/vc_tta_tabs][\/vc_column][\/vc_row][\/vc_section][vc_row content_placement=&#8221;top&#8221; el_id=&#8221;product-carousel&#8221;][vc_column][vc_custom_heading text=&#8221;TROUVER D&#8217;AUTRES PRODUITS CONNEXES&#8221; font_container=&#8221;tag:h2|text_align:center&#8221; use_theme_fonts=&#8221;yes&#8221; el_class=&#8221;text-uppercase&#8221;][vc_raw_html]JTVCcHJvZHVjdHNfc2xpZGVyJTIwY2F0cyUzRCUyMjIyMCUyMiUyMGF1dG9wbGF5JTNEJUUyJTgwJTlEZmFsc2UlRTIlODAlOUQlMjBvcmRlcmJ5JTNEJTIybWVudV9vcmRlciUyMiU1RA==[\/vc_raw_html][\/vc_column][\/vc_row]<\/div>","protected":false},"excerpt":{"rendered":"<p>Nos <strong>coussinets-cors avec la technologie DURAGEL<sup>TM<\/sup> <\/strong>sont sp\u00e9cialement con\u00e7us pour traiter les <a href=\"https:\/\/www.drscholls.ca\/fr\/ca\/symptomes-et-problemes\/affections-cutanees-du-pied\/cors\/\">cors<\/a> douloureux aux pieds.<\/p>\n<h5>Avantages<\/h5>\n<ul>\n<li>Am\u00e9liore le confort lors de la marche, preuves \u00e0 l\u2019appui<\/li>\n<li>Soulagement imm\u00e9diat de la douleur<\/li>\n<li>Aide \u00e0 ramollir les cors durs des pieds<\/li>\n<li>Reste en place jour et nuit<\/li>\n<li>Technologie DURAGEL<sup>TM<\/sup>: des coussinets minces, flexibles et presque invisibles qui s\u2019adaptent facilement \u00e0 toutes les chaussures<\/li>\n<\/ul>\n<h5>Quantit\u00e9<\/h5>\n<ul>\n<li>6 coussinets<\/li>\n<\/ul>\n","protected":false},"featured_media":13734,"template":"","meta":{"_acf_changed":false},"product_brand":[],"product_cat":[220,223,229,321],"product_tag":[],"class_list":{"0":"post-496","1":"product","2":"type-product","3":"status-publish","4":"has-post-thumbnail","6":"product_cat-cors-pied","7":"product_cat-coussinets-et-protections","8":"product_cat-duragel","9":"product_cat-traitements-pour-la-peau","11":"first","12":"instock","13":"taxable","14":"shipping-taxable","15":"product-type-simple"},"acf":[],"_links":{"self":[{"href":"https:\/\/www.drscholls.ca\/fr\/wp-json\/wp\/v2\/product\/496","targetHints":{"allow":["GET"]}}],"collection":[{"href":"https:\/\/www.drscholls.ca\/fr\/wp-json\/wp\/v2\/product"}],"about":[{"href":"https:\/\/www.drscholls.ca\/fr\/wp-json\/wp\/v2\/types\/product"}],"wp:featuredmedia":[{"embeddable":true,"href":"https:\/\/www.drscholls.ca\/fr\/wp-json\/wp\/v2\/media\/13734"}],"wp:attachment":[{"href":"https:\/\/www.drscholls.ca\/fr\/wp-json\/wp\/v2\/media?parent=496"}],"wp:term":[{"taxonomy":"product_brand","embeddable":true,"href":"https:\/\/www.drscholls.ca\/fr\/wp-json\/wp\/v2\/product_brand?post=496"},{"taxonomy":"product_cat","embeddable":true,"href":"https:\/\/www.drscholls.ca\/fr\/wp-json\/wp\/v2\/product_cat?post=496"},{"taxonomy":"product_tag","embeddable":true,"href":"https:\/\/www.drscholls.ca\/fr\/wp-json\/wp\/v2\/product_tag?post=496"}],"curies":[{"name":"wp","href":"https:\/\/api.w.org\/{rel}","templated":true}]}}