{"id":487,"date":"2020-06-16T18:10:11","date_gmt":"2020-06-16T23:10:11","guid":{"rendered":"https:\/\/www.drscholls.ca\/fr\/?post_type=product&#038;p=487"},"modified":"2022-03-15T15:05:23","modified_gmt":"2022-03-15T20:05:23","slug":"traitement-contre-les-verrues-clear-away-bandelettes-minces-et-flexibles","status":"publish","type":"product","link":"https:\/\/www.drscholls.ca\/fr\/p\/verrucides\/traitement-contre-les-verrues-clear-away-bandelettes-minces-et-flexibles\/","title":{"rendered":"Traitement contre les verrues Clear Away<sup>\u00ae<\/sup> avec technologie Duragel<sup>\u2122<\/sup>"},"content":{"rendered":"<div class=\"wpb-content-wrapper\">[vc_section full_width=&#8221;stretch_row&#8221; el_id=&#8221;product-tabs&#8221;][vc_row][vc_column][vc_tta_tabs style=&#8221;flat&#8221; shape=&#8221;square&#8221; color=&#8221;white&#8221; alignment=&#8221;centre&#8221; active_section=&#8221;1&#8243;][vc_tta_section title=&#8221;Explications&#8221; tab_id=&#8221;explications&#8221;][vc_row_inner][vc_column_inner][vc_column_text]\r\n<div id=\"tab2\" class=\"whyitwork\">\r\n<div class=\"main-container primary-section\">\r\n<div class=\"wrapper\">\r\n<div class=\"txt animate\">\r\n<div class=\"inner\">\r\n<div>\r\n<ul>\r\n \t<li>Une <strong><a href=\"https:\/\/www.drscholls.ca\/fr\/ca\/symptomes-et-problemes\/affections-cutanees-du-pied\/verrues-vulgaires-et-plantaires\/\">verrue plantaire<\/a><\/strong> est une excroissance cutan\u00e9e caus\u00e9e par le virus du papillome humain (VPH). Ce virus peut infecter la couche sup\u00e9rieure de la peau et p\u00e9n\u00e9trer la peau dans une zone de peau \u00e9rafl\u00e9e.<\/li>\r\n \t<li>Notre <strong>traitement contre les verrues CLEAR Away<sup>\u00ae<\/sup> avec la technologie DURAGEL<sup>TM<\/sup><\/strong> \u00e9limine efficacement les verrues communes au moyen d\u2019acide salicylique. Une fois la verrue enlev\u00e9e, le corps remplace alors le tissu verruqueux par du tissu normal.<\/li>\r\n<\/ul>\r\n<\/div>\r\n<\/div>\r\n<\/div>\r\n<\/div>\r\n<\/div>\r\n<\/div>\r\n[\/vc_column_text][\/vc_column_inner][\/vc_row_inner][\/vc_tta_section][vc_tta_section title=&#8221;Ingr\u00e9dients&#8221; tab_id=&#8221;ingredients&#8221;][vc_column_text]<strong><em>Ingr\u00e9dient Actif\r\n<\/em><\/strong>Acide Salicylique \u00e0 40%\r\n\r\n<strong><em>Ingr\u00e9dients Inactifs\r\n<\/em><\/strong>antioxydant (CAS\u00a0991-84-4), oxydes de fer, huile min\u00e9rale, r\u00e9sine d\u2019hydrocarbure de p\u00e9trole, dioxyde de silicium, caoutchouc polyisopr\u00e8ne synth\u00e9tique, talc\r\n[\/vc_column_text][\/vc_tta_section][vc_tta_section title=&#8221;Mode d\u2019emploi&#8221; tab_id=&#8221;mode&#8221;][vc_row_inner][vc_column_inner][vc_column_text]\r\n<p style=\"text-align: center;\">Les instructions se trouvent dans la bo\u00eete.<\/p>\r\n[\/vc_column_text][\/vc_column_inner][\/vc_row_inner][vc_row_inner][vc_column_inner width=&#8221;1\/3&#8243;][vc_column_text]\r\n<div class=\"grid hidden-xs animate\">\r\n<div class=\"txt\">\r\n<h6 class=\"head\" style=\"text-align: center;\">1<sup>re<\/sup>\u00a0\u00c9TAPE<\/h6>\r\n<div class=\"para\" style=\"text-align: center;\">Nettoyez la peau\u00a0: elle doit \u00eatre propre, s\u00e8che et sans cr\u00e8me ou huile. Placez le m\u00e9dicament sur la face collante du disque, directement au centre de la verrue.<\/div>\r\n<\/div>\r\n<\/div>\r\n[\/vc_column_text][\/vc_column_inner][vc_column_inner width=&#8221;1\/3&#8243;][vc_column_text]\r\n<div class=\"grid hidden-xs animate\">\r\n<div class=\"txt\">\r\n<h6 class=\"head\" style=\"text-align: center;\">2<sup>e<\/sup>\u00a0\u00c9TAPE<\/h6>\r\n<div class=\"para\">\r\n<p style=\"text-align: center;\">Retirez la pellicule <strong>\u00ab\u00a0Step\u00a01\u00a0\u00bb<\/strong> et placez le centre (c\u00f4t\u00e9 adh\u00e9sif vers le bas) sur le disque.<\/p>\r\n\r\n<\/div>\r\n<\/div>\r\n<\/div>\r\n[\/vc_column_text][\/vc_column_inner][vc_column_inner width=&#8221;1\/3&#8243;][vc_column_text]\r\n<div class=\"grid hidden-xs animate\">\r\n<div class=\"txt\">\r\n<h6 class=\"head\" style=\"text-align: center;\">3<sup>e<\/sup>\u00a0\u00c9TAPE<\/h6>\r\n<div class=\"para\">\r\n<p style=\"text-align: center;\">Retirez la pellicule <strong>\u00ab\u00a0Step\u00a02\u00a0\u00bb<\/strong> en utilisant la languette bleue et faites fermement adh\u00e9rer le rebord adh\u00e9sif \u00e0 la peau.<\/p>\r\n\r\n<\/div>\r\n<\/div>\r\n<\/div>\r\n[\/vc_column_text][\/vc_column_inner][\/vc_row_inner][\/vc_tta_section][vc_tta_section title=&#8221;Vid\u00e9o p\u00e9dagogique&#8221; tab_id=&#8221;video-pedagogique&#8221;][vc_video link=&#8221;https:\/\/youtu.be\/qWD_SzGBlwo?list=PLPfbaGoIo4xhTkoN5Kr4231yTxs98AACJ&#8221;][\/vc_tta_section][\/vc_tta_tabs][\/vc_column][\/vc_row][\/vc_section][vc_row content_placement=&#8221;top&#8221; el_id=&#8221;product-carousel&#8221;][vc_column][vc_custom_heading text=&#8221;TROUVER D&#8217;AUTRES PRODUITS CONNEXES&#8221; font_container=&#8221;tag:h2|text_align:center&#8221; use_theme_fonts=&#8221;yes&#8221; el_class=&#8221;text-uppercase&#8221;][vc_raw_html]JTVCcHJvZHVjdHNfc2xpZGVyJTIwY2F0cyUzRCUyMjI2JTIyJTIwYXV0b3BsYXklM0QlRTIlODAlOURmYWxzZSVFMiU4MCU5RCUyMG9yZGVyYnklM0QlMjJtZW51X29yZGVyJTIyJTVE[\/vc_raw_html][\/vc_column][\/vc_row]<\/div>","protected":false},"excerpt":{"rendered":"<p>Notre<strong> traitement contre les verrues CLEAR Away<sup>\u00ae<\/sup> avec la technologie DURAGEL<sup>TM<\/sup><\/strong> est sp\u00e9cialement con\u00e7u pour \u00e9liminer discr\u00e8tement les <a href=\"https:\/\/www.drscholls.ca\/fr\/ca\/symptomes-et-problemes\/affections-cutanees-du-pied\/verrues-vulgaires-et-plantaires\/\">verrues communes<\/a>.<\/p>\n<h5>Avantages<\/h5>\n<p>Clinically proven removal of common and plantar warts<\/p>\n<ul>\n<li>\u00c9limine efficacement les verrues communes, preuves cliniques \u00e0 l\u2019appui<\/li>\n<li>L\u2019acide salicylique \u00e0 concentration maximale dans les disques m\u00e9dicamenteux aide \u00e0 \u00e9liminer les verrues<\/li>\n<li>Technologie avanc\u00e9e DURAGEL<sup>TM<\/sup> offrant un amortissement mince, flexible et discret qui maintient le disque m\u00e9dicamenteux en place<\/li>\n<li>Optimal pour les doigts et les orteils<\/li>\n<\/ul>\n<h5>Quantit\u00e9<\/h5>\n<ul>\n<li>9 coussinets et 12\u00a0disques m\u00e9dicamenteux<\/li>\n<\/ul>\n<p style=\"text-align: left;\"><a href=\"\/fr\/wp-content\/uploads\/sites\/4\/DrSchollsClearAwayWartRemoverDrugFacts.pdf\"><strong>FAITS SUR LE M\u00c9DICAMENT (PDF)<img decoding=\"async\" class=\"alignnone size-full wp-image-12084\" src=\"https:\/\/www.drscholls.ca\/fr\/wp-content\/uploads\/image003.png\" alt=\"\" width=\"15\" height=\"16\" \/><\/strong><\/a><\/p>\n<p><sub><strong>Avertissement:<\/strong><em> Si vous \u00eates diab\u00e9tique ou avez une mauvaise circulation sanguine, consultez votre m\u00e9decin ou votre podologue avant d\u2019utiliser ce produit.<\/em><\/sub><\/p>\n","protected":false},"featured_media":13733,"template":"","meta":{"_acf_changed":false},"product_brand":[],"product_cat":[228,223,321,26,171],"product_tag":[],"class_list":{"0":"post-487","1":"product","2":"type-product","3":"status-publish","4":"has-post-thumbnail","6":"product_cat-clear-away","7":"product_cat-coussinets-et-protections","8":"product_cat-traitements-pour-la-peau","9":"product_cat-verrucides","10":"product_cat-verrues-communes-et-plantaires","12":"first","13":"instock","14":"taxable","15":"shipping-taxable","16":"product-type-simple"},"acf":[],"_links":{"self":[{"href":"https:\/\/www.drscholls.ca\/fr\/wp-json\/wp\/v2\/product\/487","targetHints":{"allow":["GET"]}}],"collection":[{"href":"https:\/\/www.drscholls.ca\/fr\/wp-json\/wp\/v2\/product"}],"about":[{"href":"https:\/\/www.drscholls.ca\/fr\/wp-json\/wp\/v2\/types\/product"}],"wp:featuredmedia":[{"embeddable":true,"href":"https:\/\/www.drscholls.ca\/fr\/wp-json\/wp\/v2\/media\/13733"}],"wp:attachment":[{"href":"https:\/\/www.drscholls.ca\/fr\/wp-json\/wp\/v2\/media?parent=487"}],"wp:term":[{"taxonomy":"product_brand","embeddable":true,"href":"https:\/\/www.drscholls.ca\/fr\/wp-json\/wp\/v2\/product_brand?post=487"},{"taxonomy":"product_cat","embeddable":true,"href":"https:\/\/www.drscholls.ca\/fr\/wp-json\/wp\/v2\/product_cat?post=487"},{"taxonomy":"product_tag","embeddable":true,"href":"https:\/\/www.drscholls.ca\/fr\/wp-json\/wp\/v2\/product_tag?post=487"}],"curies":[{"name":"wp","href":"https:\/\/api.w.org\/{rel}","templated":true}]}}