{"id":484,"date":"2020-06-16T18:04:09","date_gmt":"2020-06-16T23:04:09","guid":{"rendered":"https:\/\/www.drscholls.ca\/fr\/?post_type=product&#038;p=484"},"modified":"2022-03-15T16:01:07","modified_gmt":"2022-03-15T21:01:07","slug":"anti-verrues-plantaires-clear-away","status":"publish","type":"product","link":"https:\/\/www.drscholls.ca\/fr\/p\/verrucides\/anti-verrues-plantaires-clear-away\/","title":{"rendered":"Traitement Contre les Verrues Plantaires Clear Away<sup>\u00ae<\/sup>"},"content":{"rendered":"<div class=\"wpb-content-wrapper\">[vc_section full_width=&#8221;stretch_row&#8221; el_id=&#8221;product-tabs&#8221;][vc_row][vc_column][vc_tta_tabs style=&#8221;flat&#8221; shape=&#8221;square&#8221; alignment=&#8221;centre&#8221; active_section=&#8221;1&#8243; colour=&#8221;white&#8221;][vc_tta_section title=&#8221;Explications&#8221; tab_id=&#8221;explications&#8221;][vc_row_inner][vc_column_inner][vc_column_text]\r\n<ul>\r\n \t<li>Une <a href=\"https:\/\/www.drscholls.ca\/fr\/ca\/symptomes-et-problemes\/affections-cutanees-du-pied\/verrues-vulgaires-et-plantaires\/\"><strong>verrue plantaire<\/strong><\/a> est une excroissance cutan\u00e9e caus\u00e9e par le virus du papillome humain (VPH) sur la plante du pied. Ce virus peut infecter la couche sup\u00e9rieure de la peau et p\u00e9n\u00e9trer la plante du pied dans une zone de peau \u00e9rafl\u00e9e.<\/li>\r\n \t<li>Notre <strong>traitement contre les verrues CLEAR Away<sup>\u00ae<\/sup><\/strong> s\u2019attaque \u00e0 la verrue plantaire au moyen d\u2019acide salicylique et soulage de la douleur lors de la marche au moyen de coussinets autour de la verrue. Une fois la verrue enlev\u00e9e, le corps remplace alors le tissu verruqueux par du tissu normal.<\/li>\r\n<\/ul>\r\n[\/vc_column_text][\/vc_column_inner][\/vc_row_inner][\/vc_tta_section][vc_tta_section title=&#8221;Ingr\u00e9dients&#8221; tab_id=&#8221;ingredients&#8221;][vc_column_text]<strong><em>Ingr\u00e9dient Actif\r\n<\/em><\/strong>Acide salicylique \u00e0 40%\r\n\r\n<strong><em>Ingr\u00e9dients Inactifs\r\n<\/em><\/strong>antioxydant (CAS\u00a0991-84-4), oxydes de fer, huile min\u00e9rale, r\u00e9sine d\u2019hydrocarbure de p\u00e9trole, dioxyde de silicium, caoutchouc polyisopr\u00e8ne synth\u00e9tique, talc[\/vc_column_text][\/vc_tta_section][vc_tta_section title=&#8221;Mode d\u2019emploi&#8221; tab_id=&#8221;mode&#8221;][vc_row_inner][vc_column_inner][vc_column_text]\r\n<p style=\"text-align: center;\">Les instructions se trouvent dans la bo\u00eete.<\/p>\r\n[\/vc_column_text][\/vc_column_inner][\/vc_row_inner][vc_row_inner][vc_column_inner width=&#8221;1\/4&#8243;][vc_column_text]\r\n<h6 class=\"head\" style=\"text-align: center;\">1<sup>re<\/sup>\u00a0\u00c9TAPE<\/h6>\r\n<p style=\"text-align: center;\">Nettoyez la r\u00e9gion infect\u00e9e.<\/p>\r\n[\/vc_column_text][\/vc_column_inner][vc_column_inner width=&#8221;1\/4&#8243;][vc_column_text]\r\n<h6 class=\"head\" style=\"text-align: center;\">2<sup>e<\/sup>\u00a0\u00c9TAPE<\/h6>\r\n<p style=\"text-align: center;\">Trempez la verrue dans de l\u2019eau chaude pendant 5\u00a0minutes. S\u00e9chez bien la zone.<\/p>\r\n[\/vc_column_text][\/vc_column_inner][vc_column_inner width=&#8221;1\/4&#8243;][vc_column_text]\r\n<h6 class=\"head\" style=\"text-align: center;\">3<sup>e<\/sup>\u00a0\u00c9TAPE<\/h6>\r\n<p style=\"text-align: center;\">Au besoin, d\u00e9coupez le disque m\u00e9dicamenteux pour qu\u2019il couvre bien la verrue.<\/p>\r\n[\/vc_column_text][\/vc_column_inner][vc_column_inner width=&#8221;1\/4&#8243;][vc_column_text]\r\n<h6 class=\"head\" style=\"text-align: center;\">4<sup>e<\/sup>\u00a0\u00c9TAPE<\/h6>\r\n<p style=\"text-align: center;\">Au choix, utilisez les coussinets autoadh\u00e9sifs pour dissimuler le disque m\u00e9dicamenteux et la verrue.<\/p>\r\n[\/vc_column_text][\/vc_column_inner][\/vc_row_inner][vc_row_inner][vc_column_inner][vc_column_text]\r\n<p style=\"text-align: center;\"><sub><em>R\u00e9p\u00e9ter ce traitement toutes les 48\u00a0heures jusqu\u2019\u00e0 ce que la verrue disparaisse, au maximum 12\u00a0semaines cons\u00e9cutives.<\/em><\/sub><\/p>\r\n[\/vc_column_text][\/vc_column_inner][\/vc_row_inner][\/vc_tta_section][vc_tta_section title=&#8221;Vid\u00e9o p\u00e9dagogique&#8221; tab_id=&#8221;video-pedagogique&#8221;][vc_video link=&#8221;https:\/\/youtu.be\/4J39ZaACHHk?list=PLPfbaGoIo4xhTkoN5Kr4231yTxs98AACJ&#8221;][\/vc_tta_section][\/vc_tta_tabs][\/vc_column][\/vc_row][\/vc_section][vc_row content_placement=&#8221;top&#8221; el_id=&#8221;product-carousel&#8221;][vc_column][vc_custom_heading text=&#8221;TROUVER D&#8217;AUTRES PRODUITS CONNEXES&#8221; font_container=&#8221;tag:h2|text_align:center&#8221; use_theme_fonts=&#8221;yes&#8221; el_class=&#8221;text-uppercase&#8221;][vc_raw_html]JTVCcHJvZHVjdHNfc2xpZGVyJTIwY2F0cyUzRCUyMjE3MSUyMiUyMGF1dG9wbGF5JTNEJUUyJTgwJTlEZmFsc2UlRTIlODAlOUQlMjBvcmRlcmJ5JTNEJTIybWVudV9vcmRlciUyMiU1RA==[\/vc_raw_html][\/vc_column][\/vc_row]<\/div>","protected":false},"excerpt":{"rendered":"<p>Nous avons con\u00e7u <strong>le traitement Clear Away<sup>\u00ae<\/sup><\/strong> sp\u00e9cialement pour enlever les <a href=\"https:\/\/www.drscholls.ca\/fr\/ca\/symptomes-et-problemes\/affections-cutanees-du-pied\/verrues-vulgaires-et-plantaires\/\">verrues plantaires<\/a>.<\/p>\n<h5>Avantages<\/h5>\n<ul>\n<li>\u00c9limination efficace des verrues plantaires, preuves cliniques \u00e0 l\u2019appui<\/li>\n<li>Concentration maximale autoris\u00e9e sans ordonnance d\u2019acide salicylique dans les disques m\u00e9dicamenteux<\/li>\n<li>Coussinets plac\u00e9s autour de la verrue pour soulager la douleur lors de la marche en enlevant la pression sur la verrue<\/li>\n<\/ul>\n<p><sub><strong>Avertissement:<\/strong>\u00a0<em>Si vous \u00eates diab\u00e9tique ou avez une mauvaise circulation sanguine, consultez votre m\u00e9decin ou votre podologue avant d\u2019utiliser ce produit.<\/em><\/sub><\/p>\n<div class=\"product-showcase-buttons clear-fix\">\n<h5>Quantit\u00e9<\/h5>\n<ul>\n<li>24 coussinets et 24\u00a0disques m\u00e9dicamenteux<\/li>\n<\/ul>\n<p style=\"text-align: left;\"><a href=\"\/wp-content\/uploads\/DrSchollsClearAwayPlantarWartRemoverDrugFacts.pdf\"><strong>FAITS SUR LE M\u00c9DICAMENT (PDF)<img decoding=\"async\" class=\"alignnone size-full wp-image-12084\" src=\"https:\/\/www.drscholls.ca\/fr\/wp-content\/uploads\/image003.png\" alt=\"\" width=\"15\" height=\"16\" \/><\/strong><\/a><\/p>\n<\/div>\n","protected":false},"featured_media":13768,"template":"","meta":{"_acf_changed":false},"product_brand":[],"product_cat":[228,223,321,26,171],"product_tag":[],"class_list":{"0":"post-484","1":"product","2":"type-product","3":"status-publish","4":"has-post-thumbnail","6":"product_cat-clear-away","7":"product_cat-coussinets-et-protections","8":"product_cat-traitements-pour-la-peau","9":"product_cat-verrucides","10":"product_cat-verrues-communes-et-plantaires","12":"first","13":"instock","14":"taxable","15":"shipping-taxable","16":"product-type-simple"},"acf":[],"_links":{"self":[{"href":"https:\/\/www.drscholls.ca\/fr\/wp-json\/wp\/v2\/product\/484","targetHints":{"allow":["GET"]}}],"collection":[{"href":"https:\/\/www.drscholls.ca\/fr\/wp-json\/wp\/v2\/product"}],"about":[{"href":"https:\/\/www.drscholls.ca\/fr\/wp-json\/wp\/v2\/types\/product"}],"wp:featuredmedia":[{"embeddable":true,"href":"https:\/\/www.drscholls.ca\/fr\/wp-json\/wp\/v2\/media\/13768"}],"wp:attachment":[{"href":"https:\/\/www.drscholls.ca\/fr\/wp-json\/wp\/v2\/media?parent=484"}],"wp:term":[{"taxonomy":"product_brand","embeddable":true,"href":"https:\/\/www.drscholls.ca\/fr\/wp-json\/wp\/v2\/product_brand?post=484"},{"taxonomy":"product_cat","embeddable":true,"href":"https:\/\/www.drscholls.ca\/fr\/wp-json\/wp\/v2\/product_cat?post=484"},{"taxonomy":"product_tag","embeddable":true,"href":"https:\/\/www.drscholls.ca\/fr\/wp-json\/wp\/v2\/product_tag?post=484"}],"curies":[{"name":"wp","href":"https:\/\/api.w.org\/{rel}","templated":true}]}}