{"id":478,"date":"2020-06-16T17:46:29","date_gmt":"2020-06-16T22:46:29","guid":{"rendered":"https:\/\/www.drscholls.ca\/fr\/?post_type=product&#038;p=478"},"modified":"2025-03-21T16:16:21","modified_gmt":"2025-03-21T21:16:21","slug":"traitement-contre-les-verrues-freeze-away-a-double-action","status":"publish","type":"product","link":"https:\/\/www.drscholls.ca\/fr\/p\/verrucides\/traitement-contre-les-verrues-freeze-away-a-double-action\/","title":{"rendered":"Traitement des Verrues Freeze Away<sup>\u00ae<\/sup> \u00e0 Double Action"},"content":{"rendered":"<div class=\"wpb-content-wrapper\">[vc_section full_width=&#8221;stretch_row&#8221; el_id=&#8221;product-tabs&#8221;][vc_row][vc_column][vc_tta_tabs style=&#8221;flat&#8221; shape=&#8221;square&#8221; alignment=&#8221;centre&#8221; active_section=&#8221;1&#8243; colour=&#8221;white&#8221;][vc_tta_section title=&#8221;Explications&#8221; tab_id=&#8221;explications&#8221;][vc_row_inner][vc_column_inner][vc_column_text]\r\n<ul>\r\n \t<li>Une <a href=\"https:\/\/www.drscholls.ca\/fr\/ca\/symptomes-et-problemes\/affections-cutanees-du-pied\/verrues-vulgaires-et-plantaires\/\"><strong>verrue plantaire<\/strong><\/a> est une excroissance cutan\u00e9e caus\u00e9e par le virus du papillome humain (VPH). Ce virus peut infecter la couche sup\u00e9rieure de la peau et p\u00e9n\u00e9trer la peau dans une zone de peau \u00e9rafl\u00e9e.<\/li>\r\n \t<li>Notre <strong>traitement des verrues Freeze Away<sup>\u00ae<\/sup><\/strong> fonctionne en deux \u00e9tapes: il g\u00e8le d\u2019abord les verrues et les d\u00e9compose ensuite au moyen d\u2019un traitement \u00e0 base d\u2019acide salicylique. Une fois la verrue enlev\u00e9e, le corps remplace alors le tissu verruqueux par du tissu normal.<\/li>\r\n<\/ul>\r\n[\/vc_column_text][\/vc_column_inner][\/vc_row_inner][\/vc_tta_section][vc_tta_section title=&#8221;Ingr\u00e9dients&#8221; tab_id=&#8221;ingredients&#8221;][vc_column_text]<strong><em>Ingr\u00e9dient Actif<\/em>\r\n<\/strong>Acide Salicylique \u00e0 17% p\/p\r\n\r\n<strong><em>Ingr\u00e9dients Inactifs<\/em>\r\n<\/strong>Huile de ricin, lactate d\u2019\u00e9thyle, collodion flexible, polybutyl\u00e8ne, (Contient de l\u2019alcool 18% V\/V et de l\u2019\u00e9ther 53% V\/V dans le collodion flexible)[\/vc_column_text][\/vc_tta_section][vc_tta_section title=&#8221;Mode d\u2019emploi&#8221; tab_id=&#8221;mode&#8221;][vc_row_inner][vc_column_inner][vc_column_text]\r\n<p style=\"text-align: center;\">Les instructions se trouvent dans la bo\u00eete.<\/p>\r\n[\/vc_column_text][\/vc_column_inner][\/vc_row_inner][vc_row_inner][vc_column_inner width=&#8221;1\/3&#8243;][vc_column_text]\r\n<h6 class=\"head\" style=\"text-align: center;\">1<sup>re<\/sup>\u00a0\u00c9TAPE<\/h6>\r\n<p style=\"text-align: center;\">Fixez l\u2019extr\u00e9mit\u00e9 ouverte de l\u2019applicateur blanc au bec bleu de la canette en le tournant dans le sens horaire.<\/p>\r\n<p style=\"text-align: center;\">REMARQUE\u00a0: Utilisez uniquement l\u2019applicateur blanc fourni.<\/p>\r\n[\/vc_column_text][\/vc_column_inner][vc_column_inner width=&#8221;1\/3&#8243;][vc_column_text]\r\n<h6 class=\"head\" style=\"text-align: center;\">2<sup>e<\/sup>\u00a0\u00c9TAPE<\/h6>\r\n<p style=\"text-align: center;\">Placez l\u2019activateur bleu sur une surface solide (table, comptoir, etc.). Inversez la canette et ins\u00e9rez l\u2019applicateur blanc dans l\u2019activateur bleu. Alignez les 3\u00a0onglets de la canette avec les 3\u00a0fentes de l\u2019activateur bleu.<\/p>\r\n[\/vc_column_text][\/vc_column_inner][vc_column_inner width=&#8221;1\/3&#8243;][vc_column_text]\r\n<h6 class=\"head\" style=\"text-align: center;\">3<sup>e<\/sup>\u00a0\u00c9TAPE<\/h6>\r\n<p style=\"text-align: center;\">Appuyez sur la canette pendant 2 ou 3\u00a0secondes. Vous entendrez un sifflement, signe que l\u2019embout g\u00e8le. L\u2019embout d\u2019applicateur blanc sera rempli de liquide froid. Vous remarquerez de la condensation et pourrez sentir certains des ingr\u00e9dients.<\/p>\r\n[\/vc_column_text][\/vc_column_inner][\/vc_row_inner][vc_row_inner][vc_column_inner width=&#8221;1\/3&#8243;][vc_column_text]\r\n<h6 class=\"head\" style=\"text-align: center;\">4<sup>e<\/sup>\u00a0\u00c9TAPE<\/h6>\r\n<p style=\"text-align: center;\">Pressez l\u00e9g\u00e8rement et maintenez imm\u00e9diatement l\u2019extr\u00e9mit\u00e9 de l\u2019applicateur sur la verrue (voir les instructions sur la dur\u00e9e du traitement dans la bo\u00eete).<\/p>\r\n[\/vc_column_text][\/vc_column_inner][vc_column_inner width=&#8221;1\/3&#8243;][vc_column_text]\r\n<h6 class=\"head\" style=\"text-align: center;\">5<sup>e<\/sup>\u00a0\u00c9TAPE<\/h6>\r\n<p style=\"text-align: center;\">Apr\u00e8s le traitement, placer la canette et l\u2019activateur bleu hors de port\u00e9e des enfants. Apr\u00e8s 2\u00a0minutes d\u2019attente, saisissez l\u2019applicateur blanc par sa tige en plastique et enlevez-le de la canette en le tournant dans le sens antihoraire. Jetez l\u2019applicateur, car il ne doit servir qu\u2019une seule fois.<\/p>\r\n[\/vc_column_text][\/vc_column_inner][vc_column_inner width=&#8221;1\/3&#8243;][vc_column_text]\r\n<h6 class=\"head\" style=\"text-align: center;\">6<sup>e<\/sup>\u00a0\u00c9TAPE<\/h6>\r\n<p style=\"text-align: center;\">24\u00a0heures apr\u00e8s la cong\u00e9lation, lavez et s\u00e9chez la verrue, puis appliquez une goutte de notre liquide \u00e0 action rapide au moyen du b\u00e2tonnet applicateur. Appliquer le liquide deux fois par jour pendant 2\u00a0semaines. Libre \u00e0 vous d\u2019utiliser un coussinet autocollant pour amortir la verrue. Enlevez le coussinet avant d\u2019appliquer le liquide.<\/p>\r\n[\/vc_column_text][\/vc_column_inner][\/vc_row_inner][vc_row_inner][vc_column_inner][vc_column_text]\r\n<p style=\"text-align: center;\"><sub><strong>REMARQUE:<\/strong> <em>Garder hors de la port\u00e9e des enfants.<\/em><\/sub><\/p>\r\n[\/vc_column_text][\/vc_column_inner][\/vc_row_inner][\/vc_tta_section][vc_tta_section title=&#8221;Vid\u00e9o p\u00e9dagogique&#8221; tab_id=&#8221;video-pedagogique&#8221;][vc_video link=&#8221;https:\/\/youtu.be\/8RWxJHogpCU?list=PLPfbaGoIo4xhTkoN5Kr4231yTxs98AACJ&#8221;][\/vc_tta_section][\/vc_tta_tabs][\/vc_column][\/vc_row][\/vc_section][vc_row content_placement=&#8221;top&#8221; el_id=&#8221;product-carousel&#8221;][vc_column][vc_custom_heading text=&#8221;TROUVER D&#8217;AUTRES PRODUITS CONNEXES&#8221; font_container=&#8221;tag:h2|text_align:center&#8221; use_theme_fonts=&#8221;yes&#8221; el_class=&#8221;text-uppercase&#8221;][vc_raw_html]JTVCcHJvZHVjdHNfc2xpZGVyJTIwY2F0cyUzRCUyMjE3MSUyMiUyMGF1dG9wbGF5JTNEJUUyJTgwJTlEZmFsc2UlRTIlODAlOUQlMjBvcmRlcmJ5JTNEJTIybWVudV9vcmRlciUyMiU1RA==[\/vc_raw_html][\/vc_column][\/vc_row]<\/div>","protected":false},"excerpt":{"rendered":"<p>Notre <strong>traitement des verrues Freeze Away<sup>\u00ae<\/sup><\/strong> \u00e0 double action est sp\u00e9cialement con\u00e7u pour enlever les <a href=\"https:\/\/www.drscholls.ca\/fr\/ca\/symptomes-et-problemes\/affections-cutanees-du-pied\/verrues-vulgaires-et-plantaires\/\">verrues communes et plantaires<\/a>.<\/p>\n<h5>Avantages<\/h5>\n<p>Traitement r\u00e9volutionnaire \u00e0 double action pour les verrues communes et plantaires<\/p>\n<ul>\n<li>Identique \u00e0 la th\u00e9rapie de cong\u00e9lation utilis\u00e9e par les m\u00e9decins<\/li>\n<li>plus un puissant liquide \u00e0 action rapide pour \u00e9liminer efficacement les verrues<\/li>\n<li>Notre meilleur traitement des verrues sans ordonnance<\/li>\n<li>Fonctionne instantan\u00e9ment en un seul cycle de traitement<\/li>\n<li>Utilisation s\u00fbre pour les enfants de 4\u00a0ans et plus<\/li>\n<\/ul>\n<h5>Quantit\u00e9<\/h5>\n<ul>\n<li>12 applicateurs jetables<\/li>\n<li>1 activateur r\u00e9utilisable<\/li>\n<li>1 bombe aerosol,<br \/>\n1\/3 oz liq. (9,8\u00a0ml) de liquide m\u00e9dicamenteux<\/li>\n<li>et 18 coussinets<\/li>\n<\/ul>\n","protected":false},"featured_media":13776,"template":"","meta":{"_acf_changed":false},"product_brand":[],"product_cat":[230,227,321,26,171],"product_tag":[],"class_list":{"0":"post-478","1":"product","2":"type-product","3":"status-publish","4":"has-post-thumbnail","6":"product_cat-freeze-away","7":"product_cat-traitements-liquides","8":"product_cat-traitements-pour-la-peau","9":"product_cat-verrucides","10":"product_cat-verrues-communes-et-plantaires","11":"product_shipping_class-hazmat-shipping","13":"first","14":"instock","15":"taxable","16":"shipping-taxable","17":"product-type-simple"},"acf":[],"_links":{"self":[{"href":"https:\/\/www.drscholls.ca\/fr\/wp-json\/wp\/v2\/product\/478","targetHints":{"allow":["GET"]}}],"collection":[{"href":"https:\/\/www.drscholls.ca\/fr\/wp-json\/wp\/v2\/product"}],"about":[{"href":"https:\/\/www.drscholls.ca\/fr\/wp-json\/wp\/v2\/types\/product"}],"wp:featuredmedia":[{"embeddable":true,"href":"https:\/\/www.drscholls.ca\/fr\/wp-json\/wp\/v2\/media\/13776"}],"wp:attachment":[{"href":"https:\/\/www.drscholls.ca\/fr\/wp-json\/wp\/v2\/media?parent=478"}],"wp:term":[{"taxonomy":"product_brand","embeddable":true,"href":"https:\/\/www.drscholls.ca\/fr\/wp-json\/wp\/v2\/product_brand?post=478"},{"taxonomy":"product_cat","embeddable":true,"href":"https:\/\/www.drscholls.ca\/fr\/wp-json\/wp\/v2\/product_cat?post=478"},{"taxonomy":"product_tag","embeddable":true,"href":"https:\/\/www.drscholls.ca\/fr\/wp-json\/wp\/v2\/product_tag?post=478"}],"curies":[{"name":"wp","href":"https:\/\/api.w.org\/{rel}","templated":true}]}}