{"id":460,"date":"2020-06-16T15:13:02","date_gmt":"2020-06-16T20:13:02","guid":{"rendered":"https:\/\/www.drscholls.ca\/fr\/?post_type=product&#038;p=460"},"modified":"2025-03-21T16:16:20","modified_gmt":"2025-03-21T21:16:20","slug":"supports-de-voute-hidden-arch-pour-chaussures-a-talons-plats","status":"publish","type":"product","link":"https:\/\/www.drscholls.ca\/fr\/p\/stylish-step\/supports-de-voute-hidden-arch-pour-chaussures-a-talons-plats\/","title":{"rendered":"Supports de vo\u00fbte Hidden Arch<sup>\u00ae<\/sup> pour chaussures plates"},"content":{"rendered":"<div class=\"wpb-content-wrapper\">[vc_section full_width=&#8221;stretch_row&#8221; el_id=&#8221;product-tabs&#8221;][vc_row][vc_column][vc_tta_tabs style=&#8221;flat&#8221; shape=&#8221;square&#8221; alignment=&#8221;centre&#8221; active_section=&#8221;1&#8243; colour=&#8221;white&#8221;][vc_tta_section title=&#8221;Caract\u00e9ristiques&#8221; tab_id=&#8221;features&#8221;][vc_row_inner content_placement=&#8221;middle&#8221;][vc_column_inner][vc_column_text]\r\n<h4 style=\"text-align: center;\">Gel clair pour coussinet discret<\/h4>\r\n[\/vc_column_text][\/vc_column_inner][vc_column_inner width=&#8221;1\/2&#8243;][vc_single_image image=&#8221;843&#8243; img_size=&#8221;full&#8221;][\/vc_column_inner][vc_column_inner width=&#8221;1\/2&#8243;][vc_raw_html]JTNDdWwlMjBjbGFzcyUzRCUyMmJlbmVmaXRzLWRldGFpbHMtbGlzdCUyMiUzRSUwQSUyMCUwQSUzQ2xpJTIwY2xhc3MlM0QlMjJiZW5lZml0cy1kZXRhaWxzLTElMjBhbmltYXRlJTIyJTIwZGF0YS1pbmRleCUzRCUyMjAlMjIlM0UxLiUyMENvbXBhdGlibGVzJTIwZXQlMjBjb25mb3J0YWJsZXMlMjBkYW5zJTIwdG91dGVzJTIwbGVzJTIwY2hhdXNzdXJlcyUyMHBsYXRlcyUyMGV0JTIwcG91ciUyMGZlbW1lJTNDJTJGbGklM0UlMEElMjAlMjAlMjAlMjAlMjAlMjAlMEElM0NsaSUyMGNsYXNzJTNEJTIyYmVuZWZpdHMtZGV0YWlscy0yJTIwYW5pbWF0ZSUyMiUyMGRhdGEtaW5kZXglM0QlMjIxJTIyJTNFMi4lMjBBbW92aWJsZXMlMjBzYW5zJTIwZW5kb21tYWdlciUyMGxlcyUyMGNoYXVzc3VyZXMuJTNDJTJGbGklM0UlMEElMjAlMjAlMjAlMjAlMjAlMjAlMEElM0MlMkZ1bCUzRQ==[\/vc_raw_html][\/vc_column_inner][\/vc_row_inner][\/vc_tta_section][vc_tta_section title=&#8221;Explications&#8221; tab_id=&#8221;why-it-works&#8221;][vc_row_inner el_id=&#8221;why-it-works&#8221;][vc_column_inner width=&#8221;1\/2&#8243;][vc_single_image image=&#8221;847&#8243; img_size=&#8221;full&#8221;][\/vc_column_inner][vc_column_inner width=&#8221;1\/2&#8243;][vc_column_text]\r\n<ul class=\"listPara\">\r\n \t<li>L\u2019une des causes de douleur \u00e0 la vo\u00fbte plantaire est le stress \u00e0 ses articulations, ce qui peut \u00eatre associ\u00e9 \u00e0 une vo\u00fbte plate, faible, basse ou haute, et les chaussures plates qui, souvent, offrent peu de support, et peuvent aggraver la douleur.<\/li>\r\n \t<li>Notre support Stylish Step<sup>\u00ae<\/sup> pour chaussures plates offre un soutien discret, confortable et sup\u00e9rieur pour aider \u00e0 pr\u00e9venir les douleurs de la <a href=\"\/fr\/ca\/symptomes-et-problemes\/douleur-aux-pieds-et-problemes-de-sante\/douleur-a-la-voute-plantaire\/\">vo\u00fbte plantaire<\/a>.<\/li>\r\n<\/ul>\r\n[\/vc_column_text][\/vc_column_inner][\/vc_row_inner][\/vc_tta_section][vc_tta_section title=&#8221;Mode d\u2019emploi&#8221; tab_id=&#8221;how-to-use&#8221;][vc_row_inner][vc_column_inner width=&#8221;1\/3&#8243;][vc_custom_heading text=&#8221;1<sup>re<\/sup> \u00c9TAPE&#8221; font_container=&#8221;tag:h6|text_align:center&#8221; use_theme_fonts=&#8221;yes&#8221;][vc_column_text]\r\n<p style=\"text-align: center;\">Nettoyez l\u2019int\u00e9rieur de la chaussure.<\/p>\r\n[\/vc_column_text][\/vc_column_inner][vc_column_inner width=&#8221;1\/3&#8243;][vc_custom_heading text=&#8221;2<sup>e<\/sup> \u00c9TAPE&#8221; font_container=&#8221;tag:h6|text_align:center&#8221; use_theme_fonts=&#8221;yes&#8221;][vc_column_text]\r\n<p style=\"text-align: center;\">Retirez la pellicule plastique et placez le support dans la zone de la vo\u00fbte plantaire; alignez la zone \u00e9paisse avec la partie int\u00e9rieure de la chaussure.<\/p>\r\n[\/vc_column_text][\/vc_column_inner][vc_column_inner width=&#8221;1\/3&#8243;][vc_custom_heading text=&#8221;3<sup>e<\/sup> \u00c9TAPE&#8221; font_container=&#8221;tag:h6|text_align:center&#8221; use_theme_fonts=&#8221;yes&#8221;][vc_column_text]\r\n<p style=\"text-align: center;\">Ajustez le positionnement pour obtenir un support naturel sous la vo\u00fbte plantaire.<\/p>\r\n[\/vc_column_text][\/vc_column_inner][\/vc_row_inner][vc_row_inner el_id=&#8221;how-to-use&#8221;][vc_column_inner][vc_column_text]\r\n<p style=\"text-align: center;\">Remplacez le support apr\u00e8s six (6) mois ou d\u00e8s qu\u2019il y a des signes d\u2019usure.<\/p>\r\n[\/vc_column_text][\/vc_column_inner][\/vc_row_inner][\/vc_tta_section][vc_tta_section title=&#8221;Vid\u00e9o p\u00e9dagogique&#8221; tab_id=&#8221;instructional-video&#8221;][vc_video link=&#8221;https:\/\/youtu.be\/dBR0caYKlRc?list=PLPfbaGoIo4xhTkoN5Kr4231yTxs98AACJ&#8221;][\/vc_tta_section][\/vc_tta_tabs][\/vc_column][\/vc_row][\/vc_section][vc_row][vc_column][vc_column_text]\r\n\r\n[\/vc_column_text][\/vc_column][\/vc_row][vc_row content_placement=&#8221;top&#8221; el_id=&#8221;product-carousel&#8221;][vc_column][vc_custom_heading text=&#8221;Trouver d&#8217;autres produits connexes&#8221; font_container=&#8221;tag:h2|text_align:center&#8221; use_theme_fonts=&#8221;yes&#8221; el_class=&#8221;text-uppercase&#8221;][vc_raw_html]JTVCcHJvZHVjdHNfc2xpZGVyJTIwY2F0cyUzRCUyMjE3NyUyQyUyMDIwNiUyMiUyMGF1dG9wbGF5JTNEJUUyJTgwJTlEZmFsc2UlRTIlODAlOUQlMjBvcmRlcmJ5JTNEJTIybWVudV9vcmRlciUyMiU1RA==[\/vc_raw_html][\/vc_column][\/vc_row]<\/div>","protected":false},"excerpt":{"rendered":"<p><span class=\"highlight\">Notre support de <strong>vo\u00fbte plantaire Hiddent Arch<sup>\u00ae<\/sup> <\/strong><\/span><span class=\"highlight\"><strong>Stylish Step<sup>\u00ae<\/sup> pour chaussures plates<\/strong> est sp\u00e9cialement con\u00e7u pour soulager la <\/span><span class=\"highlight\">douleur \u00e0 la vo\u00fbte plantaire caus\u00e9e par les chaussures plates.<\/span><\/p>\n<h5><span class=\"highlight\">Avantages<\/span><span class=\"highlight\"><br \/>\n<\/span><\/h5>\n<p><span class=\"highlight\">Pr\u00e9vient les douleurs \u00e0 la vo\u00fbte plantaire<\/span><span class=\"highlight\"><br \/>\n<\/span><\/p>\n<ul>\n<li><span class=\"highlight\">Gel souple qui soutient confortablement la vo\u00fbte plantaire<\/span><span class=\"highlight\"><br \/>\n<\/span><\/li>\n<li>Reste bien en place et ne sert pas le pied dans la chaussure<\/li>\n<\/ul>\n","protected":false},"featured_media":13766,"template":"","meta":{"_acf_changed":false},"product_brand":[],"product_cat":[206,196,177,187,224,173,327,25],"product_tag":[],"class_list":{"0":"post-460","1":"product","2":"type-product","3":"status-publish","4":"has-post-thumbnail","6":"product_cat-chaussures-plates-et-bottines-pour-femme","7":"product_cat-chaussures-sans-soutien","8":"product_cat-douleur-a-la-voute-plantaire","9":"product_cat-pieds-plats","10":"product_cat-semelles","11":"product_cat-semelles-femmes","12":"product_cat-soutien-voute-plantaire","13":"product_cat-stylish-step","14":"pa_size-one-size-fits-all","16":"first","17":"instock","18":"taxable","19":"shipping-taxable","20":"product-type-simple"},"acf":[],"_links":{"self":[{"href":"https:\/\/www.drscholls.ca\/fr\/wp-json\/wp\/v2\/product\/460","targetHints":{"allow":["GET"]}}],"collection":[{"href":"https:\/\/www.drscholls.ca\/fr\/wp-json\/wp\/v2\/product"}],"about":[{"href":"https:\/\/www.drscholls.ca\/fr\/wp-json\/wp\/v2\/types\/product"}],"wp:featuredmedia":[{"embeddable":true,"href":"https:\/\/www.drscholls.ca\/fr\/wp-json\/wp\/v2\/media\/13766"}],"wp:attachment":[{"href":"https:\/\/www.drscholls.ca\/fr\/wp-json\/wp\/v2\/media?parent=460"}],"wp:term":[{"taxonomy":"product_brand","embeddable":true,"href":"https:\/\/www.drscholls.ca\/fr\/wp-json\/wp\/v2\/product_brand?post=460"},{"taxonomy":"product_cat","embeddable":true,"href":"https:\/\/www.drscholls.ca\/fr\/wp-json\/wp\/v2\/product_cat?post=460"},{"taxonomy":"product_tag","embeddable":true,"href":"https:\/\/www.drscholls.ca\/fr\/wp-json\/wp\/v2\/product_tag?post=460"}],"curies":[{"name":"wp","href":"https:\/\/api.w.org\/{rel}","templated":true}]}}