{"id":436,"date":"2020-06-16T14:24:58","date_gmt":"2020-06-16T19:24:58","guid":{"rendered":"https:\/\/www.drscholls.ca\/fr\/?post_type=product&#038;p=436"},"modified":"2025-03-21T16:16:19","modified_gmt":"2025-03-21T21:16:19","slug":"coussinets-pour-avant-pieds-pour-talons-hauts","status":"publish","type":"product","link":"https:\/\/www.drscholls.ca\/fr\/p\/stylish-step\/coussinets-pour-avant-pieds-pour-talons-hauts\/","title":{"rendered":"Coussinets d&#8217;avant-pied pour les talons hauts"},"content":{"rendered":"<div class=\"wpb-content-wrapper\">[vc_section full_width=&#8221;stretch_row&#8221; el_id=&#8221;product-tabs&#8221;][vc_row][vc_column][vc_tta_tabs style=&#8221;flat&#8221; shape=&#8221;square&#8221; alignment=&#8221;centre&#8221; active_section=&#8221;1&#8243; colour=&#8221;white&#8221;][vc_tta_section title=&#8221;Caract\u00e9ristiques&#8221; tab_id=&#8221;features&#8221;][vc_row_inner content_placement=&#8221;middle&#8221;][vc_column_inner][vc_column_text]\r\n<h4 style=\"text-align: center;\">Gel clair pour coussinet discret<\/h4>\r\n[\/vc_column_text][\/vc_column_inner][vc_column_inner width=&#8221;1\/2&#8243;][vc_single_image image=&#8221;822&#8243; img_size=&#8221;full&#8221; alignment=&#8221;centre&#8221;][\/vc_column_inner][vc_column_inner width=&#8221;1\/2&#8243;][vc_custom_heading text=&#8221;1. Reste fermement en place&#8221; font_container=&#8221;tag:h5|text_align:left&#8221; use_theme_fonts=&#8221;yes&#8221;][vc_empty_space][vc_custom_heading text=&#8221;2. Compatible et confortable dans tous les talons hauts et toutes les chaussures pour femme&#8221; font_container=&#8221;tag:h5|text_align:left&#8221; use_theme_fonts=&#8221;yes&#8221;][vc_empty_space][vc_custom_heading text=&#8221;3. Amovible sans endommager les chaussures.&#8221; font_container=&#8221;tag:h5|text_align:left&#8221; use_theme_fonts=&#8221;yes&#8221;][\/vc_column_inner][\/vc_row_inner][\/vc_tta_section][vc_tta_section title=&#8221;Explications&#8221; tab_id=&#8221;why-it-works&#8221;][vc_row_inner][vc_column_inner width=&#8221;1\/2&#8243;][vc_single_image image=&#8221;824&#8243; img_size=&#8221;large&#8221;][\/vc_column_inner][vc_column_inner width=&#8221;1\/2&#8243;][vc_column_text]\r\n<ul>\r\n \t<li>Lorsque l\u2019on porte des talons hauts, le centre de gravit\u00e9 du corps est inclin\u00e9 vers l\u2019avant, ce qui ajoute de la pression sur <strong><a href=\"https:\/\/www.drscholls.ca\/fr\/ca\/symptomes-et-problemes\/douleur-aux-pieds-et-problemes-de-sante\/douleur-a-lavant-pied\/\">l\u2019avant-pied<\/a><\/strong>.<\/li>\r\n \t<li>Nos coussinets pour talons hauts Stylish Step\u00ae adh\u00e8rent facilement \u00e0 la chaussure pour cr\u00e9er une barri\u00e8re amortissante et protectrice entre la chaussure et l\u2019avant-pied. Ils absorbent les chocs et rehaussent le confort des chaussures.<\/li>\r\n<\/ul>\r\n[\/vc_column_text][\/vc_column_inner][\/vc_row_inner][\/vc_tta_section][vc_tta_section title=&#8221;Mode d\u2019emploi&#8221; tab_id=&#8221;how-to-use&#8221;][vc_row_inner][vc_column_inner width=&#8221;1\/2&#8243;][vc_column_text]\r\n<h6 style=\"text-align: center;\">1<sup>re<\/sup>\u00a0\u00c9TAPE<\/h6>\r\n<p style=\"text-align: center;\">Nettoyez l\u2019int\u00e9rieur de la chaussure.<\/p>\r\n[\/vc_column_text][\/vc_column_inner][vc_column_inner width=&#8221;1\/2&#8243;][vc_column_text]\r\n<h6 style=\"text-align: center;\">2<sup>e<\/sup>\u00a0\u00c9TAPE<\/h6>\r\n<p style=\"text-align: center;\">Enlevez la pellicule plastique et placez le coussinet dans la partie avant de la chaussure, le bord droit sous les orteils, les ondulations de gel vers le bas.<\/p>\r\n[\/vc_column_text][\/vc_column_inner][\/vc_row_inner][vc_row_inner][vc_column_inner][vc_column_text]\r\n<p style=\"text-align: center;\">Remplacez les coussinets apr\u00e8s six (6) mois ou d\u00e8s qu\u2019il y a des signes d\u2019usure.<\/p>\r\n[\/vc_column_text][\/vc_column_inner][\/vc_row_inner][\/vc_tta_section][vc_tta_section title=&#8221;Vid\u00e9o p\u00e9dagogique&#8221; tab_id=&#8221;video-pedagogique&#8221;][vc_video link=&#8221;https:\/\/youtu.be\/LRRZGnaFdNA?list=PLPfbaGoIo4xhTkoN5Kr4231yTxs98AACJ&#8221;][\/vc_tta_section][\/vc_tta_tabs][\/vc_column][\/vc_row][\/vc_section][vc_row content_placement=&#8221;top&#8221; el_id=&#8221;product-carousel&#8221;][vc_column][vc_custom_heading text=&#8221;Trouver d&#8217;autres produits connexes&#8221; font_container=&#8221;tag:h2|text_align:center&#8221; use_theme_fonts=&#8221;yes&#8221; el_class=&#8221;text-uppercase&#8221;][vc_raw_html]JTVCcHJvZHVjdHNfc2xpZGVyJTIwY2F0cyUzRCUyMjIwNyUyMiUyMGF1dG9wbGF5JTNEJUUyJTgwJTlEZmFsc2UlRTIlODAlOUQlMjBvcmRlcmJ5JTNEJTIybWVudV9vcmRlciUyMiU1RA==[\/vc_raw_html][\/vc_column][\/vc_row]<\/div>","protected":false},"excerpt":{"rendered":"<p>Nos <strong>coussinets Stylish Step<sup>\u00ae<\/sup> pour avant-pieds<\/strong> sont con\u00e7us sp\u00e9cialement pour \u00e9liminer la douleur \u00e0 l\u2019avant-pied lors du port de talons hauts.<\/p>\n<h5>Avantages<\/h5>\n<ul>\n<li>Soulage et pr\u00e9vient les douleurs \u00e0 l\u2019avant-pied caus\u00e9es par les talons hauts afin que vous puissiez porter les chaussures que vous aimez toute la journ\u00e9e ou toute la soir\u00e9e<\/li>\n<li>Le gel souple assure un bon amortissement et absorbe les chocs et offre un confort toute la journ\u00e9e<\/li>\n<li>Les coussinets discrets restent bien en place et s\u2019adaptent aux talons hauts les plus serr\u00e9s<\/li>\n<li>Pr\u00e9vient le froissement des orteils et emp\u00eache les pieds de glisser vers l\u2019avant<\/li>\n<\/ul>\n","protected":false},"featured_media":13117,"template":"","meta":{"_acf_changed":false},"product_brand":[],"product_cat":[324,206,326,176,200,224,173,25,207],"product_tag":[],"class_list":{"0":"post-436","1":"product","2":"type-product","3":"status-publish","4":"has-post-thumbnail","6":"product_cat-chaussures-inconfortables","7":"product_cat-chaussures-plates-et-bottines-pour-femme","8":"product_cat-douleur-due-aux-talons-hauts","9":"product_cat-problemes-a-lavant-pied","10":"product_cat-protection-de-lavant-pied","11":"product_cat-semelles","12":"product_cat-semelles-femmes","13":"product_cat-stylish-step","14":"product_cat-talons-hauts-et-escarpins-pour-femmes","15":"pa_size-one-size-fits-all","17":"first","18":"instock","19":"taxable","20":"shipping-taxable","21":"product-type-simple"},"acf":[],"_links":{"self":[{"href":"https:\/\/www.drscholls.ca\/fr\/wp-json\/wp\/v2\/product\/436","targetHints":{"allow":["GET"]}}],"collection":[{"href":"https:\/\/www.drscholls.ca\/fr\/wp-json\/wp\/v2\/product"}],"about":[{"href":"https:\/\/www.drscholls.ca\/fr\/wp-json\/wp\/v2\/types\/product"}],"wp:featuredmedia":[{"embeddable":true,"href":"https:\/\/www.drscholls.ca\/fr\/wp-json\/wp\/v2\/media\/13117"}],"wp:attachment":[{"href":"https:\/\/www.drscholls.ca\/fr\/wp-json\/wp\/v2\/media?parent=436"}],"wp:term":[{"taxonomy":"product_brand","embeddable":true,"href":"https:\/\/www.drscholls.ca\/fr\/wp-json\/wp\/v2\/product_brand?post=436"},{"taxonomy":"product_cat","embeddable":true,"href":"https:\/\/www.drscholls.ca\/fr\/wp-json\/wp\/v2\/product_cat?post=436"},{"taxonomy":"product_tag","embeddable":true,"href":"https:\/\/www.drscholls.ca\/fr\/wp-json\/wp\/v2\/product_tag?post=436"}],"curies":[{"name":"wp","href":"https:\/\/api.w.org\/{rel}","templated":true}]}}