{"id":418,"date":"2020-06-16T12:31:13","date_gmt":"2020-06-16T17:31:13","guid":{"rendered":"https:\/\/www.drscholls.ca\/fr\/?post_type=product&#038;p=418"},"modified":"2025-03-21T16:16:19","modified_gmt":"2025-03-21T21:16:19","slug":"ortheses-pour-douleur-a-lavant-pied","status":"publish","type":"product","link":"https:\/\/www.drscholls.ca\/fr\/p\/soulagement-de-la-douleur\/ortheses-pour-douleur-a-lavant-pied\/","title":{"rendered":"Orth\u00e8ses pour la douleur \u00e0 l\u2019avant-pied"},"content":{"rendered":"<div class=\"wpb-content-wrapper\">[vc_section full_width=&#8221;stretch_row&#8221; el_id=&#8221;product-tabs&#8221;][vc_row][vc_column][vc_tta_tabs style=&#8221;flat&#8221; shape=&#8221;square&#8221; alignment=&#8221;centre&#8221; active_section=&#8221;1&#8243; colour=&#8221;white&#8221;][vc_tta_section title=&#8221;Caract\u00e9ristiques&#8221; tab_id=&#8221;caracteristiques&#8221;][vc_row_inner content_placement=&#8221;middle&#8221;][vc_column_inner el_class=&#8221;img-wrap ball-of-foot-pain&#8221; width=&#8221;1\/2&#8243;][vc_single_image image=&#8221;914&#8243; img_size=&#8221;full&#8221; alignment=&#8221;centre&#8221;][\/vc_column_inner][vc_column_inner width=&#8221;1\/2&#8243;][vc_raw_html]JTNDdWwlMjBjbGFzcyUzRCUyMmJlbmVmaXRzLWRldGFpbHMtbGlzdCUyMiUzRSUwQSUyMCUwQSUzQ2xpJTIwY2xhc3MlM0QlMjJiZW5lZml0cy1kZXRhaWxzLTElMjBhbmltYXRlJTIyJTIwZGF0YS1pbmRleCUzRCUyMjAlMjIlM0UxLiUyMEVtcCVDMyVBQWNoZSUyMGwlRTIlODAlOTlhZ2dyYXZhdGlvbiUyMGRlcyUyMGNob2NzJTIwJTNDYnIlM0VsYSUyMGRvdWxldXIlMjAlQzMlQTAlMjBsJUUyJTgwJTk5YXZhbnQtcGllZCUzQyUyRmxpJTNFJTBBJTIwJTIwJTIwJTIwJTIwJTIwJTBBJTNDbGklMjBjbGFzcyUzRCUyMmJlbmVmaXRzLWRldGFpbHMtMiUyMGFuaW1hdGUlMjIlMjBkYXRhLWluZGV4JTNEJTIyMSUyMiUzRTIuJTIwRGlzdHJpYnVlJTIwbGElMjBwcmVzc2lvbiUyMGRlJTIwY2hhcXVlJTIwcGFzJTNDJTJGbGklM0UlMEElMjAlMjAlMjAlMjAlMjAlMjAlMEElM0NsaSUyMGNsYXNzJTNEJTIyYmVuZWZpdHMtZGV0YWlscy0zJTIwYW5pbWF0ZSUyMiUyMGRhdGEtaW5kZXglM0QlMjIyJTIyJTNFMy4lMjBNb2lucyUyMGRlJTIwcHJlc3Npb24lMkMlMjBtb2lucyUyMGRlJTIwZG91bGV1ciUzQyUyRmxpJTNFJTBBJTIwJTIwJTIwJTIwJTIwJTIwJTBBJTNDJTJGdWwlM0U=[\/vc_raw_html][\/vc_column_inner][\/vc_row_inner][\/vc_tta_section][vc_tta_section title=&#8221;Explications&#8221; tab_id=&#8221;explications&#8221;][vc_row_inner][vc_column_inner width=&#8221;1\/2&#8243;][vc_single_image image=&#8221;919&#8243; img_size=&#8221;large&#8221;][\/vc_column_inner][vc_column_inner width=&#8221;1\/2&#8243;][vc_column_text]\r\n<ul class=\"listPara\">\r\n \t<li>La <a href=\"https:\/\/www.drscholls.ca\/fr\/ca\/symptomes-et-problemes\/douleur-aux-pieds-et-problemes-de-sante\/douleur-a-lavant-pied\/\"><strong>douleur \u00e0 l\u2019avant-pied<\/strong><\/a> est parfois caus\u00e9e par une pression constante et excessive.<\/li>\r\n \t<li>Nos <strong>orth\u00e8ses pour le soulagement de la douleur \u00e0 l\u2019avant-pied<\/strong> avec la technologie Shock Guard<sup>\u00ae<\/sup> se placent derri\u00e8re l\u2019avant-pied pour soulever et s\u00e9parer les longs os de la vo\u00fbte plantaire et ainsi \u00e9loigner la pression de l\u2019avant-pied.<\/li>\r\n<\/ul>\r\n[\/vc_column_text][\/vc_column_inner][\/vc_row_inner][\/vc_tta_section][vc_tta_section title=&#8221;Mode d\u2019emploi&#8221; tab_id=&#8221;mode&#8221;][vc_row_inner][vc_column_inner width=&#8221;1\/4&#8243;][vc_column_text]\r\n<h6 class=\"head\" style=\"text-align: center;\">1<sup>re<\/sup>\u00a0\u00c9TAPE<\/h6>\r\n<p style=\"text-align: center;\">Nettoyez l\u2019int\u00e9rieur de la chaussure pour assurer l\u2019adh\u00e9rence de l\u2019orth\u00e8se.<\/p>\r\n[\/vc_column_text][\/vc_column_inner][vc_column_inner width=&#8221;1\/4&#8243;][vc_column_text]\r\n<h6 class=\"head\" style=\"text-align: center;\">2<sup>e<\/sup>\u00a0\u00c9TAPE<\/h6>\r\n<p style=\"text-align: center;\">Testez le positionnement des orth\u00e8ses dans les chaussures. La zone sur\u00e9lev\u00e9e doit \u00eatre confortable et positionn\u00e9e tout juste derri\u00e8re l\u2019avant-pied (tr\u00e8s pr\u00e8s de la vo\u00fbte plantaire) et non pas imm\u00e9diatement sous l\u2019avant-pied.<\/p>\r\n[\/vc_column_text][\/vc_column_inner][vc_column_inner width=&#8221;1\/4&#8243;][vc_column_text]\r\n<h6 class=\"head\" style=\"text-align: center;\">3<sup>e<\/sup>\u00a0\u00c9TAPE<\/h6>\r\n<p style=\"text-align: center;\">Retirez la pellicule du c\u00f4t\u00e9 adh\u00e9rant des orth\u00e8ses et installez-les dans les chaussures. La fl\u00e8che (sur le c\u00f4t\u00e9 adh\u00e9rant) doit pointer vers les orteils.<\/p>\r\n[\/vc_column_text][\/vc_column_inner][vc_column_inner width=&#8221;1\/4&#8243;][vc_column_text]\r\n<h6 class=\"head\" style=\"text-align: center;\">4<sup>e<\/sup>\u00a0\u00c9TAPE<\/h6>\r\n<p style=\"text-align: center;\">Apportez les ajustements n\u00e9cessaires pour assurer un maximum de confort.<\/p>\r\n[\/vc_column_text][\/vc_column_inner][\/vc_row_inner][vc_row_inner][vc_column_inner][vc_column_text]\r\n<p style=\"text-align: center;\">Replace orthotics every six (6) months or at the first signs of wear.<\/p>\r\n[\/vc_column_text][\/vc_column_inner][\/vc_row_inner][\/vc_tta_section][vc_tta_section title=&#8221;Vid\u00e9o p\u00e9dagogique&#8221; tab_id=&#8221;video-pedagogique&#8221;][vc_video link=&#8221;https:\/\/youtu.be\/MUD1xTFhElk?list=PLPfbaGoIo4xhTkoN5Kr4231yTxs98AACJ&#8221;][\/vc_tta_section][\/vc_tta_tabs][\/vc_column][\/vc_row][\/vc_section][vc_row content_placement=&#8221;top&#8221; el_id=&#8221;product-carousel&#8221;][vc_column][vc_custom_heading text=&#8221;TROUVER D&#8217;AUTRES PRODUITS CONNEXES&#8221; font_container=&#8221;tag:h2|text_align:center&#8221; use_theme_fonts=&#8221;yes&#8221; el_class=&#8221;text-uppercase&#8221;][vc_raw_html]JTVCcHJvZHVjdHNfc2xpZGVyJTIwY2F0cyUzRCUyMjE3NiUyMiUyMGF1dG9wbGF5JTNEJUUyJTgwJTlEZmFsc2UlRTIlODAlOUQlMjBvcmRlcmJ5JTNEJTIybWVudV9vcmRlciUyMiU1RA==[\/vc_raw_html][\/vc_column][\/vc_row]<\/div>","protected":false},"excerpt":{"rendered":"<p>Nos<strong> orth\u00e8ses pour le soulagement de la douleur \u00e0 l\u2019avant-pied<\/strong> sont con\u00e7ues pour \u00e9liminer la douleur caus\u00e9e par une pression constante et excessive \u00e0 cet endroit.<\/p>\n<h5>Avantages<\/h5>\n<ul>\n<li>Soulagement imm\u00e9diat et durable de la douleur \u00e0 l\u2019avant-pied (m\u00e9tatarsalgie), preuves cliniques \u00e0 l\u2019appui<\/li>\n<li>La technologie Shock Guard<sup>\u00ae<\/sup> prot\u00e8ge l\u2019avant-pied contre les chocs<\/li>\n<li>Plac\u00e9 tout juste derri\u00e8re l\u2019avant-pied, l\u2019amortisseur sur\u00e9lev\u00e9 \u00e9loigne la pression de l\u2019avant-pied en soulevant les os tarsiens<\/li>\n<\/ul>\n","protected":false},"featured_media":13122,"template":"","meta":{"_acf_changed":false},"product_brand":[],"product_cat":[203,204,208,205,206,176,200,224,173,174,24,216],"product_tag":[],"class_list":{"0":"post-418","1":"product","2":"type-product","3":"status-publish","4":"has-post-thumbnail","6":"product_cat-chaussures-de-sport-et-espadrilles","7":"product_cat-chaussures-decontractees-espadrilles","8":"product_cat-chaussures-et-bottes-de-travail","9":"product_cat-chaussures-habillees-pour-homme","10":"product_cat-chaussures-plates-et-bottines-pour-femme","11":"product_cat-problemes-a-lavant-pied","12":"product_cat-protection-de-lavant-pied","13":"product_cat-semelles","14":"product_cat-semelles-femmes","15":"product_cat-semelles-homme","16":"product_cat-soulagement-de-la-douleur","17":"product_cat-technologie-shock-guard","18":"pa_size-one-size-fits-all","20":"first","21":"instock","22":"taxable","23":"shipping-taxable","24":"product-type-simple"},"acf":[],"_links":{"self":[{"href":"https:\/\/www.drscholls.ca\/fr\/wp-json\/wp\/v2\/product\/418","targetHints":{"allow":["GET"]}}],"collection":[{"href":"https:\/\/www.drscholls.ca\/fr\/wp-json\/wp\/v2\/product"}],"about":[{"href":"https:\/\/www.drscholls.ca\/fr\/wp-json\/wp\/v2\/types\/product"}],"wp:featuredmedia":[{"embeddable":true,"href":"https:\/\/www.drscholls.ca\/fr\/wp-json\/wp\/v2\/media\/13122"}],"wp:attachment":[{"href":"https:\/\/www.drscholls.ca\/fr\/wp-json\/wp\/v2\/media?parent=418"}],"wp:term":[{"taxonomy":"product_brand","embeddable":true,"href":"https:\/\/www.drscholls.ca\/fr\/wp-json\/wp\/v2\/product_brand?post=418"},{"taxonomy":"product_cat","embeddable":true,"href":"https:\/\/www.drscholls.ca\/fr\/wp-json\/wp\/v2\/product_cat?post=418"},{"taxonomy":"product_tag","embeddable":true,"href":"https:\/\/www.drscholls.ca\/fr\/wp-json\/wp\/v2\/product_tag?post=418"}],"curies":[{"name":"wp","href":"https:\/\/api.w.org\/{rel}","templated":true}]}}