{"id":411,"date":"2020-06-16T12:26:50","date_gmt":"2020-06-16T17:26:50","guid":{"rendered":"https:\/\/www.drscholls.ca\/fr\/?post_type=product&#038;p=411"},"modified":"2025-03-21T16:16:19","modified_gmt":"2025-03-21T21:16:19","slug":"ortheses-pour-le-soulagement-des-pieds-endoloris","status":"publish","type":"product","link":"https:\/\/www.drscholls.ca\/fr\/p\/soulagement-de-la-douleur\/ortheses-pour-le-soulagement-des-pieds-endoloris\/","title":{"rendered":"Orth\u00e8ses Pour les Pieds Endoloris"},"content":{"rendered":"<div class=\"wpb-content-wrapper\">[vc_section full_width=&#8221;stretch_row&#8221; el_id=&#8221;product-tabs&#8221;][vc_row][vc_column][vc_tta_tabs style=&#8221;flat&#8221; shape=&#8221;square&#8221; alignment=&#8221;centre&#8221; active_section=&#8221;1&#8243; colour=&#8221;white&#8221;][vc_tta_section title=&#8221;Caract\u00e9ristiques&#8221; tab_id=&#8221;caracteristiques&#8221;][vc_row_inner content_placement=&#8221;middle&#8221;][vc_column_inner][\/vc_column_inner][vc_column_inner el_class=&#8221;img-wrap sore-soles&#8221; width=&#8221;1\/2&#8243;][vc_single_image image=&#8221;873&#8243; img_size=&#8221;full&#8221; alignment=&#8221;centre&#8221;][vc_raw_html]JTNDdWwlMjBjbGFzcyUzRCUyMmxpc3QlMjIlM0UlMEElMjAlMDklM0NsaSUyMGNsYXNzJTNEJTIyJTIyJTNFJTNDc3BhbiUyMGNsYXNzJTNEJTIydHh0JTIyJTNFMSUzQyUyRnNwYW4lM0UlM0MlMkZsaSUzRSUwQSUyMCUwOSUzQ2xpJTIwY2xhc3MlM0QlMjIlMjIlM0UlM0NzcGFuJTIwY2xhc3MlM0QlMjJ0eHQlMjIlM0UyJTNDJTJGc3BhbiUzRSUzQyUyRmxpJTNFJTBBJTIwJTA5JTNDbGklMjBjbGFzcyUzRCUyMiUyMiUzRSUzQ3NwYW4lMjBjbGFzcyUzRCUyMnR4dCUyMiUzRTMlM0MlMkZzcGFuJTNFJTNDJTJGbGklM0UlMEElM0MlMkZ1bCUzRQ==[\/vc_raw_html][\/vc_column_inner][vc_column_inner width=&#8221;1\/2&#8243;][vc_raw_html]JTNDdWwlMjBjbGFzcyUzRCUyMmJlbmVmaXRzLWRldGFpbHMtbGlzdCUyMiUzRSUwQSUyMCUwQSUzQ2xpJTIwY2xhc3MlM0QlMjJiZW5lZml0cy1kZXRhaWxzLTElMjBhbmltYXRlJTIyJTIwZGF0YS1pbmRleCUzRCUyMjAlMjIlM0UlM0NzdHJvbmclM0UxLiUyMFN0aW11bGUlMjBldCUyMG1hc3NlJTIwdm9zJTIwcGllZHMlMjB0b3V0ZSUyMGxhJTIwam91cm4lQzMlQTllLiUzQyUyRnN0cm9uZyUzRSUzQyUyRmxpJTNFJTBBJTIwJTIwJTIwJTIwJTIwJTIwJTBBJTNDbGklMjBjbGFzcyUzRCUyMmJlbmVmaXRzLWRldGFpbHMtMiUyMGFuaW1hdGUlMjIlMjBkYXRhLWluZGV4JTNEJTIyMSUyMiUzRSUzQ3N0cm9uZyUzRTIuJTIwUiVDMyVBOWR1aXQlMjBsZSUyMGNob2MlMjBkZSUyMGNoYXF1ZSUyMHBhcy4lM0MlMkZzdHJvbmclM0UlM0MlMkZsaSUzRSUwQSUyMCUyMCUyMCUyMCUyMCUyMCUwQSUzQ2xpJTIwY2xhc3MlM0QlMjJiZW5lZml0cy1kZXRhaWxzLTMlMjBhbmltYXRlJTIyJTIwZGF0YS1pbmRleCUzRCUyMjIlMjIlM0UlM0NzdHJvbmclM0UzLiUyMFNvdWxhZ2UlMjBpbW0lQzMlQTlkaWF0ZW1lbnQlMjBsYSUyMGRvdWxldXIlMjBjYXVzJUMzJUE5ZSUyMHBhciUyMGxlcyUyMGNob2NzJTJDJTIwJUMzJUEwJTIwbGElMjBzb3VyY2UlM0MlMkZzdHJvbmclM0UlM0MlMkZsaSUzRSUwQSUyMCUyMCUyMCUyMCUyMCUyMCUwQSUzQyUyRnVsJTNF[\/vc_raw_html][\/vc_column_inner][\/vc_row_inner][\/vc_tta_section][vc_tta_section title=&#8221;Explications&#8221; tab_id=&#8221;explications&#8221;][vc_row_inner][vc_column_inner width=&#8221;1\/2&#8243;][vc_single_image image=&#8221;875&#8243; img_size=&#8221;large&#8221;][\/vc_column_inner][vc_column_inner width=&#8221;1\/2&#8243;][vc_column_text]\r\n<ul>\r\n \t<li>Lorsque vous restez debout ou marchez pour effectuer vos activit\u00e9s quotidiennes, vos <strong><a href=\"https:\/\/www.drscholls.ca\/fr\/ca\/symptomes-et-problemes\/douleur-aux-pieds-et-problemes-de-sante\/fatigue-et-douleur-aux-pieds\/\">pieds n\u2019ont jamais de repos<\/a><\/strong>.<\/li>\r\n \t<li>Nos <strong>orth\u00e8ses pour le soulagement des pieds endoloris<\/strong> avec technologie Shock Guard<sup>\u00ae<\/sup> sont con\u00e7ues pour \u00e9liminer cette douleur caus\u00e9e par de longues p\u00e9riodes debout.<\/li>\r\n<\/ul>\r\n[\/vc_column_text][\/vc_column_inner][\/vc_row_inner][\/vc_tta_section][vc_tta_section title=&#8221;Mode d\u2019emploi&#8221; tab_id=&#8221;mode&#8221;][vc_row_inner][vc_column_inner width=&#8221;1\/2&#8243;][vc_column_text]\r\n<h6 class=\"head\" style=\"text-align: center;\">1<sup>re<\/sup>\u00a0\u00c9TAPE<\/h6>\r\n<p style=\"text-align: center;\">Au besoin, d\u00e9coupez les rebords des orth\u00e8ses (suivre les lignes en dessous) pour les adapter \u00e0 votre pointure.<\/p>\r\n[\/vc_column_text][\/vc_column_inner][vc_column_inner width=&#8221;1\/2&#8243;][vc_column_text]\r\n<h6 class=\"head\" style=\"text-align: center;\">2<sup>e<\/sup>\u00a0\u00c9TAPE<\/h6>\r\n<p style=\"text-align: center;\">Placez les orth\u00e8ses dans vos chaussures, le <strong>tissu vers le haut.<\/strong><\/p>\r\n[\/vc_column_text][\/vc_column_inner][\/vc_row_inner][vc_row_inner][vc_column_inner][vc_column_text]\r\n<p style=\"text-align: center;\">Remplacez les orth\u00e8ses apr\u00e8s six (6) mois ou d\u00e8s qu\u2019il y a des signes d\u2019usure.<\/p>\r\n[\/vc_column_text][\/vc_column_inner][\/vc_row_inner][\/vc_tta_section][vc_tta_section title=&#8221;Vid\u00e9o p\u00e9dagogique&#8221; tab_id=&#8221;video-pedagogique&#8221;][vc_video link=&#8221;https:\/\/youtu.be\/nU608p2L294?list=PLPfbaGoIo4xhTkoN5Kr4231yTxs98AACJ&#8221;][\/vc_tta_section][\/vc_tta_tabs][\/vc_column][\/vc_row][\/vc_section][vc_row content_placement=&#8221;top&#8221; disable_element=&#8221;yes&#8221; el_id=&#8221;product-carousel&#8221;][vc_column][vc_custom_heading text=&#8221;PRODUITS PERTINENTS EN MAGASIN&#8221; font_container=&#8221;tag:h2|text_align:center&#8221; use_theme_fonts=&#8221;yes&#8221; el_class=&#8221;text-uppercase&#8221;][vc_raw_html]JTVCcHJvZHVjdHNfc2xpZGVyJTIwY2F0cyUzRCUyMjE4MiUyMiUyMGF1dG9wbGF5JTNEJUUyJTgwJTlEZmFsc2UlRTIlODAlOUQlMjBvcmRlcmJ5JTNEJTIybWVudV9vcmRlciUyMiU1RA==[\/vc_raw_html][\/vc_column][\/vc_row]<\/div>","protected":false},"excerpt":{"rendered":"<p>Nos <strong>orth\u00e8ses pour le soulagement des pieds endoloris<\/strong> sont sp\u00e9cialement con\u00e7ues pour traiter ce type de douleur caus\u00e9e par de longues p\u00e9riodes debout.<\/p>\n<h5>Avantages<\/h5>\n<ul>\n<li>Procure un soulagement imm\u00e9diat et durable des pieds douloureux<\/li>\n<li>Des nodules stimulants massent vos pieds toute la journ\u00e9e<\/li>\n<li>Traite la douleur \u00e0 la source<\/li>\n<\/ul>\n","protected":false},"featured_media":13812,"template":"","meta":{"_acf_changed":false},"product_brand":[],"product_cat":[204,208,182,224,199,173,174,24,216],"product_tag":[],"class_list":{"0":"post-411","1":"product","2":"type-product","3":"status-publish","4":"has-post-thumbnail","6":"product_cat-chaussures-decontractees-espadrilles","7":"product_cat-chaussures-et-bottes-de-travail","8":"product_cat-pieds-douloureux","9":"product_cat-semelles","10":"product_cat-semelles-completes","11":"product_cat-semelles-femmes","12":"product_cat-semelles-homme","13":"product_cat-soulagement-de-la-douleur","14":"product_cat-technologie-shock-guard","15":"pa_size-men-8-14","16":"pa_size-women-6-10","18":"first","19":"instock","20":"taxable","21":"shipping-taxable","22":"product-type-variable"},"acf":[],"_links":{"self":[{"href":"https:\/\/www.drscholls.ca\/fr\/wp-json\/wp\/v2\/product\/411","targetHints":{"allow":["GET"]}}],"collection":[{"href":"https:\/\/www.drscholls.ca\/fr\/wp-json\/wp\/v2\/product"}],"about":[{"href":"https:\/\/www.drscholls.ca\/fr\/wp-json\/wp\/v2\/types\/product"}],"wp:featuredmedia":[{"embeddable":true,"href":"https:\/\/www.drscholls.ca\/fr\/wp-json\/wp\/v2\/media\/13812"}],"wp:attachment":[{"href":"https:\/\/www.drscholls.ca\/fr\/wp-json\/wp\/v2\/media?parent=411"}],"wp:term":[{"taxonomy":"product_brand","embeddable":true,"href":"https:\/\/www.drscholls.ca\/fr\/wp-json\/wp\/v2\/product_brand?post=411"},{"taxonomy":"product_cat","embeddable":true,"href":"https:\/\/www.drscholls.ca\/fr\/wp-json\/wp\/v2\/product_cat?post=411"},{"taxonomy":"product_tag","embeddable":true,"href":"https:\/\/www.drscholls.ca\/fr\/wp-json\/wp\/v2\/product_tag?post=411"}],"curies":[{"name":"wp","href":"https:\/\/api.w.org\/{rel}","templated":true}]}}