{"id":393,"date":"2020-06-16T11:43:56","date_gmt":"2020-06-16T16:43:56","guid":{"rendered":"https:\/\/www.drscholls.ca\/fr\/?post_type=product&#038;p=393"},"modified":"2025-03-21T16:16:14","modified_gmt":"2025-03-21T21:16:14","slug":"ortheses-pour-le-soulagement-de-la-douleur-aux-talons","status":"publish","type":"product","link":"https:\/\/www.drscholls.ca\/fr\/p\/soulagement-de-la-douleur\/ortheses-pour-le-soulagement-de-la-douleur-aux-talons\/","title":{"rendered":"Orth\u00e8ses Pour la Douleur Aux Talons"},"content":{"rendered":"<div class=\"wpb-content-wrapper\">[vc_section full_width=&#8221;stretch_row&#8221; el_id=&#8221;product-tabs&#8221;][vc_row][vc_column][vc_tta_tabs style=&#8221;flat&#8221; shape=&#8221;square&#8221; alignment=&#8221;centre&#8221; active_section=&#8221;1&#8243; colour=&#8221;white&#8221;][vc_tta_section title=&#8221;Caract\u00e9ristiques&#8221; tab_id=&#8221;caracteristiques&#8221;][vc_row_inner content_placement=&#8221;middle&#8221;][vc_column_inner el_class=&#8221;img-wrap heel-pain&#8221; width=&#8221;1\/2&#8243;][vc_single_image image=&#8221;954&#8243; img_size=&#8221;full&#8221; alignment=&#8221;centre&#8221;][vc_raw_html]JTNDdWwlMjBjbGFzcyUzRCUyMmxpc3QlMjIlM0UlMEElMjAlMDklM0NsaSUyMGNsYXNzJTNEJTIyJTIyJTNFJTNDc3BhbiUyMGNsYXNzJTNEJTIydHh0JTIyJTNFMSUzQyUyRnNwYW4lM0UlM0MlMkZsaSUzRSUwQSUyMCUwOSUzQ2xpJTIwY2xhc3MlM0QlMjIlMjIlM0UlM0NzcGFuJTIwY2xhc3MlM0QlMjJ0eHQlMjIlM0UyJTNDJTJGc3BhbiUzRSUzQyUyRmxpJTNFJTBBJTIwJTA5JTNDbGklMjBjbGFzcyUzRCUyMiUyMiUzRSUzQ3NwYW4lMjBjbGFzcyUzRCUyMnR4dCUyMiUzRTMlM0MlMkZzcGFuJTNFJTNDJTJGbGklM0UlMEElM0MlMkZ1bCUzRQ==[\/vc_raw_html][\/vc_column_inner][vc_column_inner width=&#8221;1\/2&#8243;][vc_raw_html]JTNDdWwlMjBjbGFzcyUzRCUyMmJlbmVmaXRzLWRldGFpbHMtbGlzdCUyMiUzRSUwQSUyMCUwQSUzQ2xpJTIwY2xhc3MlM0QlMjJiZW5lZml0cy1kZXRhaWxzLTElMjBhbmltYXRlJTIyJTIwZGF0YS1pbmRleCUzRCUyMjAlMjIlM0UxLiUyMFIlQzMlQTlkdWl0JTIwbGUlMjBjaG9jJTIwZGUlMjBjaGFxdWUlMjBwYXMlM0MlMkZsaSUzRSUwQSUyMCUyMCUyMCUyMCUyMCUyMCUwQSUzQ2xpJTIwY2xhc3MlM0QlMjJiZW5lZml0cy1kZXRhaWxzLTIlMjBhbmltYXRlJTIyJTIwZGF0YS1pbmRleCUzRCUyMjElMjIlM0UyLiUyMFNvdWxhZ2UlMjBpbW0lQzMlQTlkaWF0ZW1lbnQlMjBsYSUyMGRvdWxldXIlMjBjYXVzJUMzJUE5ZSUyMHBhciUyMGxlcyUyMGNob2NzJTJDJTIwJUMzJUEwJTIwbGElMjBzb3VyY2UlM0MlMkZsaSUzRSUwQSUyMCUyMCUyMCUyMCUyMCUyMCUwQSUzQ2xpJTIwY2xhc3MlM0QlMjJiZW5lZml0cy1kZXRhaWxzLTMlMjBhbmltYXRlJTIyJTIwZGF0YS1pbmRleCUzRCUyMjIlMjIlM0UzLiUyMFRhbG9ubmV0dGUlMjBkZSUyMHNvdXRpZW4lMjBxdWklMjBhdWdtZW50ZSUyMGxhJTIwY2FwYWNpdCVDMyVBOSUyMGQlRTIlODAlOTlhbW9ydGlzc2VtZW50JTIwbmF0dXJlbGxlJTIwZHUlMjB0YWxvbi4lMEElM0MlMkZsaSUzRSUwQSUyMCUyMCUyMCUyMCUyMCUyMCUwQSUzQyUyRnVsJTNF[\/vc_raw_html][\/vc_column_inner][\/vc_row_inner][\/vc_tta_section][vc_tta_section title=&#8221;Explications&#8221; tab_id=&#8221;explications&#8221;][vc_row_inner][vc_column_inner width=&#8221;1\/2&#8243;][vc_single_image image=&#8221;955&#8243; img_size=&#8221;large&#8221;][\/vc_column_inner][vc_column_inner width=&#8221;1\/2&#8243;][vc_column_text]\r\n<ul>\r\n \t<li>Plusieurs facteurs peuvent causer de la <strong><a href=\"https:\/\/www.drscholls.ca\/fr\/ca\/symptomes-et-problemes\/douleur-aux-pieds-et-problemes-de-sante\/douleur-aux-talons\/\">douleur au talon<\/a><\/strong>\u00a0: <strong><a href=\"https:\/\/www.drscholls.ca\/fr\/ca\/symptomes-et-problemes\/douleur-aux-pieds-et-problemes-de-sante\/epine-de-lenoir\/\">\u00e9pine de Lenoir<\/a><\/strong>, <strong><a href=\"https:\/\/www.drscholls.ca\/fr\/ca\/symptomes-et-problemes\/douleur-aux-pieds-et-problemes-de-sante\/fasciite-plantaire\/\">fasciite plantaire<\/a><\/strong> ou surmenage. Le choc de chaque pas risque d\u2019aggraver l\u2019inconfort ressenti.<\/li>\r\n \t<li>Nos <strong>orth\u00e8ses pour le soulagement de la douleur au talon<\/strong> offrent de l\u2019amortissement et du support pour prot\u00e9ger le talon du choc de chaque pas.<\/li>\r\n<\/ul>\r\n[\/vc_column_text][\/vc_column_inner][\/vc_row_inner][\/vc_tta_section][vc_tta_section title=&#8221;Mode d\u2019emploi&#8221; tab_id=&#8221;mode&#8221;][vc_row_inner][vc_column_inner width=&#8221;1\/2&#8243;][vc_column_text]\r\n<h6 class=\"head\" style=\"text-align: center;\">1<sup>re<\/sup>\u00a0\u00c9TAPE<\/h6>\r\n<p style=\"text-align: center;\">Ins\u00e9rez l\u2019orth\u00e8se gauche dans la chaussure gauche avec le logo Dr. Scholl\u2019s<sup>\u00ae<\/sup> vers le bas.<\/p>\r\n[\/vc_column_text][\/vc_column_inner][vc_column_inner width=&#8221;1\/2&#8243;][vc_column_text]\r\n<h6 class=\"head\" style=\"text-align: center;\">2<sup>e<\/sup>\u00a0\u00c9TAPE<\/h6>\r\n<p class=\"para\" style=\"text-align: center;\">Proc\u00e9dez ainsi avec l\u2019orth\u00e8se droite dans la chaussure droite.<\/p>\r\n[\/vc_column_text][\/vc_column_inner][\/vc_row_inner][vc_row_inner][vc_column_inner][vc_column_text]\r\n<p style=\"text-align: center;\">Remplacez les orth\u00e8ses apr\u00e8s six (6) mois ou d\u00e8s qu\u2019il y a des signes d\u2019usure.<\/p>\r\n[\/vc_column_text][\/vc_column_inner][\/vc_row_inner][\/vc_tta_section][vc_tta_section title=&#8221;Vid\u00e9o p\u00e9dagogique&#8221; tab_id=&#8221;video-pedagogique&#8221;][vc_video link=&#8221;https:\/\/youtu.be\/oaR7MNnV0bI?list=PLPfbaGoIo4xhTkoN5Kr4231yTxs98AACJ&#8221;][\/vc_tta_section][\/vc_tta_tabs][\/vc_column][\/vc_row][\/vc_section][vc_row content_placement=&#8221;top&#8221; el_id=&#8221;product-carousel&#8221;][vc_column][vc_custom_heading text=&#8221;TROUVER D&#8217;AUTRES PRODUITS CONNEXES&#8221; font_container=&#8221;tag:h2|text_align:center&#8221; use_theme_fonts=&#8221;yes&#8221; el_class=&#8221;text-uppercase&#8221;][vc_raw_html]JTVCcHJvZHVjdHNfc2xpZGVyJTIwY2F0cyUzRCUyMjE3OCUyMiUyMGF1dG9wbGF5JTNEJUUyJTgwJTlEZmFsc2UlRTIlODAlOUQlMjBvcmRlcmJ5JTNEJTIybWVudV9vcmRlciUyMiU1RA==[\/vc_raw_html][\/vc_column][\/vc_row]<\/div>","protected":false},"excerpt":{"rendered":"<p>Nos <strong>orth\u00e8ses pour le soulagement de la douleur au talon<\/strong> sont sp\u00e9cialement con\u00e7ues pour \u00e9liminer la <a href=\"https:\/\/www.drscholls.ca\/fr\/ca\/symptomes-et-problemes\/douleur-aux-pieds-et-problemes-de-sante\/douleur-aux-talons\/\">douleur au talon<\/a>, y compris celle caus\u00e9e par une <a href=\"https:\/\/www.drscholls.ca\/fr\/ca\/symptomes-et-problemes\/douleur-aux-pieds-et-problemes-de-sante\/fasciite-plantaire\/\">fasciite plantaire<\/a> ou <a href=\"https:\/\/www.drscholls.ca\/fr\/ca\/symptomes-et-problemes\/douleur-aux-pieds-et-problemes-de-sante\/epine-de-lenoir\/\">l\u2019\u00e9pine de Lenoir<\/a>.<\/p>\n<h5>Avantages<\/h5>\n<ul>\n<li id=\"title\" class=\"a-size-large a-spacing-none\"><span id=\"productTitle\" class=\"a-size-large product-title-word-break\">Soulagement imm\u00e9diatement et durant toute la journ\u00e9e de 3\u00a0sources de douleur au talon, preuves cliniques \u00e0 l\u2019appui: Fasciite plantaire, \u00e9pine de Lenoir et aggravation g\u00e9n\u00e9rale du talonn<\/span><\/li>\n<li class=\"a-size-large a-spacing-none\">La technologie Shock Guard<sup>\u00ae<\/sup> prot\u00e8ge le talon contre les chocs douloureux et les absorbe \u00e0 la source<\/li>\n<li>Talonnette de soutien qui augmente la capacit\u00e9 d\u2019amortissement naturelle du talon.<\/li>\n<li>La longueur de 3\/4 permet d\u2019adapter l\u2019orth\u00e8se \u00e0 la plupart des chaussures, sans avoir \u00e0 la d\u00e9couper.<\/li>\n<\/ul>\n","protected":false},"featured_media":13801,"template":"","meta":{"_acf_changed":false},"product_brand":[],"product_cat":[204,208,178,191,189,224,198,173,174,24,216],"product_tag":[],"class_list":{"0":"post-393","1":"product","2":"type-product","3":"status-publish","4":"has-post-thumbnail","6":"product_cat-chaussures-decontractees-espadrilles","7":"product_cat-chaussures-et-bottes-de-travail","8":"product_cat-douleur-au-talon","9":"product_cat-douleur-fasciite-plantaire","10":"product_cat-epine-calcaneenne","11":"product_cat-semelles","12":"product_cat-semelles-3-4","13":"product_cat-semelles-femmes","14":"product_cat-semelles-homme","15":"product_cat-soulagement-de-la-douleur","16":"product_cat-technologie-shock-guard","17":"pa_size-men-8-12","18":"pa_size-women-5-12","20":"first","21":"instock","22":"taxable","23":"shipping-taxable","24":"product-type-variable"},"acf":[],"_links":{"self":[{"href":"https:\/\/www.drscholls.ca\/fr\/wp-json\/wp\/v2\/product\/393","targetHints":{"allow":["GET"]}}],"collection":[{"href":"https:\/\/www.drscholls.ca\/fr\/wp-json\/wp\/v2\/product"}],"about":[{"href":"https:\/\/www.drscholls.ca\/fr\/wp-json\/wp\/v2\/types\/product"}],"wp:featuredmedia":[{"embeddable":true,"href":"https:\/\/www.drscholls.ca\/fr\/wp-json\/wp\/v2\/media\/13801"}],"wp:attachment":[{"href":"https:\/\/www.drscholls.ca\/fr\/wp-json\/wp\/v2\/media?parent=393"}],"wp:term":[{"taxonomy":"product_brand","embeddable":true,"href":"https:\/\/www.drscholls.ca\/fr\/wp-json\/wp\/v2\/product_brand?post=393"},{"taxonomy":"product_cat","embeddable":true,"href":"https:\/\/www.drscholls.ca\/fr\/wp-json\/wp\/v2\/product_cat?post=393"},{"taxonomy":"product_tag","embeddable":true,"href":"https:\/\/www.drscholls.ca\/fr\/wp-json\/wp\/v2\/product_tag?post=393"}],"curies":[{"name":"wp","href":"https:\/\/api.w.org\/{rel}","templated":true}]}}