{"id":389,"date":"2020-06-16T11:37:33","date_gmt":"2020-06-16T16:37:33","guid":{"rendered":"https:\/\/www.drscholls.ca\/fr\/?post_type=product&#038;p=389"},"modified":"2025-03-21T16:16:13","modified_gmt":"2025-03-21T21:16:13","slug":"ortheses-a-soutien-robuste","status":"publish","type":"product","link":"https:\/\/www.drscholls.ca\/fr\/p\/soulagement-de-la-douleur\/ortheses-a-soutien-robuste\/","title":{"rendered":"Orth\u00e8ses \u00e0 Soutien Robuste"},"content":{"rendered":"<div class=\"wpb-content-wrapper\">[vc_section full_width=&#8221;stretch_row&#8221; el_id=&#8221;product-tabs&#8221;][vc_row][vc_column][vc_tta_tabs style=&#8221;flat&#8221; shape=&#8221;square&#8221; alignment=&#8221;centre&#8221; active_section=&#8221;1&#8243; colour=&#8221;white&#8221;][vc_tta_section title=&#8221;Caract\u00e9ristiques&#8221; tab_id=&#8221;caracteristiques&#8221;][vc_row_inner content_placement=&#8221;middle&#8221;][vc_column_inner el_class=&#8221;img-wrap orthotics-heavy&#8221; width=&#8221;1\/2&#8243;][vc_single_image image=&#8221;939&#8243; img_size=&#8221;full&#8221; alignment=&#8221;centre&#8221;][vc_raw_html]JTNDdWwlMjBjbGFzcyUzRCUyMmxpc3QlMjIlM0UlMEElMjAlMDklM0NsaSUyMGNsYXNzJTNEJTIyJTIyJTNFJTNDc3BhbiUyMGNsYXNzJTNEJTIydHh0JTIyJTNFMSUzQyUyRnNwYW4lM0UlM0MlMkZsaSUzRSUwQSUyMCUwOSUzQ2xpJTIwY2xhc3MlM0QlMjIlMjIlM0UlM0NzcGFuJTIwY2xhc3MlM0QlMjJ0eHQlMjIlM0UyJTNDJTJGc3BhbiUzRSUzQyUyRmxpJTNFJTBBJTIwJTA5JTNDbGklMjBjbGFzcyUzRCUyMiUyMiUzRSUzQ3NwYW4lMjBjbGFzcyUzRCUyMnR4dCUyMiUzRTMlM0MlMkZzcGFuJTNFJTNDJTJGbGklM0UlMEElM0MlMkZ1bCUzRQ==[\/vc_raw_html][\/vc_column_inner][vc_column_inner width=&#8221;1\/2&#8243;][vc_raw_html]JTNDdWwlMjBjbGFzcyUzRCUyMmJlbmVmaXRzLWRldGFpbHMtbGlzdCUyMiUzRSUwQSUyMCUwQSUzQ2xpJTIwY2xhc3MlM0QlMjJiZW5lZml0cy1kZXRhaWxzLTElMjBhbmltYXRlJTIyJTIwZGF0YS1pbmRleCUzRCUyMjAlMjIlM0UxLiUyMFIlQzMlQTlkdWl0JTIwbGUlMjBjaG9jJTIwZGUlMjBjaGFxdWUlMjBwYXMlMjBwb3VyJTIwc291bGFnZXIlMjBsZXMlMjBsb21iYWxnaWVzJTNDJTJGbGklM0UlMEElMjAlMjAlMjAlMjAlMjAlMjAlMEElM0NsaSUyMGNsYXNzJTNEJTIyYmVuZWZpdHMtZGV0YWlscy0yJTIwYW5pbWF0ZSUyMiUyMGRhdGEtaW5kZXglM0QlMjIxJTIyJTNFJTNDc3Ryb25nJTNFMi4lMjBUZWNobm9sb2dpZSUyMEFyY2glMjBHdWFyZCUzQ3N1cCUzRSVDMiVBRSUzQyUyRnN1cCUzRSUyMFRlY2hub2xvZ3klM0MlMkZzdHJvbmclM0UlM0NiciUzRVN1cHBvcnQlMjByZW5mb3JjJUMzJUE5JTIwcG91ciUyMHIlQzMlQTlkdWlyZSUyMGxhJTIwZmF0aWd1ZSUyMGRlcyUyMHBpZWRzJTIwZXQlMjBkZXMlMjBqYW1iZXMlM0MlMkZsaSUzRSUwQSUyMCUyMCUyMCUyMCUyMCUyMCUwQSUzQ2xpJTIwY2xhc3MlM0QlMjJiZW5lZml0cy1kZXRhaWxzLTMlMjBhbmltYXRlJTIyJTIwZGF0YS1pbmRleCUzRCUyMjIlMjIlM0UzLiUyMEVtYm8lQzMlQUV0YWdlJTIwcHJvZm9uZCUyMGR1JTIwdGFsb24lMjBwb3VyJTIwY29udHIlQzMlQjRsZXIlMjBsZXMlMjBtb3V2ZW1lbnRzLiUzQyUyRmxpJTNFJTBBJTIwJTIwJTIwJTIwJTIwJTIwJTBBJTNDJTJGdWwlM0UlMEE=[\/vc_raw_html][\/vc_column_inner][\/vc_row_inner][\/vc_tta_section][vc_tta_section title=&#8221;Explications&#8221; tab_id=&#8221;explications&#8221;][vc_row_inner][vc_column_inner width=&#8221;1\/2&#8243;][vc_single_image image=&#8221;944&#8243; img_size=&#8221;large&#8221;][\/vc_column_inner][vc_column_inner width=&#8221;1\/2&#8243;][vc_column_text]\r\n<ul class=\"listPara\">\r\n \t<li>La <strong><a href=\"\/fr\/ca\/symptomes-et-problemes\/douleur-au-bas-du-dos-et-problemes-de-sante\/douleur-au-bas-du-dos\/\">lombalgie<\/a><\/strong> et la <strong><a href=\"\/fr\/ca\/symptomes-et-problemes\/douleur-au-bas-du-dos-et-problemes-de-sante\/fatigue-musculaire\/\">fatigue des pieds<\/a><\/strong> et des jambes peuvent \u00eatre caus\u00e9es par le mart\u00e8lement quotidien des pieds lors des activit\u00e9s quotidiennes, y compris la marche, et le fait de rester debout. Ce probl\u00e8me est particuli\u00e8rement grave chez les hommes de plus de 200\u00a0livres.<\/li>\r\n \t<li>Nos <strong>orth\u00e8ses de soutien robuste pour le soulagement de la douleur<\/strong> avec technologies Shock Guard<sup>\u00ae<\/sup> et Arch Guard<sup>\u00ae<\/sup> sont con\u00e7ues pour fournir un soutien extra robuste, r\u00e9partir le poids et all\u00e9ger le poids de chaque pas.<\/li>\r\n<\/ul>\r\n[\/vc_column_text][\/vc_column_inner][\/vc_row_inner][\/vc_tta_section][vc_tta_section title=&#8221;Mode d\u2019emploi&#8221; tab_id=&#8221;mode&#8221;][vc_row_inner][vc_column_inner width=&#8221;1\/2&#8243;][vc_column_text]\r\n<div class=\"grid hidden-xs animate\">\r\n<div class=\"txt\">\r\n<h6 class=\"head\" style=\"text-align: center;\">1<sup>re<\/sup>\u00a0\u00c9TAPE<\/h6>\r\n<div class=\"para\" style=\"text-align: center;\">Au besoin, d\u00e9coupez les rebords des orth\u00e8ses (suivre les lignes en dessous) pour les adapter \u00e0 votre pointure.<\/div>\r\n<\/div>\r\n<\/div>\r\n[\/vc_column_text][\/vc_column_inner][vc_column_inner width=&#8221;1\/2&#8243;][vc_column_text]\r\n<div class=\"grid hidden-xs animate\">\r\n<div class=\"txt\">\r\n<h6 class=\"head\" style=\"text-align: center;\">2<sup>e<\/sup>\u00a0\u00c9TAPE<\/h6>\r\n<div class=\"para\" style=\"text-align: center;\">Placez les orth\u00e8ses dans vos chaussures, le tissu vers le haut.<\/div>\r\n<\/div>\r\n<\/div>\r\n[\/vc_column_text][\/vc_column_inner][\/vc_row_inner][vc_row_inner][vc_column_inner][vc_column_text]\r\n<p style=\"text-align: center;\">Remplacez les orth\u00e8ses apr\u00e8s six (6) mois ou d\u00e8s qu\u2019il y a des signes d\u2019usure.<\/p>\r\n[\/vc_column_text][\/vc_column_inner][\/vc_row_inner][\/vc_tta_section][vc_tta_section title=&#8221;Vid\u00e9o p\u00e9dagogique&#8221; tab_id=&#8221;video-pedagogique&#8221;][vc_video link=&#8221;https:\/\/youtu.be\/cgCKL5h9KUI?list=PLPfbaGoIo4xhTkoN5Kr4231yTxs98AACJ&#8221;][\/vc_tta_section][\/vc_tta_tabs][\/vc_column][\/vc_row][\/vc_section][vc_row content_placement=&#8221;top&#8221; disable_element=&#8221;yes&#8221; el_id=&#8221;product-carousel&#8221;][vc_column][vc_custom_heading text=&#8221;PRODUITS PERTINENTS EN MAGASIN&#8221; font_container=&#8221;tag:h2|text_align:center&#8221; use_theme_fonts=&#8221;yes&#8221; el_class=&#8221;text-uppercase&#8221;][vc_raw_html]JTVCcHJvZHVjdHNfc2xpZGVyJTIwY2F0cyUzRCUyMjIxMiUyMiUyMGF1dG9wbGF5JTNEJUUyJTgwJTlEZmFsc2UlRTIlODAlOUQlMjBvcmRlcmJ5JTNEJTIybWVudV9vcmRlciUyMiU1RA==[\/vc_raw_html][\/vc_column][\/vc_row]<\/div>","protected":false},"excerpt":{"rendered":"<p>Nos <strong>orth\u00e8ses de soutien robuste pour le soulagement de la douleur<\/strong> sont con\u00e7ues pour les hommes de plus de 200\u00a0livres qui souffrent de <a href=\"\/fr\/ca\/symptomes-et-problemes\/douleur-au-bas-du-dos-et-problemes-de-sante\/fatigue-musculaire\/\">fatigue des pieds<\/a> et des jambes et de <a href=\"\/fr\/ca\/symptomes-et-problemes\/douleur-au-bas-du-dos-et-problemes-de-sante\/douleur-au-bas-du-dos\/\">lombalgie<\/a> lorsqu\u2019ils restent debout.<\/p>\n<h5>Avantages<\/h5>\n<ul>\n<li>Soulagement des douleurs lombaires toute la journ\u00e9e, tous les jours pour les hommes de plus de 200\u00a0livres<\/li>\n<li>Technologies Shock Guard<sup>\u00ae<\/sup> et Arch Guard<sup>\u00ae<\/sup> qui r\u00e9partissent le poids et r\u00e9duisent le choc de chaque pas<\/li>\n<li>Absorbe les chocs et soulage la fatigue des pieds et des jambes<\/li>\n<\/ul>\n","protected":false},"featured_media":13789,"template":"","meta":{"_acf_changed":false},"product_brand":[],"product_cat":[204,208,196,181,328,187,224,199,174,24,216],"product_tag":[],"class_list":{"0":"post-389","1":"product","2":"type-product","3":"status-publish","4":"has-post-thumbnail","6":"product_cat-chaussures-decontractees-espadrilles","7":"product_cat-chaussures-et-bottes-de-travail","8":"product_cat-chaussures-sans-soutien","9":"product_cat-douleur-lombaire","10":"product_cat-jambes-fatiguees-et-douloureuses","11":"product_cat-pieds-plats","12":"product_cat-semelles","13":"product_cat-semelles-completes","14":"product_cat-semelles-homme","15":"product_cat-soulagement-de-la-douleur","16":"product_cat-technologie-shock-guard","17":"pa_size-men-8-14","19":"first","20":"instock","21":"taxable","22":"shipping-taxable","23":"product-type-simple"},"acf":[],"_links":{"self":[{"href":"https:\/\/www.drscholls.ca\/fr\/wp-json\/wp\/v2\/product\/389","targetHints":{"allow":["GET"]}}],"collection":[{"href":"https:\/\/www.drscholls.ca\/fr\/wp-json\/wp\/v2\/product"}],"about":[{"href":"https:\/\/www.drscholls.ca\/fr\/wp-json\/wp\/v2\/types\/product"}],"wp:featuredmedia":[{"embeddable":true,"href":"https:\/\/www.drscholls.ca\/fr\/wp-json\/wp\/v2\/media\/13789"}],"wp:attachment":[{"href":"https:\/\/www.drscholls.ca\/fr\/wp-json\/wp\/v2\/media?parent=389"}],"wp:term":[{"taxonomy":"product_brand","embeddable":true,"href":"https:\/\/www.drscholls.ca\/fr\/wp-json\/wp\/v2\/product_brand?post=389"},{"taxonomy":"product_cat","embeddable":true,"href":"https:\/\/www.drscholls.ca\/fr\/wp-json\/wp\/v2\/product_cat?post=389"},{"taxonomy":"product_tag","embeddable":true,"href":"https:\/\/www.drscholls.ca\/fr\/wp-json\/wp\/v2\/product_tag?post=389"}],"curies":[{"name":"wp","href":"https:\/\/api.w.org\/{rel}","templated":true}]}}