{"id":382,"date":"2020-06-16T11:24:59","date_gmt":"2020-06-16T16:24:59","guid":{"rendered":"https:\/\/www.drscholls.ca\/fr\/?post_type=product&#038;p=382"},"modified":"2025-03-21T16:16:13","modified_gmt":"2025-03-21T21:16:13","slug":"ortheses-pour-le-soulagement-de-la-douleur-causee-par-la-fasciite-plantaire","status":"publish","type":"product","link":"https:\/\/www.drscholls.ca\/fr\/p\/soulagement-de-la-douleur\/ortheses-pour-le-soulagement-de-la-douleur-causee-par-la-fasciite-plantaire\/","title":{"rendered":"Orth\u00e8ses Pour la Douleur Caus\u00e9e par la Fasciite Plantaire"},"content":{"rendered":"<div class=\"wpb-content-wrapper\">[vc_section full_width=&#8221;stretch_row&#8221; el_id=&#8221;product-tabs&#8221;][vc_row][vc_column][vc_tta_tabs style=&#8221;flat&#8221; shape=&#8221;square&#8221; alignment=&#8221;centre&#8221; active_section=&#8221;1&#8243; colour=&#8221;white&#8221;][vc_tta_section title=&#8221;Caract\u00e9ristiques&#8221; tab_id=&#8221;caracteristiques&#8221;][vc_row_inner content_placement=&#8221;middle&#8221;][vc_column_inner][vc_column_text]\r\n<h4 style=\"text-align: center;\">Technologie Shock Guard<sup>\u00ae<\/sup><\/h4>\r\n[\/vc_column_text][\/vc_column_inner][vc_column_inner el_class=&#8221;img-wrap orthotics-plantar&#8221; width=&#8221;1\/2&#8243;][vc_single_image image=&#8221;958&#8243; img_size=&#8221;full&#8221; alignment=&#8221;centre&#8221;][vc_raw_html]JTNDdWwlMjBjbGFzcyUzRCUyMmxpc3QlMjIlM0UlMEElMjAlMDklM0NsaSUyMGNsYXNzJTNEJTIyJTIyJTNFJTNDc3BhbiUyMGNsYXNzJTNEJTIydHh0JTIyJTNFMSUzQyUyRnNwYW4lM0UlM0MlMkZsaSUzRSUwQSUyMCUwOSUzQ2xpJTIwY2xhc3MlM0QlMjIlMjIlM0UlM0NzcGFuJTIwY2xhc3MlM0QlMjJ0eHQlMjIlM0UyJTNDJTJGc3BhbiUzRSUzQyUyRmxpJTNFJTBBJTIwJTA5JTNDbGklMjBjbGFzcyUzRCUyMiUyMiUzRSUzQ3NwYW4lMjBjbGFzcyUzRCUyMnR4dCUyMiUzRTMlM0MlMkZzcGFuJTNFJTNDJTJGbGklM0UlMEElM0MlMkZ1bCUzRQ==[\/vc_raw_html][\/vc_column_inner][vc_column_inner width=&#8221;1\/2&#8243;][vc_raw_html]JTNDdWwlMjBjbGFzcyUzRCUyMmJlbmVmaXRzLWRldGFpbHMtbGlzdCUyMiUzRSUwQSUyMCUwQSUzQ2xpJTIwY2xhc3MlM0QlMjJiZW5lZml0cy1kZXRhaWxzLTElMjBhbmltYXRlJTIyJTIwZGF0YS1pbmRleCUzRCUyMjAlMjIlM0UxLiUyMEwlRTIlODAlOTlvcnRoJUMzJUE4c2UlMjBwbGVpbmUlMjBsb25ndWV1ciUyMGFtb3J0aXQlMjBldCUyMHNvdXRpZW50JTIwbCVFMiU4MCU5OWVuc2VtYmxlJTIwZHUlMjBwaWVkLiUzQyUyRmxpJTNFJTBBJTIwJTIwJTIwJTIwJTIwJTIwJTBBJTNDbGklMjBjbGFzcyUzRCUyMmJlbmVmaXRzLWRldGFpbHMtMiUyMGFuaW1hdGUlMjIlMjBkYXRhLWluZGV4JTNEJTIyMSUyMiUzRTIuJTIwUiVDMyVBOWR1aXQlMjBsZSUyMGNob2MlMjBkZSUyMGNoYXF1ZSUyMHBhcyUzQyUyRmxpJTNFJTBBJTIwJTIwJTIwJTIwJTIwJTIwJTBBJTNDbGklMjBjbGFzcyUzRCUyMmJlbmVmaXRzLWRldGFpbHMtMyUyMGFuaW1hdGUlMjIlMjBkYXRhLWluZGV4JTNEJTIyMiUyMiUzRTMuJTIwU291bGFnZSUyMGltbSVDMyVBOWRpYXRlbWVudCUyMGxhJTIwZG91bGV1ciUyMGNhdXMlQzMlQTllJTIwcGFyJTIwbGVzJTIwY2hvY3MlMkMlMjAlQzMlQTAlMjBsYSUyMHNvdXJjZSUzQyUyRmxpJTNFJTBBJTIwJTIwJTIwJTIwJTIwJTIwJTBBJTNDJTJGdWwlM0U=[\/vc_raw_html][\/vc_column_inner][\/vc_row_inner][\/vc_tta_section][vc_tta_section title=&#8221;Explications&#8221; tab_id=&#8221;explications&#8221;][vc_row_inner][vc_column_inner width=&#8221;1\/2&#8243;][vc_single_image image=&#8221;960&#8243; img_size=&#8221;large&#8221;][\/vc_column_inner][vc_column_inner width=&#8221;1\/2&#8243;][vc_column_text]\r\n<ul>\r\n \t<li>La <a href=\"https:\/\/www.drscholls.ca\/fr\/ca\/symptomes-et-problemes\/douleur-aux-pieds-et-problemes-de-sante\/fasciite-plantaire\/\"><strong>fasciite plantaire<\/strong><\/a> se produit lorsque la bande de tissu situ\u00e9e sous le pied, appel\u00e9e l\u2019apon\u00e9vrosite plantaire, est trop \u00e9tir\u00e9e et aggrave la fixation \u00e0 l\u2019os du talon. Ce trouble peut causer de la douleur \u00e0 chaque pas.<\/li>\r\n \t<li>Nos <strong>orth\u00e8ses pour le soulagement de la douleur caus\u00e9e par la fasciite plantaire<\/strong> procurent un soulagement \u00e0 double action en traitant la source de la douleur. Les coussinets amortissent et prot\u00e8gent le pied contre le choc aggravant de chaque pas, et soutiennent la vo\u00fbte plantaire pour emp\u00eacher l\u2019apon\u00e9vrose plantaire de s\u2019\u00e9tirer davantage afin qu\u2019elle puisse gu\u00e9rir.<\/li>\r\n<\/ul>\r\n[\/vc_column_text][\/vc_column_inner][\/vc_row_inner][\/vc_tta_section][vc_tta_section title=&#8221;Mode d\u2019emploi&#8221; tab_id=&#8221;mode&#8221;][vc_row_inner][vc_column_inner width=&#8221;1\/3&#8243;][vc_column_text]\r\n<h6 class=\"head\" style=\"text-align: center;\">1<sup>re<\/sup>\u00a0\u00c9TAPE<\/h6>\r\n<p style=\"text-align: center;\">Les semelles de vos chaussures sont sans doute amovibles \u2013 retirez-les.<\/p>\r\n[\/vc_column_text][\/vc_column_inner][vc_column_inner width=&#8221;1\/3&#8243;][vc_column_text]\r\n<h6 class=\"head\" style=\"text-align: center;\">2<sup>e<\/sup>\u00a0\u00c9TAPE<\/h6>\r\n<p style=\"text-align: center;\">Placez l\u2019orth\u00e8se dans la chaussure, C\u00d4T\u00c9 TISSU VERS LE HAUT, pour v\u00e9rifier la pointure. Au besoin, d\u00e9coupez les rebords (au bas de l\u2019orth\u00e8se, pr\u00e8s des orteils) pour l\u2019ajuster \u00e0 votre pointure.<\/p>\r\n[\/vc_column_text][\/vc_column_inner][vc_column_inner width=&#8221;1\/3&#8243;][vc_column_text]\r\n<h6 class=\"head\" style=\"text-align: center;\">3<sup>e<\/sup>\u00a0\u00c9TAPE<\/h6>\r\n<p style=\"text-align: center;\">V\u00e9rifiez que l\u2019orth\u00e8se est bien \u00e0 plat dans la chaussure, surtout au niveau des orteils. En cas d\u2019ondulation, d\u00e9coupez l\u2019orth\u00e8se \u00e0 nouveau selon le besoin.<\/p>\r\n[\/vc_column_text][\/vc_column_inner][\/vc_row_inner][vc_row_inner][vc_column_inner][vc_column_text]\r\n<p style=\"text-align: center;\">Remplacez les orth\u00e8ses apr\u00e8s six (6) mois ou d\u00e8s qu\u2019il y a des signes d\u2019usure.<\/p>\r\n[\/vc_column_text][\/vc_column_inner][\/vc_row_inner][\/vc_tta_section][vc_tta_section title=&#8221;Vid\u00e9o p\u00e9dagogique&#8221; tab_id=&#8221;video-pedagogique&#8221;][vc_video link=&#8221;https:\/\/youtu.be\/F8FNBPeCPUM?list=PLPfbaGoIo4xhTkoN5Kr4231yTxs98AACJ&#8221;][\/vc_tta_section][\/vc_tta_tabs][\/vc_column][\/vc_row][\/vc_section][vc_row content_placement=&#8221;top&#8221; el_id=&#8221;product-carousel&#8221;][vc_column][vc_custom_heading text=&#8221;TROUVER D&#8217;AUTRES PRODUITS CONNEXES&#8221; font_container=&#8221;tag:h2|text_align:center&#8221; use_theme_fonts=&#8221;yes&#8221; el_class=&#8221;text-uppercase&#8221;][vc_raw_html]JTVCcHJvZHVjdHNfc2xpZGVyJTIwY2F0cyUzRCUyMjE5MSUyMiUyMGF1dG9wbGF5JTNEJUUyJTgwJTlEZmFsc2UlRTIlODAlOUQlMjBvcmRlcmJ5JTNEJTIybWVudV9vcmRlciUyMiU1RA==[\/vc_raw_html][\/vc_column][\/vc_row]<\/div>","protected":false},"excerpt":{"rendered":"<p>Nos <strong>orth\u00e8ses pour le soulagement de la douleur caus\u00e9e par la fasciite plantaire<\/strong> sont sp\u00e9cialement con\u00e7ues pour traiter ce type de <a href=\"https:\/\/www.drscholls.ca\/fr\/ca\/symptomes-et-problemes\/douleur-aux-pieds-et-problemes-de-sante\/douleur-aux-talons\/\">douleur au talon<\/a>.<\/p>\n<h5>Avantages<\/h5>\n<ul>\n<li>Soulage et pr\u00e9vient la douleur de la fasciite plantaire pendant toute la journ\u00e9e, preuves cliniques \u00e0 l\u2019appui<\/li>\n<li>Le soutien renforc\u00e9 de la vo\u00fbte plantaire aide \u00e0 stabiliser l\u2019apon\u00e9vrose plantaire et l\u2019emp\u00eache de s\u2019\u00e9tirer davantage<\/li>\n<li>Le coussinet de talon absorbe les chocs et le prot\u00e8ge<\/li>\n<li>R\u00e9duit l\u2019apparition des douleurs matinales de la fasciite plantaire<\/li>\n<\/ul>\n","protected":false},"featured_media":13797,"template":"","meta":{"_acf_changed":false},"product_brand":[],"product_cat":[204,208,191,224,199,173,174,24,216],"product_tag":[],"class_list":{"0":"post-382","1":"product","2":"type-product","3":"status-publish","4":"has-post-thumbnail","6":"product_cat-chaussures-decontractees-espadrilles","7":"product_cat-chaussures-et-bottes-de-travail","8":"product_cat-douleur-fasciite-plantaire","9":"product_cat-semelles","10":"product_cat-semelles-completes","11":"product_cat-semelles-femmes","12":"product_cat-semelles-homme","13":"product_cat-soulagement-de-la-douleur","14":"product_cat-technologie-shock-guard","15":"pa_size-men-8-13","16":"pa_size-women-6-10","18":"first","19":"instock","20":"taxable","21":"shipping-taxable","22":"product-type-variable"},"acf":[],"_links":{"self":[{"href":"https:\/\/www.drscholls.ca\/fr\/wp-json\/wp\/v2\/product\/382","targetHints":{"allow":["GET"]}}],"collection":[{"href":"https:\/\/www.drscholls.ca\/fr\/wp-json\/wp\/v2\/product"}],"about":[{"href":"https:\/\/www.drscholls.ca\/fr\/wp-json\/wp\/v2\/types\/product"}],"wp:featuredmedia":[{"embeddable":true,"href":"https:\/\/www.drscholls.ca\/fr\/wp-json\/wp\/v2\/media\/13797"}],"wp:attachment":[{"href":"https:\/\/www.drscholls.ca\/fr\/wp-json\/wp\/v2\/media?parent=382"}],"wp:term":[{"taxonomy":"product_brand","embeddable":true,"href":"https:\/\/www.drscholls.ca\/fr\/wp-json\/wp\/v2\/product_brand?post=382"},{"taxonomy":"product_cat","embeddable":true,"href":"https:\/\/www.drscholls.ca\/fr\/wp-json\/wp\/v2\/product_cat?post=382"},{"taxonomy":"product_tag","embeddable":true,"href":"https:\/\/www.drscholls.ca\/fr\/wp-json\/wp\/v2\/product_tag?post=382"}],"curies":[{"name":"wp","href":"https:\/\/api.w.org\/{rel}","templated":true}]}}