{"id":373,"date":"2020-06-16T10:58:31","date_gmt":"2020-06-16T15:58:31","guid":{"rendered":"https:\/\/www.drscholls.ca\/fr\/?post_type=product&#038;p=373"},"modified":"2025-03-21T16:16:13","modified_gmt":"2025-03-21T21:16:13","slug":"ortheses-pour-le-soulagement-de-la-douleur-au-bas-du-dos","status":"publish","type":"product","link":"https:\/\/www.drscholls.ca\/fr\/p\/soulagement-de-la-douleur\/ortheses-pour-le-soulagement-de-la-douleur-au-bas-du-dos\/","title":{"rendered":"Orth\u00e8ses Pour la Douleur Au Bas Du Dos"},"content":{"rendered":"<div class=\"wpb-content-wrapper\">[vc_section full_width=&#8221;stretch_row&#8221; el_id=&#8221;product-tabs&#8221;][vc_row][vc_column][vc_tta_tabs style=&#8221;flat&#8221; shape=&#8221;square&#8221; alignment=&#8221;centre&#8221; active_section=&#8221;1&#8243; colour=&#8221;white&#8221;][vc_tta_section title=&#8221;Caract\u00e9ristiques&#8221; tab_id=&#8221;caracteristiques&#8221;][vc_row_inner content_placement=&#8221;middle&#8221;][vc_column_inner][vc_column_text]\r\n<h4 class=\"benefits-container-two-title\" style=\"text-align: center;\">Technologie Shock Guard<sup>\u00ae<\/sup><\/h4>\r\n[\/vc_column_text][\/vc_column_inner][vc_column_inner el_class=&#8221;img-wrap orthotics-lower-back&#8221; width=&#8221;1\/2&#8243;][vc_single_image image=&#8221;929&#8243; img_size=&#8221;full&#8221; alignment=&#8221;centre&#8221;][vc_raw_html]JTNDdWwlMjBjbGFzcyUzRCUyMmxpc3QlMjIlM0UlMEElMjAlMDklM0NsaSUyMGNsYXNzJTNEJTIyJTIyJTNFJTNDc3BhbiUyMGNsYXNzJTNEJTIydHh0JTIyJTNFMSUzQyUyRnNwYW4lM0UlM0MlMkZsaSUzRSUwQSUyMCUwOSUzQ2xpJTIwY2xhc3MlM0QlMjIlMjIlM0UlM0NzcGFuJTIwY2xhc3MlM0QlMjJ0eHQlMjIlM0UyJTNDJTJGc3BhbiUzRSUzQyUyRmxpJTNFJTBBJTNDJTJGdWwlM0U=[\/vc_raw_html][\/vc_column_inner][vc_column_inner width=&#8221;1\/2&#8243;][vc_raw_html]JTNDdWwlMjBjbGFzcyUzRCUyMmJlbmVmaXRzLWRldGFpbHMtbGlzdCUyMiUzRSUwQSUyMCUwQSUzQ2xpJTIwY2xhc3MlM0QlMjJiZW5lZml0cy1kZXRhaWxzLTElMjBhbmltYXRlJTIyJTIwZGF0YS1pbmRleCUzRCUyMjAlMjIlM0UlM0NzdHJvbmclM0UxLiUyMFIlQzMlQTlkdWl0JTIwbGUlMjBjaG9jJTIwZGUlMjBjaGFxdWUlMjBwYXMlM0MlMkZzdHJvbmclM0UlM0MlMkZsaSUzRSUwQSUyMCUyMCUyMCUyMCUyMCUyMCUwQSUzQ2xpJTIwY2xhc3MlM0QlMjJiZW5lZml0cy1kZXRhaWxzLTIlMjBhbmltYXRlJTIyJTIwZGF0YS1pbmRleCUzRCUyMjElMjIlM0UlM0NzdHJvbmclM0UyLiUyMEFic29yYmUlMjBsZXMlMjBjaG9jcyUyMHByb3ZvcXVhbnQlMjBsYSUyMGRvdWxldXIlMjBldCUyMHNvdWxhZ2UlMjBsYSUyMGRvdWxldXIlMjBkdSUyMGJhcyUyMGR1JTIwZG9zJTIwJUMzJUEwJTIwY2hhcXVlJTIwcGFzJTNDJTJGc3Ryb25nJTNFJTNDJTJGbGklM0UlMEElMjAlMjAlMjAlMjAlMjAlMjAlMEElM0MlMkZ1bCUzRQ==[\/vc_raw_html][\/vc_column_inner][\/vc_row_inner][\/vc_tta_section][vc_tta_section title=&#8221;Explications&#8221; tab_id=&#8221;explications&#8221;][vc_row_inner][vc_column_inner width=&#8221;1\/2&#8243;][vc_single_image image=&#8221;933&#8243; img_size=&#8221;large&#8221;][\/vc_column_inner][vc_column_inner width=&#8221;1\/2&#8243;][vc_column_text]\r\n<ul class=\"listPara\">\r\n \t<li>\u00c0 chaque pas, le pied frappe le sol, ce qui g\u00e9n\u00e8re un choc violent qui remonte le long de la jambe et atteint le bas du dos, provoquant des <strong><a href=\"\/fr\/ca\/symptomes-et-problemes\/douleur-au-bas-du-dos-et-problemes-de-sante\/douleur-au-bas-du-dos\/\">douleurs lombaires<\/a><\/strong>.<\/li>\r\n \t<li>Nos <strong>orth\u00e8ses pour le soulagement de la douleur au bas du dos<\/strong> avec la technologie Shock Guard<sup>\u00ae<\/sup> absorbent les chocs douloureux de chaque pas pour un soulagement imm\u00e9diat de la douleur toute la journ\u00e9e, tous les jours.<\/li>\r\n<\/ul>\r\n[\/vc_column_text][\/vc_column_inner][\/vc_row_inner][\/vc_tta_section][vc_tta_section title=&#8221;Vid\u00e9o p\u00e9dagogique&#8221; tab_id=&#8221;video-pedagogique&#8221;][vc_video link=&#8221;https:\/\/www.youtube.com\/watch?v=UonsxmE10Tw&#8221;][\/vc_tta_section][vc_tta_section title=&#8221;Mode d\u2019emploi&#8221; tab_id=&#8221;mode&#8221;][vc_row_inner][vc_column_inner width=&#8221;1\/2&#8243;][vc_column_text]\r\n<h6 class=\"head\" style=\"text-align: center;\">1<sup>re<\/sup>\u00a0\u00c9TAPE<\/h6>\r\n<p style=\"text-align: center;\">Au besoin, d\u00e9coupez les rebords des orth\u00e8ses (suivre les lignes en dessous) pour les adapter \u00e0 votre pointure.<\/p>\r\n[\/vc_column_text][\/vc_column_inner][vc_column_inner width=&#8221;1\/2&#8243;][vc_column_text]\r\n<div class=\"grid hidden-xs animate\">\r\n<div class=\"txt\">\r\n<h6 class=\"head\" style=\"text-align: center;\">2<sup>e<\/sup>\u00a0\u00c9TAPE<\/h6>\r\n<p style=\"text-align: center;\">Placez les orth\u00e8ses dans vos chaussures, le <strong>tissu vers le haut<\/strong>.<\/p>\r\n[\/vc_column_text][vc_column_text]\r\n<p style=\"text-align: center;\">Remplacez les orth\u00e8ses apr\u00e8s six (6) mois ou d\u00e8s qu\u2019il y a des signes d\u2019usure.<\/p>\r\n[\/vc_column_text][\/vc_column_inner][\/vc_row_inner][vc_row_inner][vc_column_inner][\/vc_column_inner][\/vc_row_inner][\/vc_tta_section][\/vc_tta_tabs][\/vc_column][\/vc_row][\/vc_section][vc_row content_placement=&#8221;top&#8221; el_id=&#8221;product-carousel&#8221;][vc_column][vc_custom_heading text=&#8221;TROUVER D&#8217;AUTRES PRODUITS CONNEXES&#8221; font_container=&#8221;tag:h2|text_align:center&#8221; use_theme_fonts=&#8221;yes&#8221; el_class=&#8221;text-uppercase&#8221;][vc_raw_html]JTVCcHJvZHVjdHNfc2xpZGVyJTIwY2F0cyUzRCUyMjE4MSUyMiUyMGF1dG9wbGF5JTNEJUUyJTgwJTlEZmFsc2UlRTIlODAlOUQlMjBvcmRlcmJ5JTNEJTIybWVudV9vcmRlciUyMiU1RA==[\/vc_raw_html][\/vc_column][\/vc_row][vc_row][vc_column][vc_column_text]\r\n\r\n<\/div>\r\n<\/div>\r\n[\/vc_column_text][\/vc_column][\/vc_row]<\/div>","protected":false},"excerpt":{"rendered":"<p>Nos <strong>orth\u00e8ses pour le soulagement de la douleur au bas du dos<\/strong> sont sp\u00e9cialement con\u00e7ues pour \u00e9liminer la <a href=\"\/fr\/ca\/symptomes-et-problemes\/douleur-au-bas-du-dos-et-problemes-de-sante\/douleur-au-bas-du-dos\/\">douleur caus\u00e9e par de longues p\u00e9riodes debout<\/a><\/p>\n<h5>Avantages<\/h5>\n<ul>\n<li>Soulagement imm\u00e9diat, toute la journ\u00e9e, de la douleur au bas du dos, preuves cliniques \u00e0 l\u2019appui<\/li>\n<li>Technologie Shock Guard<sup>\u00ae<\/sup> qui absorbe les chocs douloureux \u00e0 la source et les emp\u00eache de remonter le long de la jambe \u00e0 chaque pas<\/li>\n<li>Soutien de la vo\u00fbte plantaire qui am\u00e9liore la stabilit\u00e9 et aide \u00e0 r\u00e9duire les mouvements suppl\u00e9mentaires qui peuvent aggraver la douleur dans les muscles du bas du dos<\/li>\n<\/ul>\n","protected":false},"featured_media":13808,"template":"","meta":{"_acf_changed":false},"product_brand":[],"product_cat":[204,208,181,224,199,173,174,24,216],"product_tag":[],"class_list":{"0":"post-373","1":"product","2":"type-product","3":"status-publish","4":"has-post-thumbnail","6":"product_cat-chaussures-decontractees-espadrilles","7":"product_cat-chaussures-et-bottes-de-travail","8":"product_cat-douleur-lombaire","9":"product_cat-semelles","10":"product_cat-semelles-completes","11":"product_cat-semelles-femmes","12":"product_cat-semelles-homme","13":"product_cat-soulagement-de-la-douleur","14":"product_cat-technologie-shock-guard","15":"pa_size-men-8-12","16":"pa_size-women-6-10","18":"first","19":"instock","20":"taxable","21":"shipping-taxable","22":"product-type-variable"},"acf":[],"_links":{"self":[{"href":"https:\/\/www.drscholls.ca\/fr\/wp-json\/wp\/v2\/product\/373","targetHints":{"allow":["GET"]}}],"collection":[{"href":"https:\/\/www.drscholls.ca\/fr\/wp-json\/wp\/v2\/product"}],"about":[{"href":"https:\/\/www.drscholls.ca\/fr\/wp-json\/wp\/v2\/types\/product"}],"wp:featuredmedia":[{"embeddable":true,"href":"https:\/\/www.drscholls.ca\/fr\/wp-json\/wp\/v2\/media\/13808"}],"wp:attachment":[{"href":"https:\/\/www.drscholls.ca\/fr\/wp-json\/wp\/v2\/media?parent=373"}],"wp:term":[{"taxonomy":"product_brand","embeddable":true,"href":"https:\/\/www.drscholls.ca\/fr\/wp-json\/wp\/v2\/product_brand?post=373"},{"taxonomy":"product_cat","embeddable":true,"href":"https:\/\/www.drscholls.ca\/fr\/wp-json\/wp\/v2\/product_cat?post=373"},{"taxonomy":"product_tag","embeddable":true,"href":"https:\/\/www.drscholls.ca\/fr\/wp-json\/wp\/v2\/product_tag?post=373"}],"curies":[{"name":"wp","href":"https:\/\/api.w.org\/{rel}","templated":true}]}}