{"id":344,"date":"2020-06-16T09:44:23","date_gmt":"2020-06-16T14:44:23","guid":{"rendered":"https:\/\/www.drscholls.ca\/fr\/?post_type=product&#038;p=344"},"modified":"2025-03-21T16:16:13","modified_gmt":"2025-03-21T21:16:13","slug":"semelles-interieures-marche-conditionnement-physique","status":"publish","type":"product","link":"https:\/\/www.drscholls.ca\/fr\/p\/serie-athletique\/semelles-interieures-marche-conditionnement-physique\/","title":{"rendered":"Semelles Pour la Marche Active"},"content":{"rendered":"<div class=\"wpb-content-wrapper\">[vc_section full_width=&#8221;stretch_row&#8221; el_id=&#8221;product-tabs&#8221;][vc_row][vc_column][vc_tta_tabs style=&#8221;flat&#8221; shape=&#8221;square&#8221; alignment=&#8221;centre&#8221; active_section=&#8221;1&#8243; colour=&#8221;white&#8221;][vc_tta_section title=&#8221;Caract\u00e9ristiques&#8221; tab_id=&#8221;Caracteristiques&#8221;][vc_row_inner][vc_column_inner el_class=&#8221;img-wrap fitness-walking-insoles&#8221; width=&#8221;1\/2&#8243;][vc_single_image image=&#8221;11758&#8243; img_size=&#8221;full&#8221;][vc_raw_html]JTNDdWwlMjBjbGFzcyUzRCUyMmxpc3QlMjIlM0UlMEElMjAlMDklM0NsaSUyMGNsYXNzJTNEJTIyJTIyJTNFJTNDc3BhbiUyMGNsYXNzJTNEJTIydHh0JTIyJTNFMSUzQyUyRnNwYW4lM0UlM0MlMkZsaSUzRSUwQSUyMCUwOSUzQ2xpJTIwY2xhc3MlM0QlMjIlMjIlM0UlM0NzcGFuJTIwY2xhc3MlM0QlMjJ0eHQlMjIlM0UyJTNDJTJGc3BhbiUzRSUzQyUyRmxpJTNFJTBBJTIwJTA5JTNDbGklMjBjbGFzcyUzRCUyMiUyMiUzRSUzQ3NwYW4lMjBjbGFzcyUzRCUyMnR4dCUyMiUzRTMlM0MlMkZzcGFuJTNFJTNDJTJGbGklM0UlMEElMjAlMjAlMjAlMjAlMjAlMjAlMjAlMjAlM0NsaSUyMGNsYXNzJTNEJTIyJTIyJTNFJTNDc3BhbiUyMGNsYXNzJTNEJTIydHh0JTIyJTNFNCUzQyUyRnNwYW4lM0UlM0MlMkZsaSUzRSUwQSUzQyUyRnVsJTNF[\/vc_raw_html][\/vc_column_inner][vc_column_inner width=&#8221;1\/2&#8243;][vc_raw_html]JTNDdWwlMjBjbGFzcyUzRCUyMmJlbmVmaXRzLWRldGFpbHMtbGlzdCUyMiUzRSUwQSUyMCUwQSUzQ2xpJTIwY2xhc3MlM0QlMjJiZW5lZml0cy1kZXRhaWxzLTElMjBhbmltYXRlJTIyJTIwZGF0YS1pbmRleCUzRCUyMjAlMjIlM0UlM0NzdHJvbmclM0UxLiUyMFRlY2hub2xvZ2llJTIwQWN0aXZwZXJmb20lM0NzdXAlM0VNQyUzQyUyRnN1cCUzRSUzQyUyRnN0cm9uZyUzRSUyMCUzQ2JyJTNFU2VtZWxsZSUyMGZsZXhpYmxlJTIwcXVpJTIwZmFjaWxpdGUlMjBsZSUyMG1vdXZlbWVudCUyMGR1JTIwcGllZCUyMGRhbnMlMjB0b3V0ZSUyMGwlRTIlODAlOTlhbXBsaXR1ZGUlMjBkZSUyMGxhJTIwZm91bCVDMyVBOWUlM0MlMkZsaSUzRSUwQSUyMCUyMCUyMCUyMCUyMCUyMCUwQSUzQ2xpJTIwY2xhc3MlM0QlMjJiZW5lZml0cy1kZXRhaWxzLTIlMjBhbmltYXRlJTIyJTIwZGF0YS1pbmRleCUzRCUyMjElMjIlM0UlM0NzdHJvbmclM0UyLiUyME1pbmNlJTNDJTJGc3Ryb25nJTNFJTIwJTNDYnIlM0VTJUUyJTgwJTk5YWRhcHRlJTIwJUMzJUEwJTIwdW5lJTIwdmFyaSVDMyVBOXQlQzMlQTklMjBkZSUyMGNoYXVzc3VyZXMlMjBkZSUyMG1hcmNoZSUyMGV0JTIwc3BvcnQlM0MlMkZsaSUzRSUwQSUyMCUyMCUyMCUyMCUyMCUyMCUwQSUzQ2xpJTIwY2xhc3MlM0QlMjJiZW5lZml0cy1kZXRhaWxzLTMlMjBhbmltYXRlJTIyJTIwZGF0YS1pbmRleCUzRCUyMjIlMjIlM0UlM0NzdHJvbmclM0UzLiUyMEFtb3J0aXNzZW1lbnQlMjBjaWJsJUMzJUE5JTNDJTJGc3Ryb25nJTNFJTIwJTNDYnIlM0VEYW5zJTIwbGUlMjB0YWxvbiUyMGV0JTIwbCVFMiU4MCU5OWF2YW50LXBpZWQlMjBwb3VyJTIwcHJvdCVDMyVBOWdlciUyMGNoYXF1ZSUyMHBhcnRpZSUyMGR1JTIwcGllZCUyMGR1cmFudCUyMGxhJTIwbWFyY2hlJTNDJTJGbGklM0UlMEElMEElM0NsaSUyMGNsYXNzJTNEJTIyYmVuZWZpdHMtZGV0YWlscy00JTIwYW5pbWF0ZSUyMiUyMGRhdGEtaW5kZXglM0QlMjIzJTIyJTNFJTNDc3Ryb25nJTNFNC4lMjBQZXJsZXMlMjBTdGltdWxhbnRlcyUzQyUyRnN0cm9uZyUzRSUyMCUzQ2JyJTNFUXVpJTIwYW0lQzMlQTlsaW9yZW50JTIwbCVFMiU4MCU5OWFtb3J0aXNzZW1lbnQlMjBldCUyMGxhJTIwZGlzcGVyc2lvbiUyMGRlJTIwbGElMjBwcmVzc2lvbiUyMGRhbnMlMjBsZXMlMjB6b25lcyUyMG8lQzMlQjklMjBsZSUyMHBpZWQlMjBlbiUyMGElMjBsZSUyMHBsdXMlMjBiZXNvaW4lMjBhZmluJTIwZGUlMjByJUMzJUE5ZHVpcmUlMjBsJUUyJTgwJTk5aW1wYWN0JTIwZGUlMjBsYSUyMG1hcmNoZSUzQyUyRmxpJTNFJTBBJTIwJTIwJTIwJTIwJTIwJTIwJTBBJTNDJTJGdWwlM0U=[\/vc_raw_html][\/vc_column_inner][\/vc_row_inner][\/vc_tta_section][vc_tta_section title=&#8221;Explications&#8221; tab_id=&#8221;explications&#8221;][vc_row_inner][vc_column_inner][vc_column_text]\r\n<ul>\r\n \t<li><strong>Les semelles pour marche active de notre s\u00e9rie athl\u00e9tique<\/strong> r\u00e9duisent les chocs, ce qui r\u00e9duit l\u2019usure des pieds et des jambes.<\/li>\r\n \t<li>Elles sont dot\u00e9es d\u2019un support pour le talon et la vo\u00fbte plantaire et d\u2019un embout flexible pour prot\u00e9ger chaque partie du pied du d\u00e9but \u00e0 la fin de la foul\u00e9e.<\/li>\r\n \t<li>Mod\u00e8le mince qui s\u2019adapte \u00e0 une vari\u00e9t\u00e9 de chaussures de marche et sports et les am\u00e9liore.<\/li>\r\n<\/ul>\r\n[\/vc_column_text][\/vc_column_inner][\/vc_row_inner][\/vc_tta_section][vc_tta_section title=&#8221;Mode d\u2019emploi&#8221; tab_id=&#8221;mode&#8221;][vc_row_inner][vc_column_inner width=&#8221;1\/3&#8243;][vc_column_text]\r\n<h6 style=\"text-align: center;\">1<sup>re<\/sup>\u00a0\u00c9TAPE<\/h6>\r\n<p style=\"text-align: center;\">Enlevez la semelle de la chaussure et placez-la par-dessus la n\u00f4tre, les talons align\u00e9s, le c\u00f4t\u00e9 tissu des deux semelles vers le haut.<\/p>\r\n[\/vc_column_text][\/vc_column_inner][vc_column_inner width=&#8221;1\/3&#8243;][vc_column_text]\r\n<h6 style=\"text-align: center;\">2<sup>e<\/sup> \u00c9TAPE<\/h6>\r\n<p style=\"text-align: center;\">Tracez, avec un stylo, une ligne sur notre semelle le long de la zone des orteils de la semelle d\u2019origine. Coupez la semelle en suivant cette ligne.<\/p>\r\n[\/vc_column_text][\/vc_column_inner][vc_column_inner width=&#8221;1\/3&#8243;][vc_column_text]\r\n<h6 style=\"text-align: center;\">3<sup>e<\/sup>\u00a0\u00c9TAPE<\/h6>\r\n<p style=\"text-align: center;\">Installez notre semelle dans la chaussure, le tissu vers le haut.<\/p>\r\n[\/vc_column_text][\/vc_column_inner][\/vc_row_inner][vc_row_inner][vc_column_inner][vc_column_text]\r\n<p style=\"text-align: center;\">Remplacez la semelle apr\u00e8s six (6) mois ou d\u00e8s qu\u2019il y a des signes d\u2019usure.<\/p>\r\n[\/vc_column_text][\/vc_column_inner][\/vc_row_inner][\/vc_tta_section][vc_tta_section title=&#8221;Vid\u00e9o p\u00e9dagogique&#8221; tab_id=&#8221;Video-pedagogique&#8221;][vc_video link=&#8221;https:\/\/youtu.be\/UQcQx2yKEu0?list=PLPfbaGoIo4xhTkoN5Kr4231yTxs98AACJ&#8221;][\/vc_tta_section][\/vc_tta_tabs][\/vc_column][\/vc_row][\/vc_section][vc_row content_placement=&#8221;top&#8221; el_id=&#8221;product-carousel&#8221;][vc_column][vc_custom_heading text=&#8221;Trouver d&#8217;autres produits connexes&#8221; font_container=&#8221;tag:h2|text_align:center&#8221; use_theme_fonts=&#8221;yes&#8221; el_class=&#8221;text-uppercase&#8221;][vc_raw_html]JTVCcHJvZHVjdHNfc2xpZGVyJTIwY2F0cyUzRCUyMjIzJTIyJTIwYXV0b3BsYXklM0QlRTIlODAlOURmYWxzZSVFMiU4MCU5RCUyMG9yZGVyYnklM0QlMjJtZW51X29yZGVyJTIyJTVE[\/vc_raw_html][\/vc_column][\/vc_row]<\/div>","protected":false},"excerpt":{"rendered":"<p><strong>Les semelles pour la marche active de notre s\u00e9rie athl\u00e9tique<\/strong> offrent un amortissement sup\u00e9rieur qui r\u00e9duit la fatigue musculaire des pieds et des jambes afin que vous puissiez marcher encore plus longtemps en tout confort.<\/p>\n<h5>Avantages<\/h5>\n<ul>\n<li>R\u00e9duit le stress et la tension du bas du corps pendant la marche<\/li>\n<li>Aide \u00e0 soulager et \u00e0 r\u00e9duire les douleurs musculaires afin que vous puissiez encha\u00eener les jours de marche sans probl\u00e8me<\/li>\n<li>Con\u00e7ue pour prot\u00e9ger chaque partie du pied du d\u00e9but \u00e0 la fin de la foul\u00e9e<\/li>\n<li>Munie de perles stimulantes pour stimulent la r\u00e9activit\u00e9 pendant la marche<\/li>\n<\/ul>\n","protected":false},"featured_media":13158,"template":"","meta":{"_acf_changed":false},"product_brand":[],"product_cat":[203,204,328,224,199,173,174,23],"product_tag":[],"class_list":{"0":"post-344","1":"product","2":"type-product","3":"status-publish","4":"has-post-thumbnail","6":"product_cat-chaussures-de-sport-et-espadrilles","7":"product_cat-chaussures-decontractees-espadrilles","8":"product_cat-jambes-fatiguees-et-douloureuses","9":"product_cat-semelles","10":"product_cat-semelles-completes","11":"product_cat-semelles-femmes","12":"product_cat-semelles-homme","13":"product_cat-serie-athletique","14":"pa_size-men-8-14","15":"pa_size-women-6-10","17":"first","18":"instock","19":"taxable","20":"shipping-taxable","21":"product-type-variable"},"acf":[],"_links":{"self":[{"href":"https:\/\/www.drscholls.ca\/fr\/wp-json\/wp\/v2\/product\/344","targetHints":{"allow":["GET"]}}],"collection":[{"href":"https:\/\/www.drscholls.ca\/fr\/wp-json\/wp\/v2\/product"}],"about":[{"href":"https:\/\/www.drscholls.ca\/fr\/wp-json\/wp\/v2\/types\/product"}],"wp:featuredmedia":[{"embeddable":true,"href":"https:\/\/www.drscholls.ca\/fr\/wp-json\/wp\/v2\/media\/13158"}],"wp:attachment":[{"href":"https:\/\/www.drscholls.ca\/fr\/wp-json\/wp\/v2\/media?parent=344"}],"wp:term":[{"taxonomy":"product_brand","embeddable":true,"href":"https:\/\/www.drscholls.ca\/fr\/wp-json\/wp\/v2\/product_brand?post=344"},{"taxonomy":"product_cat","embeddable":true,"href":"https:\/\/www.drscholls.ca\/fr\/wp-json\/wp\/v2\/product_cat?post=344"},{"taxonomy":"product_tag","embeddable":true,"href":"https:\/\/www.drscholls.ca\/fr\/wp-json\/wp\/v2\/product_tag?post=344"}],"curies":[{"name":"wp","href":"https:\/\/api.w.org\/{rel}","templated":true}]}}