{"id":337,"date":"2020-06-16T09:36:26","date_gmt":"2020-06-16T14:36:26","guid":{"rendered":"https:\/\/www.drscholls.ca\/fr\/?post_type=product&#038;p=337"},"modified":"2025-03-21T16:16:12","modified_gmt":"2025-03-21T21:16:12","slug":"semelles-sport","status":"publish","type":"product","link":"https:\/\/www.drscholls.ca\/fr\/p\/serie-athletique\/semelles-sport\/","title":{"rendered":"Semelles Sport"},"content":{"rendered":"<div class=\"wpb-content-wrapper\">[vc_section full_width=&#8221;stretch_row&#8221; el_id=&#8221;product-tabs&#8221;][vc_row][vc_column][vc_tta_tabs style=&#8221;flat&#8221; shape=&#8221;square&#8221; alignment=&#8221;centre&#8221; active_section=&#8221;1&#8243; colour=&#8221;white&#8221;][vc_tta_section title=&#8221;Caract\u00e9ristiques&#8221; tab_id=&#8221;caracteristiques&#8221;][vc_row_inner content_placement=&#8221;middle&#8221;][vc_column_inner][vc_column_text]\r\n<h4 style=\"text-align: center;\">Restez dans le coup<\/h4>\r\n[\/vc_column_text][\/vc_column_inner][vc_column_inner el_class=&#8221;img-wrap sport-insoles&#8221; width=&#8221;1\/2&#8243;][vc_single_image image=&#8221;828&#8243; img_size=&#8221;full&#8221;][vc_raw_html]JTNDdWwlMjBjbGFzcyUzRCUyMmxpc3QlMjIlM0UlMEElMjAlMDklM0NsaSUyMGNsYXNzJTNEJTIyJTIyJTNFJTNDc3BhbiUyMGNsYXNzJTNEJTIydHh0JTIyJTNFMSUzQyUyRnNwYW4lM0UlM0MlMkZsaSUzRSUwQSUyMCUwOSUzQ2xpJTIwY2xhc3MlM0QlMjIlMjIlM0UlM0NzcGFuJTIwY2xhc3MlM0QlMjJ0eHQlMjIlM0UyJTNDJTJGc3BhbiUzRSUzQyUyRmxpJTNFJTBBJTNDJTJGdWwlM0U=[\/vc_raw_html][\/vc_column_inner][vc_column_inner width=&#8221;1\/2&#8243;][vc_raw_html]JTNDdWwlMjBjbGFzcyUzRCUyMmJlbmVmaXRzLWRldGFpbHMtbGlzdCUyMiUzRSUwQSUyMCUwQSUzQ2xpJTIwY2xhc3MlM0QlMjJiZW5lZml0cy1kZXRhaWxzLTElMjBhbmltYXRlJTIyJTIwZGF0YS1pbmRleCUzRCUyMjAlMjIlM0UlM0NzdHJvbmclM0UxLiUyME9uZHVsYXRpb25zJTIwUmVzcG9uc2l2ZS1XYXZlJTIwQ3VzaGlvbmluZyUzQ3N1cCUzRU1DJTNDJTJGc3VwJTNFJTNDJTJGc3Ryb25nJTNFJTIwJTNDYnIlM0VPbmR1bGF0aW9ucyUyMG11bHRpY291Y2hlcyUyME1hc3NhZ2luZyUyMEdlbCVDMiVBRSUyMGF2YW5jJUMzJUE5ZXMlMjBxdWklMjBhYnNvcmJlbnQlMjBsZXMlMjBjaG9jcyUyMGF1JTIwdGFsb24lMjBldCUyMCVDMyVBMCUyMGwlRTIlODAlOTlhdmFudC1waWVkJTNDJTJGbGklM0UlMEElMjAlMjAlMjAlMjAlMjAlMjAlMEElM0NsaSUyMGNsYXNzJTNEJTIyYmVuZWZpdHMtZGV0YWlscy0yJTIwYW5pbWF0ZSUyMiUyMGRhdGEtaW5kZXglM0QlMjIxJTIyJTNFJTNDc3Ryb25nJTNFMi4lMjBUZWNobm9sb2dpZSUyMEFjdGl2cGVyZm9tJTIwJTNDc3VwJTNFTUMlM0MlMkZzdXAlM0UlM0MlMkZzdHJvbmclM0UlMjAlM0NiciUzRUwlRTIlODAlOTlhcmMlMjBmbGV4aWJsZSUyMGV0JTIwbGUlMjBzdXBwb3J0JTIwbGF0JUMzJUE5cmFsJTIwcGVybWV0dGVudCUyMGRlJTIwY29udHIlQzMlQjRsZXIlMjBsZXMlMjBtb3V2ZW1lbnRzJTIwZCVFMiU4MCU5OWFyciVDMyVBQXQlMjBldCUyMGRlJTIwY291cGUlM0MlMkZsaSUzRSUwQSUyMCUyMCUyMCUyMCUyMCUyMCUwQSUzQ2xpJTIwY2xhc3MlM0QlMjJiZW5lZml0cy1kZXRhaWxzLTMlMjBhbmltYXRlJTIyJTIwZGF0YS1pbmRleCUzRCUyMjIlMjIlM0UlM0NzdHJvbmclM0UzLiUyMENvbnN0cnVjdGlvbiUyMFJvYnVzdGUlM0MlMkZzdHJvbmclM0UlMjAlM0NiciUzRVBvdXIlMjByJUMzJUE5c2lzdGVyJTIwJUMzJUEwJTIwbCVFMiU4MCU5OWltcGFjdCUyMGV0JTIwYXV4JTIwZm9yY2VzJTIwZXhlcmMlQzMlQTllcyUyMHN1ciUyMGxlcyUyMHBpZWRzJTIwcGVuZGFudCUyMGxlJTIwc3BvcnQlM0MlMkZsaSUzRSUwQSUyMCUyMCUyMCUyMCUyMCUyMCUwQSUzQyUyRnVsJTNF[\/vc_raw_html][\/vc_column_inner][\/vc_row_inner][\/vc_tta_section][vc_tta_section title=&#8221;Explications&#8221; tab_id=&#8221;explications&#8221;][vc_row_inner][vc_column_inner width=&#8221;1\/2&#8243;][vc_single_image image=&#8221;837&#8243; img_size=&#8221;full&#8221;][\/vc_column_inner][vc_column_inner width=&#8221;1\/2&#8243;][vc_column_text]\r\n<ul class=\"listPara\">\r\n \t<li>Lors de la plupart des activit\u00e9s sportives, les pieds et les jambes sont soumis \u00e0 une panoplie de mouvements et de chocs, et sans le soutien ad\u00e9quat, cela peut entra\u00eener de <a href=\"\/fr\/ca\/symptomes-et-problemes\/douleur-au-bas-du-dos-et-problemes-de-sante\/fatigue-musculaire\/\"><strong>la fatigue musculaire<\/strong><\/a>.<\/li>\r\n \t<li><strong>Les semelles sport<\/strong> <strong>de notre s\u00e9rie athl\u00e9tique<\/strong> utilisent la technologie avanc\u00e9e Massaging Gel<sup>\u00ae<\/sup> pour prot\u00e9ger les pieds, absorber les chocs et soutenir la vo\u00fbte plantaire dans le but d\u2019am\u00e9liorer le contr\u00f4le des mouvements et la stabilit\u00e9.<\/li>\r\n<\/ul>\r\n[\/vc_column_text][\/vc_column_inner][\/vc_row_inner][\/vc_tta_section][vc_tta_section title=&#8221;Mode d\u2019emploi&#8221; tab_id=&#8221;mode&#8221;][vc_row_inner][vc_column_inner width=&#8221;1\/4&#8243;][vc_column_text]\r\n<h6 style=\"text-align: center;\">1<sup>re<\/sup>\u00a0\u00c9TAPE<\/h6>\r\n<p style=\"text-align: center;\">Les semelles de vos chaussures sont sans doute amovibles \u2013 <strong>RETIREZ-LES.<\/strong><\/p>\r\n[\/vc_column_text][\/vc_column_inner][vc_column_inner width=&#8221;1\/4&#8243;][vc_column_text]\r\n<h6 style=\"text-align: center;\">2<sup>e<\/sup>\u00a0\u00c9TAPE<\/h6>\r\n<p style=\"text-align: center;\">Placez notre semelle dans la chaussure pour v\u00e9rifier la pointure.<\/p>\r\n[\/vc_column_text][\/vc_column_inner][vc_column_inner width=&#8221;1\/4&#8243;][vc_column_text]\r\n<h6 style=\"text-align: center;\">3<sup>e<\/sup>\u00a0\u00c9TAPE<\/h6>\r\n<p style=\"text-align: center;\">Au besoin, d\u00e9coupez les rebords (au bas de la semelle, pr\u00e8s des orteils) pour ajuster la semelle \u00e0 votre pointure.<\/p>\r\n[\/vc_column_text][\/vc_column_inner][vc_column_inner width=&#8221;1\/4&#8243;][vc_column_text]\r\n<h6 style=\"text-align: center;\">4<sup>e<\/sup>\u00a0\u00c9TAPE<\/h6>\r\n<p style=\"text-align: center;\">Ins\u00e9rez la semelle dans la chaussure, <strong>C\u00d4T\u00c9 GEL VERS LE BAS.<\/strong><\/p>\r\n[\/vc_column_text][\/vc_column_inner][\/vc_row_inner][vc_row_inner][vc_column_inner][vc_column_text]\r\n<p style=\"text-align: center;\">Remplacez la semelle apr\u00e8s six (6) mois ou d\u00e8s qu\u2019il y a des signes d\u2019usure.<\/p>\r\n[\/vc_column_text][\/vc_column_inner][\/vc_row_inner][\/vc_tta_section][vc_tta_section title=&#8221;Vid\u00e9o p\u00e9dagogique&#8221; tab_id=&#8221;video-pedagogique&#8221;][vc_video link=&#8221;https:\/\/youtu.be\/VO7YoJlCOvw?list=PLPfbaGoIo4xhTkoN5Kr4231yTxs98AACJ&#8221;][\/vc_tta_section][\/vc_tta_tabs][\/vc_column][\/vc_row][\/vc_section][vc_row content_placement=&#8221;top&#8221; el_id=&#8221;product-carousel&#8221;][vc_column][vc_custom_heading text=&#8221;Trouver d&#8217;autres produits connexes&#8221; font_container=&#8221;tag:h2|text_align:center&#8221; use_theme_fonts=&#8221;yes&#8221; el_class=&#8221;text-uppercase&#8221;][vc_raw_html]JTVCcHJvZHVjdHNfc2xpZGVyJTIwY2F0cyUzRCUyMjIzJTIyJTIwYXV0b3BsYXklM0QlRTIlODAlOURmYWxzZSVFMiU4MCU5RCUyMG9yZGVyYnklM0QlMjJtZW51X29yZGVyJTIyJTVE[\/vc_raw_html][\/vc_column][\/vc_row]<\/div>","protected":false},"excerpt":{"rendered":"<p><strong>Les semelles sport<\/strong> <strong>de notre s\u00e9rie athl\u00e9tique<\/strong> sont con\u00e7ues pour les activit\u00e9s athl\u00e9tiques qui <a href=\"\/fr\/ca\/symptomes-et-problemes\/douleur-au-bas-du-dos-et-problemes-de-sante\/fatigue-musculaire\/\">fatiguent les muscles<\/a> des pieds et des jambes.<\/p>\n<h5>Avantages<\/h5>\n<ul>\n<li>Con\u00e7ues avec la technologie avanc\u00e9e Massaging Gel<sup>\u00ae<\/sup>, qui amortit et absorbe les chocs pour r\u00e9duire la fatigue musculaire des pieds et des jambes<\/li>\n<li>R\u00e9duisent le stress sur les articulations du bas du corps et vous permet de rester debout longtemps<\/li>\n<li>L\u2019arc flexible et le support lat\u00e9ral permettent de contr\u00f4ler les mouvements d\u2019arr\u00eat et de coupe<\/li>\n<li>Mises \u00e0 l\u2019essai par des athl\u00e8tes dans diff\u00e9rentes activit\u00e9s sportives, y compris les sports de terrain et les s\u00e9ances d\u2019entra\u00eenement<\/li>\n<\/ul>\n","protected":false},"featured_media":13751,"template":"","meta":{"_acf_changed":false},"product_brand":[],"product_cat":[203,196,328,187,224,199,173,174,23,214],"product_tag":[],"class_list":{"0":"post-337","1":"product","2":"type-product","3":"status-publish","4":"has-post-thumbnail","6":"product_cat-chaussures-de-sport-et-espadrilles","7":"product_cat-chaussures-sans-soutien","8":"product_cat-jambes-fatiguees-et-douloureuses","9":"product_cat-pieds-plats","10":"product_cat-semelles","11":"product_cat-semelles-completes","12":"product_cat-semelles-femmes","13":"product_cat-semelles-homme","14":"product_cat-serie-athletique","15":"product_cat-technologie-massaging-gel","16":"pa_size-men-8-14","17":"pa_size-women-6-10","19":"first","20":"instock","21":"taxable","22":"shipping-taxable","23":"product-type-variable"},"acf":[],"_links":{"self":[{"href":"https:\/\/www.drscholls.ca\/fr\/wp-json\/wp\/v2\/product\/337","targetHints":{"allow":["GET"]}}],"collection":[{"href":"https:\/\/www.drscholls.ca\/fr\/wp-json\/wp\/v2\/product"}],"about":[{"href":"https:\/\/www.drscholls.ca\/fr\/wp-json\/wp\/v2\/types\/product"}],"wp:featuredmedia":[{"embeddable":true,"href":"https:\/\/www.drscholls.ca\/fr\/wp-json\/wp\/v2\/media\/13751"}],"wp:attachment":[{"href":"https:\/\/www.drscholls.ca\/fr\/wp-json\/wp\/v2\/media?parent=337"}],"wp:term":[{"taxonomy":"product_brand","embeddable":true,"href":"https:\/\/www.drscholls.ca\/fr\/wp-json\/wp\/v2\/product_brand?post=337"},{"taxonomy":"product_cat","embeddable":true,"href":"https:\/\/www.drscholls.ca\/fr\/wp-json\/wp\/v2\/product_cat?post=337"},{"taxonomy":"product_tag","embeddable":true,"href":"https:\/\/www.drscholls.ca\/fr\/wp-json\/wp\/v2\/product_tag?post=337"}],"curies":[{"name":"wp","href":"https:\/\/api.w.org\/{rel}","templated":true}]}}