{"id":327,"date":"2020-06-15T19:17:05","date_gmt":"2020-06-16T00:17:05","guid":{"rendered":"https:\/\/www.drscholls.ca\/fr\/?post_type=product&#038;p=327"},"modified":"2025-03-21T16:16:12","modified_gmt":"2025-03-21T21:16:12","slug":"poudre-medicamenteuse-pour-les-pieds","status":"publish","type":"product","link":"https:\/\/www.drscholls.ca\/fr\/p\/odeurs-et-transpiration\/poudre-medicamenteuse-pour-les-pieds\/","title":{"rendered":"Poudre M\u00e9dicamenteuse Pour les Pieds"},"content":{"rendered":"<div class=\"wpb-content-wrapper\">[vc_section full_width=&#8221;stretch_row&#8221; el_id=&#8221;product-tabs&#8221;][vc_row][vc_column][vc_tta_tabs style=&#8221;flat&#8221; shape=&#8221;square&#8221; alignment=&#8221;centre&#8221; active_section=&#8221;1&#8243; colour=&#8221;white&#8221;][vc_tta_section title=&#8221;Explications&#8221; tab_id=&#8221;explications&#8221;][vc_row_inner][vc_column_inner][vc_column_text]\r\n<ul>\r\n \t<li>Les zones mal a\u00e9r\u00e9es des chaussures peuvent emprisonner la transpiration et entra\u00eener des odeurs.<\/li>\r\n \t<li><strong>Notre poudre m\u00e9dicamenteuse pour les pieds<\/strong> <strong>Odour Destroyers <\/strong>absorbe l\u2019humidit\u00e9 pour aider \u00e0 r\u00e9duire les odeurs et garder les pieds secs, confortables et frais.<\/li>\r\n<\/ul>\r\n[\/vc_column_text][\/vc_column_inner][\/vc_row_inner][\/vc_tta_section][vc_tta_section title=&#8221;Ingr\u00e9dients&#8221; tab_id=&#8221;ingredients&#8221;][vc_column_text]<strong><em>Ingr\u00e9dients\r\n<\/em><\/strong>Amidon de Zea Mays (ma\u00efs), oxyde de zinc, kaolin, camphre, parfum, chlorure de benz\u00e9thonium, huile de feuille d\u2019Eucalyptus Globulus, citron (Citrus Medica Limonum), huile d\u2019\u00e9corce[\/vc_column_text][\/vc_tta_section][vc_tta_section title=&#8221;Mode d\u2019emploi&#8221; tab_id=&#8221;mode&#8221;][vc_row_inner][vc_column_inner][vc_column_text]\r\n<p style=\"text-align: center;\">Appliquez chaque jour ou au besoin pour soulager et rafra\u00eechir les pieds.<\/p>\r\n[\/vc_column_text][\/vc_column_inner][\/vc_row_inner][vc_row_inner][vc_column_inner width=&#8221;1\/2&#8243;][vc_column_text]\r\n<h6 style=\"text-align: center;\">1<sup>re<\/sup>\u00a0\u00c9TAPE<\/h6>\r\n<p style=\"text-align: center;\">Lavez et s\u00e9chez bien les pieds.<\/p>\r\n[\/vc_column_text][\/vc_column_inner][vc_column_inner width=&#8221;1\/2&#8243;][vc_column_text]\r\n<h6 style=\"text-align: center;\">2<sup>e<\/sup>\u00a0\u00c9TAPE<\/h6>\r\n<p style=\"text-align: center;\">Saupoudrez g\u00e9n\u00e9reusement sur les pieds, sans oublier entre les orteils. Vous pouvez aussi en mettre dans les chaussures et les chaussettes.<\/p>\r\n[\/vc_column_text][\/vc_column_inner][\/vc_row_inner][\/vc_tta_section][\/vc_tta_tabs][\/vc_column][\/vc_row][\/vc_section][vc_row content_placement=&#8221;top&#8221; el_id=&#8221;product-carousel&#8221;][vc_column][vc_custom_heading text=&#8221;TROUVER D&#8217;AUTRES PRODUITS CONNEXES&#8221; font_container=&#8221;tag:h2|text_align:center&#8221; use_theme_fonts=&#8221;yes&#8221; el_class=&#8221;text-uppercase&#8221;][vc_raw_html]JTVCcHJvZHVjdHNfc2xpZGVyJTIwY2F0cyUzRCUyMjE3MCUyMiUyMGF1dG9wbGF5JTNEJUUyJTgwJTlEZmFsc2UlRTIlODAlOUQlMjBvcmRlcmJ5JTNEJTIybWVudV9vcmRlciUyMiU1RA==[\/vc_raw_html][\/vc_column][\/vc_row]<\/div>","protected":false},"excerpt":{"rendered":"<p><strong>La formule de notre poudre m\u00e9dicamenteuse pour les pieds<\/strong> est sp\u00e9cialement con\u00e7ue pour les personnes qui <a href=\"https:\/\/www.drscholls.ca\/fr\/ca\/symptomes-et-problemes\/affections-cutanees-du-pied\/odeurs-et-moiteur-des-pieds\/\">transpirent beaucoup des pieds<\/a>. Elle absorbe l\u2019humidit\u00e9 et garde les pieds secs, frais et confortables.<\/p>\n<h5>Avantages<\/h5>\n<ul>\n<li>6 puissants ingr\u00e9dients pour contrer les odeurs et l\u2019humidit\u00e9<\/li>\n<li>Absorption maximale de la sueur<\/li>\n<li>Protection garantie toute la journ\u00e9e<\/li>\n<li>Garde les pieds et les chaussures frais et secs<\/li>\n<\/ul>\n","protected":false},"featured_media":13787,"template":"","meta":{"_acf_changed":false},"product_brand":[],"product_cat":[170,351,210,225,350,321,194],"product_tag":[],"class_list":{"0":"post-327","1":"product","2":"type-product","3":"status-publish","4":"has-post-thumbnail","6":"product_cat-odeurs-et-transpiration","7":"product_cat-odeurs-et-moiteur-des-pieds","8":"product_cat-odour-destroyers","9":"product_cat-poudres","10":"product_cat-technologie-odour-destroyers","11":"product_cat-traitements-pour-la-peau","12":"product_cat-transpiration-et-odeurs","14":"first","15":"instock","16":"taxable","17":"shipping-taxable","18":"product-type-simple"},"acf":[],"_links":{"self":[{"href":"https:\/\/www.drscholls.ca\/fr\/wp-json\/wp\/v2\/product\/327","targetHints":{"allow":["GET"]}}],"collection":[{"href":"https:\/\/www.drscholls.ca\/fr\/wp-json\/wp\/v2\/product"}],"about":[{"href":"https:\/\/www.drscholls.ca\/fr\/wp-json\/wp\/v2\/types\/product"}],"wp:featuredmedia":[{"embeddable":true,"href":"https:\/\/www.drscholls.ca\/fr\/wp-json\/wp\/v2\/media\/13787"}],"wp:attachment":[{"href":"https:\/\/www.drscholls.ca\/fr\/wp-json\/wp\/v2\/media?parent=327"}],"wp:term":[{"taxonomy":"product_brand","embeddable":true,"href":"https:\/\/www.drscholls.ca\/fr\/wp-json\/wp\/v2\/product_brand?post=327"},{"taxonomy":"product_cat","embeddable":true,"href":"https:\/\/www.drscholls.ca\/fr\/wp-json\/wp\/v2\/product_cat?post=327"},{"taxonomy":"product_tag","embeddable":true,"href":"https:\/\/www.drscholls.ca\/fr\/wp-json\/wp\/v2\/product_tag?post=327"}],"curies":[{"name":"wp","href":"https:\/\/api.w.org\/{rel}","templated":true}]}}