{"id":323,"date":"2020-06-15T19:04:21","date_gmt":"2020-06-16T00:04:21","guid":{"rendered":"https:\/\/www.drscholls.ca\/fr\/?post_type=product&#038;p=323"},"modified":"2025-03-21T16:16:11","modified_gmt":"2025-03-21T21:16:11","slug":"traitement-pour-les-chaussures-de-sport","status":"publish","type":"product","link":"https:\/\/www.drscholls.ca\/fr\/p\/odeurs-et-transpiration\/traitement-pour-les-chaussures-de-sport\/","title":{"rendered":"Traitement pour les chaussures de sport"},"content":{"rendered":"<div class=\"wpb-content-wrapper\">[vc_section full_width=&#8221;stretch_row&#8221; el_id=&#8221;product-tabs&#8221;][vc_row][vc_column][vc_tta_tabs style=&#8221;flat&#8221; shape=&#8221;square&#8221; alignment=&#8221;centre&#8221; active_section=&#8221;1&#8243; colour=&#8221;white&#8221;][vc_tta_section title=&#8221;Explications&#8221; tab_id=&#8221;explications&#8221;][vc_row_inner][vc_column_inner width=&#8221;1\/2&#8243;][vc_single_image image=&#8221;13059&#8243; img_size=&#8221;full&#8221; alignment=&#8221;center&#8221;][\/vc_column_inner][vc_column_inner width=&#8221;1\/2&#8243;][vc_column_text]\r\n<ul>\r\n \t<li>Lorsque l\u2019humidit\u00e9 est emprisonn\u00e9e dans vos chaussures, elle cr\u00e9e un environnement dans lequel les <a href=\"https:\/\/www.drscholls.ca\/fr\/ca\/symptomes-et-problemes\/affections-cutanees-du-pied\/odeurs-et-moiteur-des-pieds\/\"><strong>odeurs de pieds<\/strong><\/a> peuvent appara\u00eetre<\/li>\r\n \t<li>Le <strong><span class=\"boldText\">traitement pour les chaussures de sport Dr. Scholl\u2019s<sup>\u00ae<\/sup>\u00a0Odour Destroyers<sup>\u00ae<\/sup><\/span><\/strong>\u00a0est sp\u00e9cialement con\u00e7u pour\u00a0contr\u00f4le l\u2019humidit\u00e9 et contribue \u00e0 pr\u00e9venir l\u2019apparition des odeurs.<\/li>\r\n<\/ul>\r\n[\/vc_column_text][\/vc_column_inner][\/vc_row_inner][\/vc_tta_section][vc_tta_section title=&#8221;Ingr\u00e9dients&#8221; tab_id=&#8221;ingredients&#8221;][vc_column_text]<strong><em>Ingr\u00e9dient actif\r\n<\/em><\/strong>Tolnaftate 1\u00a0% (antifongique)\r\n\r\n<strong><em>Ingr\u00e9dients inactifs\r\n<\/em><\/strong>oct\u00e9nylsuccinate d\u2019amidon d\u2019aluminium, butyl hydroxytolu\u00e8ne, f\u00e9cule de ma\u00efs, \u00e9thanol d\u00e9natur\u00e9, isobutane, kaolin, mica, polym\u00e9thylsilsesquioxane, PPG-12-Buteth-16, SD Alcohol 40-B (12,2 % w\/w), polyacrylate de sodium, f\u00e9cule de manioc, oxyde de zinc[\/vc_column_text][\/vc_tta_section][vc_tta_section title=&#8221;Mode d\u2019emploi&#8221; tab_id=&#8221;mode&#8221;][vc_row_inner][vc_column_inner width=&#8221;1\/2&#8243;][vc_column_text]\r\n<h6 style=\"text-align: center;\">1<sup>re<\/sup> \u00c9TAPE<\/h6>\r\n<p style=\"text-align: center;\">Laver et s\u00e9cher les pieds compl\u00e8tement.<\/p>\r\n[\/vc_column_text][\/vc_column_inner][vc_column_inner width=&#8221;1\/2&#8243;][vc_column_text]\r\n<h6 style=\"text-align: center;\">2<sup>e<\/sup> \u00c9TAPE<\/h6>\r\n<p style=\"text-align: center;\">Secouez bien la canette et appliquez une fine couche sur les pieds une ou deux fois par jour (matin et\/ou soir). Portez une attention particuli\u00e8re aux espaces entre les orteils, portez des chaussures bien ajust\u00e9es et ventil\u00e9es et changez de chaussures et de chaussettes au moins une fois par jour.<\/p>\r\n[\/vc_column_text][\/vc_column_inner][vc_column_inner][vc_column_text]\r\n<p style=\"text-align: center;\"><sub><em>Portez une attention particuli\u00e8re aux espaces entre les orteils, portez des chaussures bien ajust\u00e9es et ventil\u00e9es et changez de chaussures et de chaussettes au moins une fois par jour.<\/em><\/sub><\/p>\r\n[\/vc_column_text][\/vc_column_inner][\/vc_row_inner][\/vc_tta_section][\/vc_tta_tabs][\/vc_column][\/vc_row][\/vc_section][vc_row content_placement=&#8221;top&#8221; el_id=&#8221;product-carousel&#8221;][vc_column][vc_custom_heading text=&#8221;Produits pertinents en magasin&#8221; font_container=&#8221;tag:h2|text_align:center&#8221; use_theme_fonts=&#8221;yes&#8221; el_class=&#8221;text-uppercase&#8221;][\/vc_column][\/vc_row]<\/div>","protected":false},"excerpt":{"rendered":"<p><span class=\"boldText\">Le <strong>traitement pour les chaussures de sport Dr.\u00a0Scholl\u2019s<sup>\u00ae<\/sup>\u00a0Odour Destroyers<sup>\u00ae<\/sup><\/strong><\/span> est sp\u00e9cialement con\u00e7u pour les personnes qui sont pr\u00e9occup\u00e9es par les <a href=\"https:\/\/www.drscholls.ca\/fr\/ca\/symptomes-et-problemes\/affections-cutanees-du-pied\/odeurs-et-moiteur-des-pieds\/\">odeurs d\u00e9sagr\u00e9ables des pieds<\/a>.<\/p>\n<h5>Avantages<\/h5>\n<ul>\n<li>Absorbe l\u2019exc\u00e8s d\u2019humidit\u00e9<\/li>\n<li>Elimine les odeurs instantan\u00e9ment.<\/li>\n<\/ul>\n<h5>Quantit\u00e9<\/h5>\n<ul>\n<li>133g<\/li>\n<\/ul>\n","protected":false},"featured_media":13748,"template":"","meta":{"_acf_changed":false},"product_brand":[],"product_cat":[170,351,210,226,350,321],"product_tag":[],"class_list":{"0":"post-323","1":"product","2":"type-product","3":"status-publish","4":"has-post-thumbnail","6":"product_cat-odeurs-et-transpiration","7":"product_cat-odeurs-et-moiteur-des-pieds","8":"product_cat-odour-destroyers","9":"product_cat-pulverisateurs","10":"product_cat-technologie-odour-destroyers","11":"product_cat-traitements-pour-la-peau","12":"product_shipping_class-hazmat-shipping","14":"first","15":"instock","16":"taxable","17":"shipping-taxable","18":"product-type-simple"},"acf":[],"_links":{"self":[{"href":"https:\/\/www.drscholls.ca\/fr\/wp-json\/wp\/v2\/product\/323","targetHints":{"allow":["GET"]}}],"collection":[{"href":"https:\/\/www.drscholls.ca\/fr\/wp-json\/wp\/v2\/product"}],"about":[{"href":"https:\/\/www.drscholls.ca\/fr\/wp-json\/wp\/v2\/types\/product"}],"wp:featuredmedia":[{"embeddable":true,"href":"https:\/\/www.drscholls.ca\/fr\/wp-json\/wp\/v2\/media\/13748"}],"wp:attachment":[{"href":"https:\/\/www.drscholls.ca\/fr\/wp-json\/wp\/v2\/media?parent=323"}],"wp:term":[{"taxonomy":"product_brand","embeddable":true,"href":"https:\/\/www.drscholls.ca\/fr\/wp-json\/wp\/v2\/product_brand?post=323"},{"taxonomy":"product_cat","embeddable":true,"href":"https:\/\/www.drscholls.ca\/fr\/wp-json\/wp\/v2\/product_cat?post=323"},{"taxonomy":"product_tag","embeddable":true,"href":"https:\/\/www.drscholls.ca\/fr\/wp-json\/wp\/v2\/product_tag?post=323"}],"curies":[{"name":"wp","href":"https:\/\/api.w.org\/{rel}","templated":true}]}}