{"id":320,"date":"2020-06-15T18:58:24","date_gmt":"2020-06-15T23:58:24","guid":{"rendered":"https:\/\/www.drscholls.ca\/fr\/?post_type=product&#038;p=320"},"modified":"2025-03-21T16:16:11","modified_gmt":"2025-03-21T21:16:11","slug":"poudre-desodorisante-pour-les-pieds","status":"publish","type":"product","link":"https:\/\/www.drscholls.ca\/fr\/p\/odeurs-et-transpiration\/poudre-desodorisante-pour-les-pieds\/","title":{"rendered":"Poudre D\u00e9sodorisante pour les Pieds"},"content":{"rendered":"<div class=\"wpb-content-wrapper\">[vc_section full_width=&#8221;stretch_row&#8221; el_id=&#8221;product-tabs&#8221;][vc_row][vc_column][vc_tta_tabs style=&#8221;flat&#8221; shape=&#8221;square&#8221; alignment=&#8221;centre&#8221; active_section=&#8221;1&#8243; colour=&#8221;white&#8221;][vc_tta_section title=&#8221;Explications&#8221; tab_id=&#8221;why-it-works&#8221;][vc_row_inner][vc_column_inner][vc_column_text]\r\n<ul>\r\n \t<li>Les chaussures peuvent limiter l\u2019\u00e9vaporation de la sueur. L\u2019exc\u00e8s d\u2019humidit\u00e9 cr\u00e9e un environnement propice \u00e0 la prolif\u00e9ration des bact\u00e9ries causant les <strong><a href=\"https:\/\/www.drscholls.ca\/fr\/ca\/symptomes-et-problemes\/affections-cutanees-du-pied\/odeurs-et-moiteur-des-pieds\/\">odeurs.<\/a><\/strong><\/li>\r\n \t<li>Notre poudre <strong>d\u00e9sodorisante pour les pieds Odour Destroyers<sup>\u00ae<\/sup><\/strong>\u00a0contient 4\u00a0ingr\u00e9dients pour r\u00e9duire l\u2019humidit\u00e9 et \u00e9liminer instantan\u00e9ment les odeurs toute la journ\u00e9e. Cette formule sans talc est bas\u00e9e sur la grande capacit\u00e9 d\u2019absorption de la f\u00e9cule de ma\u00efs et un m\u00e9lange de bicarbonate de sodium et d\u2019oxyde de zinc pour \u00e9liminer les odeurs et r\u00e9duire l\u2019humidit\u00e9 toute la journ\u00e9e.<\/li>\r\n<\/ul>\r\n[\/vc_column_text][\/vc_column_inner][\/vc_row_inner][\/vc_tta_section][vc_tta_section title=&#8221;Ingr\u00e9dients&#8221; tab_id=&#8221;ingredients&#8221;][vc_column_text]<strong><em> Ingr\u00e9dients\r\n<\/em><\/strong>Amidon de Zea Mays (ma\u00efs), oxyde de zinc, bicarbonate de sodium, kaolin, parfum, chloroxyl\u00e9nol[\/vc_column_text][\/vc_tta_section][vc_tta_section title=&#8221;Mode d\u2019emploi&#8221; tab_id=&#8221;how-to-use&#8221;][vc_row_inner][vc_column_inner width=&#8221;1\/3&#8243;][vc_column_text]\r\n<h6 style=\"text-align: center;\">1<sup>re<\/sup>\u00a0\u00c9TAPE<\/h6>\r\n<p style=\"text-align: center;\">Lavez et s\u00e9chez bien les pieds.<\/p>\r\n[\/vc_column_text][\/vc_column_inner][vc_column_inner width=&#8221;1\/3&#8243;][vc_column_text]\r\n<h6 style=\"text-align: center;\">2<sup>e<\/sup>\u00a0\u00c9TAPE<\/h6>\r\n<p style=\"text-align: center;\">Saupoudrer g\u00e9n\u00e9reusement sur les pieds, entre les orteils et dans les chaussures et les chaussettes.<\/p>\r\n[\/vc_column_text][\/vc_column_inner][vc_column_inner width=&#8221;1\/3&#8243;][vc_column_text]\r\n<h6 style=\"text-align: center;\">3<sup>e<\/sup>\u00a0\u00c9TAPE<\/h6>\r\n<p style=\"text-align: center;\">Utilisez chaque jour ou au besoin.<\/p>\r\n[\/vc_column_text][\/vc_column_inner][\/vc_row_inner][\/vc_tta_section][vc_tta_section title=&#8221;Vid\u00e9o p\u00e9dagogique&#8221; tab_id=&#8221;video-pedagogique&#8221;][vc_video link=&#8221;https:\/\/youtu.be\/19zWFO143vk?list=PLPfbaGoIo4xhTkoN5Kr4231yTxs98AACJ&#8221;][\/vc_tta_section][\/vc_tta_tabs][\/vc_column][\/vc_row][\/vc_section][vc_row content_placement=&#8221;top&#8221; el_id=&#8221;product-carousel&#8221;][vc_column][vc_custom_heading text=&#8221;Trouver d&#8217;autres produits connexes&#8221; font_container=&#8221;tag:h2|text_align:center&#8221; use_theme_fonts=&#8221;yes&#8221; el_class=&#8221;text-uppercase&#8221;][vc_raw_html]JTVCcHJvZHVjdHNfc2xpZGVyJTIwY2F0cyUzRCUyMjE3MCUyMiUyMGF1dG9wbGF5JTNEJUUyJTgwJTlEZmFsc2UlRTIlODAlOUQlMjBvcmRlcmJ5JTNEJTIybWVudV9vcmRlciUyMiU1RA==[\/vc_raw_html][\/vc_column][\/vc_row]<\/div>","protected":false},"excerpt":{"rendered":"<p>La formule de notre <strong>poudre d\u00e9sodorisante Odour Destroyers<sup>\u00ae<\/sup><\/strong> est sp\u00e9cialement con\u00e7ue pour \u00e9liminer les <a href=\"https:\/\/www.drscholls.ca\/fr\/ca\/symptomes-et-problemes\/affections-cutanees-du-pied\/odeurs-et-moiteur-des-pieds\/\">odeurs g\u00eanantes des pieds<\/a>.<\/p>\n<h5>Avantages<\/h5>\n<ul>\n<li>4 ingr\u00e9dients pour \u00e9liminer les odeurs<\/li>\n<li>Protection contre les odeurs de pieds garantie toute la journ\u00e9e<\/li>\n<li>La technologie SweatMAX<sup>\u00ae<\/sup> d\u00e9truit instantan\u00e9ment les odeurs<\/li>\n<li>Absorbe la sueur<\/li>\n<\/ul>\n<p>&nbsp;<\/p>\n","protected":false},"featured_media":13785,"template":"","meta":{"_acf_changed":false},"product_brand":[],"product_cat":[170,351,210,225,350,321],"product_tag":[],"class_list":{"0":"post-320","1":"product","2":"type-product","3":"status-publish","4":"has-post-thumbnail","6":"product_cat-odeurs-et-transpiration","7":"product_cat-odeurs-et-moiteur-des-pieds","8":"product_cat-odour-destroyers","9":"product_cat-poudres","10":"product_cat-technologie-odour-destroyers","11":"product_cat-traitements-pour-la-peau","13":"first","14":"instock","15":"taxable","16":"shipping-taxable","17":"product-type-simple"},"acf":[],"_links":{"self":[{"href":"https:\/\/www.drscholls.ca\/fr\/wp-json\/wp\/v2\/product\/320","targetHints":{"allow":["GET"]}}],"collection":[{"href":"https:\/\/www.drscholls.ca\/fr\/wp-json\/wp\/v2\/product"}],"about":[{"href":"https:\/\/www.drscholls.ca\/fr\/wp-json\/wp\/v2\/types\/product"}],"wp:featuredmedia":[{"embeddable":true,"href":"https:\/\/www.drscholls.ca\/fr\/wp-json\/wp\/v2\/media\/13785"}],"wp:attachment":[{"href":"https:\/\/www.drscholls.ca\/fr\/wp-json\/wp\/v2\/media?parent=320"}],"wp:term":[{"taxonomy":"product_brand","embeddable":true,"href":"https:\/\/www.drscholls.ca\/fr\/wp-json\/wp\/v2\/product_brand?post=320"},{"taxonomy":"product_cat","embeddable":true,"href":"https:\/\/www.drscholls.ca\/fr\/wp-json\/wp\/v2\/product_cat?post=320"},{"taxonomy":"product_tag","embeddable":true,"href":"https:\/\/www.drscholls.ca\/fr\/wp-json\/wp\/v2\/product_tag?post=320"}],"curies":[{"name":"wp","href":"https:\/\/api.w.org\/{rel}","templated":true}]}}