{"id":312,"date":"2020-06-15T18:41:48","date_gmt":"2020-06-15T23:41:48","guid":{"rendered":"https:\/\/www.drscholls.ca\/fr\/?post_type=product&#038;p=312"},"modified":"2025-03-21T16:16:11","modified_gmt":"2025-03-21T21:16:11","slug":"semelles-odour-destroyers","status":"publish","type":"product","link":"https:\/\/www.drscholls.ca\/fr\/p\/confort-et-energie\/semelles-odour-destroyers\/","title":{"rendered":"Semelles Odour Destroyers<sup>\u00ae<\/sup>"},"content":{"rendered":"<div class=\"wpb-content-wrapper\">[vc_section full_width=&#8221;stretch_row&#8221; el_id=&#8221;product-tabs&#8221;][vc_row][vc_column][vc_tta_tabs style=&#8221;flat&#8221; shape=&#8221;square&#8221; alignment=&#8221;centre&#8221; active_section=&#8221;1&#8243; colour=&#8221;white&#8221;][vc_tta_section title=&#8221;Caract\u00e9ristiques&#8221; tab_id=&#8221;features&#8221;][vc_row_inner content_placement=&#8221;middle&#8221;][vc_column_inner el_class=&#8221;img-wrap odor-x&#8221; width=&#8221;1\/2&#8243;][vc_single_image image=&#8221;11609&#8243; img_size=&#8221;full&#8221;][vc_raw_html]JTNDdWwlMjBjbGFzcyUzRCUyMmxpc3QlMjIlM0UlMEElMjAlMDklM0NsaSUyMGNsYXNzJTNEJTIyJTIyJTNFJTNDc3BhbiUyMGNsYXNzJTNEJTIydHh0JTIyJTNFMSUzQyUyRnNwYW4lM0UlM0MlMkZsaSUzRSUwQSUyMCUwOSUzQ2xpJTIwY2xhc3MlM0QlMjIlMjIlM0UlM0NzcGFuJTIwY2xhc3MlM0QlMjJ0eHQlMjIlM0UyJTNDJTJGc3BhbiUzRSUzQyUyRmxpJTNFJTBBJTNDJTJGdWwlM0U=[\/vc_raw_html][\/vc_column_inner][vc_column_inner width=&#8221;1\/2&#8243;][vc_raw_html]JTNDdWwlMjBjbGFzcyUzRCUyMmJlbmVmaXRzLWRldGFpbHMtbGlzdCUyMiUzRSUwQSUyMCUwQSUzQ2xpJTIwY2xhc3MlM0QlMjJiZW5lZml0cy1kZXRhaWxzLTElMjBhbmltYXRlJTIyJTIwZGF0YS1pbmRleCUzRCUyMjAlMjIlM0UlM0NzdHJvbmclM0UxLiUyMENvdWNoZSUyMGVuJTIwdGlzc3UlMjBPZG91ciUyMERlc3Ryb3llcnMlM0NzdXAlM0UlMjZyZWclM0MlMkZzdXAlM0UlM0MlMkZzdHJvbmclM0UlMjAlM0NiciUzRUNvdWNoZSUyMGRlJTIwY2hhcmJvbiUyMGFjdGl2JUMzJUE5JTIwZXQlMjBkZSUyMGJpY2FyYm9uYXRlJTIwZGUlMjBzb2RpdW0lMjBxdWklMjBhYnNvcmJlJTIwbGElMjB0cmFuc3BpcmF0aW9uJTIwZXQlMjBkJUMzJUE5dHJ1aXQlMjBpbnN0YW50YW4lQzMlQTltZW50JTIwbGVzJTIwb2RldXJzJTNDJTJGbGklM0UlMEElMjAlMjAlMjAlMjAlMjAlMjAlMEElM0NsaSUyMGNsYXNzJTNEJTIyYmVuZWZpdHMtZGV0YWlscy0yJTIwYW5pbWF0ZSUyMiUyMGRhdGEtaW5kZXglM0QlMjIxJTIyJTNFJTNDc3Ryb25nJTNFMi4lMjBDb3VjaGUlMjBlbiUyMG1vdXNzZSUyMGFtb3J0aXNzYW50ZSUzQyUyRnN0cm9uZyUzRSUyMCUzQ2JyJTNFQ29uZm9ydCUyMGR1cmFibGUlMkMlMjBjb21wYXRpYmxlJTIwYXZlYyUyMGxhJTIwcGx1cGFydCUyMGRlcyUyMGNoYXVzc3VyZXMlM0MlMkZsaSUzRSUwQSUyMCUyMCUyMCUyMCUyMCUyMCUwQSUzQyUyRnVsJTNF[\/vc_raw_html][\/vc_column_inner][\/vc_row_inner][\/vc_tta_section][vc_tta_section title=&#8221;Explications&#8221; tab_id=&#8221;why-it-works&#8221;][vc_row_inner][vc_column_inner][vc_column_text]\r\n<ul>\r\n \t<li>L\u2019humidit\u00e9 emprisonn\u00e9e dans les chaussures peut provoquer des <strong><a href=\"https:\/\/www.drscholls.ca\/fr\/ca\/symptomes-et-problemes\/affections-cutanees-du-pied\/odeurs-et-moiteur-des-pieds\/\">odeurs<\/a><\/strong>, et de longues p\u00e9riodes debout peuvent causer de <strong><a href=\"https:\/\/www.drscholls.ca\/fr\/ca\/symptomes-et-problemes\/douleur-aux-pieds-et-problemes-de-sante\/fatigue-et-douleur-aux-pieds\/\">l\u2019inconfort aux pieds<\/a><\/strong><\/li>\r\n \t<li>Nos<strong> semelles d\u00e9sodorisantes Odour Destroyers<sup>\u00ae<\/sup><\/strong> sont munies de la technologie SweatMax<strong><sup>\u00ae<\/sup><\/strong> pour absorber la sueur et neutraliser les odeurs instantan\u00e9ment, tout en offrant un confort gr\u00e2ce \u00e0 l\u2019amortissement l\u2019Air-Pillo<strong><sup>\u00ae<\/sup><\/strong>.<\/li>\r\n<\/ul>\r\n[\/vc_column_text][\/vc_column_inner][\/vc_row_inner][\/vc_tta_section][vc_tta_section title=&#8221;Mode d\u2019emploi&#8221; tab_id=&#8221;how-to-use&#8221;][vc_row_inner][vc_column_inner width=&#8221;1\/3&#8243;][vc_column_text]\r\n<h6 style=\"text-align: center;\">1<sup>re<\/sup>\u00a0\u00c9TAPE<\/h6>\r\n<p style=\"text-align: center;\">Choisissez la bonne pointure, inscrite au bas de la semelle (homme = M, femme = W, gar\u00e7on = B et fille = G).<\/p>\r\n[\/vc_column_text][\/vc_column_inner][vc_column_inner width=&#8221;1\/3&#8243;][vc_column_text]\r\n<h6 style=\"text-align: center;\">2<sup>e<\/sup>\u00a0\u00c9TAPE<\/h6>\r\n<p style=\"text-align: center;\">Coupez les semelles en suivant les pointill\u00e9s qui conviennent avec des ciseaux bien aiguis\u00e9s.<\/p>\r\n[\/vc_column_text][\/vc_column_inner][vc_column_inner width=&#8221;1\/3&#8243;][vc_column_text]\r\n<h6 style=\"text-align: center;\">3<sup>e<\/sup>\u00a0\u00c9TAPE<\/h6>\r\n<p style=\"text-align: center;\">Installez les semelles dans les chaussures, c\u00f4t\u00e9 tissu vers le haut.<\/p>\r\n[\/vc_column_text][\/vc_column_inner][\/vc_row_inner][vc_row_inner][vc_column_inner][vc_column_text]\r\n<p style=\"text-align: center;\">Remplacez la semelle apr\u00e8s six (6) mois ou d\u00e8s qu\u2019il y a des signes d\u2019usure.<\/p>\r\n[\/vc_column_text][\/vc_column_inner][\/vc_row_inner][\/vc_tta_section][vc_tta_section title=&#8221;Vid\u00e9o p\u00e9dagogique&#8221; tab_id=&#8221;video-pedagogique&#8221;][vc_video link=&#8221;https:\/\/youtu.be\/058cg42leCI?list=PLPfbaGoIo4xhTkoN5Kr4231yTxs98AACJ&#8221;][\/vc_tta_section][\/vc_tta_tabs][\/vc_column][\/vc_row][\/vc_section][vc_row content_placement=&#8221;top&#8221; el_id=&#8221;product-carousel&#8221;][vc_column][vc_custom_heading text=&#8221;Trouver d&#8217;autres produits connexes&#8221; font_container=&#8221;tag:h2|text_align:center&#8221; use_theme_fonts=&#8221;yes&#8221; el_class=&#8221;text-uppercase&#8221;][vc_raw_html]JTVCcHJvZHVjdHNfc2xpZGVyJTIwY2F0cyUzRCUyMjE3MCUyMiUyMGF1dG9wbGF5JTNEJUUyJTgwJTlEZmFsc2UlRTIlODAlOUQlMjBvcmRlcmJ5JTNEJTIybWVudV9vcmRlciUyMiU1RA==[\/vc_raw_html][\/vc_column][\/vc_row]<\/div>","protected":false},"excerpt":{"rendered":"<p>Nos <strong>semelles d\u00e9sodorisantes Odour Destroyers<sup>\u00ae<\/sup><\/strong> sont con\u00e7ues pour contrer les <a href=\"https:\/\/www.drscholls.ca\/fr\/ca\/symptomes-et-problemes\/affections-cutanees-du-pied\/odeurs-et-moiteur-des-pieds\/\">odeurs et la transpiration des pieds<\/a>.<\/p>\n<h5>Avantages<\/h5>\n<ul>\n<li>Protection garantie contre les odeurs toute la journ\u00e9e et amortissement sup\u00e9rieur confortable Air-Pillo<sup>\u00ae<\/sup><\/li>\n<li>Une couche de charbon activ\u00e9 et de bicarbonate de sodium d\u00e9truit instantan\u00e9ment les odeurs.<\/li>\n<li>Aide \u00e0 absorber la transpiration des pieds.<\/li>\n<\/ul>\n","protected":false},"featured_media":13758,"template":"","meta":{"_acf_changed":false},"product_brand":[],"product_cat":[204,208,205,324,206,22,170,351,210,224,199,173,174,213,350,194],"product_tag":[],"class_list":{"0":"post-312","1":"product","2":"type-product","3":"status-publish","4":"has-post-thumbnail","6":"product_cat-chaussures-decontractees-espadrilles","7":"product_cat-chaussures-et-bottes-de-travail","8":"product_cat-chaussures-habillees-pour-homme","9":"product_cat-chaussures-inconfortables","10":"product_cat-chaussures-plates-et-bottines-pour-femme","11":"product_cat-confort-et-energie","12":"product_cat-odeurs-et-transpiration","13":"product_cat-odeurs-et-moiteur-des-pieds","14":"product_cat-odour-destroyers","15":"product_cat-semelles","16":"product_cat-semelles-completes","17":"product_cat-semelles-femmes","18":"product_cat-semelles-homme","19":"product_cat-technologie-air-pillo","20":"product_cat-technologie-odour-destroyers","21":"product_cat-transpiration-et-odeurs","22":"pa_size-men-7-12","23":"pa_size-women-5-10","25":"first","26":"instock","27":"taxable","28":"shipping-taxable","29":"product-type-simple"},"acf":[],"_links":{"self":[{"href":"https:\/\/www.drscholls.ca\/fr\/wp-json\/wp\/v2\/product\/312","targetHints":{"allow":["GET"]}}],"collection":[{"href":"https:\/\/www.drscholls.ca\/fr\/wp-json\/wp\/v2\/product"}],"about":[{"href":"https:\/\/www.drscholls.ca\/fr\/wp-json\/wp\/v2\/types\/product"}],"wp:featuredmedia":[{"embeddable":true,"href":"https:\/\/www.drscholls.ca\/fr\/wp-json\/wp\/v2\/media\/13758"}],"wp:attachment":[{"href":"https:\/\/www.drscholls.ca\/fr\/wp-json\/wp\/v2\/media?parent=312"}],"wp:term":[{"taxonomy":"product_brand","embeddable":true,"href":"https:\/\/www.drscholls.ca\/fr\/wp-json\/wp\/v2\/product_brand?post=312"},{"taxonomy":"product_cat","embeddable":true,"href":"https:\/\/www.drscholls.ca\/fr\/wp-json\/wp\/v2\/product_cat?post=312"},{"taxonomy":"product_tag","embeddable":true,"href":"https:\/\/www.drscholls.ca\/fr\/wp-json\/wp\/v2\/product_tag?post=312"}],"curies":[{"name":"wp","href":"https:\/\/api.w.org\/{rel}","templated":true}]}}