{"id":308,"date":"2020-06-15T18:31:02","date_gmt":"2020-06-15T23:31:02","guid":{"rendered":"https:\/\/www.drscholls.ca\/fr\/?post_type=product&#038;p=308"},"modified":"2025-03-21T16:16:11","modified_gmt":"2025-03-21T21:16:11","slug":"semelles-air-pillo","status":"publish","type":"product","link":"https:\/\/www.drscholls.ca\/fr\/p\/confort-et-energie\/semelles-air-pillo\/","title":{"rendered":"Semelles Air-Pillo<sup>\u00ae<\/sup>"},"content":{"rendered":"<div class=\"wpb-content-wrapper\">[vc_section full_width=&#8221;stretch_row&#8221; el_id=&#8221;product-tabs&#8221;][vc_row][vc_column][vc_tta_tabs style=&#8221;flat&#8221; shape=&#8221;square&#8221; alignment=&#8221;centre&#8221; active_section=&#8221;1&#8243; colour=&#8221;white&#8221;][vc_tta_section title=&#8221;Caract\u00e9ristiques&#8221; tab_id=&#8221;caracteristiques&#8221;][vc_row_inner][vc_column_inner el_class=&#8221;img-wrap air-pillo&#8221; width=&#8221;1\/2&#8243;][vc_single_image image=&#8221;11603&#8243; img_size=&#8221;full&#8221;][vc_raw_html]JTNDdWwlMjBjbGFzcyUzRCUyMmxpc3QlMjIlM0UlMEElMjAlMDklM0NsaSUyMGNsYXNzJTNEJTIyJTIyJTNFJTNDc3BhbiUyMGNsYXNzJTNEJTIydHh0JTIyJTNFMSUzQyUyRnNwYW4lM0UlM0MlMkZsaSUzRSUwQSUyMCUwOSUzQ2xpJTIwY2xhc3MlM0QlMjIlMjIlM0UlM0NzcGFuJTIwY2xhc3MlM0QlMjJ0eHQlMjIlM0UyJTNDJTJGc3BhbiUzRSUzQyUyRmxpJTNFJTBBJTIwJTA5JTNDbGklMjBjbGFzcyUzRCUyMiUyMiUzRSUzQ3NwYW4lMjBjbGFzcyUzRCUyMnR4dCUyMiUzRTMlM0MlMkZzcGFuJTNFJTNDJTJGbGklM0UlMEElMEElM0MlMkZ1bCUzRQ==[\/vc_raw_html][\/vc_column_inner][vc_column_inner width=&#8221;1\/2&#8243;][vc_raw_html]JTNDdWwlMjBjbGFzcyUzRCUyMmJlbmVmaXRzLWRldGFpbHMtbGlzdCUyMiUzRSUwQSUyMCUwQSUzQ2xpJTIwY2xhc3MlM0QlMjJiZW5lZml0cy1kZXRhaWxzLTElMjBhbmltYXRlJTIyJTIwZGF0YS1pbmRleCUzRCUyMjAlMjIlM0UlM0NzdHJvbmclM0UxLiUyMENvdWNoZSUyMFN1cCVDMyVBOXJpZXVyZSUyMERvdWNlJTNDJTJGc3Ryb25nJTNFJTIwJTNDYnIlM0VMYSUyMG1vdXNzZSUyMGRlJTIwcmVtYm91cnJhZ2UlMjBzb3VwbGUlMjBvZmZyZSUyMHVuJTIwY29uZm9ydCUyMGR1cmFibGUlM0MlMkZsaSUzRSUwQSUyMCUyMCUyMCUyMCUyMCUyMCUwQSUzQ2xpJTIwY2xhc3MlM0QlMjJiZW5lZml0cy1kZXRhaWxzLTIlMjBhbmltYXRlJTIyJTIwZGF0YS1pbmRleCUzRCUyMjElMjIlM0UlM0NzdHJvbmclM0UyLiUyMFRlY2hub2xvZ2llJTIwQ29vbCUyMFZlbnRzJTNDc3VwJTNFJUMyJUFFJTNDJTJGc3VwJTNFJTNDJTJGc3Ryb25nJTNFJTIwJTNDYnIlM0VHYXJkZSUyMGxlcyUyMHBpZWRzJTIwYXUlMjBmcmFpcyUyQyUyMGF1JTIwc2VjJTIwZXQlMjBhbSVDMyVBOWxpb3JlJTIwbGUlMjBjb25mb3J0JTNDJTJGbGklM0UlMEElMEElM0NsaSUyMGNsYXNzJTNEJTIyYmVuZWZpdHMtZGV0YWlscy0zJTIwYW5pbWF0ZSUyMiUyMGRhdGEtaW5kZXglM0QlMjIyJTIyJTNFJTNDc3Ryb25nJTNFMy4lMjBDb3VjaGUlMjBJbmYlQzMlQTlyaWV1cmUlMjBCb3R0b20tTGF5ZXIlM0NzdXAlM0UlQzIlQUUlM0MlMkZzdXAlM0UlMjBBbW9ydGlzc2FudGUlMjAlM0MlMkZzdHJvbmclM0UlMjAlM0NiciUzRUxhJTIwbW91c3NlJTIwYW1vcnRpc3NhbnRlJTIwcmVwcmVuZCUyMHRvdWpvdXJzJTIwc2ElMjBmb3JtZSUyMGV0JTIwbGElMjBtb3Vzc2UlMjBTdXJlJTIwR3JpcCUyMEZvYW0lQzIlQUUlMjBnYXJkZSUyMGxhJTIwc2VtZWxsZSUyMGVuJTIwcGxhY2UlMjBldCUyMCVDMyVBOXZpdGUlMjBsZXMlMjBwbGlzc2VtZW50cyUzQyUyRmxpJTNFJTBBJTIwJTIwJTIwJTIwJTIwJTIwJTBBJTNDJTJGdWwlM0U=[\/vc_raw_html][\/vc_column_inner][\/vc_row_inner][\/vc_tta_section][vc_tta_section title=&#8221;Explications&#8221; tab_id=&#8221;explications&#8221;][vc_row_inner][vc_column_inner][vc_column_text]\r\n<ul class=\"listPara\">\r\n \t<li>Il n\u2019est pas rare de ressentir de <strong><a href=\"https:\/\/www.drscholls.ca\/fr\/ca\/symptomes-et-problemes\/douleur-aux-pieds-et-problemes-de-sante\/fatigue-et-douleur-aux-pieds\/\">l\u2019inconfort<\/a> <\/strong>au niveau des pieds apr\u00e8s avoir pass\u00e9 la journ\u00e9e debout.<\/li>\r\n \t<li>Nos <strong>Semelles Confort Air-Pillo<sup>\u00ae<\/sup><\/strong> ont deux couches d\u2019amortissement et de soutien pour soulager de cet inconfort.<\/li>\r\n<\/ul>\r\n[\/vc_column_text][\/vc_column_inner][\/vc_row_inner][\/vc_tta_section][vc_tta_section title=&#8221;Mode d\u2019emploi&#8221; tab_id=&#8221;mode&#8221;][vc_row_inner][vc_column_inner width=&#8221;1\/2&#8243;][vc_column_text]\r\n<h6 style=\"text-align: center;\">1<sup>re<\/sup>\u00a0\u00c9TAPE<\/h6>\r\n<p style=\"text-align: center;\">Placez les semelles souples et amortissantes dans vos chaussures, <strong>le tissu vers le haut.<\/strong><\/p>\r\n[\/vc_column_text][\/vc_column_inner][vc_column_inner width=&#8221;1\/2&#8243;][vc_column_text]\r\n<h6 style=\"text-align: center;\">2<sup>e<\/sup>\u00a0\u00c9TAPE<\/h6>\r\n<p style=\"text-align: center;\">Au besoin, coupez avec des ciseaux tranchants en suivant les instructions sur le gabarit.<\/p>\r\n[\/vc_column_text][\/vc_column_inner][\/vc_row_inner][vc_row_inner][vc_column_inner][vc_column_text]\r\n<p style=\"text-align: center;\">Remplacez la semelle apr\u00e8s six (6) mois ou d\u00e8s qu\u2019il y a des signes d\u2019usure.<\/p>\r\n[\/vc_column_text][\/vc_column_inner][\/vc_row_inner][\/vc_tta_section][vc_tta_section title=&#8221;Vid\u00e9o p\u00e9dagogique&#8221; tab_id=&#8221;video-pedagogique&#8221;][vc_video link=&#8221;https:\/\/youtu.be\/6gLXcxyN7Nk?list=PLPfbaGoIo4xhTkoN5Kr4231yTxs98AACJ&#8221;][\/vc_tta_section][\/vc_tta_tabs][\/vc_column][\/vc_row][\/vc_section][vc_row content_placement=&#8221;top&#8221; el_id=&#8221;product-carousel&#8221;][vc_column][vc_custom_heading text=&#8221;Trouver d&#8217;autres produits connexes&#8221; font_container=&#8221;tag:h2|text_align:center&#8221; use_theme_fonts=&#8221;yes&#8221; el_class=&#8221;text-uppercase&#8221;][vc_raw_html]JTVCcHJvZHVjdHNfc2xpZGVyJTIwY2F0cyUzRCUyMjIxMyUyQzIwNSUyMiUyMGF1dG9wbGF5JTNEJUUyJTgwJTlEZmFsc2UlRTIlODAlOUQlMjBvcmRlcmJ5JTNEJTIybWVudV9vcmRlciUyMiU1RA==[\/vc_raw_html][\/vc_column][\/vc_row]<\/div>","protected":false},"excerpt":{"rendered":"<p>Nos <strong>Semelles Air-Pillo<sup>\u00ae<\/sup><\/strong> sont sp\u00e9cialement con\u00e7ues pour les personnes qui ressentent de <a href=\"https:\/\/www.drscholls.ca\/fr\/ca\/symptomes-et-problemes\/douleur-aux-pieds-et-problemes-de-sante\/fatigue-et-douleur-aux-pieds\/\">l\u2019inconfort aux pieds<\/a> durant la journ\u00e9e.<\/p>\n<p style=\"text-align: right;\"><em><span class=\"para-condition\"><sub>Contient du latex de caoutchouc naturel<\/sub><\/span><\/em><\/p>\n<h5>Avantages<\/h5>\n<ul>\n<li>Deux couches de mousse assurent un amortissement ultra-doux et un confort durable<\/li>\n<li>La mousse absorbe les chocs et reprend toujours sa forme<\/li>\n<li>Couche Sure Grip<sup>\u00ae<\/sup> en mousse qui garde la semelle en place et \u00e9vite les plissements<\/li>\n<li>Compatibles avec presque toutes les chaussures<\/li>\n<\/ul>\n","protected":false},"featured_media":14019,"template":"","meta":{"_acf_changed":false},"product_brand":[],"product_cat":[203,204,208,205,324,206,22,224,199,173,174,213],"product_tag":[],"class_list":{"0":"post-308","1":"product","2":"type-product","3":"status-publish","4":"has-post-thumbnail","6":"product_cat-chaussures-de-sport-et-espadrilles","7":"product_cat-chaussures-decontractees-espadrilles","8":"product_cat-chaussures-et-bottes-de-travail","9":"product_cat-chaussures-habillees-pour-homme","10":"product_cat-chaussures-inconfortables","11":"product_cat-chaussures-plates-et-bottines-pour-femme","12":"product_cat-confort-et-energie","13":"product_cat-semelles","14":"product_cat-semelles-completes","15":"product_cat-semelles-femmes","16":"product_cat-semelles-homme","17":"product_cat-technologie-air-pillo","18":"pa_size-men-7-13","19":"pa_size-women-5-10","21":"first","22":"instock","23":"taxable","24":"shipping-taxable","25":"product-type-simple"},"acf":[],"_links":{"self":[{"href":"https:\/\/www.drscholls.ca\/fr\/wp-json\/wp\/v2\/product\/308","targetHints":{"allow":["GET"]}}],"collection":[{"href":"https:\/\/www.drscholls.ca\/fr\/wp-json\/wp\/v2\/product"}],"about":[{"href":"https:\/\/www.drscholls.ca\/fr\/wp-json\/wp\/v2\/types\/product"}],"wp:featuredmedia":[{"embeddable":true,"href":"https:\/\/www.drscholls.ca\/fr\/wp-json\/wp\/v2\/media\/14019"}],"wp:attachment":[{"href":"https:\/\/www.drscholls.ca\/fr\/wp-json\/wp\/v2\/media?parent=308"}],"wp:term":[{"taxonomy":"product_brand","embeddable":true,"href":"https:\/\/www.drscholls.ca\/fr\/wp-json\/wp\/v2\/product_brand?post=308"},{"taxonomy":"product_cat","embeddable":true,"href":"https:\/\/www.drscholls.ca\/fr\/wp-json\/wp\/v2\/product_cat?post=308"},{"taxonomy":"product_tag","embeddable":true,"href":"https:\/\/www.drscholls.ca\/fr\/wp-json\/wp\/v2\/product_tag?post=308"}],"curies":[{"name":"wp","href":"https:\/\/api.w.org\/{rel}","templated":true}]}}