{"id":297,"date":"2020-06-15T17:39:19","date_gmt":"2020-06-15T22:39:19","guid":{"rendered":"https:\/\/www.drscholls.ca\/fr\/?post_type=product&#038;p=297"},"modified":"2025-03-21T16:16:12","modified_gmt":"2025-03-21T21:16:12","slug":"coussinets-pour-talons","status":"publish","type":"product","link":"https:\/\/www.drscholls.ca\/fr\/p\/confort-et-energie\/coussinets-pour-talons\/","title":{"rendered":"Coussinets pour talons"},"content":{"rendered":"<div class=\"wpb-content-wrapper\">[vc_section full_width=&#8221;stretch_row&#8221; el_id=&#8221;product-tabs&#8221;][vc_row][vc_column][vc_tta_tabs style=&#8221;flat&#8221; shape=&#8221;square&#8221; alignment=&#8221;centre&#8221; active_section=&#8221;1&#8243; colour=&#8221;white&#8221;][vc_tta_section title=&#8221;Caract\u00e9ristiques&#8221; tab_id=&#8221;features&#8221;][vc_row_inner][vc_column_inner el_class=&#8221;img-wrap heel-cushions&#8221; width=&#8221;1\/2&#8243;][vc_single_image image=&#8221;1010&#8243; img_size=&#8221;full&#8221;][vc_raw_html]JTNDdWwlMjBjbGFzcyUzRCUyMmxpc3QlMjIlM0UlMEElMjAlMDklM0NsaSUyMGNsYXNzJTNEJTIyJTIyJTNFJTNDc3BhbiUyMGNsYXNzJTNEJTIydHh0JTIyJTNFMSUzQyUyRnNwYW4lM0UlM0MlMkZsaSUzRSUwQSUyMCUwOSUzQ2xpJTIwY2xhc3MlM0QlMjIlMjIlM0UlM0NzcGFuJTIwY2xhc3MlM0QlMjJ0eHQlMjIlM0UyJTNDJTJGc3BhbiUzRSUzQyUyRmxpJTNFJTBBJTIwJTA5JTNDbGklMjBjbGFzcyUzRCUyMiUyMiUzRSUzQ3NwYW4lMjBjbGFzcyUzRCUyMnR4dCUyMiUzRTMlM0MlMkZzcGFuJTNFJTNDJTJGbGklM0UlMEElM0MlMkZ1bCUzRQ==[\/vc_raw_html][\/vc_column_inner][vc_column_inner width=&#8221;1\/2&#8243;][vc_raw_html]JTNDdWwlMjBjbGFzcyUzRCUyMmJlbmVmaXRzLWRldGFpbHMtbGlzdCUyMiUzRSUwQSUyMCUwQSUzQ2xpJTIwY2xhc3MlM0QlMjJiZW5lZml0cy1kZXRhaWxzLTElMjBhbmltYXRlJTIyJTIwZGF0YS1pbmRleCUzRCUyMjAlMjIlM0UlM0NzdHJvbmclM0UxLiUyME9uZHVsYXRpb25zJTIwUmVzcG9uc2l2ZS1XYXZlJTIwQ3VzaGlvbmluZyUzQ3N1cE1DJTNDJTJGc3VwJTNFJTIwJTNDJTJGc3Ryb25nJTNFJTNDYnIlM0UlMjBNYXNzYWdpbmclMjBHZWwlM0NzdXAlM0UlQzIlQUUlM0MlMkZzdXAlM0UlMjBhdmFuYyVDMyVBOSUyMHF1aSUyMGF1Z21lbnRlJTIwbGUlMjBjb25mb3J0JTIwZXQlMjBwcm90JUMzJUE4Z2UlMjBsZXMlMjB0YWxvbnMlMEElMjAlMjAlMjAlMjAlMjAlMjAlMEElM0NsaSUyMGNsYXNzJTNEJTIyYmVuZWZpdHMtZGV0YWlscy0yJTIwYW5pbWF0ZSUyMiUyMGRhdGEtaW5kZXglM0QlMjIxJTIyJTNFJTNDc3Ryb25nJTNFMi4lMjBNb2QlQzMlQThsZSUyMG1pbmNlJTIwJTNDJTJGc3Ryb25nJTNFJTIwJTIwYXZlYyUyMGVtYm91dCUyMGNvbmlxdWUlMjBxdWklMjBzJUUyJTgwJTk5YWRhcHRlJTIwZmFjaWxlbWVudCUyMCVDMyVBMCUyMHRvdXRlcyUyMGxlcyUyMGNoYXVzc3VyZXMlM0MlMkZsaSUzRSUwQSUyMCUyMCUyMCUyMCUyMCUyMCUwQSUzQ2xpJTIwY2xhc3MlM0QlMjJiZW5lZml0cy1kZXRhaWxzLTMlMjBhbmltYXRlJTIyJTIwZGF0YS1pbmRleCUzRCUyMjIlMjIlM0UlM0NzdHJvbmclM0UzLiUyMFJlbGllZiUyMHF1aSUyMHJlaGF1c3NlJTIwbGUlMjB0YWxvbiUyMCUzQyUyRnN0cm9uZyUzRSUyMHBvdXIlMjBmYXZvcmlzZXIlMjBsYSUyMGRpc3RyaWJ1dGlvbiUyMGR1JTIwcG9pZHNlJTNDJTJGbGklM0UlMEElMjAlMjAlMjAlMjAlMjAlMjAlMEElM0MlMkZ1bCUzRQ==[\/vc_raw_html][\/vc_column_inner][\/vc_row_inner][\/vc_tta_section][vc_tta_section title=&#8221;Explications&#8221; tab_id=&#8221;why-it-works&#8221;][vc_row_inner][vc_column_inner width=&#8221;1\/2&#8243;][vc_single_image image=&#8221;1013&#8243; img_size=&#8221;full&#8221;][\/vc_column_inner][vc_column_inner width=&#8221;1\/2&#8243;][vc_column_text]\r\n<ul>\r\n \t<li>L\u2019impact de chaque pas risque d\u2019aggraver l\u2019inconfort ressenti au niveau des talons.<\/li>\r\n \t<li>La <strong>technologie avanc\u00e9e de nos coussinets pour talon avec Massaging Gel<sup>\u00ae<\/sup><\/strong> apporte un amortissement qui aide \u00e0 absorber les chocs et \u00e0 soulager <strong><a href=\"https:\/\/www.drscholls.ca\/fr\/ca\/symptomes-et-problemes\/douleur-aux-pieds-et-problemes-de-sante\/douleur-aux-talons\/\">l\u2019inconfort au<\/a> niveau du talon<\/strong>. Le mod\u00e8le conique s\u2019adapte facilement \u00e0 toutes les chaussures.<\/li>\r\n<\/ul>\r\n[\/vc_column_text][\/vc_column_inner][\/vc_row_inner][\/vc_tta_section][vc_tta_section title=&#8221;Mode d\u2019emploi&#8221; tab_id=&#8221;how-to-use&#8221;][vc_row_inner][vc_column_inner width=&#8221;1\/2&#8243;][vc_column_text]\r\n<h6 style=\"text-align: center;\">1<sup>re<\/sup>\u00a0\u00c9TAPE<\/h6>\r\n<p style=\"text-align: center;\">Nettoyez l\u2019int\u00e9rieur de la chaussure pour assurer l\u2019adh\u00e9rence du coussinet.<\/p>\r\n[\/vc_column_text][\/vc_column_inner][vc_column_inner width=&#8221;1\/2&#8243;][vc_column_text]\r\n<h6 style=\"text-align: center;\">2<sup>e<\/sup>\u00a0\u00c9TAPE<\/h6>\r\n<p style=\"text-align: center;\">Installer le coussinet dans la chaussure, o\u00f9 ira le talon, c\u00f4t\u00e9 gel vers le bas.<\/p>\r\n[\/vc_column_text][\/vc_column_inner][\/vc_row_inner][vc_row_inner][vc_column_inner][vc_column_text]\r\n<p style=\"text-align: center;\">Remplacez la semelle apr\u00e8s six (6) mois ou d\u00e8s qu\u2019il y a des signes d\u2019usure.<\/p>\r\n[\/vc_column_text][\/vc_column_inner][\/vc_row_inner][\/vc_tta_section][vc_tta_section title=&#8221;Vid\u00e9o p\u00e9dagogique&#8221; tab_id=&#8221;video-pedagogique&#8221;][vc_video link=&#8221;https:\/\/youtu.be\/ALKEFB1umEU?list=PLPfbaGoIo4xhTkoN5Kr4231yTxs98AACJ&#8221;][\/vc_tta_section][\/vc_tta_tabs][\/vc_column][\/vc_row][\/vc_section][vc_row content_placement=&#8221;top&#8221; el_id=&#8221;product-carousel&#8221;][vc_column][vc_custom_heading text=&#8221;Trouver d&#8217;autres produits connexes&#8221; font_container=&#8221;tag:h2|text_align:center&#8221; use_theme_fonts=&#8221;yes&#8221; el_class=&#8221;text-uppercase&#8221;][vc_raw_html]JTVCcHJvZHVjdHNfc2xpZGVyJTIwY2F0cyUzRCUyMjIwMSUyQyUyMDE3OCUyMiUyMGF1dG9wbGF5JTNEJUUyJTgwJTlEZmFsc2UlRTIlODAlOUQlMjBvcmRlcmJ5JTNEJTIybWVudV9vcmRlciUyMiU1RA==[\/vc_raw_html][\/vc_column][\/vc_row]<\/div>","protected":false},"excerpt":{"rendered":"<p>Nos <strong>coussinets de confort pour talon<\/strong> sont sp\u00e9cialement con\u00e7us pour \u00e9liminer l\u2019inconfort et augmenter l\u2019amortissement \u00e0 ce niveau.<\/p>\n<h5>Avantages<\/h5>\n<ul>\n<li>Technologie avanc\u00e9e Massaging Gel<sup>\u00ae<\/sup> qui absorbe les chocs toute la journ\u00e9e pour soulager l\u2019inconfort au talon<\/li>\n<li>Mod\u00e8le mince et conique qui s\u2019adapte facilement \u00e0 toutes les chaussures<\/li>\n<li>Relief qui r\u00e9duit la pression<\/li>\n<\/ul>\n","protected":false},"featured_media":13762,"template":"","meta":{"_acf_changed":false},"product_brand":[],"product_cat":[203,204,208,205,324,206,22,201,224,173,174,214],"product_tag":[],"class_list":{"0":"post-297","1":"product","2":"type-product","3":"status-publish","4":"has-post-thumbnail","6":"product_cat-chaussures-de-sport-et-espadrilles","7":"product_cat-chaussures-decontractees-espadrilles","8":"product_cat-chaussures-et-bottes-de-travail","9":"product_cat-chaussures-habillees-pour-homme","10":"product_cat-chaussures-inconfortables","11":"product_cat-chaussures-plates-et-bottines-pour-femme","12":"product_cat-confort-et-energie","13":"product_cat-coussinets-pour-talon","14":"product_cat-semelles","15":"product_cat-semelles-femmes","16":"product_cat-semelles-homme","17":"product_cat-technologie-massaging-gel","18":"pa_size-men-8-13","19":"pa_size-women-6-10","21":"first","22":"instock","23":"taxable","24":"shipping-taxable","25":"product-type-variable"},"acf":[],"_links":{"self":[{"href":"https:\/\/www.drscholls.ca\/fr\/wp-json\/wp\/v2\/product\/297","targetHints":{"allow":["GET"]}}],"collection":[{"href":"https:\/\/www.drscholls.ca\/fr\/wp-json\/wp\/v2\/product"}],"about":[{"href":"https:\/\/www.drscholls.ca\/fr\/wp-json\/wp\/v2\/types\/product"}],"wp:featuredmedia":[{"embeddable":true,"href":"https:\/\/www.drscholls.ca\/fr\/wp-json\/wp\/v2\/media\/13762"}],"wp:attachment":[{"href":"https:\/\/www.drscholls.ca\/fr\/wp-json\/wp\/v2\/media?parent=297"}],"wp:term":[{"taxonomy":"product_brand","embeddable":true,"href":"https:\/\/www.drscholls.ca\/fr\/wp-json\/wp\/v2\/product_brand?post=297"},{"taxonomy":"product_cat","embeddable":true,"href":"https:\/\/www.drscholls.ca\/fr\/wp-json\/wp\/v2\/product_cat?post=297"},{"taxonomy":"product_tag","embeddable":true,"href":"https:\/\/www.drscholls.ca\/fr\/wp-json\/wp\/v2\/product_tag?post=297"}],"curies":[{"name":"wp","href":"https:\/\/api.w.org\/{rel}","templated":true}]}}