{"id":275,"date":"2020-06-15T16:44:51","date_gmt":"2020-06-15T21:44:51","guid":{"rendered":"https:\/\/www.drscholls.ca\/fr\/?post_type=product&#038;p=275"},"modified":"2020-11-23T11:21:03","modified_gmt":"2020-11-23T16:21:03","slug":"semelles-ultra-minces-massaging-gel","status":"publish","type":"product","link":"https:\/\/www.drscholls.ca\/fr\/p\/confort-et-energie\/semelles-ultra-minces-massaging-gel\/","title":{"rendered":"Semelles Ultra Minces Avec Massaging Gel<sup>\u00ae<\/sup>"},"content":{"rendered":"<div class=\"wpb-content-wrapper\">[vc_section full_width=&#8221;stretch_row&#8221; el_id=&#8221;product-tabs&#8221;][vc_row][vc_column][vc_tta_tabs style=&#8221;flat&#8221; shape=&#8221;square&#8221; alignment=&#8221;centre&#8221; active_section=&#8221;1&#8243; colour=&#8221;white&#8221;][vc_tta_section title=&#8221;Caract\u00e9ristiques&#8221; tab_id=&#8221;benefits&#8221;][vc_row_inner content_placement=&#8221;middle&#8221;][vc_column_inner][vc_column_text]\r\n<h4 style=\"text-align: center;\">Le gel de massage + la forme ultra mince assurent un soutien et amortissent les chocs<\/h4>\r\n[\/vc_column_text][\/vc_column_inner][vc_column_inner el_class=&#8221;img-wrap ultra-thin&#8221; width=&#8221;1\/2&#8243;][vc_single_image image=&#8221;996&#8243; img_size=&#8221;full&#8221;][vc_raw_html]JTNDdWwlMjBjbGFzcyUzRCUyMmxpc3QlMjIlM0UlMEElMjAlMDklM0NsaSUyMGNsYXNzJTNEJTIyJTIyJTNFJTNDc3BhbiUyMGNsYXNzJTNEJTIydHh0JTIyJTNFMSUzQyUyRnNwYW4lM0UlM0MlMkZsaSUzRSUwQSUyMCUwOSUzQ2xpJTIwY2xhc3MlM0QlMjIlMjIlM0UlM0NzcGFuJTIwY2xhc3MlM0QlMjJ0eHQlMjIlM0UyJTNDJTJGc3BhbiUzRSUzQyUyRmxpJTNFJTBBJTNDJTJGdWwlM0U=[\/vc_raw_html][\/vc_column_inner][vc_column_inner width=&#8221;1\/2&#8243;][vc_raw_html]JTNDdWwlMjBjbGFzcyUzRCUyMmJlbmVmaXRzLWRldGFpbHMtbGlzdCUyMiUzRSUwQSUyMCUwQSUzQ2xpJTIwY2xhc3MlM0QlMjJiZW5lZml0cy1kZXRhaWxzLTElMjBhbmltYXRlJTIyJTIwZGF0YS1pbmRleCUzRCUyMjAlMjIlM0UlM0NzdHJvbmclM0UxLiUyMFBsdXMlMjBkZSUyMDMwJUMyJUEwJTI1JTIwcGx1cyUyMG1pbmNlJTIwYXUlMjBuaXZlYXUlMjBkZXMlMjBvcnRlaWxzJTIwcGFyJTIwcmFwcG9ydCUzQyUyRnN0cm9uZyUzRSUyMCUzQ2JyJTIwJTJGJTNFJTIwYXV4JTIwc2VtZWxsZXMlMjBNYXNzYWdpbmclMjBHZWwlM0NzdXAlM0UlQzIlQUUlM0MlMkZzdXAlM0UlMjByJUMzJUE5Z3VsaSVDMyVBOHJlcyUyQyUyMHBvdXIlMjBzJUUyJTgwJTk5YWRhcHRlciUyMGF1eCUyMGNoYXVzc3VyZXMlMjBoYWJpbGwlQzMlQTllcyUyMHNhbnMlMjBzZXJyZXIlMjBsZSUyMHBpZWQuJTIwQ29uJUMzJUE3dWUlMjBwb3VyJTIwcyVFMiU4MCU5OWFkYXB0ZXIlMjBhdXglMjBwYXJ0aWVzJTIwbGVzJTIwcGx1cyUyMCVDMyVBOXRyb2l0ZXMlMjBkZSUyMGxhJTIwY2hhdXNzdXJlLiUzQyUyRmxpJTNFJTBBJTIwJTIwJTIwJTIwJTIwJTIwJTBBJTNDbGklMjBjbGFzcyUzRCUyMmJlbmVmaXRzLWRldGFpbHMtMiUyMGFuaW1hdGUlMjIlMjBkYXRhLWluZGV4JTNEJTIyMSUyMiUzRSUzQ3N0cm9uZyUzRTIuJTIwQ29uJUMzJUE3dSUyMGF2ZWMlMjBsYSUyMHRlY2hub2xvZ2llJTIwTWFzc2FnaW5nJTIwR2VsJTNDc3VwJTNFJUMyJUFFJTNDJTJGc3VwJTNFJTIwdGVjaG5vbG9neSUzQyUyRnN0cm9uZyUzRSUzQ2JyJTIwJTJGJTNFJTIwcXVpJTIwZG91YmxlJTIwbGUlMjBjb25mb3J0JTIwJUUyJTgwJTkzJTIwcGFydGljdWxpJUMzJUE4cmVtZW50JTIwdmFsb3JpcyVDMyVBOSUyMHBhciUyMGxlcyUyMHBlcnNvbm5lcyUyMHF1aSUyMHJlc3NlbnRlbnQlMjBkZSUyMGwlRTIlODAlOTlpbmNvbmZvcnQlMjBhdXglMjBwaWVkcyUzQyUyRmxpJTNFJTBBJTIwJTIwJTIwJTIwJTIwJTIwJTBBJTNDJTJGdWwlM0U=[\/vc_raw_html][\/vc_column_inner][\/vc_row_inner][\/vc_tta_section][vc_tta_section title=&#8221;Explications&#8221; tab_id=&#8221;why-it-works&#8221;][vc_row_inner][vc_column_inner width=&#8221;1\/2&#8243;][vc_single_image image=&#8221;11671&#8243; img_size=&#8221;full&#8221;][\/vc_column_inner][vc_column_inner width=&#8221;1\/2&#8243;][vc_column_text]\r\n<ul class=\"listPara\">\r\n \t<li>Lorsque vous passez la journ\u00e9e dans des chaussures habill\u00e9es, les <a href=\"\/fr\/ca\/symptomes-et-problemes\/douleur-aux-pieds-et-problemes-de-sante\/fatigue-et-douleur-aux-pieds\/\"><strong>muscles des pieds et des jambes se fatiguent \u00e0 la longue<\/strong><\/a> puisqu\u2019ils soutiennent le corps. Cette fatigue et ses douleurs risquent de vous ralentir.<\/li>\r\n \t<li>Nos <strong>semelles Comfort &amp; Energy ultraminces<\/strong> ont un avant-pied ultramince con\u00e7u pour s\u2019adapter aux chaussures habill\u00e9es sans serrer le pied, et leur soutien et amortissement r\u00e9duisent la <a href=\"\/fr\/ca\/symptomes-et-problemes\/douleur-au-bas-du-dos-et-problemes-de-sante\/fatigue-musculaire\/\"><strong>fatigue musculaire<\/strong><\/a>. Ainsi, vous vous sentirez plein d\u2019\u00e9nergie toute la journ\u00e9e.<\/li>\r\n<\/ul>\r\n[\/vc_column_text][\/vc_column_inner][\/vc_row_inner][\/vc_tta_section][vc_tta_section title=&#8221;Mode d\u2019emploi&#8221; tab_id=&#8221;how-to-use&#8221;][vc_row_inner][vc_column_inner width=&#8221;1\/4&#8243;][vc_column_text]\r\n<h6 style=\"text-align: center;\">1<sup>re<\/sup>\u00a0\u00c9TAPE<\/h6>\r\n<p style=\"text-align: center;\">Les semelles de vos chaussures sont sans doute amovibles \u2013<strong> retirez-les.<\/strong><\/p>\r\n[\/vc_column_text][\/vc_column_inner][vc_column_inner width=&#8221;1\/4&#8243;][vc_column_text]\r\n<h6 style=\"text-align: center;\">2<sup>e<\/sup>\u00a0\u00c9TAPE<\/h6>\r\n<p style=\"text-align: center;\">Placez la semelle ultramince dans la chaussure pour v\u00e9rifier la pointure.<\/p>\r\n[\/vc_column_text][\/vc_column_inner][vc_column_inner width=&#8221;1\/4&#8243;][vc_column_text]\r\n<h6 style=\"text-align: center;\">3<sup>e<\/sup>\u00a0\u00c9TAPE<\/h6>\r\n<p style=\"text-align: center;\">Au besoin, d\u00e9coupez les rebords (au bas de la semelle, pr\u00e8s des orteils) pour ajuster la semelle \u00e0 votre pointure.<\/p>\r\n[\/vc_column_text][\/vc_column_inner][vc_column_inner width=&#8221;1\/4&#8243;][vc_column_text]\r\n<h6 style=\"text-align: center;\">4<sup>e<\/sup>\u00a0\u00c9TAPE<\/h6>\r\n<p style=\"text-align: center;\">Ins\u00e9rez la semelle dans la chaussure, <strong>c\u00f4t\u00e9 gel vers le bas<\/strong><\/p>\r\n[\/vc_column_text][\/vc_column_inner][\/vc_row_inner][vc_row_inner][vc_column_inner][vc_column_text]\r\n<p style=\"text-align: center;\">Remplacez la semelle apr\u00e8s six (6) mois ou d\u00e8s qu\u2019il y a des signes d\u2019usure.<\/p>\r\n[\/vc_column_text][\/vc_column_inner][\/vc_row_inner][\/vc_tta_section][\/vc_tta_tabs][\/vc_column][\/vc_row][\/vc_section][vc_row content_placement=&#8221;top&#8221; el_id=&#8221;product-carousel&#8221;][vc_column][vc_custom_heading text=&#8221;Trouver d&#8217;autres produits connexes&#8221; font_container=&#8221;tag:h2|text_align:center&#8221; use_theme_fonts=&#8221;yes&#8221; el_class=&#8221;text-uppercase&#8221;][vc_raw_html]JTVCcHJvZHVjdHNfc2xpZGVyJTIwY2F0cyUzRCUyMjE4MyUyMiUyMGF1dG9wbGF5JTNEJUUyJTgwJTlEZmFsc2UlRTIlODAlOUQlMjBvcmRlcmJ5JTNEJTIybWVudV9vcmRlciUyMiU1RA==[\/vc_raw_html][\/vc_column][\/vc_row]<\/div>","protected":false},"excerpt":{"rendered":"<p>Nos <strong>semelles Comfort &amp; Energy Massaging Gel<sup>\u00ae<\/sup> ultraminces<\/strong> sont sp\u00e9cialement con\u00e7ues pour les personnes qui ressentent de l\u2019inconfort et de la fatigue aux pieds et aux jambes, au travail ou ailleurs, lorsqu\u2019elles portent des chaussures habill\u00e9es.<\/p>\n<h5>Avantages<\/h5>\n<ul>\n<li>Plus de 40\u00a0% plus mince au niveau des orteils par rapport aux semelles Massaging Gel<sup>\u00ae<\/sup> r\u00e9guli\u00e8res, pour s\u2019adapter aux chaussures habill\u00e9es sans serrer le pied.<\/li>\n<li>Un confort sup\u00e9rieur qui vous fait sentir plein d\u2019\u00e9nergie toute la journ\u00e9e<\/li>\n<li>R\u00e9duit la fatigue musculaire des pieds et des jambes et vous permet de rester debout encore plus longtemps<\/li>\n<\/ul>\n","protected":false},"featured_media":13194,"template":"","meta":{"_acf_changed":false},"product_brand":[],"product_cat":[204,205,324,22,328,183,224,199,173,174,214],"product_tag":[],"class_list":{"0":"post-275","1":"product","2":"type-product","3":"status-publish","4":"has-post-thumbnail","6":"product_cat-chaussures-decontractees-espadrilles","7":"product_cat-chaussures-habillees-pour-homme","8":"product_cat-chaussures-inconfortables","9":"product_cat-confort-et-energie","10":"product_cat-jambes-fatiguees-et-douloureuses","11":"product_cat-pieds-fatigues-et-douloureux","12":"product_cat-semelles","13":"product_cat-semelles-completes","14":"product_cat-semelles-femmes","15":"product_cat-semelles-homme","16":"product_cat-technologie-massaging-gel","17":"pa_size-men-8-13","18":"pa_size-women-6-10","20":"first","21":"instock","22":"taxable","23":"shipping-taxable","24":"product-type-variable"},"acf":[],"_links":{"self":[{"href":"https:\/\/www.drscholls.ca\/fr\/wp-json\/wp\/v2\/product\/275","targetHints":{"allow":["GET"]}}],"collection":[{"href":"https:\/\/www.drscholls.ca\/fr\/wp-json\/wp\/v2\/product"}],"about":[{"href":"https:\/\/www.drscholls.ca\/fr\/wp-json\/wp\/v2\/types\/product"}],"wp:featuredmedia":[{"embeddable":true,"href":"https:\/\/www.drscholls.ca\/fr\/wp-json\/wp\/v2\/media\/13194"}],"wp:attachment":[{"href":"https:\/\/www.drscholls.ca\/fr\/wp-json\/wp\/v2\/media?parent=275"}],"wp:term":[{"taxonomy":"product_brand","embeddable":true,"href":"https:\/\/www.drscholls.ca\/fr\/wp-json\/wp\/v2\/product_brand?post=275"},{"taxonomy":"product_cat","embeddable":true,"href":"https:\/\/www.drscholls.ca\/fr\/wp-json\/wp\/v2\/product_cat?post=275"},{"taxonomy":"product_tag","embeddable":true,"href":"https:\/\/www.drscholls.ca\/fr\/wp-json\/wp\/v2\/product_tag?post=275"}],"curies":[{"name":"wp","href":"https:\/\/api.w.org\/{rel}","templated":true}]}}