{"id":253,"date":"2020-06-15T14:46:27","date_gmt":"2020-06-15T19:46:27","guid":{"rendered":"https:\/\/www.drscholls.ca\/fr\/?post_type=product&#038;p=253"},"modified":"2025-03-21T16:16:10","modified_gmt":"2025-03-21T21:16:10","slug":"semelles-memory-fit","status":"publish","type":"product","link":"https:\/\/www.drscholls.ca\/fr\/p\/confort-et-energie\/semelles-memory-fit\/","title":{"rendered":"Semelles Memory Fit<sup>\u00ae<\/sup>"},"content":{"rendered":"<div class=\"wpb-content-wrapper\">[vc_section full_width=&#8221;stretch_row&#8221; el_id=&#8221;product-tabs&#8221;][vc_row][vc_column][vc_tta_tabs style=&#8221;flat&#8221; shape=&#8221;square&#8221; alignment=&#8221;centre&#8221; active_section=&#8221;1&#8243; colour=&#8221;white&#8221;][vc_tta_section title=&#8221;Caract\u00e9ristiques&#8221; tab_id=&#8221;features&#8221;][vc_row_inner content_placement=&#8221;middle&#8221;][vc_column_inner][\/vc_column_inner][vc_column_inner el_class=&#8221;img-wrap memory-fit&#8221; width=&#8221;1\/2&#8243;][vc_single_image image=&#8221;872&#8243; img_size=&#8221;full&#8221; alignment=&#8221;centre&#8221;][vc_raw_html]JTNDdWwlMjBjbGFzcyUzRCUyMmxpc3QlMjIlM0UlMEElMjAlMDklM0NsaSUyMGNsYXNzJTNEJTIyJTIyJTNFJTNDc3BhbiUyMGNsYXNzJTNEJTIydHh0JTIyJTNFMSUzQyUyRnNwYW4lM0UlM0MlMkZsaSUzRSUwQSUyMCUwOSUzQ2xpJTIwY2xhc3MlM0QlMjIlMjIlM0UlM0NzcGFuJTIwY2xhc3MlM0QlMjJ0eHQlMjIlM0UyJTNDJTJGc3BhbiUzRSUzQyUyRmxpJTNFJTBBJTIwJTA5JTNDbGklMjBjbGFzcyUzRCUyMiUyMiUzRSUzQ3NwYW4lMjBjbGFzcyUzRCUyMnR4dCUyMiUzRTMlM0MlMkZzcGFuJTNFJTNDJTJGbGklM0UlMEElM0NsaSUyMGNsYXNzJTNEJTIyJTIyJTNFJTNDc3BhbiUyMGNsYXNzJTNEJTIydHh0JTIyJTNFNCUzQyUyRnNwYW4lM0UlM0MlMkZsaSUzRSUwQSUzQyUyRnVsJTNF[\/vc_raw_html][\/vc_column_inner][vc_column_inner width=&#8221;1\/2&#8243;][vc_raw_html]JTNDdWwlMjBjbGFzcyUzRCUyMmJlbmVmaXRzLWRldGFpbHMtbGlzdCUyMiUzRSUwQSUyMCUwOSUzQ2xpJTIwY2xhc3MlM0QlMjJiZW5lZml0cy1kZXRhaWxzLTElMjBhbmltYXRlJTIyJTIwZGF0YS1pbmRleCUzRCUyMjAlMjIlM0UlM0NzdHJvbmclM0UxLiUyME1vdXNzZSUyMHZpc2NvJUMzJUE5bGFzdGlxdWUlMjB1bHRyYSUyMHNvdXBsZSUzQyUyRnN0cm9uZyUzRSUzQ2JyJTIwJTJGJTNFUyVFMiU4MCU5OWFkYXB0ZSUyMCVDMyVBMCUyMGxhJTIwZm9ybWUlMjB1bmlxdWUlMjBkdSUyMHBpZWQlMjBwb3VyJTIwZW5jb3JlJTIwcGx1cyUyMGRlJTIwZG91Y2V1ciUyMGV0JTIwZGUlMjBjb25mb3J0JTNDJTJGbGklM0UlMEElMjAlMDklM0NsaSUyMGNsYXNzJTNEJTIyYmVuZWZpdHMtZGV0YWlscy0yJTIwYW5pbWF0ZSUyMiUyMGRhdGEtaW5kZXglM0QlMjIxJTIyJTNFJTNDc3Ryb25nJTNFMi4lMjBPbmR1bGF0aW9ucyUyMFJlc3BvbnNpdmUtV2F2ZSUyMEN1c2hpb25pbmclM0NzdXAlM0VNQyUzQyUyRnN1cCUzRSUzQyUyRnN0cm9uZyUzRSUzQ2JyJTIwJTJGJTNFT25kdWxhdGlvbnMlMjBtdWx0aWNvdWNoZXMlMjBNYXNzYWdpbmclMjBHZWwlM0NzdXAlM0UlQzIlQUUlM0MlMkZzdXAlM0UlMjBhdmFuYyVDMyVBOWVzJTIwcXVpJTIwb2ZmcmVudCUyMGFic29ycHRpb24lMjBkZXMlMjBjaG9jcyUyMGV0JTIwYW1vcnRpc3NlbWVudCUyMHBvdXIlMjB1biUyMGNvbmZvcnQlMjB0b3V0ZSUyMGxhJTIwam91cm4lQzMlQTllJTNDJTJGbGklM0UlMEElMjAlMDklM0NsaSUyMGNsYXNzJTNEJTIyYmVuZWZpdHMtZGV0YWlscy0zJTIwYW5pbWF0ZSUyMiUyMGRhdGEtaW5kZXglM0QlMjIyJTIyJTNFJTNDc3Ryb25nJTNFMy4lMjBTb3V0aWVuJTIwZHUlMjB0YWxvbiUyMGV0JTIwZGUlMjBsYSUyMHZvJUMzJUJCdGUlMjBwbGFudGFpcmUlM0MlMkZzdHJvbmclM0UlM0NiciUyMCUyRiUzRUF2ZWMlMjB1biUyMGdlbCUyMGVuY29yZSUyMHBsdXMlMjBmZXJtZSUyMGF1dG91ciUyMGR1JTIwdGFsb24lMjBldCUyMGRlJTIwbGElMjB2byVDMyVCQnRlJTIwcGxhbnRhaXJlJTIwcG91ciUyMGFzc3VyZXIlMjB1biUyMHNvdXRpZW4lMjBjb25mb3J0YWJsZSUzQyUyRmxpJTNFJTBBJTIwJTA5JTNDbGklMjBjbGFzcyUzRCUyMmJlbmVmaXRzLWRldGFpbHMtNCUyMGFuaW1hdGUlMjIlMjBkYXRhLWluZGV4JTNEJTIyMyUyMiUzRSUzQ3N0cm9uZyUzRTQuJTIwQSVDMyVBOXJhdGV1cnMlM0MlMkZzdHJvbmclM0UlM0NiciUyMCUyRiUzRUZhdm9yaXNlJTIwbGElMjBjaXJjdWxhdGlvbiUyMGRlJTIwbCVFMiU4MCU5OWFpciUyMHBvdXIlMjBnYXJkZXIlMjBsZXMlMjBwaWVkcyUyMGZyYWlzJTIwZXQlMjBzZWNzJTNDJTJGbGklM0UlMEElM0MlMkZvbCUzRQ==[\/vc_raw_html][\/vc_column_inner][\/vc_row_inner][\/vc_tta_section][vc_tta_section title=&#8221;Explications&#8221; tab_id=&#8221;why-it-works&#8221;][vc_row_inner][vc_column_inner width=&#8221;1\/2&#8243;][vc_single_image image=&#8221;874&#8243; img_size=&#8221;full&#8221;][\/vc_column_inner][vc_column_inner width=&#8221;1\/2&#8243;][vc_column_text]\r\n<ul>\r\n \t<li>Lorsque vous passez la journ\u00e9e debout, <strong><a href=\"\/fr\/ca\/symptomes-et-problemes\/douleur-au-bas-du-dos-et-problemes-de-sante\/fatigue-musculaire\/\">les muscles des pieds et des jambes se fatiguent<\/a><\/strong>\u00a0\u00e0 la longue puisqu\u2019ils soutiennent le corps. Cette <a href=\"\/fr\/ca\/symptomes-et-problemes\/douleur-aux-pieds-et-problemes-de-sante\/fatigue-et-douleur-aux-pieds\/\"><strong>fatigue et ses douleurs<\/strong><\/a> risquent de vous ralentir.<\/li>\r\n \t<li>Nos <strong>semelles Comfort &amp; Energy Stimulating Step<sup>\u00ae<\/sup><\/strong> offrent un soutien et un amortissement qui r\u00e9duisent la <a href=\"\/fr\/ca\/symptomes-et-problemes\/douleur-au-bas-du-dos-et-problemes-de-sante\/fatigue-musculaire\/\"><strong>fatigue musculaire<\/strong><\/a>, des perles stimulantes et des coussinets de confort qui stimulent les points de pression cl\u00e9s de la plante du pied et procurent une action de massage. Ainsi, vous vous sentirez plein d\u2019\u00e9nergie toute la journ\u00e9e.<\/li>\r\n<\/ul>\r\n[\/vc_column_text][\/vc_column_inner][\/vc_row_inner][\/vc_tta_section][vc_tta_section title=&#8221;Mode d\u2019emploi&#8221; tab_id=&#8221;how-to-use&#8221;][vc_row_inner][vc_column_inner width=&#8221;1\/4&#8243;][vc_column_text]\r\n<h6 style=\"text-align: center;\">1re\u00a0\u00c9TAPE<\/h6>\r\n<p style=\"text-align: center;\">Les semelles de vos chaussures sont sans doute amovibles \u2013 <strong>RETIREZ-LES<\/strong>.<\/p>\r\n[\/vc_column_text][\/vc_column_inner][vc_column_inner width=&#8221;1\/4&#8243;][vc_column_text]\r\n<h6 style=\"text-align: center;\">2e\u00a0\u00c9TAPE<\/h6>\r\n<p style=\"text-align: center;\">Placez notre semelle dans la chaussure pour v\u00e9rifier la pointure.<\/p>\r\n[\/vc_column_text][\/vc_column_inner][vc_column_inner width=&#8221;1\/4&#8243;][vc_column_text]\r\n<h6 style=\"text-align: center;\">3e\u00a0\u00c9TAPE<\/h6>\r\n<p style=\"text-align: center;\">Au besoin, d\u00e9coupez les rebords (au haut de la semelle, pr\u00e8s des orteils) pour ajuster la semelle \u00e0 votre pointure.<\/p>\r\n[\/vc_column_text][\/vc_column_inner][vc_column_inner width=&#8221;1\/4&#8243;][vc_column_text]\r\n<h6 style=\"text-align: center;\">4e\u00a0\u00c9TAPE<\/h6>\r\n<p style=\"text-align: center;\">Ins\u00e9rez la semelle dans la chaussure, <strong>C\u00d4T\u00c9 GEL VERS LE BAS<\/strong>.<\/p>\r\n[\/vc_column_text][\/vc_column_inner][\/vc_row_inner][vc_row_inner][vc_column_inner][vc_column_text]\r\n<p style=\"text-align: center;\">Remplacez la semelle apr\u00e8s six (6) mois ou d\u00e8s qu\u2019il y a des signes d\u2019usure.<\/p>\r\n[\/vc_column_text][\/vc_column_inner][\/vc_row_inner][\/vc_tta_section][vc_tta_section title=&#8221;Vid\u00e9o p\u00e9dagogique&#8221; tab_id=&#8221;video-pedagogique&#8221;][vc_video link=&#8221;https:\/\/youtu.be\/tJ9xmTTYpDc?list=PLPfbaGoIo4xhTkoN5Kr4231yTxs98AACJ&#8221;][\/vc_tta_section][\/vc_tta_tabs][\/vc_column][\/vc_row][\/vc_section][vc_row content_placement=&#8221;top&#8221; el_id=&#8221;product-carousel&#8221;][vc_column][vc_custom_heading text=&#8221;Produits pertinents en magasin&#8221; font_container=&#8221;tag:h2|text_align:center&#8221; use_theme_fonts=&#8221;yes&#8221; el_class=&#8221;text-uppercase&#8221;][vc_raw_html]JTVCcHJvZHVjdHNfc2xpZGVyJTIwY2F0cyUzRCUyMjE4MyUyMiUyMGF1dG9wbGF5JTNEJUUyJTgwJTlEZmFsc2UlRTIlODAlOUQlMjBvcmRlcmJ5JTNEJTIybWVudV9vcmRlciUyMiU1RA==[\/vc_raw_html][\/vc_column][\/vc_row]<\/div>","protected":false},"excerpt":{"rendered":"<p>Nos <strong>semelles<\/strong> <strong>Memory Fit<sup>\u00ae<\/sup><\/strong> sont sp\u00e9cialement con\u00e7ues pour les personnes qui cherchent \u00e0 \u00e9liminer l\u2019inconfort caus\u00e9 par <a href=\"\/fr\/ca\/symptomes-et-problemes\/douleur-au-bas-du-dos-et-problemes-de-sante\/fatigue-musculaire\/\">la fatigue des pieds et des jambes<\/a> et veulent un confort moelleux.<\/p>\n<h5>Avantages<\/h5>\n<ul>\n<li>Soutien \u00e9nerg\u00e9tique gr\u00e2ce \u00e0 <strong>la technologie Massaging Gel<sup>\u00ae<\/sup> avanc\u00e9e<\/strong> et \u00e0 la mousse visco\u00e9lastique<\/li>\n<li>R\u00e9duit la fatigue musculaire des pieds et des jambes et vous permet de rester debout encore plus longtemps<\/li>\n<li>Un confort sup\u00e9rieur qui vous fait sentir plein d\u2019\u00e9nergie toute la journ\u00e9e<\/li>\n<li>Mousse visco\u00e9lastique qui s\u2019adapte au pied pour encore plus de douceur et de confort<\/li>\n<\/ul>\n","protected":false},"featured_media":14028,"template":"","meta":{"_acf_changed":false},"product_brand":[],"product_cat":[204,208,324,22,328,183,224,199,173,174,214],"product_tag":[],"class_list":{"0":"post-253","1":"product","2":"type-product","3":"status-publish","4":"has-post-thumbnail","6":"product_cat-chaussures-decontractees-espadrilles","7":"product_cat-chaussures-et-bottes-de-travail","8":"product_cat-chaussures-inconfortables","9":"product_cat-confort-et-energie","10":"product_cat-jambes-fatiguees-et-douloureuses","11":"product_cat-pieds-fatigues-et-douloureux","12":"product_cat-semelles","13":"product_cat-semelles-completes","14":"product_cat-semelles-femmes","15":"product_cat-semelles-homme","16":"product_cat-technologie-massaging-gel","18":"first","19":"instock","20":"taxable","21":"shipping-taxable","22":"product-type-variable"},"acf":[],"_links":{"self":[{"href":"https:\/\/www.drscholls.ca\/fr\/wp-json\/wp\/v2\/product\/253","targetHints":{"allow":["GET"]}}],"collection":[{"href":"https:\/\/www.drscholls.ca\/fr\/wp-json\/wp\/v2\/product"}],"about":[{"href":"https:\/\/www.drscholls.ca\/fr\/wp-json\/wp\/v2\/types\/product"}],"wp:featuredmedia":[{"embeddable":true,"href":"https:\/\/www.drscholls.ca\/fr\/wp-json\/wp\/v2\/media\/14028"}],"wp:attachment":[{"href":"https:\/\/www.drscholls.ca\/fr\/wp-json\/wp\/v2\/media?parent=253"}],"wp:term":[{"taxonomy":"product_brand","embeddable":true,"href":"https:\/\/www.drscholls.ca\/fr\/wp-json\/wp\/v2\/product_brand?post=253"},{"taxonomy":"product_cat","embeddable":true,"href":"https:\/\/www.drscholls.ca\/fr\/wp-json\/wp\/v2\/product_cat?post=253"},{"taxonomy":"product_tag","embeddable":true,"href":"https:\/\/www.drscholls.ca\/fr\/wp-json\/wp\/v2\/product_tag?post=253"}],"curies":[{"name":"wp","href":"https:\/\/api.w.org\/{rel}","templated":true}]}}