{"id":241,"date":"2020-06-15T14:22:35","date_gmt":"2020-06-15T19:22:35","guid":{"rendered":"https:\/\/www.drscholls.ca\/fr\/?post_type=product&#038;p=241"},"modified":"2025-03-21T16:16:09","modified_gmt":"2025-03-21T21:16:09","slug":"semelles-de-travail","status":"publish","type":"product","link":"https:\/\/www.drscholls.ca\/fr\/p\/confort-et-energie\/semelles-de-travail\/","title":{"rendered":"Semelles de travail avec Massaging Gel<sup>\u00ae<\/sup>"},"content":{"rendered":"<div class=\"wpb-content-wrapper\">[vc_section full_width=&#8221;stretch_row&#8221; el_id=&#8221;product-tabs&#8221;][vc_row][vc_column][vc_tta_tabs style=&#8221;flat&#8221; shape=&#8221;square&#8221; active_section=&#8221;1&#8243; colour=&#8221;white&#8221;][vc_tta_section title=&#8221;Caract\u00e9ristiques&#8221; tab_id=&#8221;features&#8221;][vc_column_text]\r\n<h4 style=\"text-align: center;\">Amortissement et soutien de la vo\u00fbte plantaire suppl\u00e9mentaires pour travailler confortablement en position debout<\/h4>\r\n[\/vc_column_text][vc_row_inner][vc_column_inner el_class=&#8221;img-wrap work-insole&#8221; width=&#8221;1\/2&#8243;][vc_single_image image=&#8221;863&#8243; img_size=&#8221;full&#8221;][vc_raw_html]JTNDdWwlMjBjbGFzcyUzRCUyMmxpc3QlMjIlM0UlMEElMjAlMDklM0NsaSUyMGNsYXNzJTNEJTIyJTIyJTNFJTNDc3BhbiUyMGNsYXNzJTNEJTIydHh0JTIyJTNFMSUzQyUyRnNwYW4lM0UlM0MlMkZsaSUzRSUwQSUyMCUwOSUzQ2xpJTIwY2xhc3MlM0QlMjIlMjIlM0UlM0NzcGFuJTIwY2xhc3MlM0QlMjJ0eHQlMjIlM0UyJTNDJTJGc3BhbiUzRSUzQyUyRmxpJTNFJTBBJTIwJTA5JTNDbGklMjBjbGFzcyUzRCUyMiUyMiUzRSUzQ3NwYW4lMjBjbGFzcyUzRCUyMnR4dCUyMiUzRTMlM0MlMkZzcGFuJTNFJTNDJTJGbGklM0UlMEElM0NsaSUyMGNsYXNzJTNEJTIyJTIyJTNFJTNDc3BhbiUyMGNsYXNzJTNEJTIydHh0JTIyJTNFNCUzQyUyRnNwYW4lM0UlM0MlMkZsaSUzRSUwQSUzQyUyRnVsJTNF[\/vc_raw_html][\/vc_column_inner][vc_column_inner width=&#8221;1\/2&#8243;][vc_raw_html]JTNDdWwlMjBjbGFzcyUzRCUyMmJlbmVmaXRzLWRldGFpbHMtbGlzdCUyMiUzRSUwQSUyMCUwQSUzQ2xpJTIwY2xhc3MlM0QlMjJiZW5lZml0cy1kZXRhaWxzLTElMjBhbmltYXRlJTIyJTIwZGF0YS1pbmRleCUzRCUyMjAlMjIlM0UlM0NzdHJvbmclM0UxLiUyME9uZHVsYXRpb25zJTIwUmVzcG9uc2l2ZS1XYXZlJTIwQ3VzaGlvbmluZyUzQ3N1cCUzRU1DJTNDJTJGc3VwJTNFJTIwJTNDJTJGc3Ryb25nJTNFJTNDYnIlM0VPbmR1bGF0aW9ucyUyMG11bHRpY291Y2hlcyUyME1hc3NhZ2luZyUyMEdlbCUzQ3N1cCUzRSVDMiVBRSUzQyUyRnN1cCUzRSUyMGF2YW5jJUMzJUE5ZXMlMjBxdWklMjBvZmZyZW50JTIwYWJzb3JwdGlvbiUyMGRlcyUyMGNob2NzJTIwZXQlMjBhbW9ydGlzc2VtZW50JTIwcGVuZGFudCUyMHRvdXRlJTIwbGElMjBqb3VybiVDMyVBOWUlMjBhdSUyMG5pdmVhdSUyMGR1JTIwdGFsb24lMjBldCUyMGRlJTIwbGElMjB2byVDMyVCQnRlJTIwcGxhbnRhaXJlJTNDJTJGbGklM0UlMEElMjAlMjAlMjAlMjAlMjAlMjAlMEElM0NsaSUyMGNsYXNzJTNEJTIyYmVuZWZpdHMtZGV0YWlscy0yJTIwYW5pbWF0ZSUyMiUyMGRhdGEtaW5kZXglM0QlMjIxJTIyJTNFJTNDc3Ryb25nJTNFMi4lMjBTb3V0aWVuJTIwcmVuZm9yYyVDMyVBOSUyMGRlJTIwbGElMjB2byVDMyVCQnRlJTIwcGxhbnRhaXJlJTNDJTJGc3Ryb25nJTNFJTBBJTNDYnIlM0VDb25zdHJ1Y3Rpb24lMjByZW5mb3JjJUMzJUE5ZSUyMGV0JTIwc291dGllbiUyMGxhdCVDMyVBOXJhbCUyMHBvdXIlMjBzb3V0ZW5pciUyMGxhJTIwdm8lQzMlQkJ0ZSUyMHBsYW50YWlyZSUyMCVDMyVBMCUyMGNoYXF1ZSUyMGZvdWwlQzMlQTllJTNDJTJGbGklM0UlMEElMjAlMjAlMjAlMjAlMjAlMjAlMEElM0NsaSUyMGNsYXNzJTNEJTIyYmVuZWZpdHMtZGV0YWlscy0zJTIwYW5pbWF0ZSUyMiUyMGRhdGEtaW5kZXglM0QlMjIyJTIyJTNFJTNDc3Ryb25nJTNFMy4lMjBBJUMzJUE5cmF0ZXVycyUyMCUzQyUyRnN0cm9uZyUzRSUyMCUzQ2JyJTIwJTJGJTNFR2FyZGUlMjBsZXMlMjBwaWVkcyUyMGZyYWlzJTIwZXQlMjBzZWNzJTIwZHVyYW50JTIwbGUlMjB0cmF2YWlsJTNDJTJGbGklM0UlMEElMjAlMjAlMjAlMjAlMjAlMjAlMEElM0NsaSUyMGNsYXNzJTNEJTIyYmVuZWZpdHMtZGV0YWlscy00JTIwYW5pbWF0ZSUyMiUyMGRhdGEtaW5kZXglM0QlMjIzJTIyJTNFJTNDc3Ryb25nJTNFNC4lMjBBbW9ydGlzc2VtZW50JTIwc3VwcGwlQzMlQTltZW50YWlyZSUyMGRlJTIwbCVFMiU4MCU5OWF2YW50LXBpZWQlMjAlM0MlMkZzdHJvbmclM0UlM0NiciUyMCUyRiUzRVBvdXIlMjBwcm90JUMzJUE5Z2VyJTIwY2V0dGUlMjB6b25lJTIwc2Vuc2libGUlM0MlMkZsaSUzRSUwQSUyMCUyMCUyMCUyMCUyMCUyMCUwQSUzQyUyRnVsJTNFJTBB[\/vc_raw_html][\/vc_column_inner][\/vc_row_inner][\/vc_tta_section][vc_tta_section title=&#8221;Explications&#8221; tab_id=&#8221;why-it-works&#8221;][vc_row_inner][vc_column_inner width=&#8221;1\/2&#8243;][vc_single_image image=&#8221;865&#8243; img_size=&#8221;full&#8221;][\/vc_column_inner][vc_column_inner width=&#8221;1\/2&#8243;][vc_column_text]Lorsque vous travaillez debout toute la journ\u00e9e, le poids du corps et l\u2019impact de chaque pas <a href=\"\/fr\/ca\/symptomes-et-problemes\/douleur-aux-pieds-et-problemes-de-sante\/fatigue-et-douleur-aux-pieds\/\"><strong>fatiguent les muscles des pieds et des jambes<\/strong><\/a>. Cette fatigue et ses douleurs risquent de vous ralentir.\r\nNos <strong>semelles de travail Comfort &amp; Energy<\/strong> offrent un soutien et une couche suppl\u00e9mentaire de rembourrage pour absorber les chocs li\u00e9s au travail sur des surfaces dures, et r\u00e9duire la <a href=\"\/fr\/ca\/symptomes-et-problemes\/douleur-au-bas-du-dos-et-problemes-de-sante\/fatigue-musculaire\/\"><strong>fatigue musculaire<\/strong><\/a>. Ainsi, vous vous sentirez plein d\u2019\u00e9nergie toute la journ\u00e9e.[\/vc_column_text][\/vc_column_inner][\/vc_row_inner][\/vc_tta_section][vc_tta_section title=&#8221;Mode d\u2019emploi&#8221; tab_id=&#8221;how-to-use&#8221;][vc_row_inner][vc_column_inner width=&#8221;1\/4&#8243;][vc_column_text]\r\n<h6 style=\"text-align: center;\">1re\u00a0\u00c9TAPE<\/h6>\r\n<p style=\"text-align: center;\">Les semelles de vos chaussures sont sans doute amovibles \u2013 RETIREZ-LES.<\/p>\r\n[\/vc_column_text][\/vc_column_inner][vc_column_inner width=&#8221;1\/4&#8243;][vc_column_text]\r\n<h6 style=\"text-align: center;\">2e\u00a0\u00c9TAPE<\/h6>\r\n<p style=\"text-align: center;\">Placez notre semelle dans la chaussure pour v\u00e9rifier la pointure.<\/p>\r\n[\/vc_column_text][\/vc_column_inner][vc_column_inner width=&#8221;1\/4&#8243;][vc_column_text]\r\n<h6 style=\"text-align: center;\">3e\u00a0\u00c9TAPE<\/h6>\r\n<p style=\"text-align: center;\">Au besoin, d\u00e9coupez les rebords (au haut de la semelle, pr\u00e8s des orteils) pour ajuster la semelle \u00e0 votre pointure.<\/p>\r\n[\/vc_column_text][\/vc_column_inner][vc_column_inner width=&#8221;1\/4&#8243;][vc_column_text]\r\n<h6 style=\"text-align: center;\">4e\u00a0\u00c9TAPE<\/h6>\r\n<p style=\"text-align: center;\">Ins\u00e9rez la semelle dans la chaussure, C\u00d4T\u00c9 GEL VERS LE BAS.<\/p>\r\n[\/vc_column_text][\/vc_column_inner][\/vc_row_inner][vc_row_inner][vc_column_inner][vc_column_text]\r\n<p style=\"text-align: center;\">Remplacez la semelle apr\u00e8s six (6) mois ou d\u00e8s qu\u2019il y a des signes d\u2019usure.<\/p>\r\n[\/vc_column_text][\/vc_column_inner][\/vc_row_inner][\/vc_tta_section][vc_tta_section title=&#8221;Vid\u00e9o p\u00e9dagogique&#8221; tab_id=&#8221;video-pedagogique&#8221;][vc_video link=&#8221;https:\/\/youtu.be\/Dj3JSCLYIVQ&#8221;][\/vc_tta_section][\/vc_tta_tabs][\/vc_column][\/vc_row][\/vc_section][vc_row content_placement=&#8221;top&#8221; el_id=&#8221;product-carousel&#8221;][vc_column][vc_custom_heading text=&#8221;Produits pertinents en magasin&#8221; font_container=&#8221;tag:h2|text_align:center&#8221; use_theme_fonts=&#8221;yes&#8221; el_class=&#8221;text-uppercase&#8221;][vc_raw_html]JTVCcHJvZHVjdHNfc2xpZGVyJTIwY2F0cyUzRCUyMjMyOCUyMiUyMGF1dG9wbGF5JTNEJUUyJTgwJTlEZmFsc2UlRTIlODAlOUQlMjBvcmRlcmJ5JTNEJTIybWVudV9vcmRlciUyMiU1RA==[\/vc_raw_html][\/vc_column][\/vc_row]<\/div>","protected":false},"excerpt":{"rendered":"<p>Nos <strong>semelles de travail Comfort &amp; Energy<\/strong> sont sp\u00e9cialement con\u00e7ues pour les personnes qui travaillent debout toute la journ\u00e9e et qui ressentent inconfort et fatigue aux pieds et aux jambes.<\/p>\n<h5>Avantages<\/h5>\n<ul>\n<li>Absorption sup\u00e9rieure des chocs pour garder le plein d\u2019\u00e9nergie au travail<\/li>\n<li>Construction robuste con\u00e7ue pour des environnements difficiles tels que des surfaces dures ou in\u00e9gales<\/li>\n<li>R\u00e9duit la fatigue musculaire des pieds et des jambes et vous permet de rester debout encore plus longtemps<\/li>\n<li>Support renforc\u00e9 \u00e0 la vo\u00fbte plantaire\u00a0: des colonnes fermes fournissent un support profil\u00e9 \u00e0 la zone surcharg\u00e9e<\/li>\n<\/ul>\n","protected":false},"featured_media":13755,"template":"","meta":{"_acf_changed":false},"product_brand":[],"product_cat":[204,208,324,196,22,328,183,187,224,199,173,174,214],"product_tag":[],"class_list":{"0":"post-241","1":"product","2":"type-product","3":"status-publish","4":"has-post-thumbnail","6":"product_cat-chaussures-decontractees-espadrilles","7":"product_cat-chaussures-et-bottes-de-travail","8":"product_cat-chaussures-inconfortables","9":"product_cat-chaussures-sans-soutien","10":"product_cat-confort-et-energie","11":"product_cat-jambes-fatiguees-et-douloureuses","12":"product_cat-pieds-fatigues-et-douloureux","13":"product_cat-pieds-plats","14":"product_cat-semelles","15":"product_cat-semelles-completes","16":"product_cat-semelles-femmes","17":"product_cat-semelles-homme","18":"product_cat-technologie-massaging-gel","19":"pa_size-men-8-14","20":"pa_size-women-6-10","22":"first","23":"instock","24":"taxable","25":"shipping-taxable","26":"product-type-variable"},"acf":[],"_links":{"self":[{"href":"https:\/\/www.drscholls.ca\/fr\/wp-json\/wp\/v2\/product\/241","targetHints":{"allow":["GET"]}}],"collection":[{"href":"https:\/\/www.drscholls.ca\/fr\/wp-json\/wp\/v2\/product"}],"about":[{"href":"https:\/\/www.drscholls.ca\/fr\/wp-json\/wp\/v2\/types\/product"}],"wp:featuredmedia":[{"embeddable":true,"href":"https:\/\/www.drscholls.ca\/fr\/wp-json\/wp\/v2\/media\/13755"}],"wp:attachment":[{"href":"https:\/\/www.drscholls.ca\/fr\/wp-json\/wp\/v2\/media?parent=241"}],"wp:term":[{"taxonomy":"product_brand","embeddable":true,"href":"https:\/\/www.drscholls.ca\/fr\/wp-json\/wp\/v2\/product_brand?post=241"},{"taxonomy":"product_cat","embeddable":true,"href":"https:\/\/www.drscholls.ca\/fr\/wp-json\/wp\/v2\/product_cat?post=241"},{"taxonomy":"product_tag","embeddable":true,"href":"https:\/\/www.drscholls.ca\/fr\/wp-json\/wp\/v2\/product_tag?post=241"}],"curies":[{"name":"wp","href":"https:\/\/api.w.org\/{rel}","templated":true}]}}