{"id":14193,"date":"2024-03-20T11:05:34","date_gmt":"2024-03-20T16:05:34","guid":{"rendered":"https:\/\/www.drscholls.ca\/fr\/?post_type=product&#038;p=14193"},"modified":"2024-03-25T14:05:11","modified_gmt":"2024-03-25T19:05:11","slug":"semelles-go-sockless-de-dr-scholls","status":"publish","type":"product","link":"https:\/\/www.drscholls.ca\/fr\/p\/semelles-femmes\/semelles-go-sockless-de-dr-scholls\/","title":{"rendered":"Semelles Go Sockless! de Dr. Scholl&#8217;s\u00ae"},"content":{"rendered":"<div class=\"wpb-content-wrapper\">[vc_section full_width=&#8221;stretch_row&#8221; el_id=&#8221;product-tabs&#8221;][vc_row][vc_column][vc_tta_tabs style=&#8221;flat&#8221; shape=&#8221;square&#8221; color=&#8221;white&#8221; alignment=&#8221;center&#8221; active_section=&#8221;1&#8243;][vc_tta_section title=&#8221;Benefits&#8221; tab_id=&#8221;benefits&#8221;][vc_column_text]\r\n<p class=\"p1\">\u2022Couche sup\u00e9rieure en tissu \u00e9ponge pour un confort ultradoux. Pieds \u00e0 l&#8217;aise et douillets gr\u00e2ce \u00e0 un rembourrage suppl\u00e9mentaire.<\/p>\r\n<p class=\"p1\">\u2022Absorbe la transpiration et contr\u00f4le l&#8217;humidit\u00e9 pour que les chaussures restent fra\u00eeches plus longtemps. Les ouvertures de ventilation aident \u00e0 garder les pieds au sec, tandis que le traitement contre les odeurs permet de contr\u00f4ler les odeurs ind\u00e9sirables.<\/p>\r\n<p class=\"p1\">\u2022Une alternative aux chaussettes invisibles! Ces semelles offrent une surface plate et non restrictive avec une couche de mousse amortissante et stabilisante qui aide les semelles \u00e0 rester en place en \u00e9vitant les plis et les bourrelets &#8211; elles ne se verront pas sur le dessus et l&#8217;arri\u00e8re de la chaussure!<\/p>\r\n<p class=\"p1\">\u20223 paires incluses! Assurez-vous de prendre les 3 paires et de diff\u00e9rencier les semelles droite et gauche pour chacune d&#8217;entre elles. Vous devriez avoir un total de 6 semelles &#8211; 3 \u00e0 droite, 3 \u00e0 gauche. Peut \u00eatre d\u00e9coup\u00e9e pour s&#8217;adapter \u00e0 votre pointure. Semelle fine con\u00e7ue pour ne pas comprimer les orteils dans les chaussures.<\/p>\r\n<p class=\"p1\">\u2022\u00c0 utiliser comme couche d&#8217;amortissement suppl\u00e9mentaire et comme alternative au port de chaussettes. Elle peut \u00e9galement remplacer la semelle d&#8217;origine de votre chaussure. Id\u00e9ale pour les chaussures plates, les espadrilles, les chaussures de bateau et les autres chaussures pour lesquelles vous ne voulez pas porter de chaussettes.<\/p>\r\n[\/vc_column_text][\/vc_tta_section][vc_tta_section title=&#8221;How to Use It&#8221; tab_id=&#8221;how-to-use&#8221;][vc_row_inner][vc_column_inner width=&#8221;1\/2&#8243;][vc_column_text]\r\n<p class=\"p1\" style=\"text-align: center;\"><strong>\u00c9TAPE 1<\/strong>\r\nLes semelles int\u00e9rieures de vos chaussures sont-elles amovibles? Commencez par les retirer.<\/p>\r\n[\/vc_column_text][\/vc_column_inner][vc_column_inner width=&#8221;1\/2&#8243;][vc_column_text]\r\n<p class=\"p1\" style=\"text-align: center;\"><strong>\u00c9TAPE 2<\/strong>\r\nD\u00e9coupez la semelle int\u00e9rieure \u00e0 l&#8217;aide d&#8217;une paire de ciseaux classiques bien aiguis\u00e9s.<\/p>\r\n[\/vc_column_text][\/vc_column_inner][\/vc_row_inner][vc_row_inner][vc_column_inner width=&#8221;1\/2&#8243;][vc_column_text]\r\n<p class=\"p1\" style=\"text-align: center;\"><strong>\u00c9TAPE 3<\/strong>\r\nPlacez vos semelles int\u00e9rieures dans la chaussure, c\u00f4t\u00e9 tissu vers le haut. Veillez \u00e0 ce que la semelle repose bien \u00e0 plat sur le fond de la chaussure.<\/p>\r\n[\/vc_column_text][\/vc_column_inner][vc_column_inner width=&#8221;1\/2&#8243;][vc_column_text]\r\n<p class=\"p1\" style=\"text-align: center;\"><strong>\u00c9TAPE 4<\/strong>\r\nProfitez de vos activit\u00e9s quotidiennes les pieds \u00e0 l&#8217;aise et prot\u00e9g\u00e9s!<\/p>\r\n[\/vc_column_text][\/vc_column_inner][\/vc_row_inner][vc_row_inner][vc_column_inner][vc_column_text]\r\n<p class=\"p1\" style=\"text-align: center;\">Remplacez les semelles tous les six (6) mois ou d\u00e8s les premiers signes d&#8217;usure.<\/p>\r\n[\/vc_column_text][\/vc_column_inner][\/vc_row_inner][\/vc_tta_section][vc_tta_section title=&#8221;Features&#8221; tab_id=&#8221;features&#8221;][vc_row_inner][vc_column_inner][vc_column_text]\r\n<p class=\"p1\">Tissu \u00e9ponge pelucheux &#8211; Capte et contr\u00f4le l&#8217;humidit\u00e9 pour que les chaussures restent fra\u00eeches plus longtemps.<\/p>\r\n<p class=\"p1\">Mousse stabilisante &#8211; Aide les semelles \u00e0 rester en place et \u00e0 \u00e9viter tout froissement et toute d\u00e9formation.<\/p>\r\n<p class=\"p1\">Ouvertures de ventilation &#8211; Pour garder les pieds au frais et au sec.<\/p>\r\n[\/vc_column_text][\/vc_column_inner][\/vc_row_inner][vc_row_inner][vc_column_inner width=&#8221;1\/3&#8243;][vc_column_text]\r\n<p class=\"p1\">Marchez deux fois plus longtemps sans fatigue en r\u00e9duisant les douleurs musculaires dans les pieds et les jambes.<\/p>\r\n[\/vc_column_text][\/vc_column_inner][vc_column_inner width=&#8221;1\/3&#8243;][vc_column_text]\r\n<p class=\"p1\">Le coussinet pelucheux et flexible absorbe les chocs et prot\u00e8ge les articulations. Couche sup\u00e9rieure en tissu \u00e9ponge doux pour plus de confort.<\/p>\r\n[\/vc_column_text][\/vc_column_inner][vc_column_inner width=&#8221;1\/3&#8243;][vc_column_text]\r\n<p class=\"p1\">La couche inf\u00e9rieure de mousse stabilisante permet aux semelles de rester en place et \u00e9vite les plis et les bourrelets.<\/p>\r\n[\/vc_column_text][\/vc_column_inner][\/vc_row_inner][vc_row_inner][vc_column_inner width=&#8221;1\/2&#8243;][vc_column_text]\r\n<p class=\"p1\">Absorbe et contr\u00f4le l&#8217;humidit\u00e9 pour que les chaussures restent fra\u00eeches plus longtemps. Les ouvertures de ventilation permettent de garder les pieds au sec.<\/p>\r\n[\/vc_column_text][\/vc_column_inner][vc_column_inner width=&#8221;1\/2&#8243;][vc_column_text]\r\n<p class=\"p1\">Profil effil\u00e9 con\u00e7u pour ne pas encombrer les orteils dans les chaussures et s&#8217;adapter confortablement \u00e0 tous les types de chaussures de sport et de marche.<\/p>\r\n[\/vc_column_text][\/vc_column_inner][\/vc_row_inner][\/vc_tta_section][\/vc_tta_tabs][\/vc_column][\/vc_row][\/vc_section]<\/div>","protected":false},"excerpt":{"rendered":"<p class=\"p1\">Les semelles Go Sockless! de Dr. Scholl&#8217;s\u00ae offrent un amorti tout au long de la journ\u00e9e et une protection contre l&#8217;humidit\u00e9 pour que vous puissiez vous passer de chaussettes en toute confiance. Ces semelles sont con\u00e7ues avec une couche sup\u00e9rieure en tissu \u00e9ponge et une mousse stabilisatrice ventil\u00e9e pour aider \u00e0 garder les pieds au frais, au sec et dans le confort. Pas de transpiration. Pas de trace. Pas de probl\u00e8me!<\/p>\n","protected":false},"featured_media":14194,"template":"","meta":{"_acf_changed":false},"product_brand":[],"product_cat":[224,173,174],"product_tag":[],"class_list":{"0":"post-14193","1":"product","2":"type-product","3":"status-publish","4":"has-post-thumbnail","6":"product_cat-semelles","7":"product_cat-semelles-femmes","8":"product_cat-semelles-homme","10":"first","11":"instock","12":"taxable","13":"shipping-taxable","14":"product-type-simple"},"acf":[],"_links":{"self":[{"href":"https:\/\/www.drscholls.ca\/fr\/wp-json\/wp\/v2\/product\/14193","targetHints":{"allow":["GET"]}}],"collection":[{"href":"https:\/\/www.drscholls.ca\/fr\/wp-json\/wp\/v2\/product"}],"about":[{"href":"https:\/\/www.drscholls.ca\/fr\/wp-json\/wp\/v2\/types\/product"}],"wp:featuredmedia":[{"embeddable":true,"href":"https:\/\/www.drscholls.ca\/fr\/wp-json\/wp\/v2\/media\/14194"}],"wp:attachment":[{"href":"https:\/\/www.drscholls.ca\/fr\/wp-json\/wp\/v2\/media?parent=14193"}],"wp:term":[{"taxonomy":"product_brand","embeddable":true,"href":"https:\/\/www.drscholls.ca\/fr\/wp-json\/wp\/v2\/product_brand?post=14193"},{"taxonomy":"product_cat","embeddable":true,"href":"https:\/\/www.drscholls.ca\/fr\/wp-json\/wp\/v2\/product_cat?post=14193"},{"taxonomy":"product_tag","embeddable":true,"href":"https:\/\/www.drscholls.ca\/fr\/wp-json\/wp\/v2\/product_tag?post=14193"}],"curies":[{"name":"wp","href":"https:\/\/api.w.org\/{rel}","templated":true}]}}