{"id":14186,"date":"2024-03-20T09:21:28","date_gmt":"2024-03-20T14:21:28","guid":{"rendered":"https:\/\/www.drscholls.ca\/fr\/?post_type=product&#038;p=14186"},"modified":"2024-03-25T14:02:12","modified_gmt":"2024-03-25T19:02:12","slug":"rape-electrique-anti-callosites-dr-scholls","status":"publish","type":"product","link":"https:\/\/www.drscholls.ca\/fr\/p\/pieds-rugueux-secs-fendilles\/rape-electrique-anti-callosites-dr-scholls\/","title":{"rendered":"R\u00e2pe \u00e9lectrique anti-callosit\u00e9s Dr. Scholl&#8217;s"},"content":{"rendered":"<div class=\"wpb-content-wrapper\">[vc_section full_width=&#8221;stretch_row&#8221; el_id=&#8221;product-tabs&#8221;][vc_row][vc_column][vc_tta_tabs style=&#8221;flat&#8221; shape=&#8221;square&#8221; color=&#8221;white&#8221; alignment=&#8221;center&#8221; active_section=&#8221;1&#8243;][vc_tta_section title=&#8221;Benefits&#8221; tab_id=&#8221;benefits&#8221;][vc_column_text]\r\n<p class=\"p1\">. Exfolie rapidement et en douceur la peau des pieds, m\u00eame la plus dure.<\/p>\r\n<p class=\"p1\">. La t\u00eate tourne automatiquement \u00e0 360 degr\u00e9s pour une exfoliation facile.<\/p>\r\n<p class=\"p1\">. Les pieds sont lisses et confortables<\/p>\r\n<p class=\"p1\">. Parfait pour les voyages<\/p>\r\n<p class=\"p1\">. Piles incluses<\/p>\r\n[\/vc_column_text][\/vc_tta_section][vc_tta_section title=&#8221;Why it Works&#8221; tab_id=&#8221;why-it-works&#8221;][vc_column_text]\r\n<p class=\"p1\">La t\u00eate du rouleau pivote automatiquement \u00e0 360 degr\u00e9s pour \u00e9liminer les peaux les plus dures des pieds. Id\u00e9al pour les voyages, cet appareil facilite les soins des pieds en d\u00e9placement. Piles incluses!<\/p>\r\n[\/vc_column_text][\/vc_tta_section][vc_tta_section title=&#8221;How to Use It&#8221; tab_id=&#8221;how-to-use&#8221;][vc_row_inner][vc_column_inner width=&#8221;1\/3&#8243;][vc_column_text]\r\n<p class=\"p1\" style=\"text-align: center;\">Assurez-vous que la t\u00eate du rouleau est bien ins\u00e9r\u00e9e dans l&#8217;appareil avant de l&#8217;utiliser.<span class=\"Apple-converted-space\">\u00a0 <\/span>Ne pas utiliser l&#8217;appareil sans la t\u00eate du rouleau.<\/p>\r\n[\/vc_column_text][\/vc_column_inner][vc_column_inner width=&#8221;1\/3&#8243;][vc_column_text]\r\n<p class=\"p1\" style=\"text-align: center;\">Mettez l&#8217;appareil en marche \u00e0 l&#8217;aide du bouton situ\u00e9 \u00e0 l&#8217;avant et glissez doucement sur la peau durcie.<span class=\"Apple-converted-space\">\u00a0 <\/span>Les peaux mortes s&#8217;exfolient progressivement.<span class=\"Apple-converted-space\">\u00a0 <\/span>N&#8217;appuyez pas trop fort ou l&#8217;appareil s&#8217;arr\u00eatera.<\/p>\r\n[\/vc_column_text][\/vc_column_inner][vc_column_inner width=&#8221;1\/3&#8243;][vc_column_text]\r\n<p class=\"p1\" style=\"text-align: center;\">\u00c9teignez l&#8217;appareil et v\u00e9rifiez l&#8217;\u00e9tat de vos pieds pour voir si vous avez obtenu la douceur souhait\u00e9e &#8211; si ce n&#8217;est pas le cas, recommencez le processus.<span class=\"Apple-converted-space\">\u00a0 <\/span>AVERTISSEMENT : Ne pas utiliser l&#8217;appareil sur la m\u00eame zone pendant plus de 3-4 secondes \u00e0 la fois.<span class=\"Apple-converted-space\">\u00a0 <\/span>ARR\u00caTER si la peau devient douloureuse ou irrit\u00e9e.<\/p>\r\n[\/vc_column_text][\/vc_column_inner][\/vc_row_inner][vc_row_inner][vc_column_inner width=&#8221;1\/2&#8243;][vc_column_text]\r\n<p class=\"p1\" style=\"text-align: center;\">Essuyez ou rincez vos pieds pour \u00e9liminer l&#8217;exc\u00e8s de peaux mortes.<\/p>\r\n[\/vc_column_text][\/vc_column_inner][vc_column_inner width=&#8221;1\/2&#8243;][vc_column_text]\r\n<p class=\"p1\" style=\"text-align: center;\">S\u00e9chez soigneusement vos pieds et appliquez une cr\u00e8me hydratante.<\/p>\r\n[\/vc_column_text][\/vc_column_inner][\/vc_row_inner][\/vc_tta_section][vc_tta_section title=&#8221;Features&#8221; tab_id=&#8221;features&#8221;][vc_row_inner][vc_column_inner width=&#8221;1\/2&#8243;][vc_column_text]\r\n<p class=\"p1\" style=\"text-align: center;\"><strong>Finies<span class=\"Apple-converted-space\">\u00a0 <\/span>les callosit\u00e9s<\/strong>\r\n\u00e9liminez sans effort les callosit\u00e9s gr\u00e2ce \u00e0 la r\u00e2pe \u00e9lectrique pour les pieds Dr. Scholl&#8217;s, con\u00e7ue pour une revitalisation rapide et en douceur.<\/p>\r\n[\/vc_column_text][\/vc_column_inner][vc_column_inner width=&#8221;1\/2&#8243;][vc_column_text]\r\n<p class=\"p1\" style=\"text-align: center;\"><strong>T\u00eate de rouleau rotative<\/strong>\r\nPassez la r\u00e2pe sur vos pieds pendant que la t\u00eate rotative \u00e0 360 degr\u00e9s \u00e9limine comme par magie les peaux rugueuses et dures, laissant vos pieds doux et confortables.<\/p>\r\n[\/vc_column_text][\/vc_column_inner][\/vc_row_inner][vc_row_inner][vc_column_inner width=&#8221;1\/2&#8243;][vc_column_text]\r\n<p class=\"p1\" style=\"text-align: center;\"><strong>Conception compacte<\/strong>\r\nLa r\u00e2pe \u00e9lectrique anti-callosit\u00e9s Dr. Scholl&#8217;s est d&#8217;une taille id\u00e9ale pour les voyages, afin que vous puissiez avoir des pieds doux et lisses o\u00f9 que vous soyez!<\/p>\r\n[\/vc_column_text][\/vc_column_inner][vc_column_inner width=&#8221;1\/2&#8243;][vc_column_text]\r\n<p class=\"p1\" style=\"text-align: center;\"><strong>Super pratique<\/strong>\r\n4 piles AAA incluses<\/p>\r\n[\/vc_column_text][\/vc_column_inner][\/vc_row_inner][\/vc_tta_section][\/vc_tta_tabs][\/vc_column][\/vc_row][\/vc_section]<\/div>","protected":false},"excerpt":{"rendered":"<p class=\"p1\">Revitalisez vos pieds sans effort gr\u00e2ce \u00e0 la r\u00e2pe \u00e9lectrique Dr. Scholl&#8217;s con\u00e7ue pour \u00e9liminer rapidement, et tout en douceur, les peaux r\u00eaches et les callosit\u00e9s. Passez la r\u00e2pe sur vos pieds tandis que la t\u00eate du rouleau tourne automatiquement \u00e0 360 degr\u00e9s pour \u00e9liminer la peau rugueuse et dure. R\u00e9sultat : des pieds doux et confortables. Utile pour les hommes comme pour les femmes, la r\u00e2pe \u00e9lectrique \u00e9limine sans effort la peau rugueuse pour r\u00e9v\u00e9ler les couches douces et rajeunies qui se trouvent en dessous.<span class=\"Apple-converted-space\">\u00a0 <\/span>La conception compacte de cet appareil en fait un compagnon de voyage id\u00e9al. De plus, les piles sont incluses, pour une solution pratique \u00e0 vos besoins d&#8217;exfoliation.<\/p>\n","protected":false},"featured_media":14187,"template":"","meta":{"_acf_changed":false},"product_brand":[],"product_cat":[403],"product_tag":[],"class_list":{"0":"post-14186","1":"product","2":"type-product","3":"status-publish","4":"has-post-thumbnail","6":"product_cat-pieds-rugueux-secs-fendilles","8":"first","9":"instock","10":"taxable","11":"shipping-taxable","12":"product-type-simple"},"acf":[],"_links":{"self":[{"href":"https:\/\/www.drscholls.ca\/fr\/wp-json\/wp\/v2\/product\/14186","targetHints":{"allow":["GET"]}}],"collection":[{"href":"https:\/\/www.drscholls.ca\/fr\/wp-json\/wp\/v2\/product"}],"about":[{"href":"https:\/\/www.drscholls.ca\/fr\/wp-json\/wp\/v2\/types\/product"}],"wp:featuredmedia":[{"embeddable":true,"href":"https:\/\/www.drscholls.ca\/fr\/wp-json\/wp\/v2\/media\/14187"}],"wp:attachment":[{"href":"https:\/\/www.drscholls.ca\/fr\/wp-json\/wp\/v2\/media?parent=14186"}],"wp:term":[{"taxonomy":"product_brand","embeddable":true,"href":"https:\/\/www.drscholls.ca\/fr\/wp-json\/wp\/v2\/product_brand?post=14186"},{"taxonomy":"product_cat","embeddable":true,"href":"https:\/\/www.drscholls.ca\/fr\/wp-json\/wp\/v2\/product_cat?post=14186"},{"taxonomy":"product_tag","embeddable":true,"href":"https:\/\/www.drscholls.ca\/fr\/wp-json\/wp\/v2\/product_tag?post=14186"}],"curies":[{"name":"wp","href":"https:\/\/api.w.org\/{rel}","templated":true}]}}