{"id":14062,"date":"2023-04-12T00:03:54","date_gmt":"2023-04-12T05:03:54","guid":{"rendered":"https:\/\/www.drscholls.ca\/fr\/?post_type=product&#038;p=14062"},"modified":"2025-03-21T16:16:33","modified_gmt":"2025-03-21T21:16:33","slug":"masque-ultra-hydratant-pour-les-pieds-3-pack","status":"publish","type":"product","link":"https:\/\/www.drscholls.ca\/fr\/p\/pieds-rugueux-secs-fendilles\/masque-ultra-hydratant-pour-les-pieds-3-pack\/","title":{"rendered":"Dr. Scholl&#8217;s<sup>\u00ae<\/sup> Masque Ultra Hydratant pour les Pieds 3-pack"},"content":{"rendered":"<div class=\"wpb-content-wrapper\">[vc_section full_width=&#8221;stretch_row&#8221; el_id=&#8221;product-tabs&#8221;][vc_row][vc_column][vc_tta_tabs style=&#8221;flat&#8221; shape=&#8221;square&#8221; color=&#8221;white&#8221; alignment=&#8221;center&#8221; active_section=&#8221;1&#8243;][vc_tta_section title=&#8221;Pourquoi \u00e7a marche&#8221; tab_id=&#8221;pourquoi-\u00e7a-marche&#8221;][vc_row_inner][vc_column_inner width=&#8221;1\/2&#8243;][vc_single_image image=&#8221;14065&#8243; img_size=&#8221;full&#8221;][\/vc_column_inner][vc_column_inner width=&#8221;1\/2&#8243;][vc_column_text]\r\n<ul>\r\n \t<li><a href=\"https:\/\/www.drscholls.com\/ca\/symptoms-and-conditions\/foot-skin-conditions\/dry-rough-and-cracked-skin\/\">La peau rugueuse et s\u00e8che<\/a> peut \u00eatre inconfortable et embarrassante et difficile \u00e0 g\u00e9rere<\/li>\r\n \t<li><strong>Dr. Scholl\u2019s\u00ae Ultra Hydrating Foot Mask<\/strong> contient un m\u00e9lange exclusif enrichi en ur\u00e9e, en huiles essentielles naturelles et en agents hydratants soigneusement s\u00e9lectionn\u00e9s comme l\u2019acide hyaluronique, le beurre de karit\u00e9, la macadamia et les huiles de noix de coco.<\/li>\r\n<\/ul>\r\n[\/vc_column_text][\/vc_column_inner][\/vc_row_inner][\/vc_tta_section][vc_tta_section title=&#8221;Comment l\u2019utiliser&#8221; tab_id=&#8221;comment-l-utiliser&#8221;][vc_row_inner][vc_column_inner width=&#8221;1\/3&#8243;][vc_column_text]\r\n<h6 style=\"text-align: center;\">\u00c9TAPE 1<\/h6>\r\n<p style=\"text-align: center;\">Laver les pieds et bien s\u00e9cher.<\/p>\r\n[\/vc_column_text][\/vc_column_inner][vc_column_inner width=&#8221;1\/3&#8243;][vc_column_text]\r\n<h6 style=\"text-align: center;\">\u00c9TAPE 2<\/h6>\r\n<p style=\"text-align: center;\">Pour ouvrir les chaussons, \u00e9cartez la couture le long du dessus des chaussons.\r\n.<\/p>\r\n[\/vc_column_text][\/vc_column_inner][vc_column_inner width=&#8221;1\/3&#8243;][vc_column_text]\r\n<h6 style=\"text-align: center;\">\u00c9TAPE 3<\/h6>\r\n<p style=\"text-align: center;\">Glissez un pied dans chaque chausson et fermez-le solidement \u00e0 la cheville pour un ajustement parfait.<\/p>\r\n[\/vc_column_text][\/vc_column_inner][\/vc_row_inner][vc_row_inner][vc_column_inner width=&#8221;1\/2&#8243;][vc_column_text]\r\n<h6 style=\"text-align: center;\">\u00c9TAPE 4<\/h6>\r\n<p style=\"text-align: center;\">Enlevez les chaussons apr\u00e8s 60-90 minutes et jetez-les.<\/p>\r\n[\/vc_column_text][\/vc_column_inner][vc_column_inner width=&#8221;1\/2&#8243;][vc_column_text]\r\n<h6 style=\"text-align: center;\">\u00c9TAPE 5<\/h6>\r\n<p style=\"text-align: center;\">Rincez tout exc\u00e8s de produit \u00e0 l\u2019eau ti\u00e8de.<\/p>\r\n[\/vc_column_text][\/vc_column_inner][\/vc_row_inner][\/vc_tta_section][vc_tta_section title=&#8221;Ingr\u00e9dients&#8221; tab_id=&#8221;ingr\u00e9dients&#8221;][vc_row_inner][vc_column_inner][vc_column_text]\r\n<div class=\"mtText\" data-el=\"targetTextContainer\" data-languages=\"1\">\r\n<div class=\"mtTextGroup\" data-el=\"mtGroup\" data-translationparent=\"0\" data-status=\"expanded\">\r\n<div id=\"targetText0\" class=\"mtTextGroupSelf\">\r\n<div>\r\n<div>Alcool Denat., Eau, Acide lactique, ur\u00e9e, alcool isopropylique, acide glycolique, glyc\u00e9rine, extrait de racine de Nelumbo nucifera, extrait de racine de Lepidum meyenii, Extrait de graines de Tamarindus indica, extrait de fruit de citron d\u2019agrumes, extrait d\u2019Acer saccharum (\u00e9rable \u00e0 sucre), extrait de fruit\/feuille de Vaccinium myrtillus, extrait de saccharum officinarum (surgarcane), Extrait de fruit de Citrus Aurantium Dulcis (Orange), huile de Lavandula angustifolia (lavande), huile de mentha piperita (menthe poivr\u00e9e), ac\u00e9tate de tocoph\u00e9ryle, b\u00e9ta\u00efne, Hydroxy\u00e9thylcelluose, citrate de sodium, acide salicylique, huile de ricin hydrog\u00e9n\u00e9e PEG-60, menthol, EDTA disodique<\/div>\r\n<\/div>\r\n<\/div>\r\n<\/div>\r\n<\/div>\r\n[\/vc_column_text][\/vc_column_inner][\/vc_row_inner][\/vc_tta_section][\/vc_tta_tabs][\/vc_column][\/vc_row][\/vc_section]<\/div>","protected":false},"excerpt":{"rendered":"<p>Nous avons con\u00e7u le masque ultra hydratant pour les pieds du Dr Scholl pour offrir une exp\u00e9rience de spa \u00e0 domicile pour\u00ae hydrater, <a href=\"https:\/\/www.drscholls.com\/ca\/symptoms-and-conditions\/foot-skin-conditions\/dry-rough-and-cracked-skin\/\">r\u00e9parer et adoucir intens\u00e9ment les pieds rugueux et secs<\/a>. Cette paire de bottines jetables \u00e0 enfiler est infus\u00e9e d\u2019une formule enrichie super hydratante; Un m\u00e9lange exclusif qui p\u00e9n\u00e8tre en profondeur pour gu\u00e9rir et hydratez la peau s\u00e8che et craquel\u00e9e, r\u00e9tablissant l\u2019\u00e9quilibre naturel de l\u2019hydratation de votre peau et laissant vos pieds soyeux, lisses et doux.<\/p>\n<h5>Avantages du produit<\/h5>\n<ul>\n<li>Hydrate, gu\u00e9rit, r\u00e9pare et adoucit intens\u00e9ment la peau rugueuse et s\u00e8che.<\/li>\n<li>Enriched formula with urea and essential oils to restore your skin&#8217;s natural moisture balance, leaving your feet feeling silky smooth and soft.<\/li>\n<li>Formule enrichie avec de l\u2019ur\u00e9e et des huiles essentielles pour r\u00e9tablir l\u2019\u00e9quilibre naturel de l\u2019hydratation de votre peau, laissant vos pieds soyeux lisses et doux.<\/li>\n<li>Coup de pouce hydratant \u00e0 partir d\u2019ingr\u00e9dients comme la glyc\u00e9rine, le beurre de karit\u00e9, l\u2019ur\u00e9e, l\u2019huile de macadamia, l\u2019huile de noix de coco, l\u2019huile d\u2019olive et l\u2019acide hyaluronique.<\/li>\n<li>Le riche complexe d\u2019huiles essentielles multi-m\u00e9lange apaise la peau irrit\u00e9e et s\u00e8che de vos pieds.<\/li>\n<\/ul>\n<h5 class=\"product-head\">Quantit\u00e9<\/h5>\n<ul>\n<li>1 paire de bottines jetables \u00e0 enfiler<\/li>\n<\/ul>\n","protected":false},"featured_media":14063,"template":"","meta":{"_acf_changed":false},"product_brand":[],"product_cat":[403,433],"product_tag":[],"class_list":{"0":"post-14062","1":"product","2":"type-product","3":"status-publish","4":"has-post-thumbnail","6":"product_cat-pieds-rugueux-secs-fendilles","7":"product_cat-soin-tout-peau","9":"first","10":"instock","11":"taxable","12":"shipping-taxable","13":"product-type-simple"},"acf":[],"_links":{"self":[{"href":"https:\/\/www.drscholls.ca\/fr\/wp-json\/wp\/v2\/product\/14062","targetHints":{"allow":["GET"]}}],"collection":[{"href":"https:\/\/www.drscholls.ca\/fr\/wp-json\/wp\/v2\/product"}],"about":[{"href":"https:\/\/www.drscholls.ca\/fr\/wp-json\/wp\/v2\/types\/product"}],"wp:featuredmedia":[{"embeddable":true,"href":"https:\/\/www.drscholls.ca\/fr\/wp-json\/wp\/v2\/media\/14063"}],"wp:attachment":[{"href":"https:\/\/www.drscholls.ca\/fr\/wp-json\/wp\/v2\/media?parent=14062"}],"wp:term":[{"taxonomy":"product_brand","embeddable":true,"href":"https:\/\/www.drscholls.ca\/fr\/wp-json\/wp\/v2\/product_brand?post=14062"},{"taxonomy":"product_cat","embeddable":true,"href":"https:\/\/www.drscholls.ca\/fr\/wp-json\/wp\/v2\/product_cat?post=14062"},{"taxonomy":"product_tag","embeddable":true,"href":"https:\/\/www.drscholls.ca\/fr\/wp-json\/wp\/v2\/product_tag?post=14062"}],"curies":[{"name":"wp","href":"https:\/\/api.w.org\/{rel}","templated":true}]}}