{"id":14051,"date":"2023-04-12T00:03:26","date_gmt":"2023-04-12T05:03:26","guid":{"rendered":"https:\/\/www.drscholls.ca\/fr\/?post_type=product&#038;p=14051"},"modified":"2025-03-21T16:16:33","modified_gmt":"2025-03-21T21:16:33","slug":"prevenir-douleur-bas-corps-protectrice-semelles","status":"publish","type":"product","link":"https:\/\/www.drscholls.ca\/fr\/p\/recuperation-de-la-prevention-de-la-douleur\/prevenir-douleur-bas-corps-protectrice-semelles\/","title":{"rendered":"Dr. Scholl&#8217;s<sup>\u00ae<\/sup> Pr\u00e9venir la douleur Semelles protectrices du bas du corps, 1 paire, garniture pour s\u2019adapter"},"content":{"rendered":"<div class=\"wpb-content-wrapper\">[vc_section full_width=&#8221;stretch_row&#8221; el_id=&#8221;product-tabs&#8221;][vc_row][vc_column][vc_tta_tabs style=&#8221;flat&#8221; shape=&#8221;square&#8221; color=&#8221;white&#8221; alignment=&#8221;center&#8221; active_section=&#8221;1&#8243;][vc_tta_section title=&#8221;Comment l\u2019utiliser&#8221; tab_id=&#8221;comment-l-utiliser&#8221;][vc_row_inner][vc_column_inner width=&#8221;1\/4&#8243;][vc_column_text]\r\n<h6 style=\"text-align: center;\">\u00c9TAPE 1<\/h6>\r\n<p style=\"text-align: center;\">Les semelles int\u00e9rieures de vos chaussures sont-elles amovibles ? Sortez-les d\u2019abord.<\/p>\r\n[\/vc_column_text][\/vc_column_inner][vc_column_inner width=&#8221;1\/4&#8243;][vc_column_text]\r\n<h6 style=\"text-align: center;\">\u00c9TAPE 2<\/h6>\r\n<p style=\"text-align: center;\">Coupez la semelle int\u00e9rieure pour l\u2019adapter \u00e0 l\u2019aide d\u2019une paire standard de ciseaux tranchants.<\/p>\r\n[\/vc_column_text][\/vc_column_inner][vc_column_inner width=&#8221;1\/4&#8243;][vc_column_text]\r\n<h6 style=\"text-align: center;\">\u00c9TAPE 3<\/h6>\r\n<p style=\"text-align: center;\">Placez vos semelles int\u00e9rieures dans la chaussure, c\u00f4t\u00e9 tissu vers le haut. Assurez-vous que votre semelle int\u00e9rieure repose \u00e0 plat contre le bas de votre chaussure.<\/p>\r\n[\/vc_column_text][\/vc_column_inner][vc_column_inner width=&#8221;1\/4&#8243;][vc_column_text]\r\n<h6 style=\"text-align: center;\">\u00c9TAPE 4<\/h6>\r\n<p style=\"text-align: center;\">Profitez de vos activit\u00e9s quotidiennes avec confort et protection!<\/p>\r\n[\/vc_column_text][\/vc_column_inner][\/vc_row_inner][vc_column_text]\r\n<p style=\"text-align: center;\">Remplacez les semelles tous les six (6) mois ou d\u00e8s les premiers signes d\u2019usure.<\/p>\r\n[\/vc_column_text][\/vc_tta_section][vc_tta_section title=&#8221;Pourquoi \u00e7a marche&#8221; tab_id=&#8221;pourquoi-\u00e7a-marche&#8221;][vc_row_inner][vc_column_inner width=&#8221;1\/2&#8243;][vc_single_image image=&#8221;13820&#8243; img_size=&#8221;full&#8221;][\/vc_column_inner][vc_column_inner width=&#8221;1\/2&#8243;][vc_column_text]Dr. Scholl&#8217;s<sup>\u00ae<\/sup> Les semelles protectrices contre la douleur Prevent Prevent Hunger arr\u00eatent la cause de la douleur au bas du corps avant qu\u2019elle ne se produise avec le syst\u00e8me Tri-ProtectMC.Sa combinaison compl\u00e8te de l\u2019amorti, du soutien et de l\u2019absorption des chocs du pied d\u00e9fend contre la co-contraction musculaire qui entra\u00eene des douleurs articulaires dans le bas du corps.\r\n<ul>\r\n \t<li>La premi\u00e8re ligne de d\u00e9fense est l\u2019amorti absorbant les chocs qui vous prot\u00e8ge et r\u00e9partit la pression sur tout votre pied<\/li>\r\n \t<li>Le talon absorbant les chocs g\u00e8re le stress en commen\u00e7ant par le talon<\/li>\r\n \t<li>S\u2019ajuste en fonction de votre niveau d\u2019activit\u00e9 ou de vos changements physiques gr\u00e2ce \u00e0 son support flexible de la vo\u00fbte plantaire<\/li>\r\n<\/ul>\r\n[\/vc_column_text][\/vc_column_inner][\/vc_row_inner][\/vc_tta_section][\/vc_tta_tabs][\/vc_column][\/vc_row][\/vc_section]<\/div>","protected":false},"excerpt":{"rendered":"<p>Dr. Scholl&#8217;s<sup>\u00ae<\/sup> Les semelles protectrices Prevent Pain sont con\u00e7ues pour ceux qui ont d\u00e9j\u00e0 eu des \u00e9pisodes de douleur quotidienne et qui veulent l\u2019emp\u00eacher de se reproduire, ou veulent \u00eatre proactifs et aider \u00e0 emp\u00eacher la douleur de se produire \u00e0 l\u2019avenir. Les nouvelles semelles int\u00e9rieures Prevent Pain sont scientifiquement con\u00e7ues et cliniquement prouv\u00e9es pour r\u00e9duire la principale cause de douleur dans les principales articulations du bas du corps &#8211; votre pied, votre genou et le bas du dos de ne pas se reproduire. Les semelles Prevent Pain du Dr Scholl pr\u00e9viennent la douleur caus\u00e9e par la raideur et la tension articulaires induites par les muscles caus\u00e9es par des conditions ou des activit\u00e9s telles qu\u2019une r\u00e9duction r\u00e9cente de l\u2019activit\u00e9 ou un gain de poids, pieds plats, surpronation, supination excessive, mauvaise posture, pression lourde ou in\u00e9gale et travail, marche ou course sur des surfaces dures.<\/p>\n","protected":false},"featured_media":14052,"template":"","meta":{"_acf_changed":false},"product_brand":[],"product_cat":[434],"product_tag":[],"class_list":{"0":"post-14051","1":"product","2":"type-product","3":"status-publish","4":"has-post-thumbnail","6":"product_cat-recuperation-de-la-prevention-de-la-douleur","7":"pa_size-mens-8-14","8":"pa_size-womens-6-10","10":"first","11":"instock","12":"taxable","13":"shipping-taxable","14":"product-type-simple"},"acf":[],"_links":{"self":[{"href":"https:\/\/www.drscholls.ca\/fr\/wp-json\/wp\/v2\/product\/14051","targetHints":{"allow":["GET"]}}],"collection":[{"href":"https:\/\/www.drscholls.ca\/fr\/wp-json\/wp\/v2\/product"}],"about":[{"href":"https:\/\/www.drscholls.ca\/fr\/wp-json\/wp\/v2\/types\/product"}],"wp:featuredmedia":[{"embeddable":true,"href":"https:\/\/www.drscholls.ca\/fr\/wp-json\/wp\/v2\/media\/14052"}],"wp:attachment":[{"href":"https:\/\/www.drscholls.ca\/fr\/wp-json\/wp\/v2\/media?parent=14051"}],"wp:term":[{"taxonomy":"product_brand","embeddable":true,"href":"https:\/\/www.drscholls.ca\/fr\/wp-json\/wp\/v2\/product_brand?post=14051"},{"taxonomy":"product_cat","embeddable":true,"href":"https:\/\/www.drscholls.ca\/fr\/wp-json\/wp\/v2\/product_cat?post=14051"},{"taxonomy":"product_tag","embeddable":true,"href":"https:\/\/www.drscholls.ca\/fr\/wp-json\/wp\/v2\/product_tag?post=14051"}],"curies":[{"name":"wp","href":"https:\/\/api.w.org\/{rel}","templated":true}]}}