{"id":13814,"date":"2022-05-24T15:16:35","date_gmt":"2022-05-24T20:16:35","guid":{"rendered":"https:\/\/www.drscholls.ca\/fr\/?post_type=product&#038;p=13814"},"modified":"2025-03-21T16:16:33","modified_gmt":"2025-03-21T21:16:33","slug":"traitement-des-verrues-freeze-away-max","status":"publish","type":"product","link":"https:\/\/www.drscholls.ca\/fr\/p\/verrucides\/traitement-des-verrues-freeze-away-max\/","title":{"rendered":"Traitement des verrues Freeze Away Max\u2122"},"content":{"rendered":"<div class=\"wpb-content-wrapper\">[vc_section full_width=&#8221;stretch_row&#8221; el_id=&#8221;product-tabs&#8221;][vc_row][vc_column][vc_tta_tabs style=&#8221;flat&#8221; shape=&#8221;square&#8221; color=&#8221;white&#8221; alignment=&#8221;center&#8221; active_section=&#8221;1&#8243;][vc_tta_section title=&#8221;Explications&#8221; tab_id=&#8221;why-it-works&#8221;][vc_row_inner][vc_column_inner width=&#8221;1\/3&#8243;][vc_single_image image=&#8221;13817&#8243; img_size=&#8221;medium&#8221;][\/vc_column_inner][vc_column_inner width=&#8221;2\/3&#8243;][vc_column_text]\r\n<ul>\r\n \t<li>En ce qui concerne l\u2019\u00e9limination des verrues, certaines personnes ayant des <a href=\"https:\/\/www.drscholls.ca\/fr\/ca\/symptomes-et-problemes\/affections-cutanees-du-pied\/verrues-vulgaires-et-plantaires\/\">verrues communes ou plantaires<\/a> trouvent que les traitements par gel prennent trop de temps et sont trop compliqu\u00e9s \u00e0 appliquer.<\/li>\r\n \t<li>Nous avons con\u00e7u le traitement des verrues <strong>Freeze Away Max\u2122<\/strong> pour r\u00e9gler ces probl\u00e8mes. En une seule action, le pulv\u00e9risateur de pr\u00e9cision g\u00e8le directement les verrues communes et plantaires pour les \u00e9liminer de mani\u00e8re rapide, facile, cibl\u00e9e et efficace.&#8221;<\/li>\r\n<\/ul>\r\n[\/vc_column_text][\/vc_column_inner][\/vc_row_inner][\/vc_tta_section][vc_tta_section title=&#8221;Ingr\u00e9dients&#8221; tab_id=&#8221;ingredients&#8221;][vc_column_text]\u00c9ther dim\u00e9thylique[\/vc_column_text][\/vc_tta_section][vc_tta_section title=&#8221;Mode d\u2019emploi&#8221; tab_id=&#8221;how-to-use&#8221;][vc_row_inner][vc_column_inner][vc_column_text]Lisez la notice (\u00e0 l\u2019int\u00e9rieur de la bo\u00eete) avant d\u2019utiliser le produit.\r\n\r\nSi la verrue est bien plus petite que l\u2019embout ou si la verrue se situe \u00e0 un endroit qui ne permet pas de garder l\u2019embout stable, il est recommand\u00e9 d\u2019utiliser une protection pour pr\u00e9venir tout traitement inutile de peau en bonne sant\u00e9.\r\n\r\nD\u00e9terminer la dur\u00e9e du traitement\u00a0: Choisissez la dur\u00e9e de traitement appropri\u00e9e (10 ou 15\u00a0secondes ininterrompues, voir ci-dessous) et pr\u00e9parez un minuteur.\r\n<ul>\r\n \t<li>MAINS : 10 secondes<\/li>\r\n \t<li>PIEDS (vo\u00fbte plantaire, orteils, dessus et c\u00f4t\u00e9) : 10 secondes<\/li>\r\n \t<li>PIEDS (talon, pointe du pied) : 15 secondes<\/li>\r\n<\/ul>\r\n[\/vc_column_text][\/vc_column_inner][\/vc_row_inner][vc_row_inner][vc_column_inner width=&#8221;1\/3&#8243;][vc_column_text]\r\n<h6 style=\"text-align: center;\">1re \u00c9TAPE<\/h6>\r\n<p style=\"text-align: center;\">Position\u00a0: Placez l\u2019embout sur la verrue. Veillez \u00e0 ce que l\u2019embout soit bien en contact avec la surface entourant la verrue et restez stable. Tenez l\u2019appareil droit avec l\u2019embout vers le bas. D\u00e9marrez le minuteur.&#8221;<\/p>\r\n[\/vc_column_text][\/vc_column_inner][vc_column_inner width=&#8221;1\/3&#8243;][vc_column_text]\r\n<h6 style=\"text-align: center;\">2e \u00c9TAPE<\/h6>\r\n<p style=\"text-align: center;\">Pulv\u00e9risation : Utilisez votre pouce pour presser lentement sur la canette et activer le pulv\u00e9risateur de gel. Continuez de pulv\u00e9riser pendant 10 \u00e0 15 secondes sans interruption selon la zone de traitement.<\/p>\r\n[\/vc_column_text][\/vc_column_inner][vc_column_inner width=&#8221;1\/3&#8243;][vc_column_text]Apr\u00e8s le traitement, les verrues peuvent tomber dans les 10 \u00e0 14 jours. Quand elles tombent, une nouvelle peau se forme sur la zone trait\u00e9e. Cependant, les verrues peuvent n\u00e9cessiter plus d\u2019un traitement pour \u00eatre \u00e9limin\u00e9es.\r\n\r\nLe traitement des verrues Freeze Away Max\u2122 Dr. Scholl\u2019s\u00ae contient assez de gaz pour au moins 10 traitements.[\/vc_column_text][\/vc_column_inner][\/vc_row_inner][\/vc_tta_section][vc_tta_section title=&#8221;Instructional Video&#8221; tab_id=&#8221;instructional-videoc3d8-004d&#8221;][vc_video link=&#8221;https:\/\/youtu.be\/QH4SdJ_c9Kc&#8221;][\/vc_tta_section][\/vc_tta_tabs][\/vc_column][\/vc_row][\/vc_section][vc_row content_placement=&#8221;top&#8221; el_id=&#8221;product-carousel&#8221;][vc_column][vc_custom_heading text=&#8221;Shop Related Products&#8221; font_container=&#8221;tag:h2|text_align:center&#8221; use_theme_fonts=&#8221;yes&#8221; el_class=&#8221;text-uppercase&#8221;][vc_column_text]\t\t<div class=\"wcpscwc-product-slider-wrap \">\n\t\t\t<div class=\"woocommerce wcpscwc-product-slider\" id=\"wcpscwc-product-slider-1\" data-conf=\"{&quot;slide_to_show&quot;:3,&quot;slide_to_scroll&quot;:3,&quot;autoplay&quot;:&quot;true&quot;,&quot;autoplay_speed&quot;:3000,&quot;speed&quot;:300,&quot;arrows&quot;:&quot;true&quot;,&quot;dots&quot;:&quot;true&quot;,&quot;rtl&quot;:&quot;false&quot;,&quot;slider_cls&quot;:&quot;products&quot;,&quot;loop&quot;:&quot;true&quot;}\">\n\t\t\t<ul class=\"products columns-2\">\n<li class=\"card product type-product post-478 status-publish first instock product_cat-freeze-away product_cat-traitements-liquides product_cat-traitements-pour-la-peau product_cat-verrucides product_cat-verrues-communes-et-plantaires has-post-thumbnail taxable shipping-taxable product-type-simple\">\t<a href=\"https:\/\/www.drscholls.ca\/fr\/p\/verrucides\/traitement-contre-les-verrues-freeze-away-a-double-action\/\" class=\"woocommerce-LoopProduct-link woocommerce-loop-product__link\"><div class=\"product-image\"><img decoding=\"async\" class=\"card-img-top\" src=\"https:\/\/www.drscholls.ca\/fr\/wp-content\/uploads\/sites\/4\/DS-Freeze-Away-Dual-Action-12ct888853001531_front-300x300.jpg\"><\/div><div class=\"card-body\"><div class=\"product-title d-flex align-items-end\"><h2 class=\"woocommerce-loop-product_title\">Traitement des Verrues Freeze Away<sup>\u00ae<\/sup> \u00e0 Double Action<\/h2><\/div>\t\t\t<div data-bv-show=\"inline_rating\" data-bv-product-id=\"DualActionFreezeAwayWartRemover\"><\/div>\n\t<div class=\"excerpt\">Notre traitement contre les verrues le plus efficace; pour les verrues vulgaires et plantaires<\/div>\t\n<\/div><\/a><div class=\"row view-buy add-to-cart d-flex align-items-baseline card-footer\">\r\n          <div class=\"col-md-6 no-padding\">\r\n            <a class=\"btn btn-link btn-block blue text-uppercase\" href=\"https:\/\/www.drscholls.ca\/fr\/p\/verrucides\/traitement-contre-les-verrues-freeze-away-a-double-action\/\" aria-label=\"En SavoirPlus Traitement des Verrues Freeze Away&lt;sup&gt;\u00ae&lt;\/sup&gt; \u00e0 Double Action\">En Savoir<br \/>Plus<\/a>\r\n          <\/div><div class=\"rule\"><\/div>\r\n          <div class=\"col-md-6 no-padding\">\r\n            <div class=\"btn\" role=\"button\" data-mm-wtbid=\"67b66f2ecc01a50f077709a8\" data-mm-ids=\"0888853001531\">Acheter Maintenant<\/div>\r\n          <\/div><\/div>\t<span id=\"woocommerce_loop_add_to_cart_link_describedby_478\" class=\"screen-reader-text\">\n\t\t\t<\/span>\n<\/li>\n<li class=\"card product type-product post-484 status-publish last instock product_cat-clear-away product_cat-coussinets-et-protections product_cat-traitements-pour-la-peau product_cat-verrucides product_cat-verrues-communes-et-plantaires has-post-thumbnail taxable shipping-taxable product-type-simple\">\t<a href=\"https:\/\/www.drscholls.ca\/fr\/p\/verrucides\/anti-verrues-plantaires-clear-away\/\" class=\"woocommerce-LoopProduct-link woocommerce-loop-product__link\"><div class=\"product-image\"><img decoding=\"async\" class=\"card-img-top\" src=\"https:\/\/www.drscholls.ca\/fr\/wp-content\/uploads\/sites\/4\/DS-Clear-Away-Plantar-Wart-Remover-24ct888853001586_front-300x300.jpg\"><\/div><div class=\"card-body\"><div class=\"product-title d-flex align-items-end\"><h2 class=\"woocommerce-loop-product_title\">Traitement Contre les Verrues Plantaires Clear Away<sup>\u00ae<\/sup><\/h2><\/div>\t\t\t<div data-bv-show=\"inline_rating\" data-bv-product-id=\"PlantarWartRemoverforFeet\"><\/div>\n\t<div class=\"excerpt\">\u00c9limination des verrues plantaires attest\u00e9e en clinique<\/div>\t\n<\/div><\/a><div class=\"row view-buy add-to-cart d-flex align-items-baseline card-footer\">\r\n          <div class=\"col-md-6 no-padding\">\r\n            <a class=\"btn btn-link btn-block blue text-uppercase\" href=\"https:\/\/www.drscholls.ca\/fr\/p\/verrucides\/anti-verrues-plantaires-clear-away\/\" aria-label=\"En SavoirPlus Traitement Contre les Verrues Plantaires Clear Away&lt;sup&gt;\u00ae&lt;\/sup&gt;\">En Savoir<br \/>Plus<\/a>\r\n          <\/div><\/div>\t<span id=\"woocommerce_loop_add_to_cart_link_describedby_484\" class=\"screen-reader-text\">\n\t\t\t<\/span>\n<\/li>\n<li class=\"card product type-product post-474 status-publish first instock product_cat-freeze-away product_cat-traitements-liquides product_cat-traitements-pour-la-peau product_cat-verrucides product_cat-verrues-communes-et-plantaires has-post-thumbnail taxable shipping-taxable product-type-simple\">\t<a href=\"https:\/\/www.drscholls.ca\/fr\/p\/verrucides\/traitement-contre-les-verrues-freeze-away\/\" class=\"woocommerce-LoopProduct-link woocommerce-loop-product__link\"><div class=\"product-image\"><img decoding=\"async\" class=\"card-img-top\" src=\"https:\/\/www.drscholls.ca\/fr\/wp-content\/uploads\/sites\/4\/DS-Freeze-Away-7ct-Blue888853001548_front-scaled-1-300x300.jpg\"><\/div><div class=\"card-body\"><div class=\"product-title d-flex align-items-end\"><h2 class=\"woocommerce-loop-product_title\">Traitement des Verrues Freeze Away<sup>\u00ae<\/sup><\/h2><\/div>\t\t\t<div data-bv-show=\"inline_rating\" data-bv-product-id=\"FreezeAwayWartRemover\"><\/div>\n\t<div class=\"excerpt\">G\u00e8le et \u00e9limine rapidement les verrues vulgaires et plantaires<\/div>\t\n<\/div><\/a><div class=\"row view-buy add-to-cart d-flex align-items-baseline card-footer\">\r\n          <div class=\"col-md-6 no-padding\">\r\n            <a class=\"btn btn-link btn-block blue text-uppercase\" href=\"https:\/\/www.drscholls.ca\/fr\/p\/verrucides\/traitement-contre-les-verrues-freeze-away\/\" aria-label=\"En SavoirPlus Traitement des Verrues Freeze Away&lt;sup&gt;\u00ae&lt;\/sup&gt;\">En Savoir<br \/>Plus<\/a>\r\n          <\/div><div class=\"rule\"><\/div>\r\n          <div class=\"col-md-6 no-padding\">\r\n            <div class=\"btn\" role=\"button\" data-mm-wtbid=\"67b66f2ecc01a50f077709a8\" data-mm-ids=\"0888853000640\">Acheter Maintenant<\/div>\r\n          <\/div><\/div>\t<span id=\"woocommerce_loop_add_to_cart_link_describedby_474\" class=\"screen-reader-text\">\n\t\t\t<\/span>\n<\/li>\n<li class=\"card product type-product post-13003 status-publish last instock product_cat-clear-away product_cat-traitements-liquides product_cat-traitements-pour-la-peau product_cat-verrucides product_cat-verrues-communes-et-plantaires has-post-thumbnail taxable shipping-taxable product-type-simple\">\t<a href=\"https:\/\/www.drscholls.ca\/fr\/p\/verrucides\/verrucide-liquide-clear-away-action-rapide\/\" class=\"woocommerce-LoopProduct-link woocommerce-loop-product__link\"><div class=\"product-image\"><img decoding=\"async\" class=\"card-img-top\" src=\"https:\/\/www.drscholls.ca\/fr\/wp-content\/uploads\/sites\/4\/DS-Clear-Away-Liquid-Wart-Remover-10mL888853001524_front-300x300.jpg\"><\/div><div class=\"card-body\"><div class=\"product-title d-flex align-items-end\"><h2 class=\"woocommerce-loop-product_title\">Traitement liquide contre les verrues Clear Away<sup>\u00ae<\/sup> \u00e0 action rapide<\/h2><\/div>\t\t\t<div data-bv-show=\"inline_rating\" data-bv-product-id=\"\"><\/div>\n\t<div class=\"excerpt\">Traitement liquide pour \u00e9liminer les verrues communes et plantaires<\/div>\t\n<\/div><\/a><div class=\"row view-buy add-to-cart d-flex align-items-baseline card-footer\">\r\n          <div class=\"col-md-6 no-padding\">\r\n            <a class=\"btn btn-link btn-block blue text-uppercase\" href=\"https:\/\/www.drscholls.ca\/fr\/p\/verrucides\/verrucide-liquide-clear-away-action-rapide\/\" aria-label=\"En SavoirPlus Traitement liquide contre les verrues Clear Away&lt;sup&gt;\u00ae&lt;\/sup&gt; \u00e0 action rapide\">En Savoir<br \/>Plus<\/a>\r\n          <\/div><div class=\"rule\"><\/div>\r\n          <div class=\"col-md-6 no-padding\">\r\n            <div class=\"btn\" role=\"button\" data-mm-wtbid=\"67b66f2ecc01a50f077709a8\" data-mm-ids=\"0888853001524\">Acheter Maintenant<\/div>\r\n          <\/div><\/div>\t<span id=\"woocommerce_loop_add_to_cart_link_describedby_13003\" class=\"screen-reader-text\">\n\t\t\t<\/span>\n<\/li>\n<li class=\"card product type-product post-487 status-publish first instock product_cat-clear-away product_cat-coussinets-et-protections product_cat-traitements-pour-la-peau product_cat-verrucides product_cat-verrues-communes-et-plantaires has-post-thumbnail taxable shipping-taxable product-type-simple\">\t<a href=\"https:\/\/www.drscholls.ca\/fr\/p\/verrucides\/traitement-contre-les-verrues-clear-away-bandelettes-minces-et-flexibles\/\" class=\"woocommerce-LoopProduct-link woocommerce-loop-product__link\"><div class=\"product-image\"><img decoding=\"async\" class=\"card-img-top\" src=\"https:\/\/www.drscholls.ca\/fr\/wp-content\/uploads\/sites\/4\/DS-Clear-Away-Duragel-Wart-Remover-9ct888853001579_back-300x300.jpg\"><\/div><div class=\"card-body\"><div class=\"product-title d-flex align-items-end\"><h2 class=\"woocommerce-loop-product_title\">Traitement contre les verrues Clear Away<sup>\u00ae<\/sup> avec technologie Duragel<sup>\u2122<\/sup><\/h2><\/div>\t\t\t<div data-bv-show=\"inline_rating\" data-bv-product-id=\"WartRemoverOneStepInvisibleStrips\"><\/div>\n\t<div class=\"excerpt\">\u00c9limination des verrues plantaires attest\u00e9e en clinique<\/div>\t\n<\/div><\/a><div class=\"row view-buy add-to-cart d-flex align-items-baseline card-footer\">\r\n          <div class=\"col-md-6 no-padding\">\r\n            <a class=\"btn btn-link btn-block blue text-uppercase\" href=\"https:\/\/www.drscholls.ca\/fr\/p\/verrucides\/traitement-contre-les-verrues-clear-away-bandelettes-minces-et-flexibles\/\" aria-label=\"En SavoirPlus Traitement contre les verrues Clear Away&lt;sup&gt;\u00ae&lt;\/sup&gt; avec technologie Duragel&lt;sup&gt;\u2122&lt;\/sup&gt;\">En Savoir<br \/>Plus<\/a>\r\n          <\/div><\/div>\t<span id=\"woocommerce_loop_add_to_cart_link_describedby_487\" class=\"screen-reader-text\">\n\t\t\t<\/span>\n<\/li>\n<\/ul>\n\t\t\t<\/div>\n\t\t<\/div>\n\t[\/vc_column_text][\/vc_column][\/vc_row]<\/div>","protected":false},"excerpt":{"rendered":"<p>Nous avons con\u00e7u le traitement des verrues Freeze Away Max\u2122 pour r\u00e9pondre au besoin d\u2019\u00e9liminer facilement les verrues communes et plantaires. Gr\u00e2ce \u00e0 son pulv\u00e9risateur pr\u00e9cis de gaz r\u00e9frig\u00e9rant, Freeze Away Max g\u00e8le directement la verrue jusqu\u2019au c\u0153ur, permettant ainsi d\u2019\u00e9liminer les verrues de mani\u00e8re simple, rapide, cibl\u00e9e et efficace, et ce, en une seule action.<\/p>\n<h5>Avantages du produit<\/h5>\n<ul>\n<li>\u00c9limination efficace des verrues communes et plantaires<\/li>\n<li>Dur\u00e9e de traitement la plus rapide (en 10\u00a0secondes)<\/li>\n<li>Pulv\u00e9risateur de pr\u00e9cision pour gel direct des verrues<\/li>\n<li>Facile \u00e0 utiliser, une seule action<\/li>\n<li>Utilisation s\u00fbre pour les enfants de 4\u00a0ans et plus<\/li>\n<\/ul>\n<h5>Quantit\u00e9<\/h5>\n<ul>\n<li>10\u00a0traitements<\/li>\n<\/ul>\n","protected":false},"featured_media":13831,"template":"","meta":{"_acf_changed":false},"product_brand":[],"product_cat":[321,26],"product_tag":[],"class_list":{"0":"post-13814","1":"product","2":"type-product","3":"status-publish","4":"has-post-thumbnail","6":"product_cat-traitements-pour-la-peau","7":"product_cat-verrucides","9":"last","10":"instock","11":"featured","12":"taxable","13":"shipping-taxable","14":"product-type-simple"},"acf":[],"_links":{"self":[{"href":"https:\/\/www.drscholls.ca\/fr\/wp-json\/wp\/v2\/product\/13814","targetHints":{"allow":["GET"]}}],"collection":[{"href":"https:\/\/www.drscholls.ca\/fr\/wp-json\/wp\/v2\/product"}],"about":[{"href":"https:\/\/www.drscholls.ca\/fr\/wp-json\/wp\/v2\/types\/product"}],"wp:featuredmedia":[{"embeddable":true,"href":"https:\/\/www.drscholls.ca\/fr\/wp-json\/wp\/v2\/media\/13831"}],"wp:attachment":[{"href":"https:\/\/www.drscholls.ca\/fr\/wp-json\/wp\/v2\/media?parent=13814"}],"wp:term":[{"taxonomy":"product_brand","embeddable":true,"href":"https:\/\/www.drscholls.ca\/fr\/wp-json\/wp\/v2\/product_brand?post=13814"},{"taxonomy":"product_cat","embeddable":true,"href":"https:\/\/www.drscholls.ca\/fr\/wp-json\/wp\/v2\/product_cat?post=13814"},{"taxonomy":"product_tag","embeddable":true,"href":"https:\/\/www.drscholls.ca\/fr\/wp-json\/wp\/v2\/product_tag?post=13814"}],"curies":[{"name":"wp","href":"https:\/\/api.w.org\/{rel}","templated":true}]}}