{"id":1374,"date":"2020-07-06T14:07:11","date_gmt":"2020-07-06T19:07:11","guid":{"rendered":"https:\/\/www.drscholls.ca\/fr\/?post_type=product&#038;p=1374"},"modified":"2025-03-21T16:16:23","modified_gmt":"2025-03-21T21:16:23","slug":"semelles-pour-talons-hauts","status":"publish","type":"product","link":"https:\/\/www.drscholls.ca\/fr\/p\/stylish-step\/semelles-pour-talons-hauts\/","title":{"rendered":"Semelles \u00be Pour Talons Hauts"},"content":{"rendered":"<div class=\"wpb-content-wrapper\">[vc_section full_width=&#8221;stretch_row&#8221; el_id=&#8221;product-tabs&#8221;][vc_row][vc_column][vc_tta_tabs style=&#8221;flat&#8221; shape=&#8221;square&#8221; alignment=&#8221;centre&#8221; active_section=&#8221;1&#8243; colour=&#8221;white&#8221;][vc_tta_section title=&#8221;Caract\u00e9ristiques&#8221; tab_id=&#8221;features1084-2729&#8243;][vc_row_inner content_placement=&#8221;middle&#8221;][vc_column_inner][vc_column_text]\r\n<h4 style=\"text-align: center;\">Soutien de la vo\u00fbte plantaire et amortissement renforc\u00e9s<\/h4>\r\n[\/vc_column_text][\/vc_column_inner][vc_column_inner el_class=&#8221;img-wrap heel-relief&#8221; width=&#8221;1\/2&#8243;][vc_single_image image=&#8221;864&#8243; img_size=&#8221;full&#8221;][vc_raw_html]JTNDdWwlMjBjbGFzcyUzRCUyMmxpc3QlMjIlM0UlMEElMjAlMDklM0NsaSUyMGNsYXNzJTNEJTIyJTIyJTNFJTNDc3BhbiUyMGNsYXNzJTNEJTIydHh0JTIyJTNFMSUzQyUyRnNwYW4lM0UlM0MlMkZsaSUzRSUwQSUyMCUwOSUzQ2xpJTIwY2xhc3MlM0QlMjIlMjIlM0UlM0NzcGFuJTIwY2xhc3MlM0QlMjJ0eHQlMjIlM0UyJTNDJTJGc3BhbiUzRSUzQyUyRmxpJTNFJTBBJTNDJTJGdWwlM0U=[\/vc_raw_html][\/vc_column_inner][vc_column_inner width=&#8221;1\/2&#8243;][vc_raw_html]JTNDdWwlMjBjbGFzcyUzRCUyMmJlbmVmaXRzLWRldGFpbHMtbGlzdCUyMiUzRSUwQSUyMCUwQSUzQ2xpJTIwY2xhc3MlM0QlMjJiZW5lZml0cy1kZXRhaWxzLTElMjBhbmltYXRlJTIyJTIwZGF0YS1pbmRleCUzRCUyMjAlMjIlM0UlM0NzdHJvbmclM0UxLiUyMFNvdXRpZW4lMjBkZSUyMGxhJTIwdm8lQzMlQkJ0ZSUyMHBsYW50YWlyZSUyMGVuJTIwZ2VsJTIwdWx0cmElMjBkb3V4JTNDJTJGc3Ryb25nJTNFJTNDYnIlM0VSJUMzJUE5ZHVpdCUyMGxhJTIwcHJlc3Npb24lMjBleGVyYyVDMyVBOWUlMjBzdXIlMjBsJUUyJTgwJTk5YXZhbnQtcGllZCUzQyUyRmxpJTNFJTBBJTIwJTIwJTIwJTIwJTIwJTIwJTBBJTNDbGklMjBjbGFzcyUzRCUyMmJlbmVmaXRzLWRldGFpbHMtMiUyMGFuaW1hdGUlMjIlMjBkYXRhLWluZGV4JTNEJTIyMSUyMiUzRSUzQ3N0cm9uZyUzRTIuJTIwQXNwZWN0JTIwZGlzY3JldCUzQyUyRnN0cm9uZyUzRSUzQ2JyJTNFR2VsJTIwdHJhbnNwYXJlbnQlMjBldCUyMGZvcm1lJTIwbWluY2UlMjBwb3VyJTIwdW4lMjBjb25mb3J0JTIwYXNzdXIlQzMlQTklM0MlMkZsaSUzRSUwQSUyMCUyMCUyMCUyMCUyMCUyMCUwQSUzQyUyRnVsJTNF[\/vc_raw_html][\/vc_column_inner][\/vc_row_inner][\/vc_tta_section][vc_tta_section title=&#8221;Explications&#8221; tab_id=&#8221;why-it-works1084-2729&#8243;][vc_row_inner][vc_column_inner width=&#8221;1\/2&#8243;][vc_single_image image=&#8221;12028&#8243; img_size=&#8221;full&#8221;][\/vc_column_inner][vc_column_inner width=&#8221;1\/2&#8243;][vc_column_text]\r\n<ul>\r\n \t<li>Lors du port de talons hauts, le centre de gravit\u00e9 du corps est inclin\u00e9 vers l\u2019avant, ce qui exerce <a href=\"\/fr\/ca\/symptomes-et-problemes\/douleur-aux-pieds-et-problemes-de-sante\/douleur-a-lavant-pied\/\">une pression suppl\u00e9mentaire sur l\u2019avant-pied<\/a>.<\/li>\r\n \t<li>Les <strong>semelles \u00be Stylish Step<sup>\u00ae<\/sup> pour talons hauts de Dr. Scholl\u2019s<sup>\u00ae<\/sup> <\/strong>\u00a0sont con\u00e7ues pour r\u00e9\u00e9quilibrer le pied et r\u00e9duire la pression exerc\u00e9e sur l\u2019avant-pied, soulageant ainsi les douleurs caus\u00e9es par le port de talons hauts.<\/li>\r\n \t<li>La nouvelle technologie Cushion Flex permet \u00e0 la semelle de s\u2019adapter activement \u00e0 votre pied, en s\u2019ajustant \u00e0 chaque pas pour offrir un meilleur soutien de la vo\u00fbte plantaire et un confort global.<\/li>\r\n<\/ul>\r\n[\/vc_column_text][\/vc_column_inner][\/vc_row_inner][\/vc_tta_section][vc_tta_section title=&#8221;Mode d\u2019emploi&#8221; tab_id=&#8221;how-to-use1084-2729&#8243;][vc_row_inner][vc_column_inner width=&#8221;1\/2&#8243;][vc_column_text]\r\n<h6 style=\"text-align: center;\">1<sup>re<\/sup> \u00c9TAPE<\/h6>\r\n<p style=\"text-align: center;\">Nettoyez l\u2019int\u00e9rieur de vos chaussures \u00e0 l\u2019aide d\u2019une lingette; retirez le film plastique.<\/p>\r\n[\/vc_column_text][\/vc_column_inner][vc_column_inner width=&#8221;1\/2&#8243;][vc_column_text]\r\n<h6 style=\"text-align: center;\">2<sup>e<\/sup> \u00c9TAPE<\/h6>\r\n<p style=\"text-align: center;\">\u00a0Alignez le talon de la semelle sur l\u2019arri\u00e8re de la chaussure et la vo\u00fbte sur\u00e9lev\u00e9e sur le rebord int\u00e9rieur de la chaussure.<\/p>\r\n[\/vc_column_text][\/vc_column_inner][vc_column_inner][vc_column_text]\r\n<p style=\"text-align: center;\">Remplacez les semelles en gel pour talons hauts apr\u00e8s (6) mois d\u2019utilisation ou aux premiers signes d\u2019usure.<\/p>\r\n[\/vc_column_text][\/vc_column_inner][\/vc_row_inner][\/vc_tta_section][vc_tta_section title=&#8221;VID\u00c9O P\u00c9DAGOGIQUE&#8221; tab_id=&#8221;instructional-video1084-2729&#8243;][vc_video link=&#8221;https:\/\/www.youtube.com\/watch?v=SwBnhJS0E78&amp;feature=youtu.be&#8221;][\/vc_tta_section][\/vc_tta_tabs][\/vc_column][\/vc_row][\/vc_section][vc_row content_placement=&#8221;top&#8221; el_id=&#8221;product-carousel&#8221;][vc_column][vc_custom_heading text=&#8221;TROUVER D\u2019AUTRES PRODUITS CONNEXES&#8221; font_container=&#8221;tag:h2|text_align:center&#8221; use_theme_fonts=&#8221;yes&#8221; el_class=&#8221;text-uppercase&#8221;][vc_raw_html]JTVCcHJvZHVjdHNfc2xpZGVyJTIwY2F0cyUzRCUyMjIwNyUyMiUyMGF1dG9wbGF5JTNEJUUyJTgwJTlEZmFsc2UlRTIlODAlOUQlMjBvcmRlcmJ5JTNEJTIybWVudV9vcmRlciUyMiU1RA==[\/vc_raw_html][\/vc_column][\/vc_row]<\/div>","protected":false},"excerpt":{"rendered":"<p>Les <strong>semelles \u00be Stylish Step<sup>\u00ae<\/sup> pour talons hauts de Dr. Scholl\u2019s<sup>\u00ae<\/sup><\/strong> sont sp\u00e9cialement con\u00e7ues pour les femmes qui ressentent un inconfort aux pieds d\u00fb au port de chaussures \u00e0 talons hauts.<\/p>\n<h5>Product Benefits<\/h5>\n<ul>\n<li>Soulagement et pr\u00e9vention des douleurs caus\u00e9es par les talons hauts cliniquement prouv\u00e9s pour vous permettre de les porter plus longtemps<\/li>\n<li>La nouvelle technologie Cushion Flex de soutien de la vo\u00fbte plantaire aide \u00e0 r\u00e9duire la pression exerc\u00e9e sur votre avant-pied et permet \u00e0 la semelle de s\u2019ajuster \u00e0 chacun de vos pas<\/li>\n<li>Le gel invisible offre un confort discret et sa forme mince et lisse ne rendra pas vos chaussures inconfortables<\/li>\n<\/ul>\n","protected":false},"featured_media":13044,"template":"","meta":{"_acf_changed":false},"product_brand":[],"product_cat":[224,173,174,25],"product_tag":[],"class_list":{"0":"post-1374","1":"product","2":"type-product","3":"status-publish","4":"has-post-thumbnail","6":"product_cat-semelles","7":"product_cat-semelles-femmes","8":"product_cat-semelles-homme","9":"product_cat-stylish-step","10":"pa_size-women-6-10","12":"first","13":"instock","14":"taxable","15":"shipping-taxable","16":"product-type-simple"},"acf":[],"_links":{"self":[{"href":"https:\/\/www.drscholls.ca\/fr\/wp-json\/wp\/v2\/product\/1374","targetHints":{"allow":["GET"]}}],"collection":[{"href":"https:\/\/www.drscholls.ca\/fr\/wp-json\/wp\/v2\/product"}],"about":[{"href":"https:\/\/www.drscholls.ca\/fr\/wp-json\/wp\/v2\/types\/product"}],"wp:featuredmedia":[{"embeddable":true,"href":"https:\/\/www.drscholls.ca\/fr\/wp-json\/wp\/v2\/media\/13044"}],"wp:attachment":[{"href":"https:\/\/www.drscholls.ca\/fr\/wp-json\/wp\/v2\/media?parent=1374"}],"wp:term":[{"taxonomy":"product_brand","embeddable":true,"href":"https:\/\/www.drscholls.ca\/fr\/wp-json\/wp\/v2\/product_brand?post=1374"},{"taxonomy":"product_cat","embeddable":true,"href":"https:\/\/www.drscholls.ca\/fr\/wp-json\/wp\/v2\/product_cat?post=1374"},{"taxonomy":"product_tag","embeddable":true,"href":"https:\/\/www.drscholls.ca\/fr\/wp-json\/wp\/v2\/product_tag?post=1374"}],"curies":[{"name":"wp","href":"https:\/\/api.w.org\/{rel}","templated":true}]}}