{"id":13661,"date":"1970-01-01T00:00:00","date_gmt":"1970-01-01T05:00:00","guid":{"rendered":"https:\/\/www.drscholls.ca\/fr\/?post_type=product&#038;p=13661"},"modified":"2022-09-06T15:35:01","modified_gmt":"2022-09-06T20:35:01","slug":"extrait-de-probiotique-odour-x","status":"publish","type":"product","link":"https:\/\/www.drscholls.ca\/fr\/p\/odeurs-et-transpiration\/extrait-de-probiotique-odour-x\/","title":{"rendered":"Vaporisateur pour les pieds \u00e0 l&#8217;extrait de probiotique"},"content":{"rendered":"<div class=\"wpb-content-wrapper\">[vc_section full_width=&#8221;stretch_row&#8221; el_id=&#8221;product-tabs&#8221;][vc_row][vc_column][vc_tta_tabs style=&#8221;flat&#8221; shape=&#8221;square&#8221; color=&#8221;white&#8221; alignment=&#8221;center&#8221; active_section=&#8221;1&#8243;][vc_tta_section title=&#8221;Explication&#8221; tab_id=&#8221;benefits&#8221;][vc_row_inner][vc_column_inner width=&#8221;5\/12&#8243;][vc_column_text el_class=&#8221;blue&#8221;]\r\n<ul>\r\n \t<li>Les traitements courants pour les <a href=\"https:\/\/www.drscholls.ca\/fr\/ca\/symptomes-et-problemes\/affections-cutanees-du-pied\/odeurs-et-moiteur-des-pieds\/\">odeurs de pieds<\/a> peuvent masquer le probl\u00e8me, mais ils ne font rien pour traiter la cause de l&#8217;odeur et emp\u00eacher son retour.<\/li>\r\n \t<li>Notre <strong>formule d&#8217;extraits de probiotiques en a\u00e9rosol pour les pieds Odor-X\u00ae<\/strong> contient des probiotiques qui r\u00e9\u00e9quilibrent l&#8217;environnement bact\u00e9rien de vos pieds pour aider \u00e0 r\u00e9tablir le microbiome sain de la peau, afin que vos pieds ne sentent plus.<\/li>\r\n<\/ul>\r\n[\/vc_column_text][\/vc_column_inner][vc_column_inner width=&#8221;7\/12&#8243;][vc_single_image image=&#8221;13577&#8243; img_size=&#8221;full&#8221; alignment=&#8221;center&#8221;][\/vc_column_inner][\/vc_row_inner][\/vc_tta_section][vc_tta_section title=&#8221;Ingr\u00e9dients&#8221; tab_id=&#8221;Ingr\u00e9dients&#8221;][vc_column_text]Eau (Aqua), alcool d\u00e9natur\u00e9, glyc\u00e9rine, extrait de filtrat de Lactobacillus, ferment de Lactobacillus, Ricinol\u00e9ate de zinc, huile de Mentha Piperita (menthe poivr\u00e9e), huile de feuilles d&#8217;Eucalyptus Globulus, huile de Lavandula Angustifolia (lavande), extrait de feuilles de Rosmarinus Officinalis (romarin), extrait de feuilles d&#8217;Hamamelis Virginiana (hamam\u00e9lis), huile de Salvia Sclarea, huile de feuilles de Melaleuca Alternifolia (arbre \u00e0 th\u00e9), Farnesol, glyc\u00e9rine d&#8217;\u00e9thylhexyle, Piroctone Olamine, chlorure de benz\u00e9thonium, maltodextrine, propyl\u00e8ne glycol, acide citrique, PEG-40 huile de ricin hydrog\u00e9n\u00e9e, parfum, linalol[\/vc_column_text][\/vc_tta_section][vc_tta_section title=&#8221;Mode d\u2019emploi&#8221; tab_id=&#8221;how-to-use&#8221;][vc_row_inner][vc_column_inner][vc_column_text]\r\n<p style=\"text-align: center;\">Tenez le produit \u00e0 une distance de 3 \u00e0 5 pouces et vaporisez g\u00e9n\u00e9reusement sur les pieds propres et secs et entre les orteils. Pour maximiser l\u2019efficacit\u00e9, laissez les pieds s\u00e9cher compl\u00e8tement et utilisez quotidiennement.<\/p>\r\n[\/vc_column_text][\/vc_column_inner][\/vc_row_inner][\/vc_tta_section][\/vc_tta_tabs][\/vc_column][\/vc_row][\/vc_section][vc_row][vc_column][vc_custom_heading text=&#8221;TROUVER D&#8217;AUTRES PRODUITS CONNEXES&#8221; font_container=&#8221;tag:h2|text_align:center&#8221; use_theme_fonts=&#8221;yes&#8221;][vc_column_text]\t\t<div class=\"wcpscwc-product-slider-wrap \">\n\t\t\t<div class=\"woocommerce wcpscwc-product-slider\" id=\"wcpscwc-product-slider-1\" data-conf=\"{&quot;slide_to_show&quot;:3,&quot;slide_to_scroll&quot;:3,&quot;autoplay&quot;:&quot;true&quot;,&quot;autoplay_speed&quot;:3000,&quot;speed&quot;:300,&quot;arrows&quot;:&quot;true&quot;,&quot;dots&quot;:&quot;true&quot;,&quot;rtl&quot;:&quot;false&quot;,&quot;slider_cls&quot;:&quot;products&quot;,&quot;loop&quot;:&quot;true&quot;}\">\n\t\t\t<ul class=\"products columns-2\">\n<li class=\"card product type-product post-13022 status-publish first instock product_cat-chaussures-de-sport-et-espadrilles product_cat-confort-et-energie product_cat-odeurs-et-transpiration product_cat-odeurs-et-moiteur-des-pieds product_cat-odour-destroyers product_cat-semelles product_cat-semelles-completes product_cat-semelles-femmes product_cat-semelles-homme product_cat-technologie-odour-destroyers has-post-thumbnail taxable shipping-taxable product-type-simple\">\t<a href=\"https:\/\/www.drscholls.ca\/fr\/p\/confort-et-energie\/semelles-confort-odour-destroyers-sport\/\" class=\"woocommerce-LoopProduct-link woocommerce-loop-product__link\"><div class=\"product-image\"><img decoding=\"async\" class=\"card-img-top\" src=\"https:\/\/www.drscholls.ca\/fr\/wp-content\/uploads\/sites\/4\/DS-CE-Odour-X-Insoles-Sport888853001371_front-300x300.jpg\"><\/div><div class=\"card-body\"><div class=\"product-title d-flex align-items-end\"><h2 class=\"woocommerce-loop-product_title\">Semelles Odour Destroyers<sup>\u00ae<\/sup> Sport<\/h2><\/div>\t\t\t<div data-bv-show=\"inline_rating\" data-bv-product-id=\"\"><\/div>\n\t<div class=\"excerpt\">Sport absorbent la transpiration et \u00e9liminent les odeurs des pieds.<\/div>\t\n<\/div><\/a><div class=\"row view-buy add-to-cart d-flex align-items-baseline card-footer\">\r\n          <div class=\"col-md-6 no-padding\">\r\n            <a class=\"btn btn-link btn-block blue text-uppercase\" href=\"https:\/\/www.drscholls.ca\/fr\/p\/confort-et-energie\/semelles-confort-odour-destroyers-sport\/\" aria-label=\"En SavoirPlus Semelles Odour Destroyers&lt;sup&gt;\u00ae&lt;\/sup&gt; Sport\">En Savoir<br \/>Plus<\/a>\r\n          <\/div><div class=\"rule\"><\/div>\r\n          <div class=\"col-md-6 no-padding\">\r\n            <div class=\"btn\" role=\"button\" data-mm-wtbid=\"67b66f2ecc01a50f077709a8\" data-mm-ids=\"0888853001371\">Acheter Maintenant<\/div>\r\n          <\/div><\/div>\t<span id=\"woocommerce_loop_add_to_cart_link_describedby_13022\" class=\"screen-reader-text\">\n\t\t\t<\/span>\n<\/li>\n<li class=\"card product type-product post-312 status-publish last instock product_cat-chaussures-decontractees-espadrilles product_cat-chaussures-et-bottes-de-travail product_cat-chaussures-habillees-pour-homme product_cat-chaussures-inconfortables product_cat-chaussures-plates-et-bottines-pour-femme product_cat-confort-et-energie product_cat-odeurs-et-transpiration product_cat-odeurs-et-moiteur-des-pieds product_cat-odour-destroyers product_cat-semelles product_cat-semelles-completes product_cat-semelles-femmes product_cat-semelles-homme product_cat-technologie-air-pillo product_cat-technologie-odour-destroyers product_cat-transpiration-et-odeurs has-post-thumbnail taxable shipping-taxable product-type-simple\">\t<a href=\"https:\/\/www.drscholls.ca\/fr\/p\/confort-et-energie\/semelles-odour-destroyers\/\" class=\"woocommerce-LoopProduct-link woocommerce-loop-product__link\"><div class=\"product-image\"><img decoding=\"async\" class=\"card-img-top\" src=\"https:\/\/www.drscholls.ca\/fr\/wp-content\/uploads\/sites\/4\/DS-CE-Odour-X-Insoles-888853001364_front-300x300.jpg\"><\/div><div class=\"card-body\"><div class=\"product-title d-flex align-items-end\"><h2 class=\"woocommerce-loop-product_title\">Semelles Odour Destroyers<sup>\u00ae<\/sup><\/h2><\/div>\t\t\t<div data-bv-show=\"inline_rating\" data-bv-product-id=\"OdorFightingInsoles\"><\/div>\n\t<div class=\"excerpt\">Protection garantie contre les odeurs tout au long de la journ\u00e9e et amortissement sup\u00e9rieur<\/div>\t\n<\/div><\/a><div class=\"row view-buy add-to-cart d-flex align-items-baseline card-footer\">\r\n          <div class=\"col-md-6 no-padding\">\r\n            <a class=\"btn btn-link btn-block blue text-uppercase\" href=\"https:\/\/www.drscholls.ca\/fr\/p\/confort-et-energie\/semelles-odour-destroyers\/\" aria-label=\"En SavoirPlus Semelles Odour Destroyers&lt;sup&gt;\u00ae&lt;\/sup&gt;\">En Savoir<br \/>Plus<\/a>\r\n          <\/div><div class=\"rule\"><\/div>\r\n          <div class=\"col-md-6 no-padding\">\r\n            <div class=\"btn\" role=\"button\" data-mm-wtbid=\"67b66f2ecc01a50f077709a8\" data-mm-ids=\"0888853001364\">Acheter Maintenant<\/div>\r\n          <\/div><\/div>\t<span id=\"woocommerce_loop_add_to_cart_link_describedby_312\" class=\"screen-reader-text\">\n\t\t\t<\/span>\n<\/li>\n<li class=\"card product type-product post-317 status-publish first instock product_cat-odeurs-et-transpiration product_cat-pulverisateurs product_cat-traitements-pour-la-peau has-post-thumbnail taxable shipping-taxable product-type-simple\">\t<a href=\"https:\/\/www.drscholls.ca\/fr\/p\/odeurs-et-transpiration\/deodorant-pour-les-pieds\/\" class=\"woocommerce-LoopProduct-link woocommerce-loop-product__link\"><div class=\"product-image\"><img decoding=\"async\" class=\"card-img-top\" src=\"https:\/\/www.drscholls.ca\/fr\/wp-content\/uploads\/sites\/4\/DS-Foot-Deodorant-Pump-Spray-120mL888853001500_front_fr-300x300.jpg\"><\/div><div class=\"card-body\"><div class=\"product-title d-flex align-items-end\"><h2 class=\"woocommerce-loop-product_title\">D\u00e9odorant pour les pieds<\/h2><\/div>\t\t\t<div data-bv-show=\"inline_rating\" data-bv-product-id=\"OdorXtradeOdorFightingSprayPowder\"><\/div>\n\t<div class=\"excerpt\">Protection garantie contre les odeurs tout au long de la journ\u00e9e<\/div>\t\n<\/div><\/a><div class=\"row view-buy add-to-cart d-flex align-items-baseline card-footer\">\r\n          <div class=\"col-md-6 no-padding\">\r\n            <a class=\"btn btn-link btn-block blue text-uppercase\" href=\"https:\/\/www.drscholls.ca\/fr\/p\/odeurs-et-transpiration\/deodorant-pour-les-pieds\/\" aria-label=\"En SavoirPlus D\u00e9odorant pour les pieds\">En Savoir<br \/>Plus<\/a>\r\n          <\/div><\/div>\t<span id=\"woocommerce_loop_add_to_cart_link_describedby_317\" class=\"screen-reader-text\">\n\t\t\t<\/span>\n<\/li>\n<li class=\"card product type-product post-327 status-publish last instock product_cat-odeurs-et-transpiration product_cat-odeurs-et-moiteur-des-pieds product_cat-odour-destroyers product_cat-poudres product_cat-technologie-odour-destroyers product_cat-traitements-pour-la-peau product_cat-transpiration-et-odeurs has-post-thumbnail taxable shipping-taxable product-type-simple\">\t<a href=\"https:\/\/www.drscholls.ca\/fr\/p\/odeurs-et-transpiration\/poudre-medicamenteuse-pour-les-pieds\/\" class=\"woocommerce-LoopProduct-link woocommerce-loop-product__link\"><div class=\"product-image\"><img decoding=\"async\" class=\"card-img-top\" src=\"https:\/\/www.drscholls.ca\/fr\/wp-content\/uploads\/sites\/4\/DS-Odour-X-Fighting-Foot-Powder-177g888853001449_front-300x300.jpg\"><\/div><div class=\"card-body\"><div class=\"product-title d-flex align-items-end\"><h2 class=\"woocommerce-loop-product_title\">Poudre M\u00e9dicamenteuse Pour les Pieds<\/h2><\/div>\t\t\t<div data-bv-show=\"inline_rating\" data-bv-product-id=\"UltraSweatAbsorbingFootPowder\"><\/div>\n\t<div class=\"excerpt\">6\u00a0agents puissants combattant les odeurs et l\u2019humidit\u00e9<\/div>\t\n<\/div><\/a><div class=\"row view-buy add-to-cart d-flex align-items-baseline card-footer\">\r\n          <div class=\"col-md-6 no-padding\">\r\n            <a class=\"btn btn-link btn-block blue text-uppercase\" href=\"https:\/\/www.drscholls.ca\/fr\/p\/odeurs-et-transpiration\/poudre-medicamenteuse-pour-les-pieds\/\" aria-label=\"En SavoirPlus Poudre M\u00e9dicamenteuse Pour les Pieds\">En Savoir<br \/>Plus<\/a>\r\n          <\/div><div class=\"rule\"><\/div>\r\n          <div class=\"col-md-6 no-padding\">\r\n            <div class=\"btn\" role=\"button\" data-mm-wtbid=\"67b66f2ecc01a50f077709a8\" data-mm-ids=\"0888853001456\">Acheter Maintenant<\/div>\r\n          <\/div><\/div>\t<span id=\"woocommerce_loop_add_to_cart_link_describedby_327\" class=\"screen-reader-text\">\n\t\t\t<\/span>\n<\/li>\n<li class=\"card product type-product post-320 status-publish first instock product_cat-odeurs-et-transpiration product_cat-odeurs-et-moiteur-des-pieds product_cat-odour-destroyers product_cat-poudres product_cat-technologie-odour-destroyers product_cat-traitements-pour-la-peau has-post-thumbnail taxable shipping-taxable product-type-simple\">\t<a href=\"https:\/\/www.drscholls.ca\/fr\/p\/odeurs-et-transpiration\/poudre-desodorisante-pour-les-pieds\/\" class=\"woocommerce-LoopProduct-link woocommerce-loop-product__link\"><div class=\"product-image\"><img decoding=\"async\" class=\"card-img-top\" src=\"https:\/\/www.drscholls.ca\/fr\/wp-content\/uploads\/sites\/4\/DS-Odour-X-Medicated-Foot-Powder-311g888853001456-300x300.jpg\"><\/div><div class=\"card-body\"><div class=\"product-title d-flex align-items-end\"><h2 class=\"woocommerce-loop-product_title\">Poudre D\u00e9sodorisante pour les Pieds<\/h2><\/div>\t\t\t<div data-bv-show=\"inline_rating\" data-bv-product-id=\"OdorXtradeOdorFightingFootPowder\"><\/div>\n\t<div class=\"excerpt\">Pour une protection efficace contre les odeurs durant toute la journ\u00e9e<\/div>\t\n<\/div><\/a><div class=\"row view-buy add-to-cart d-flex align-items-baseline card-footer\">\r\n          <div class=\"col-md-6 no-padding\">\r\n            <a class=\"btn btn-link btn-block blue text-uppercase\" href=\"https:\/\/www.drscholls.ca\/fr\/p\/odeurs-et-transpiration\/poudre-desodorisante-pour-les-pieds\/\" aria-label=\"En SavoirPlus Poudre D\u00e9sodorisante pour les Pieds\">En Savoir<br \/>Plus<\/a>\r\n          <\/div><div class=\"rule\"><\/div>\r\n          <div class=\"col-md-6 no-padding\">\r\n            <div class=\"btn\" role=\"button\" data-mm-wtbid=\"67b66f2ecc01a50f077709a8\" data-mm-ids=\"0888853001449\">Acheter Maintenant<\/div>\r\n          <\/div><\/div>\t<span id=\"woocommerce_loop_add_to_cart_link_describedby_320\" class=\"screen-reader-text\">\n\t\t\t<\/span>\n<\/li>\n<li class=\"card product type-product post-323 status-publish last instock product_cat-odeurs-et-transpiration product_cat-odeurs-et-moiteur-des-pieds product_cat-odour-destroyers product_cat-pulverisateurs product_cat-technologie-odour-destroyers product_cat-traitements-pour-la-peau has-post-thumbnail taxable shipping-taxable product-type-simple\">\t<a href=\"https:\/\/www.drscholls.ca\/fr\/p\/odeurs-et-transpiration\/traitement-pour-les-chaussures-de-sport\/\" class=\"woocommerce-LoopProduct-link woocommerce-loop-product__link\"><div class=\"product-image\"><img decoding=\"async\" class=\"card-img-top\" src=\"https:\/\/www.drscholls.ca\/fr\/wp-content\/uploads\/sites\/4\/DS-Odour-X-Sneaker-Treater-Spray-133g888853001432_front_fr-300x300.jpg\"><\/div><div class=\"card-body\"><div class=\"product-title d-flex align-items-end\"><h2 class=\"woocommerce-loop-product_title\">Traitement pour les chaussures de sport<\/h2><\/div>\t\t\t<div data-bv-show=\"inline_rating\" data-bv-product-id=\"AntifungalSprayPowder\"><\/div>\n\t<div class=\"excerpt\">Absorbe l\u2019exc\u00e8s d\u2019humidit\u00e9 et \u00e9limine les odeurs instantan\u00e9ment<\/div>\t\n<\/div><\/a><div class=\"row view-buy add-to-cart d-flex align-items-baseline card-footer\">\r\n          <div class=\"col-md-6 no-padding\">\r\n            <a class=\"btn btn-link btn-block blue text-uppercase\" href=\"https:\/\/www.drscholls.ca\/fr\/p\/odeurs-et-transpiration\/traitement-pour-les-chaussures-de-sport\/\" aria-label=\"En SavoirPlus Traitement pour les chaussures de sport\">En Savoir<br \/>Plus<\/a>\r\n          <\/div><div class=\"rule\"><\/div>\r\n          <div class=\"col-md-6 no-padding\">\r\n            <div class=\"btn\" role=\"button\" data-mm-wtbid=\"67b66f2ecc01a50f077709a8\" data-mm-ids=\"0888853001432\">Acheter Maintenant<\/div>\r\n          <\/div><\/div>\t<span id=\"woocommerce_loop_add_to_cart_link_describedby_323\" class=\"screen-reader-text\">\n\t\t\t<\/span>\n<\/li>\n<li class=\"card product type-product post-13661 status-publish first instock product_cat-odeurs-et-transpiration product_cat-odeurs-et-moiteur-des-pieds product_cat-technologie-odour-destroyers product_cat-traitements-pour-la-peau has-post-thumbnail taxable shipping-taxable product-type-simple\">\t<a href=\"https:\/\/www.drscholls.ca\/fr\/p\/odeurs-et-transpiration\/extrait-de-probiotique-odour-x\/\" class=\"woocommerce-LoopProduct-link woocommerce-loop-product__link\"><div class=\"product-image\"><img decoding=\"async\" class=\"card-img-top\" src=\"https:\/\/www.drscholls.ca\/fr\/wp-content\/uploads\/sites\/4\/888853001296_OdourX_Probiotic_Bottle_FRONT-300x300.jpg\"><\/div><div class=\"card-body\"><div class=\"product-title d-flex align-items-end\"><h2 class=\"woocommerce-loop-product_title\">Vaporisateur pour les pieds \u00e0 l&#8217;extrait de probiotique<\/h2><\/div>\t\t\t<div data-bv-show=\"inline_rating\" data-bv-product-id=\"\"><\/div>\n\t<div class=\"excerpt\">Solution d&#039;origine naturelle pour les odeurs de pieds persistantes.<\/div>\t\n<\/div><\/a><div class=\"row view-buy add-to-cart d-flex align-items-baseline card-footer\">\r\n          <div class=\"col-md-6 no-padding\">\r\n            <a class=\"btn btn-link btn-block blue text-uppercase\" href=\"https:\/\/www.drscholls.ca\/fr\/p\/odeurs-et-transpiration\/extrait-de-probiotique-odour-x\/\" aria-label=\"En SavoirPlus Vaporisateur pour les pieds \u00e0 l&#8217;extrait de probiotique\">En Savoir<br \/>Plus<\/a>\r\n          <\/div><\/div>\t<span id=\"woocommerce_loop_add_to_cart_link_describedby_13661\" class=\"screen-reader-text\">\n\t\t\t<\/span>\n<\/li>\n<\/ul>\n\t\t\t<\/div>\n\t\t<\/div>\n\t[\/vc_column_text][\/vc_column][\/vc_row]<\/div>","protected":false},"excerpt":{"rendered":"<p>Notre <strong>vaporisateur pour les pieds \u00e0 l&#8217;extrait de probiotique Odour-X\u00ae<\/strong> est con\u00e7u pour les personnes qui veulent une solution d&#8217;origine naturelle pour les odeurs de pieds persistantes, une solution qui traite la cause de l&#8217;odeur et emp\u00eache son retour.<\/p>\n<p><strong>Avantages du produit<\/strong><\/p>\n<ul>\n<li>\u00c9limine imm\u00e9diatement m\u00eame les odeurs les plus d\u00e9sagr\u00e9ables<\/li>\n<li>Traite et pr\u00e9vient les odeurs g\u00eanantes gr\u00e2ce \u00e0 une utilisation r\u00e9guli\u00e8re.<\/li>\n<li>Restaure naturellement le microbiome sain de la peau gr\u00e2ce \u00e0 des probiotiques qui r\u00e9\u00e9quilibrent l&#8217;environnement bact\u00e9rien des pieds.<\/li>\n<li>Aide les pieds \u00e0 rester revigor\u00e9s gr\u00e2ce \u00e0 un m\u00e9lange d&#8217;huiles essentielles qui procure une sensation de fra\u00eecheur et d&#8217;apaisement.<\/li>\n<\/ul>\n","protected":false},"featured_media":13701,"template":"","meta":{"_acf_changed":false},"product_brand":[],"product_cat":[170,351,350,321],"product_tag":[],"class_list":{"0":"post-13661","1":"product","2":"type-product","3":"status-publish","4":"has-post-thumbnail","6":"product_cat-odeurs-et-transpiration","7":"product_cat-odeurs-et-moiteur-des-pieds","8":"product_cat-technologie-odour-destroyers","9":"product_cat-traitements-pour-la-peau","11":"last","12":"instock","13":"taxable","14":"shipping-taxable","15":"product-type-simple"},"acf":[],"_links":{"self":[{"href":"https:\/\/www.drscholls.ca\/fr\/wp-json\/wp\/v2\/product\/13661","targetHints":{"allow":["GET"]}}],"collection":[{"href":"https:\/\/www.drscholls.ca\/fr\/wp-json\/wp\/v2\/product"}],"about":[{"href":"https:\/\/www.drscholls.ca\/fr\/wp-json\/wp\/v2\/types\/product"}],"wp:featuredmedia":[{"embeddable":true,"href":"https:\/\/www.drscholls.ca\/fr\/wp-json\/wp\/v2\/media\/13701"}],"wp:attachment":[{"href":"https:\/\/www.drscholls.ca\/fr\/wp-json\/wp\/v2\/media?parent=13661"}],"wp:term":[{"taxonomy":"product_brand","embeddable":true,"href":"https:\/\/www.drscholls.ca\/fr\/wp-json\/wp\/v2\/product_brand?post=13661"},{"taxonomy":"product_cat","embeddable":true,"href":"https:\/\/www.drscholls.ca\/fr\/wp-json\/wp\/v2\/product_cat?post=13661"},{"taxonomy":"product_tag","embeddable":true,"href":"https:\/\/www.drscholls.ca\/fr\/wp-json\/wp\/v2\/product_tag?post=13661"}],"curies":[{"name":"wp","href":"https:\/\/api.w.org\/{rel}","templated":true}]}}