{"id":13580,"date":"1970-01-01T00:00:00","date_gmt":"1970-01-01T05:00:00","guid":{"rendered":"https:\/\/www.drscholls.ca\/fr\/?post_type=product&#038;p=13580"},"modified":"2025-03-21T16:22:02","modified_gmt":"2025-03-21T21:22:02","slug":"semelles-float-on-air","status":"publish","type":"product","link":"https:\/\/www.drscholls.ca\/fr\/p\/semelles-femmes\/semelles-float-on-air\/","title":{"rendered":"Semelles en mousse Float-On-Air"},"content":{"rendered":"<div class=\"wpb-content-wrapper\">[vc_section full_width=&#8221;stretch_row&#8221; el_id=&#8221;product-tabs&#8221;][vc_row][vc_column][vc_tta_tabs style=&#8221;flat&#8221; shape=&#8221;square&#8221; color=&#8221;white&#8221; alignment=&#8221;center&#8221; active_section=&#8221;1&#8243;][vc_tta_section title=&#8221;Caract\u00e9ristiques du Produit&#8221; tab_id=&#8221;benefits&#8221;][vc_row_inner][vc_column_inner width=&#8221;5\/12&#8243;][vc_column_text el_class=&#8221;blue&#8221;]\r\n<ul class=\"benefits-details-list\">\r\n \t<li class=\"benefits-details-1 animate\" data-index=\"0\"><strong>1. Mousse Float-On-AirMC<\/strong>\r\nNouvelle technologie de mousse dot\u00e9e de bulles amortissantes qui permet \u00e0 la semelle de retrouver sa forme \u00e0 chaque pas.<\/li>\r\n \t<li class=\"benefits-details-2 animate\" data-index=\"1\"><strong>2. Talon profil\u00e9 et support de la vo\u00fbte plantaire<\/strong>\r\nAm\u00e9liorez le support de vos pieds et bougez de fa\u00e7on dynamique.<\/li>\r\n \t<li class=\"benefits-details-3 animate\" data-index=\"2\"><strong>3. Neutralisation des odeurs gr\u00e2ce \u00e0 la technologie Polygiene Stays Fresh\u00ae. \u00a0<\/strong><\/li>\r\n<\/ul>\r\n[\/vc_column_text][\/vc_column_inner][vc_column_inner el_class=&#8221;img-wrap float-on-air-insoles&#8221; width=&#8221;7\/12&#8243;][vc_single_image image=&#8221;13676&#8243; img_size=&#8221;full&#8221; alignment=&#8221;center&#8221;][vc_column_text]\r\n<ul class=\"list\">\r\n \t<li class=\"\"><span class=\"txt\">1<\/span><\/li>\r\n \t<li class=\"\"><span class=\"txt\">2<\/span><\/li>\r\n \t<li class=\"\"><span class=\"txt\">3<\/span><\/li>\r\n<\/ul>\r\n[\/vc_column_text][\/vc_column_inner][\/vc_row_inner][\/vc_tta_section][vc_tta_section title=&#8221;Explication&#8221; tab_id=&#8221;why-it-works&#8221;][vc_row_inner][vc_column_inner width=&#8221;1\/3&#8243;][vc_single_image image=&#8221;13590&#8243;][\/vc_column_inner][vc_column_inner width=&#8221;2\/3&#8243;][vc_column_text]\r\n<ul>\r\n \t<li><a href=\"https:\/\/www.drscholls.ca\/fr\/ca\/symptomes-et-problemes\/douleur-aux-pieds-et-problemes-de-sante\/fatigue-et-douleur-aux-pieds\/\">Les pieds fatigu\u00e9s<\/a> et douloureux sont caus\u00e9s par un surmenage des muscles du pied. Ces douleurs sont plus susceptibles de se produire si le pied n&#8217;est pas correctement support\u00e9. Lorsque le pied n&#8217;est pas correctement support\u00e9, il risque de ne pas servir aussi efficacement en amortisseur de chocs. En cons\u00e9quence, le poids n&#8217;est pas r\u00e9parti efficacement, ce qui peut provoquer des pieds douloureux, endoloris et fatigu\u00e9s.<\/li>\r\n \t<li>Nos semelles en mousse <strong>Float-On-AirMC<\/strong> procurent un soulagement imm\u00e9diat et un confort tout au long de la journ\u00e9e gr\u00e2ce aux bulles amortissantes qui aident \u00e0 la semelle \u00e0 retrouver sa forme \u00e0 chaque pas. L&#8217;amortissement s&#8217;\u00e9tend sur toute la semelle int\u00e9rieure, ce qui aide \u00e0 r\u00e9partir le poids efficacement. Le talon profil\u00e9 et le support de la vo\u00fbte plantaire absorbent les chocs, ce qui aide \u00e0 r\u00e9duire les pieds douloureux et fatigu\u00e9s.<\/li>\r\n<\/ul>\r\n[\/vc_column_text][\/vc_column_inner][\/vc_row_inner][\/vc_tta_section][vc_tta_section title=&#8221;Mode d\u2019emploi&#8221; tab_id=&#8221;how-to-use&#8221;][vc_row_inner][vc_column_inner width=&#8221;1\/4&#8243;][vc_column_text]\r\n<h6 style=\"text-align: center;\">\u00c9TAPE 1<\/h6>\r\n<p style=\"text-align: center;\">Les semelles int\u00e9rieures de vos chaussures sont-elles amovibles? Enlevez-les d&#8217;abord.<\/p>\r\n[\/vc_column_text][\/vc_column_inner][vc_column_inner width=&#8221;1\/4&#8243;][vc_column_text]\r\n<h6 style=\"text-align: center;\">\u00c9TAPE 2<\/h6>\r\n<p style=\"text-align: center;\">Placez vos semelles dans la chaussure, c\u00f4t\u00e9 tissu vers le haut.<\/p>\r\n[\/vc_column_text][\/vc_column_inner][vc_column_inner width=&#8221;1\/4&#8243;][vc_column_text]\r\n<h6 style=\"text-align: center;\">\u00c9TAPE 3<\/h6>\r\n<p style=\"text-align: center;\">Veillez \u00e0 ce que la semelle repose \u00e0 plat dans la chaussure.<\/p>\r\n[\/vc_column_text][\/vc_column_inner][vc_column_inner width=&#8221;1\/4&#8243;][vc_column_text]\r\n<h6 style=\"text-align: center;\">\u00c9TAPE 4<\/h6>\r\n<p style=\"text-align: center;\">Adonnez-vous \u00e0 vos activit\u00e9s quotidiennes en tout confort!<\/p>\r\n[\/vc_column_text][\/vc_column_inner][\/vc_row_inner][vc_row_inner][vc_column_inner][vc_column_text]\r\n<p style=\"text-align: center;\">Remplacez les semelles tous les six (6) mois ou aux premiers signes d&#8217;usure.<\/p>\r\n[\/vc_column_text][\/vc_column_inner][\/vc_row_inner][\/vc_tta_section][\/vc_tta_tabs][\/vc_column][\/vc_row][\/vc_section][vc_row][vc_column][vc_custom_heading text=&#8221;TROUVER D&#8217;AUTRES PRODUITS CONNEXES\r\n&#8221; font_container=&#8221;tag:h2|text_align:center&#8221; use_theme_fonts=&#8221;yes&#8221;][vc_column_text]\t\t<div class=\"wcpscwc-product-slider-wrap \">\n\t\t\t<div class=\"woocommerce wcpscwc-product-slider\" id=\"wcpscwc-product-slider-1\" data-conf=\"{&quot;slide_to_show&quot;:3,&quot;slide_to_scroll&quot;:3,&quot;autoplay&quot;:&quot;true&quot;,&quot;autoplay_speed&quot;:3000,&quot;speed&quot;:300,&quot;arrows&quot;:&quot;true&quot;,&quot;dots&quot;:&quot;true&quot;,&quot;rtl&quot;:&quot;false&quot;,&quot;slider_cls&quot;:&quot;products&quot;,&quot;loop&quot;:&quot;true&quot;}\">\n\t\t\t<ul class=\"products columns-2\">\n<li class=\"card product type-product post-13036 status-publish first instock product_cat-chaussures-decontractees-espadrilles product_cat-chaussures-plates-et-bottines-pour-femme product_cat-pieds-fatigues-et-douloureux product_cat-semelles product_cat-semelles-3-4 product_cat-semelles-femmes product_cat-stylish-step has-post-thumbnail taxable shipping-taxable product-type-simple\">\t<a href=\"https:\/\/www.drscholls.ca\/fr\/p\/stylish-step\/semelles-16-heures\/\" class=\"woocommerce-LoopProduct-link woocommerce-loop-product__link\"><div class=\"product-image\"><img decoding=\"async\" class=\"card-img-top\" src=\"https:\/\/www.drscholls.ca\/fr\/wp-content\/uploads\/sites\/4\/056219862717_Stylish-Step_16hr-Insoles-300x300.jpg\"><\/div><div class=\"card-body\"><div class=\"product-title d-flex align-items-end\"><h2 class=\"woocommerce-loop-product_title\">Semelles \u00be Stylish Step<sup>&reg;<\/sup> 16 hour<sup>&reg;<\/sup><\/h2><\/div>\t\t\t<div data-bv-show=\"inline_rating\" data-bv-product-id=\"\"><\/div>\n\t<div class=\"excerpt\">16\u00a0heures de confort jour et nuit<\/div>\t\n<\/div><\/a><div class=\"row view-buy add-to-cart d-flex align-items-baseline card-footer\">\r\n          <div class=\"col-md-6 no-padding\">\r\n            <a class=\"btn btn-link btn-block blue text-uppercase\" href=\"https:\/\/www.drscholls.ca\/fr\/p\/stylish-step\/semelles-16-heures\/\" aria-label=\"En SavoirPlus Semelles \u00be Stylish Step&lt;sup&gt;&reg;&lt;\/sup&gt; 16 hour&lt;sup&gt;&reg;&lt;\/sup&gt;\">En Savoir<br \/>Plus<\/a>\r\n          <\/div><div class=\"rule\"><\/div>\r\n          <div class=\"col-md-6 no-padding\">\r\n            <div class=\"btn\" role=\"button\" data-mm-wtbid=\"67b66f2ecc01a50f077709a8\" data-mm-ids=\"0056219862717\">Acheter Maintenant<\/div>\r\n          <\/div><\/div>\t<span id=\"woocommerce_loop_add_to_cart_link_describedby_13036\" class=\"screen-reader-text\">\n\t\t\t<\/span>\n<\/li>\n<li class=\"card product type-product post-275 status-publish last instock product_cat-chaussures-decontractees-espadrilles product_cat-chaussures-habillees-pour-homme product_cat-chaussures-inconfortables product_cat-confort-et-energie product_cat-jambes-fatiguees-et-douloureuses product_cat-pieds-fatigues-et-douloureux product_cat-semelles product_cat-semelles-completes product_cat-semelles-femmes product_cat-semelles-homme product_cat-technologie-massaging-gel has-post-thumbnail taxable shipping-taxable product-type-variable\">\t<a href=\"https:\/\/www.drscholls.ca\/fr\/p\/confort-et-energie\/semelles-ultra-minces-massaging-gel\/\" class=\"woocommerce-LoopProduct-link woocommerce-loop-product__link\"><div class=\"product-image\"><img decoding=\"async\" class=\"card-img-top\" src=\"https:\/\/www.drscholls.ca\/fr\/wp-content\/uploads\/sites\/4\/056500367792__Ultra-Thin_-MEN-Front-1-300x300.jpg\"><\/div><div class=\"card-body\"><div class=\"product-title d-flex align-items-end\"><h2 class=\"woocommerce-loop-product_title\">Semelles Ultra Minces Avec Massaging Gel<sup>\u00ae<\/sup><\/h2><\/div>\t\t\t<div data-bv-show=\"inline_rating\" data-bv-product-id=\"DuragelMassagingGelUltraThin\"><\/div>\n\t<div class=\"excerpt\">Un confort qui dure toute la journ\u00e9e m\u00eame dans des chaussures de ville<\/div>\t\n<\/div><\/a><div class=\"row view-buy add-to-cart d-flex align-items-baseline card-footer\">\r\n          <div class=\"col-md-6 no-padding\">\r\n            <a class=\"btn btn-link btn-block blue text-uppercase\" href=\"https:\/\/www.drscholls.ca\/fr\/p\/confort-et-energie\/semelles-ultra-minces-massaging-gel\/\" aria-label=\"En SavoirPlus Semelles Ultra Minces Avec Massaging Gel&lt;sup&gt;\u00ae&lt;\/sup&gt;\">En Savoir<br \/>Plus<\/a>\r\n          <\/div><\/div>\t<span id=\"woocommerce_loop_add_to_cart_link_describedby_275\" class=\"screen-reader-text\">\n\t\t\t<\/span>\n<\/li>\n<li class=\"card product type-product post-253 status-publish first instock product_cat-chaussures-decontractees-espadrilles product_cat-chaussures-et-bottes-de-travail product_cat-chaussures-inconfortables product_cat-confort-et-energie product_cat-jambes-fatiguees-et-douloureuses product_cat-pieds-fatigues-et-douloureux product_cat-semelles product_cat-semelles-completes product_cat-semelles-femmes product_cat-semelles-homme product_cat-technologie-massaging-gel has-post-thumbnail taxable shipping-taxable product-type-variable\">\t<a href=\"https:\/\/www.drscholls.ca\/fr\/p\/confort-et-energie\/semelles-memory-fit\/\" class=\"woocommerce-LoopProduct-link woocommerce-loop-product__link\"><div class=\"product-image\"><img decoding=\"async\" class=\"card-img-top\" src=\"https:\/\/www.drscholls.ca\/fr\/wp-content\/uploads\/sites\/4\/DS-CE-Memory-Fit-M888853002019_front-300x300.jpg\"><\/div><div class=\"card-body\"><div class=\"product-title d-flex align-items-end\"><h2 class=\"woocommerce-loop-product_title\">Semelles Memory Fit<sup>\u00ae<\/sup><\/h2><\/div>\t\t\t<div data-bv-show=\"inline_rating\" data-bv-product-id=\"\"><\/div>\n\t<div class=\"excerpt\">Soutien \u00e9nergisant et mousse m\u00e9moire amortissante personnalis\u00e9e<\/div>\t\n<\/div><\/a><div class=\"row view-buy add-to-cart d-flex align-items-baseline card-footer\">\r\n          <div class=\"col-md-6 no-padding\">\r\n            <a class=\"btn btn-link btn-block blue text-uppercase\" href=\"https:\/\/www.drscholls.ca\/fr\/p\/confort-et-energie\/semelles-memory-fit\/\" aria-label=\"En SavoirPlus Semelles Memory Fit&lt;sup&gt;\u00ae&lt;\/sup&gt;\">En Savoir<br \/>Plus<\/a>\r\n          <\/div><div class=\"rule\"><\/div>\r\n          <div class=\"col-md-6 no-padding\">\r\n            <div class=\"btn\" role=\"button\" data-mm-wtbid=\"67b66f2ecc01a50f077709a8\" data-mm-ids=\"0888853002019,0888853002002\">Acheter Maintenant<\/div>\r\n          <\/div><\/div>\t<span id=\"woocommerce_loop_add_to_cart_link_describedby_253\" class=\"screen-reader-text\">\n\t\t\t<\/span>\n<\/li>\n<li class=\"card product type-product post-241 status-publish last instock product_cat-chaussures-decontractees-espadrilles product_cat-chaussures-et-bottes-de-travail product_cat-chaussures-inconfortables product_cat-chaussures-sans-soutien product_cat-confort-et-energie product_cat-jambes-fatiguees-et-douloureuses product_cat-pieds-fatigues-et-douloureux product_cat-pieds-plats product_cat-semelles product_cat-semelles-completes product_cat-semelles-femmes product_cat-semelles-homme product_cat-technologie-massaging-gel has-post-thumbnail taxable shipping-taxable product-type-variable\">\t<a href=\"https:\/\/www.drscholls.ca\/fr\/p\/confort-et-energie\/semelles-de-travail\/\" class=\"woocommerce-LoopProduct-link woocommerce-loop-product__link\"><div class=\"product-image\"><img decoding=\"async\" class=\"card-img-top\" src=\"https:\/\/www.drscholls.ca\/fr\/wp-content\/uploads\/sites\/4\/DS-CE-Work-Massaging-Gel-Adv-M888853002026_front-300x300.jpg\"><\/div><div class=\"card-body\"><div class=\"product-title d-flex align-items-end\"><h2 class=\"woocommerce-loop-product_title\">Semelles de travail avec Massaging Gel<sup>\u00ae<\/sup><\/h2><\/div>\t\t\t<div data-bv-show=\"inline_rating\" data-bv-product-id=\"MassagingGelWorkInsoles\"><\/div>\n\t<div class=\"excerpt\">Absorption et amortissement suppl\u00e9mentaires pour un confort des pieds qui dure toute la journ\u00e9e<\/div>\t\n<\/div><\/a><div class=\"row view-buy add-to-cart d-flex align-items-baseline card-footer\">\r\n          <div class=\"col-md-6 no-padding\">\r\n            <a class=\"btn btn-link btn-block blue text-uppercase\" href=\"https:\/\/www.drscholls.ca\/fr\/p\/confort-et-energie\/semelles-de-travail\/\" aria-label=\"En SavoirPlus Semelles de travail avec Massaging Gel&lt;sup&gt;\u00ae&lt;\/sup&gt;\">En Savoir<br \/>Plus<\/a>\r\n          <\/div><div class=\"rule\"><\/div>\r\n          <div class=\"col-md-6 no-padding\">\r\n            <div class=\"btn\" role=\"button\" data-mm-wtbid=\"67b66f2ecc01a50f077709a8\" data-mm-ids=\"0888853002026,0888853002033\">Acheter Maintenant<\/div>\r\n          <\/div><\/div>\t<span id=\"woocommerce_loop_add_to_cart_link_describedby_241\" class=\"screen-reader-text\">\n\t\t\t<\/span>\n<\/li>\n<li class=\"card product type-product post-210 status-publish first instock product_cat-chaussures-decontractees-espadrilles product_cat-chaussures-et-bottes-de-travail product_cat-chaussures-habillees-pour-homme product_cat-chaussures-inconfortables product_cat-confort-et-energie product_cat-jambes-fatiguees-et-douloureuses product_cat-pieds-fatigues-et-douloureux product_cat-semelles product_cat-semelles-completes product_cat-semelles-femmes product_cat-semelles-homme product_cat-technologie-massaging-gel has-post-thumbnail taxable shipping-taxable product-type-variable\">\t<a href=\"https:\/\/www.drscholls.ca\/fr\/p\/confort-et-energie\/massaging-gel-semelles-de-pointe\/\" class=\"woocommerce-LoopProduct-link woocommerce-loop-product__link\"><div class=\"product-image\"><img decoding=\"async\" class=\"card-img-top\" src=\"https:\/\/www.drscholls.ca\/fr\/wp-content\/uploads\/sites\/4\/DS-Massaging-Gel-M888853001654_front-300x300.jpg\"><\/div><div class=\"card-body\"><div class=\"product-title d-flex align-items-end\"><h2 class=\"woocommerce-loop-product_title\">Semelles Massaging Gel<sup>&reg;<\/sup> de pointe<\/h2><\/div>\t\t\t<div data-bv-show=\"inline_rating\" data-bv-product-id=\"MassagingGelInsoles\"><\/div>\n\t<div class=\"excerpt\">Plus de confort et moins de fatigue musculaire dans les pieds et les jambes tout au long de la journ\u00e9e<\/div>\t\n<\/div><\/a><div class=\"row view-buy add-to-cart d-flex align-items-baseline card-footer\">\r\n          <div class=\"col-md-6 no-padding\">\r\n            <a class=\"btn btn-link btn-block blue text-uppercase\" href=\"https:\/\/www.drscholls.ca\/fr\/p\/confort-et-energie\/massaging-gel-semelles-de-pointe\/\" aria-label=\"En SavoirPlus Semelles Massaging Gel&lt;sup&gt;&reg;&lt;\/sup&gt; de pointe\">En Savoir<br \/>Plus<\/a>\r\n          <\/div><div class=\"rule\"><\/div>\r\n          <div class=\"col-md-6 no-padding\">\r\n            <div class=\"btn\" role=\"button\" data-mm-wtbid=\"67b66f2ecc01a50f077709a8\" data-mm-ids=\"0888853001654,0011017586135\">Acheter Maintenant<\/div>\r\n          <\/div><\/div>\t<span id=\"woocommerce_loop_add_to_cart_link_describedby_210\" class=\"screen-reader-text\">\n\t\t\t<\/span>\n<\/li>\n<li class=\"card product type-product post-13527 status-publish last instock product_cat-chaussures-decontractees-espadrilles product_cat-chaussures-et-bottes-de-travail product_cat-chaussures-inconfortables product_cat-chaussures-sans-soutien product_cat-douleur-lombaire product_cat-jambes-fatiguees-et-douloureuses product_cat-pieds-fatigues-et-douloureux product_cat-semelles product_cat-semelles-completes product_cat-semelles-femmes product_cat-semelles-homme product_cat-soulagement-de-la-douleur product_cat-technologie-shock-guard has-post-thumbnail taxable shipping-taxable product-type-simple\">\t<a href=\"https:\/\/www.drscholls.ca\/fr\/p\/soulagement-de-la-douleur\/ortheses-soutien-extra-fort-pour-femmes\/\" class=\"woocommerce-LoopProduct-link woocommerce-loop-product__link\"><div class=\"product-image\"><img decoding=\"async\" class=\"card-img-top\" src=\"https:\/\/www.drscholls.ca\/fr\/wp-content\/uploads\/sites\/4\/DS-Orthotics-Women-Extra-Support888853002118-300x300.jpg\"><\/div><div class=\"card-body\"><div class=\"product-title d-flex align-items-end\"><h2 class=\"woocommerce-loop-product_title\">Orth\u00e8ses support extra fort pour femme<\/h2><\/div>\t\t\t<div data-bv-show=\"inline_rating\" data-bv-product-id=\"\"><\/div>\n\t<div class=\"excerpt\">Soulagement des douleurs lombaires tout au long de la journ\u00e9e, tous les jours, pour les femmes de grande taille.<\/div>\t\n<\/div><\/a><div class=\"row view-buy add-to-cart d-flex align-items-baseline card-footer\">\r\n          <div class=\"col-md-6 no-padding\">\r\n            <a class=\"btn btn-link btn-block blue text-uppercase\" href=\"https:\/\/www.drscholls.ca\/fr\/p\/soulagement-de-la-douleur\/ortheses-soutien-extra-fort-pour-femmes\/\" aria-label=\"En SavoirPlus Orth\u00e8ses support extra fort pour femme\">En Savoir<br \/>Plus<\/a>\r\n          <\/div><\/div>\t<span id=\"woocommerce_loop_add_to_cart_link_describedby_13527\" class=\"screen-reader-text\">\n\t\t\t<\/span>\n<\/li>\n<li class=\"card product type-product post-13580 status-publish first instock product_cat-chaussures-decontractees-espadrilles product_cat-chaussures-et-bottes-de-travail product_cat-chaussures-habillees-pour-homme product_cat-chaussures-inconfortables product_cat-chaussures-plates-et-bottines-pour-femme product_cat-chaussures-sans-soutien product_cat-pieds-fatigues-et-douloureux product_cat-semelles product_cat-semelles-completes product_cat-semelles-femmes product_cat-semelles-homme has-post-thumbnail taxable shipping-taxable product-type-variable\">\t<a href=\"https:\/\/www.drscholls.ca\/fr\/p\/semelles-femmes\/semelles-float-on-air\/\" class=\"woocommerce-LoopProduct-link woocommerce-loop-product__link\"><div class=\"product-image\"><img decoding=\"async\" class=\"card-img-top\" src=\"https:\/\/www.drscholls.ca\/fr\/wp-content\/uploads\/sites\/4\/DS-Float-on-air-insole-M888853002156-300x300.jpg\"><\/div><div class=\"card-body\"><div class=\"product-title d-flex align-items-end\"><h2 class=\"woocommerce-loop-product_title\">Semelles en mousse Float-On-Air<\/h2><\/div>\t\t\t<div data-bv-show=\"inline_rating\" data-bv-product-id=\"\"><\/div>\n\t<div class=\"excerpt\">R\u00e9duit le stress et la tension sur le bas de votre corps pendant la marche.<\/div>\t\n<\/div><\/a><div class=\"row view-buy add-to-cart d-flex align-items-baseline card-footer\">\r\n          <div class=\"col-md-6 no-padding\">\r\n            <a class=\"btn btn-link btn-block blue text-uppercase\" href=\"https:\/\/www.drscholls.ca\/fr\/p\/semelles-femmes\/semelles-float-on-air\/\" aria-label=\"En SavoirPlus Semelles en mousse Float-On-Air\">En Savoir<br \/>Plus<\/a>\r\n          <\/div><div class=\"rule\"><\/div>\r\n          <div class=\"col-md-6 no-padding\">\r\n            <div class=\"btn\" role=\"button\" data-mm-wtbid=\"67b66f2ecc01a50f077709a8\" data-mm-ids=\"0888853002156,0888853002149\">Acheter Maintenant<\/div>\r\n          <\/div><\/div>\t<span id=\"woocommerce_loop_add_to_cart_link_describedby_13580\" class=\"screen-reader-text\">\n\t\t\t<\/span>\n<\/li>\n<\/ul>\n\t\t\t<\/div>\n\t\t<\/div>\n\t[\/vc_column_text][\/vc_column][\/vc_row]<\/div>","protected":false},"excerpt":{"rendered":"<p>Nos semelles en mousse <strong>Float-On-Air<\/strong> sont con\u00e7ues pour offrir un confort aux pieds fatigu\u00e9s et douloureux tout au long de la journ\u00e9e, afin que vous puissiez rester debout plus longtemps. Seules les semelles Dr. Scholl&#8217;s sont dot\u00e9es des bulles amortissantes Float-On-Air, ce qui leur permet de retrouver leur forme \u00e0 chaque pas, assurant ainsi une douceur sup\u00e9rieure que vous pouvez ressentir sur l&#8217;ensemble de votre pied. Plus l\u00e9g\u00e8res que les semelles classiques, elles sont con\u00e7ues pour s&#8217;adapter confortablement \u00e0 toutes les chaussures.<\/p>\n<p><strong>Avantages du produit<\/strong><\/p>\n<ul>\n<li>Restez debout plus longtemps gr\u00e2ce \u00e0 ces semelles qui sont les seules dot\u00e9es de la mousse ultra-douce <strong>Float-On-Air<\/strong>\u00a0et qui retrouvent leur forme \u00e0 chaque pas gr\u00e2ce aux bulles amortissantes. Confort exceptionnel garanti tout au long de la journ\u00e9e pour soulager les pieds fatigu\u00e9s et douloureux.<\/li>\n<li>Recouverte de la technologie Polygiene\u00ae Stays Fresh, qui absorbe l&#8217;humidit\u00e9 pour neutraliser les odeurs et garder les semelles comme neuves.<\/li>\n<li>La mousse reprend lentement sa forme lorsque vous enlevez votre chaussure. Vous pouvez ainsi retrouver le m\u00eame soutien la prochaine fois que vous porterez vos chaussures.<\/li>\n<li>Le talon profil\u00e9 et le support de la vo\u00fbte plantaire offrent un confort suppl\u00e9mentaire pour que vous ayez l&#8217;\u00e9nergie de continuer \u00e0 bouger et de profiter encore plus de votre journ\u00e9e.<\/li>\n<li>Con\u00e7ue pour s&#8217;adapter confortablement \u00e0 toutes les chaussures, y compris les chaussures d\u00e9contract\u00e9es et habill\u00e9es. Coupez \u00e0 la taille de vos chaussures.<\/li>\n<\/ul>\n","protected":false},"featured_media":13713,"template":"","meta":{"_acf_changed":false},"product_brand":[],"product_cat":[204,208,205,324,206,196,183,224,199,173,174],"product_tag":[],"class_list":{"0":"post-13580","1":"product","2":"type-product","3":"status-publish","4":"has-post-thumbnail","6":"product_cat-chaussures-decontractees-espadrilles","7":"product_cat-chaussures-et-bottes-de-travail","8":"product_cat-chaussures-habillees-pour-homme","9":"product_cat-chaussures-inconfortables","10":"product_cat-chaussures-plates-et-bottines-pour-femme","11":"product_cat-chaussures-sans-soutien","12":"product_cat-pieds-fatigues-et-douloureux","13":"product_cat-semelles","14":"product_cat-semelles-completes","15":"product_cat-semelles-femmes","16":"product_cat-semelles-homme","17":"pa_size-men-8-14","18":"pa_size-women-6-10","20":"last","21":"instock","22":"taxable","23":"shipping-taxable","24":"product-type-variable"},"acf":[],"_links":{"self":[{"href":"https:\/\/www.drscholls.ca\/fr\/wp-json\/wp\/v2\/product\/13580","targetHints":{"allow":["GET"]}}],"collection":[{"href":"https:\/\/www.drscholls.ca\/fr\/wp-json\/wp\/v2\/product"}],"about":[{"href":"https:\/\/www.drscholls.ca\/fr\/wp-json\/wp\/v2\/types\/product"}],"wp:featuredmedia":[{"embeddable":true,"href":"https:\/\/www.drscholls.ca\/fr\/wp-json\/wp\/v2\/media\/13713"}],"wp:attachment":[{"href":"https:\/\/www.drscholls.ca\/fr\/wp-json\/wp\/v2\/media?parent=13580"}],"wp:term":[{"taxonomy":"product_brand","embeddable":true,"href":"https:\/\/www.drscholls.ca\/fr\/wp-json\/wp\/v2\/product_brand?post=13580"},{"taxonomy":"product_cat","embeddable":true,"href":"https:\/\/www.drscholls.ca\/fr\/wp-json\/wp\/v2\/product_cat?post=13580"},{"taxonomy":"product_tag","embeddable":true,"href":"https:\/\/www.drscholls.ca\/fr\/wp-json\/wp\/v2\/product_tag?post=13580"}],"curies":[{"name":"wp","href":"https:\/\/api.w.org\/{rel}","templated":true}]}}