{"id":13551,"date":"1970-01-01T00:00:00","date_gmt":"1970-01-01T05:00:00","guid":{"rendered":"https:\/\/www.drscholls.ca\/fr\/?post_type=product&#038;p=13551"},"modified":"2025-03-21T16:16:29","modified_gmt":"2025-03-21T21:16:29","slug":"creme-ultra-hydratante-pour-les-pieds","status":"publish","type":"product","link":"https:\/\/www.drscholls.ca\/fr\/p\/traitements-pour-la-peau\/creme-ultra-hydratante-pour-les-pieds\/","title":{"rendered":"Cr\u00e8me ultra hydratante pour les pieds"},"content":{"rendered":"<div class=\"wpb-content-wrapper\">[vc_section full_width=&#8221;stretch_row&#8221; el_id=&#8221;product-tabs&#8221;][vc_row][vc_column][vc_tta_tabs style=&#8221;flat&#8221; shape=&#8221;square&#8221; color=&#8221;white&#8221; alignment=&#8221;center&#8221; active_section=&#8221;1&#8243;][vc_tta_section title=&#8221;Avantages du produit&#8221; tab_id=&#8221;benefits&#8221;][vc_row_inner][vc_column_inner width=&#8221;5\/12&#8243;][vc_column_text el_class=&#8221;blue&#8221;]\r\n<ul>\r\n \t<li>Avoir les pieds rugueux, secs ou fendill\u00e9s peut \u00eatre inconfortable et g\u00eanant.<\/li>\r\n \t<li>Notre <strong>cr\u00e8me ultra hydratante pour les pieds hydrate<\/strong>, soigne, r\u00e9pare et apaise les pieds secs et fendill\u00e9s, en r\u00e9tablissant l&#8217;\u00e9quilibre hydrique naturel de la peau. Formule professionnelle : ce complexe exclusif d&#8217;ur\u00e9e, qui contient le niveau id\u00e9al d&#8217;ur\u00e9e (25 %) et des ingr\u00e9dients apaisants comme le sel d&#8217;Epsom et des huiles essentielles, impr\u00e8gne l&#8217;humidit\u00e9 dans la peau, ce qui augmente son hydratation, tout en am\u00e9liorant la p\u00e9n\u00e9tration du sel d&#8217;Epsom dans la peau, ce qui le rend plus efficace.<\/li>\r\n<\/ul>\r\n[\/vc_column_text][\/vc_column_inner][vc_column_inner width=&#8221;7\/12&#8243;][vc_single_image image=&#8221;13653&#8243; img_size=&#8221;full&#8221; alignment=&#8221;center&#8221;][\/vc_column_inner][\/vc_row_inner][\/vc_tta_section][vc_tta_section title=&#8221;Ingr\u00e9dients&#8221; tab_id=&#8221;Ingr\u00e9dients&#8221;][vc_column_text]Eau (Aqua), ur\u00e9e, cire d&#8217;abeille, triglyc\u00e9ride caprylique\/caprique, lanoline, alcool c\u00e9tylique, st\u00e9arate de glyc\u00e9ryle, acide malique, st\u00e9arate du PEG-100, acide lactique, hydroxyde de sodium, sulfate de magn\u00e9sium (sel d&#8217;Epsom), ph\u00e9noxy\u00e9thanol, acides amin\u00e9s de soie, ac\u00e9tate de tocoph\u00e9ryle (vitamine E), parfum, allanto\u00efne, EDTA disodique, \u00e9thylhexylglyc\u00e9rine, huile de Mentha Piperita (menthe poivr\u00e9e), huile de Lavandula Angustifolia (lavande), huile de feuilles de Mentha Arvensis (menthe des champs), huile de Mentha Spicata (menthe verte), huile de feuilles d&#8217;Eucalyptus Globulus.[\/vc_column_text][\/vc_tta_section][vc_tta_section title=&#8221;Mode d\u2019emploi &#8221; tab_id=&#8221;how-to-use&#8221;][vc_column_text]\r\n<p style=\"text-align: center;\">Appliquez g\u00e9n\u00e9reusement sur la peau s\u00e8che et gerc\u00e9e et frottez jusqu&#8217;\u00e0 absorption. Il est pr\u00e9f\u00e9rable de l&#8217;appliquer sur les zones affect\u00e9es imm\u00e9diatement apr\u00e8s la douche ou apr\u00e8s avoir humidifi\u00e9 la peau.<\/p>\r\n<p style=\"text-align: center;\">Renouvelez l&#8217;application si n\u00e9cessaire.<\/p>\r\n[\/vc_column_text][\/vc_tta_section][\/vc_tta_tabs][\/vc_column][\/vc_row][\/vc_section][vc_row][vc_column][vc_custom_heading text=&#8221;TROUVER D&#8217;AUTRES PRODUITS CONNEXES&#8221; font_container=&#8221;tag:h2|text_align:center&#8221; use_theme_fonts=&#8221;yes&#8221;][vc_column_text][\/vc_column_text][\/vc_column][\/vc_row]<\/div>","protected":false},"excerpt":{"rendered":"<p>Notre <strong>cr\u00e8me ultra hydratante pour les pieds<\/strong> est sp\u00e9cialement con\u00e7ue pour soigner et r\u00e9parer la peau \u00e9paisse et dure des pieds, en r\u00e9tablissant l&#8217;\u00e9quilibre hydrique naturel de la peau. Ce m\u00e9lange exclusif d&#8217;ingr\u00e9dients comprenant de l&#8217;ur\u00e9e, du sel d&#8217;Epsom et des huiles essentielles, est une formule professionnelle intens\u00e9ment hydratante \u00e0 triple action &#8211; hydratation, r\u00e9paration et apaisement des pieds secs et fissur\u00e9s.<\/p>\n<p><strong>Avantages du produit<\/strong><\/p>\n<ul>\n<li>Formule professionnelle : m\u00e9lange exclusif de 25 % d&#8217;ur\u00e9e, d&#8217;huiles essentielles et de sel d&#8217;Epsom pour des pieds plus lisses et plus doux.<\/li>\n<li>Hydratation : Enrichi de la quantit\u00e9 id\u00e9ale d&#8217;ur\u00e9e (25 %), ce produit assure \u00e0 la peau une douceur et une hydratation uniques. Ce complexe exclusif d&#8217;ur\u00e9e impr\u00e8gne l&#8217;humidit\u00e9 dans la peau, ce qui lui assure une hydratation de 24 heures.<\/li>\n<li>R\u00e9paration : Hydratation en profondeur pour soigner et r\u00e9parer la peau s\u00e8che et gerc\u00e9e de vos pieds.<\/li>\n<li>R\u00e9tablissement : R\u00e9tablit l&#8217;\u00e9quilibre naturel d&#8217;hydratation de la peau.<\/li>\n<li>Apaisement : Des niveaux de sel d&#8217;Epsom comparables \u00e0 ceux d&#8217;un bain ordinaire et des huiles essentielles comme la menthe poivr\u00e9e, la lavande et l&#8217;eucalyptus, p\u00e9n\u00e8trent la peau s\u00e8che et irrit\u00e9e et aident \u00e0 l\u2019apaiser.<\/li>\n<\/ul>\n","protected":false},"featured_media":13717,"template":"","meta":{"_acf_changed":false},"product_brand":[],"product_cat":[403,321],"product_tag":[],"class_list":{"0":"post-13551","1":"product","2":"type-product","3":"status-publish","4":"has-post-thumbnail","6":"product_cat-pieds-rugueux-secs-fendilles","7":"product_cat-traitements-pour-la-peau","9":"first","10":"instock","11":"taxable","12":"shipping-taxable","13":"product-type-simple"},"acf":[],"_links":{"self":[{"href":"https:\/\/www.drscholls.ca\/fr\/wp-json\/wp\/v2\/product\/13551","targetHints":{"allow":["GET"]}}],"collection":[{"href":"https:\/\/www.drscholls.ca\/fr\/wp-json\/wp\/v2\/product"}],"about":[{"href":"https:\/\/www.drscholls.ca\/fr\/wp-json\/wp\/v2\/types\/product"}],"wp:featuredmedia":[{"embeddable":true,"href":"https:\/\/www.drscholls.ca\/fr\/wp-json\/wp\/v2\/media\/13717"}],"wp:attachment":[{"href":"https:\/\/www.drscholls.ca\/fr\/wp-json\/wp\/v2\/media?parent=13551"}],"wp:term":[{"taxonomy":"product_brand","embeddable":true,"href":"https:\/\/www.drscholls.ca\/fr\/wp-json\/wp\/v2\/product_brand?post=13551"},{"taxonomy":"product_cat","embeddable":true,"href":"https:\/\/www.drscholls.ca\/fr\/wp-json\/wp\/v2\/product_cat?post=13551"},{"taxonomy":"product_tag","embeddable":true,"href":"https:\/\/www.drscholls.ca\/fr\/wp-json\/wp\/v2\/product_tag?post=13551"}],"curies":[{"name":"wp","href":"https:\/\/api.w.org\/{rel}","templated":true}]}}