{"id":13527,"date":"1970-01-01T00:00:00","date_gmt":"1970-01-01T05:00:00","guid":{"rendered":"https:\/\/www.drscholls.ca\/fr\/?post_type=product&#038;p=13527"},"modified":"2022-09-06T14:54:39","modified_gmt":"2022-09-06T19:54:39","slug":"ortheses-soutien-extra-fort-pour-femmes","status":"publish","type":"product","link":"https:\/\/www.drscholls.ca\/fr\/p\/soulagement-de-la-douleur\/ortheses-soutien-extra-fort-pour-femmes\/","title":{"rendered":"Orth\u00e8ses support extra fort pour femme"},"content":{"rendered":"<div class=\"wpb-content-wrapper\">[vc_section full_width=&#8221;stretch_row&#8221; el_id=&#8221;product-tabs&#8221;][vc_row][vc_column][vc_tta_tabs style=&#8221;flat&#8221; shape=&#8221;square&#8221; color=&#8221;white&#8221; alignment=&#8221;center&#8221; active_section=&#8221;1&#8243;][vc_tta_section title=&#8221;Caract\u00e9ristiques du produit&#8221; tab_id=&#8221;features&#8221;][vc_row_inner][vc_column_inner el_class=&#8221;img-wrap support-orthotics&#8221; width=&#8221;1\/2&#8243;][vc_single_image image=&#8221;11639&#8243; img_size=&#8221;full&#8221; alignment=&#8221;center&#8221;][vc_column_text]\r\n<ul class=\"list\">\r\n \t<li class=\"\"><span class=\"txt\">1<\/span><\/li>\r\n \t<li class=\"\"><span class=\"txt\">2<\/span><\/li>\r\n \t<li class=\"\"><span class=\"txt\">3<\/span><\/li>\r\n<\/ul>\r\n[\/vc_column_text][\/vc_column_inner][vc_column_inner width=&#8221;1\/2&#8243;][vc_column_text]\r\n<ul class=\"benefits-details-list\">\r\n \t<li class=\"benefits-details-1 animate\" data-index=\"0\"><strong>1. Amortissement sur toute la longueur<\/strong>\r\nR\u00e9partit la pression du pied pour r\u00e9duire l&#8217;impact \u00e0 chaque pas.<\/li>\r\n \t<li class=\"benefits-details-2 animate\" data-index=\"1\"><strong>2. Support renforc\u00e9 de la vo\u00fbte plantaire<\/strong>\r\nLa technologie Arch Guard\u00ae est con\u00e7ue pour r\u00e9partir le poids des hommes de plus de 90 kg.<\/li>\r\n \t<li class=\"benefits-details-3 animate\" data-index=\"2\"><strong>3. Technologie Shock Guard\u00ae <\/strong>\r\nAbsorbe les chocs douloureux au niveau du talon.<\/li>\r\n<\/ul>\r\n[\/vc_column_text][\/vc_column_inner][\/vc_row_inner][\/vc_tta_section][vc_tta_section title=&#8221;Explication&#8221; tab_id=&#8221;why-it-works&#8221;][vc_row_inner][vc_column_inner width=&#8221;1\/2&#8243;][vc_single_image image=&#8221;11641&#8243; img_size=&#8221;full&#8221;][\/vc_column_inner][vc_column_inner width=&#8221;1\/2&#8243;][vc_column_text]\r\n<ul>\r\n \t<li><a href=\"https:\/\/www.drscholls.ca\/fr\/ca\/symptomes-et-problemes\/douleur-au-bas-du-dos-et-problemes-de-sante\/douleur-au-bas-du-dos\/\">Les douleurs lombaires<\/a> et l<a href=\"https:\/\/www.drscholls.ca\/fr\/ca\/symptomes-et-problemes\/douleur-au-bas-du-dos-et-problemes-de-sante\/fatigue-musculaire\/\">a fatigue des pieds<\/a> et des jambes peuvent \u00eatre d\u00e9clench\u00e9es par les chocs que subissent vos pieds chaque jour lors d&#8217;activit\u00e9s normales comme rester debout et marcher. Cela peut \u00eatre particuli\u00e8rement vrai pour les femmes de grande taille.<\/li>\r\n \t<li>Nos orth\u00e8ses \u00e0 soutien robuste pour femmes avec soulagement de la douleur et dot\u00e9es des technologies Shock Guard\u00ae et Arch Guard\u00ae sont con\u00e7ues pour fournir un soutien extra-robuste, r\u00e9partir le poids et all\u00e9ger l&#8217;impact de chaque pas.<\/li>\r\n<\/ul>\r\n[\/vc_column_text][\/vc_column_inner][\/vc_row_inner][\/vc_tta_section][vc_tta_section title=&#8221;Mode d\u2019emploi &#8221; tab_id=&#8221;how-to-use&#8221;][vc_row_inner][vc_column_inner width=&#8221;1\/3&#8243;][vc_column_text]\r\n<h6 style=\"text-align: center;\">\u00c9TAPE 1<\/h6>\r\n<p style=\"text-align: center;\">Les semelles de vos chaussures sont probablement amovibles. Enlevez-les d&#8217;abord. Placez l\u2019orth\u00e8se dans la chaussure pour v\u00e9rifier la taille.<\/p>\r\n[\/vc_column_text][\/vc_column_inner][vc_column_inner width=&#8221;1\/3&#8243;][vc_column_text]\r\n<h6 style=\"text-align: center;\">\u00c9TAPE 2<\/h6>\r\n<p style=\"text-align: center;\">Au besoin, coupez le long du contour (pr\u00e8s des orteils de l\u2019orth\u00e8se) pour l\u2019adapter \u00e0 votre pointure.<\/p>\r\n[\/vc_column_text][\/vc_column_inner][vc_column_inner width=&#8221;1\/3&#8243;][vc_column_text]\r\n<h6 style=\"text-align: center;\">\u00c9TAPE 3<\/h6>\r\n<p style=\"text-align: center;\">Ins\u00e9rez la semelle dans la chaussure, c\u00f4t\u00e9 tissu vers le haut.<\/p>\r\n[\/vc_column_text][\/vc_column_inner][vc_column_inner][vc_column_text]\r\n<p style=\"text-align: center;\">Remplacez vos semelles tous les six (6) mois ou aux premiers signes d&#8217;usure.<\/p>\r\n[\/vc_column_text][\/vc_column_inner][\/vc_row_inner][\/vc_tta_section][vc_tta_section title=&#8221;Vid\u00e9o de mode d\u2019emploi&#8221; tab_id=&#8221;instructional-video&#8221;][vc_video link=&#8221;https:\/\/youtu.be\/tGnp&#8211;B-WHU&#8221; align=&#8221;center&#8221;][\/vc_tta_section][\/vc_tta_tabs][\/vc_column][\/vc_row][\/vc_section][vc_row][vc_column][vc_custom_heading text=&#8221;TROUVER D&#8217;AUTRES PRODUITS CONNEXES&#8221; font_container=&#8221;tag:h2|text_align:center&#8221; use_theme_fonts=&#8221;yes&#8221; el_class=&#8221;text-uppercase&#8221;][vc_column_text][\/vc_column_text][\/vc_column][\/vc_row]<\/div>","protected":false},"excerpt":{"rendered":"<p>Nos orth\u00e8ses avec support extra fort sont con\u00e7ues sp\u00e9cialement pour les femmes de taille forte qui souffrent de douleurs lombaires et de fatigue dans les pieds et les jambes.<\/p>\n<p><strong>Avantages du produit<\/strong><\/p>\n<ul>\n<li>Soulagement des douleurs lombaires tout au long de la journ\u00e9e<\/li>\n<li>Aide \u00e0 r\u00e9duire la fatigue des pieds et des jambes<\/li>\n<li>La technologie Arch Guard\u00ae aide \u00e0 r\u00e9partir le poids pour r\u00e9duire l&#8217;impact \u00e0 chaque pas.<\/li>\n<li>La technologie Shock Guard\u00ae absorbe les chocs douloureux au niveau du talon.<\/li>\n<\/ul>\n","protected":false},"featured_media":13709,"template":"","meta":{"_acf_changed":false},"product_brand":[],"product_cat":[204,208,324,196,181,328,183,224,199,173,174,24,216],"product_tag":[],"class_list":{"0":"post-13527","1":"product","2":"type-product","3":"status-publish","4":"has-post-thumbnail","6":"product_cat-chaussures-decontractees-espadrilles","7":"product_cat-chaussures-et-bottes-de-travail","8":"product_cat-chaussures-inconfortables","9":"product_cat-chaussures-sans-soutien","10":"product_cat-douleur-lombaire","11":"product_cat-jambes-fatiguees-et-douloureuses","12":"product_cat-pieds-fatigues-et-douloureux","13":"product_cat-semelles","14":"product_cat-semelles-completes","15":"product_cat-semelles-femmes","16":"product_cat-semelles-homme","17":"product_cat-soulagement-de-la-douleur","18":"product_cat-technologie-shock-guard","19":"pa_size-women-6-10","21":"first","22":"instock","23":"taxable","24":"shipping-taxable","25":"product-type-simple"},"acf":[],"_links":{"self":[{"href":"https:\/\/www.drscholls.ca\/fr\/wp-json\/wp\/v2\/product\/13527","targetHints":{"allow":["GET"]}}],"collection":[{"href":"https:\/\/www.drscholls.ca\/fr\/wp-json\/wp\/v2\/product"}],"about":[{"href":"https:\/\/www.drscholls.ca\/fr\/wp-json\/wp\/v2\/types\/product"}],"wp:featuredmedia":[{"embeddable":true,"href":"https:\/\/www.drscholls.ca\/fr\/wp-json\/wp\/v2\/media\/13709"}],"wp:attachment":[{"href":"https:\/\/www.drscholls.ca\/fr\/wp-json\/wp\/v2\/media?parent=13527"}],"wp:term":[{"taxonomy":"product_brand","embeddable":true,"href":"https:\/\/www.drscholls.ca\/fr\/wp-json\/wp\/v2\/product_brand?post=13527"},{"taxonomy":"product_cat","embeddable":true,"href":"https:\/\/www.drscholls.ca\/fr\/wp-json\/wp\/v2\/product_cat?post=13527"},{"taxonomy":"product_tag","embeddable":true,"href":"https:\/\/www.drscholls.ca\/fr\/wp-json\/wp\/v2\/product_tag?post=13527"}],"curies":[{"name":"wp","href":"https:\/\/api.w.org\/{rel}","templated":true}]}}