{"id":13036,"date":"2020-09-08T12:01:47","date_gmt":"2020-09-08T17:01:47","guid":{"rendered":"https:\/\/www.drscholls.ca\/fr\/?post_type=product&#038;p=13036"},"modified":"2025-03-21T16:16:28","modified_gmt":"2025-03-21T21:16:28","slug":"semelles-16-heures","status":"publish","type":"product","link":"https:\/\/www.drscholls.ca\/fr\/p\/stylish-step\/semelles-16-heures\/","title":{"rendered":"Semelles \u00be Stylish Step<sup>&reg;<\/sup> 16 hour<sup>&reg;<\/sup>"},"content":{"rendered":"<div class=\"wpb-content-wrapper\">[vc_section full_width=&#8221;stretch_row&#8221; el_id=&#8221;product-tabs&#8221;][vc_row][vc_column][vc_tta_tabs style=&#8221;flat&#8221; shape=&#8221;square&#8221; alignment=&#8221;centre&#8221; active_section=&#8221;1&#8243; colour=&#8221;white&#8221;][vc_tta_section title=&#8221;Explications&#8221; tab_id=&#8221;why-it-works&#8221;][vc_row_inner][vc_column_inner width=&#8221;1\/2&#8243;][vc_single_image image=&#8221;13080&#8243; img_size=&#8221;full&#8221; alignment=&#8221;centre&#8221;][\/vc_column_inner][vc_column_inner width=&#8221;1\/2&#8243;][vc_column_text]\r\n<ul>\r\n \t<li>Personne n\u2019est \u00e0 l\u2019abri d\u2019avoir des <a href=\"\/fr\/ca\/symptomes-et-problemes\/douleur-aux-pieds-et-problemes-de-sante\/fatigue-et-douleur-aux-pieds\/\">pieds fatigu\u00e9s et douloureux, surtout les personnes ayant les pieds plats ou tr\u00e8s arqu\u00e9s<\/a>. Ce probl\u00e8me peut aussi survenir chez les personnes en surpoids, qui travaillent debout toute la journ\u00e9e ou qui n\u2019ont pas l\u2019habitude d\u2019\u00eatre debout et qui s\u2019engagent soudainement dans un niveau d\u2019activit\u00e9 \u00e9lev\u00e9.<\/li>\r\n \t<li>Nos semelles <strong>\u00be Stylish Step<sup>\u00ae<\/sup>\u00a016 hour<sup>MC<\/sup><\/strong> offrent 16\u00a0heures de confort continu. Elles s\u2019adaptent parfaitement aux chaussures de travail ou tout-aller. Les zones coussin\u00e9es procurent un confort sup\u00e9rieur* et absorbent les chocs, et le rev\u00eatement en tissu garde les pieds frais et secs pour pr\u00e9venir les odeurs et la moiteur, Le mod\u00e8le trois quarts mince s\u2019adapte facilement aux chaussures et ne coince pas les orteils.<\/li>\r\n<\/ul>\r\n[\/vc_column_text][\/vc_column_inner][\/vc_row_inner][\/vc_tta_section][vc_tta_section title=&#8221;Mode d\u2019emploi&#8221; tab_id=&#8221;how-to-use&#8221;][vc_row_inner][vc_column_inner width=&#8221;1\/3&#8243;][vc_column_text]\r\n<h6 class=\"head\" style=\"text-align: center;\">1<sup>re<\/sup> \u00c9TAPE<\/h6>\r\n<p style=\"text-align: center;\">\u00a0essuyer l\u2019int\u00e9rieur de la chaussure.<\/p>\r\n[\/vc_column_text][\/vc_column_inner][vc_column_inner width=&#8221;1\/3&#8243;][vc_column_text]\r\n<h6 class=\"head\" style=\"text-align: center;\">2<sup>e<\/sup> \u00c9TAPE<\/h6>\r\n<p style=\"text-align: center;\">\u00a0retirer la portion de la pellicule au niveau du talon.<\/p>\r\n[\/vc_column_text][\/vc_column_inner][vc_column_inner width=&#8221;1\/3&#8243;][vc_column_text]\r\n<h6 class=\"head\" style=\"text-align: center;\">3<sup>e<\/sup> \u00c9TAPE<\/h6>\r\n<p style=\"text-align: center;\">installer la semelle en alignant le talon avec l\u2019arri\u00e8re de la chaussure.<\/p>\r\n[\/vc_column_text][\/vc_column_inner][\/vc_row_inner][vc_row_inner][vc_column_inner width=&#8221;1\/3&#8243;][vc_column_text]\r\n<h6 class=\"head\" style=\"text-align: center;\">4<sup>e<\/sup> \u00c9TAPE<\/h6>\r\n<p style=\"text-align: center;\">apr\u00e8s avoir bien align\u00e9 la semelle, enlever le reste de la pellicule et appuyer fermement.<\/p>\r\n[\/vc_column_text][\/vc_column_inner][vc_column_inner width=&#8221;1\/3&#8243;][vc_column_text]\r\n<h6 class=\"head\" style=\"text-align: center;\">5<sup>e<\/sup> \u00c9TAPE<\/h6>\r\n<p style=\"text-align: center;\">remplacer la semelle apr\u00e8s 6\u00a0mois ou d\u00e8s qu\u2019il y a des signes d\u2019usure.<\/p>\r\n[\/vc_column_text][\/vc_column_inner][vc_column_inner width=&#8221;1\/3&#8243;][vc_column_text]\r\n<h6 class=\"head\" style=\"text-align: center;\">6<sup>e<\/sup> \u00c9TAPE<\/h6>\r\n<p style=\"text-align: center;\">\u00a0faire attention \u00e0 la doublure de la chaussure lors du retrait de la semelle.<\/p>\r\n[\/vc_column_text][\/vc_column_inner][\/vc_row_inner][\/vc_tta_section][\/vc_tta_tabs][\/vc_column][\/vc_row][\/vc_section][vc_row el_id=&#8221;product-carousel&#8221;][vc_column][vc_custom_heading text=&#8221;Trouver d&#8217;autres produits connexes&#8221; font_container=&#8221;tag:h2|text_align:center&#8221; use_theme_fonts=&#8221;yes&#8221; el_class=&#8221;text-uppercase&#8221;][vc_raw_html]JTVCcHJvZHVjdHNfc2xpZGVyJTIwY2F0cyUzRCUyMjI1JTIyJTIwYXV0b3BsYXklM0QlRTIlODAlOURmYWxzZSVFMiU4MCU5RCUyMG9yZGVyYnklM0QlMjJtZW51X29yZGVyJTIyJTVE[\/vc_raw_html][\/vc_column][\/vc_row]<\/div>","protected":false},"excerpt":{"rendered":"<p>Nous avons con\u00e7u nos semelles \u00be Stylish Step<sup>\u00ae<\/sup>\u00a016 hour<sup>MC<\/sup> pour <a href=\"\/fr\/ca\/symptomes-et-problemes\/douleur-aux-pieds-et-problemes-de-sante\/fatigue-et-douleur-aux-pieds\/\">soulager les pieds fatigu\u00e9s et douloureux<\/a>.<\/p>\n<h5>Avantages<\/h5>\n<ul>\n<li>16\u00a0heures de confort jour et nuit.<\/li>\n<li>S\u2019adaptent parfaitement aux chaussures de travail ou tout-aller.<\/li>\n<li>Les zones coussin\u00e9es procurent un confort sup\u00e9rieur* et absorbent les chocs, et le rev\u00eatement en tissu garde les pieds frais et secs pour pr\u00e9venir les odeurs et la moiteur.<\/li>\n<li>Mod\u00e8le trois quarts mine.<\/li>\n<li>Pointure pour femme\u00a06 \u00e0 10.<\/li>\n<\/ul>\n<h5>Quantit\u00e9<\/h5>\n<ul>\n<li>1 paire<\/li>\n<\/ul>\n","protected":false},"featured_media":13118,"template":"","meta":{"_acf_changed":false},"product_brand":[],"product_cat":[204,206,183,224,198,173,25],"product_tag":[],"class_list":{"0":"post-13036","1":"product","2":"type-product","3":"status-publish","4":"has-post-thumbnail","6":"product_cat-chaussures-decontractees-espadrilles","7":"product_cat-chaussures-plates-et-bottines-pour-femme","8":"product_cat-pieds-fatigues-et-douloureux","9":"product_cat-semelles","10":"product_cat-semelles-3-4","11":"product_cat-semelles-femmes","12":"product_cat-stylish-step","14":"first","15":"instock","16":"taxable","17":"shipping-taxable","18":"product-type-simple"},"acf":[],"_links":{"self":[{"href":"https:\/\/www.drscholls.ca\/fr\/wp-json\/wp\/v2\/product\/13036","targetHints":{"allow":["GET"]}}],"collection":[{"href":"https:\/\/www.drscholls.ca\/fr\/wp-json\/wp\/v2\/product"}],"about":[{"href":"https:\/\/www.drscholls.ca\/fr\/wp-json\/wp\/v2\/types\/product"}],"wp:featuredmedia":[{"embeddable":true,"href":"https:\/\/www.drscholls.ca\/fr\/wp-json\/wp\/v2\/media\/13118"}],"wp:attachment":[{"href":"https:\/\/www.drscholls.ca\/fr\/wp-json\/wp\/v2\/media?parent=13036"}],"wp:term":[{"taxonomy":"product_brand","embeddable":true,"href":"https:\/\/www.drscholls.ca\/fr\/wp-json\/wp\/v2\/product_brand?post=13036"},{"taxonomy":"product_cat","embeddable":true,"href":"https:\/\/www.drscholls.ca\/fr\/wp-json\/wp\/v2\/product_cat?post=13036"},{"taxonomy":"product_tag","embeddable":true,"href":"https:\/\/www.drscholls.ca\/fr\/wp-json\/wp\/v2\/product_tag?post=13036"}],"curies":[{"name":"wp","href":"https:\/\/api.w.org\/{rel}","templated":true}]}}