{"id":13028,"date":"2020-09-08T10:00:53","date_gmt":"2020-09-08T15:00:53","guid":{"rendered":"https:\/\/www.drscholls.ca\/fr\/?post_type=product&#038;p=13028"},"modified":"2025-03-21T16:16:28","modified_gmt":"2025-03-21T21:16:28","slug":"enleve-callosites-une-etape","status":"publish","type":"product","link":"https:\/\/www.drscholls.ca\/fr\/p\/callosites\/enleve-callosites-une-etape\/","title":{"rendered":"Enl\u00e8ve-callosit\u00e9s Une \u00e9tape<sup>&reg;<\/sup>"},"content":{"rendered":"<div class=\"wpb-content-wrapper\">[vc_section full_width=&#8221;stretch_row&#8221; el_id=&#8221;product-tabs&#8221;][vc_row][vc_column][vc_tta_tabs style=&#8221;flat&#8221; shape=&#8221;square&#8221; alignment=&#8221;centre&#8221; active_section=&#8221;1&#8243; colour=&#8221;white&#8221;][vc_tta_section title=&#8221;Explications&#8221; tab_id=&#8221;why-it-works&#8221;][vc_row_inner][vc_column_inner width=&#8221;1\/2&#8243;][vc_single_image image=&#8221;13063&#8243; img_size=&#8221;full&#8221; alignment=&#8221;centre&#8221;][\/vc_column_inner][vc_column_inner width=&#8221;1\/2&#8243;][vc_column_text]\r\n<ul>\r\n \t<li>Comme les cors, les <a href=\"https:\/\/www.drscholls.ca\/fr\/ca\/symptomes-et-problemes\/affections-cutanees-du-pied\/callosites\/\">callosit\u00e9s<\/a> se forment lorsqu\u2019il y a une accumulation de peau dure et morte sur une zone de pression ou \u00e0 un endroit osseux du pied. Les callosit\u00e9s peuvent \u00eatre douloureuses ou simplement inesth\u00e9tiques, et elles forment une grande surface de peau \u00e9paissie, en particulier au talon, \u00e0 la plante du pied ou sur les c\u00f4t\u00e9s du pied.<\/li>\r\n \t<li>L\u2019enl\u00e8ve-callosit\u00e9s Une \u00e9tape<sup>\u00ae<\/sup> est un traitement m\u00e9dicamenteux efficace des callosit\u00e9s des pieds \u00e0 partir d\u2019acide salicylique USP \u00e0 40\u00a0% p\/p. Ce traitement facile se fait en une seule \u00e9tape; pas besoin d\u2019appliquer un disque m\u00e9dicamenteux ni de coussinet par la suite. Le disque m\u00e9dicamenteux int\u00e9gr\u00e9 enl\u00e8ve la callosit\u00e9 et le coussinet soulage de la douleur caus\u00e9e par la pression de la chaussure. Nous avons con\u00e7u ce traitement sp\u00e9cialement pour soulager imm\u00e9diatement de la douleur caus\u00e9e par la pression de la chaussure.<\/li>\r\n<\/ul>\r\n[\/vc_column_text][\/vc_column_inner][\/vc_row_inner][\/vc_tta_section][vc_tta_section title=&#8221;Ingr\u00e9dients&#8221; tab_id=&#8221;ingredients&#8221;][vc_column_text]<strong><em>Active ingredients<\/em><\/strong>\r\n<em>Acide salicylique \u00e0 40\u00a0% p\/p.<\/em>\r\n\r\n<strong><em>Inactive Ingredients<\/em><\/strong>\r\n<em>Antioxydant, r\u00e9sine d\u2019hydrocarbure, oxydes de fer, huile min\u00e9rale (lourde), silice pr\u00e9cipit\u00e9e, caoutchouc synth\u00e9tique, talc.<\/em>[\/vc_column_text][\/vc_tta_section][vc_tta_section title=&#8221;Mode d\u2019emploi&#8221; tab_id=&#8221;how-to-use&#8221;][vc_row_inner][vc_column_inner width=&#8221;1\/3&#8243;][vc_column_text]\r\n<h6 class=\"head\" style=\"text-align: center;\">1<sup>re<\/sup> \u00c9TAPE<\/h6>\r\n<p style=\"text-align: center;\">bien nettoyer et s\u00e9cher la zone affect\u00e9e.<\/p>\r\n[\/vc_column_text][\/vc_column_inner][vc_column_inner width=&#8221;1\/3&#8243;][vc_column_text]\r\n<h6 class=\"head\" style=\"text-align: center;\">2<sup>e<\/sup> \u00c9TAPE<\/h6>\r\n<p style=\"text-align: center;\">appliquer le coussinet m\u00e9dicamenteux.<\/p>\r\n[\/vc_column_text][\/vc_column_inner][vc_column_inner width=&#8221;1\/3&#8243;][vc_column_text]\r\n<h6 class=\"head\" style=\"text-align: center;\">3<sup>e<\/sup> \u00c9TAPE<\/h6>\r\n<p style=\"text-align: center;\">enlever le coussinet m\u00e9dicamenteux apr\u00e8s 48 heures.<\/p>\r\n[\/vc_column_text][\/vc_column_inner][\/vc_row_inner][vc_row_inner][vc_column_inner width=&#8221;1\/2&#8243;][vc_column_text]\r\n<h6 class=\"head\" style=\"text-align: center;\">4<sup>e<\/sup> \u00c9TAPE<\/h6>\r\n<p style=\"text-align: center;\">r\u00e9p\u00e9ter les \u00e9tapes\u00a01 \u00e0 3 au besoin, et au maximum 14\u00a0jours (7 applications) jusqu\u2019\u00e0 ce que la <strong>callosit\u00e9<\/strong> soit enlev\u00e9e.<\/p>\r\n[\/vc_column_text][\/vc_column_inner][vc_column_inner width=&#8221;1\/2&#8243;][vc_column_text]\r\n<h6 class=\"head\" style=\"text-align: center;\">5<sup>e<\/sup> \u00c9TAPE (facultative)<\/h6>\r\n<p style=\"text-align: center;\">tremper la callosit\u00e9 dans de l\u2019eau chaude pendant 5 minutes pour aider \u00e0 l\u2019enlever.<\/p>\r\n[\/vc_column_text][\/vc_column_inner][\/vc_row_inner][\/vc_tta_section][\/vc_tta_tabs][\/vc_column][\/vc_row][\/vc_section][vc_row el_id=&#8221;product-carousel&#8221;][vc_column][vc_custom_heading text=&#8221;Trouver d&#8217;autres produits connexes&#8221; font_container=&#8221;tag:h2|text_align:center&#8221; use_theme_fonts=&#8221;yes&#8221; el_class=&#8221;text-uppercase&#8221;][vc_raw_html]JTVCcHJvZHVjdHNfc2xpZGVyJTIwY2F0cyUzRCUyMjIyMSUyMiUyMGF1dG9wbGF5JTNEJUUyJTgwJTlEZmFsc2UlRTIlODAlOUQlMjBvcmRlcmJ5JTNEJTIybWVudV9vcmRlciUyMiU1RA==[\/vc_raw_html][\/vc_column][\/vc_row]<\/div>","protected":false},"excerpt":{"rendered":"<p>Nous avons con\u00e7u notre <strong>Enl\u00e8ve-callosit\u00e9s Une \u00e9tape<sup>\u00ae<\/sup><\/strong> pour enlever les <a href=\"https:\/\/www.drscholls.ca\/fr\/ca\/symptomes-et-problemes\/affections-cutanees-du-pied\/callosites\/\">callosit\u00e9s des pieds<\/a><strong>.<\/strong><\/p>\n<h5>Avantages<\/h5>\n<ul>\n<li>Enl\u00e8ve efficacement les callosit\u00e9s.<\/li>\n<li>Amortissement imm\u00e9diat et soulagement de la douleur due \u00e0 la pression de la chaussure.<\/li>\n<li>Application facile en une seule \u00e9tape.<\/li>\n<li>Con\u00e7u pour rester en place toute la journ\u00e9e.<\/li>\n<\/ul>\n<h5>Quantit\u00e9<\/h5>\n<ul>\n<li>4 coussinets m\u00e9dicamenteux<\/li>\n<\/ul>\n<p><strong><a href=\"\/fr\/wp-content\/uploads\/sites\/4\/DrSchollsOneStepCallusRemoversDrugFacts.pdf\">FAITS SUR LE M\u00c9DICAMENT (PDF)<img decoding=\"async\" class=\"alignnone size-full wp-image-12084\" src=\"https:\/\/www.drscholls.ca\/fr\/wp-content\/uploads\/image003.png\" alt=\"\" width=\"15\" height=\"16\" \/><\/a><\/strong><\/p>\n","protected":false},"featured_media":13740,"template":"","meta":{"_acf_changed":false},"product_brand":[],"product_cat":[221,223,321],"product_tag":[],"class_list":{"0":"post-13028","1":"product","2":"type-product","3":"status-publish","4":"has-post-thumbnail","6":"product_cat-callosites","7":"product_cat-coussinets-et-protections","8":"product_cat-traitements-pour-la-peau","10":"first","11":"instock","12":"taxable","13":"shipping-taxable","14":"product-type-simple"},"acf":[],"_links":{"self":[{"href":"https:\/\/www.drscholls.ca\/fr\/wp-json\/wp\/v2\/product\/13028","targetHints":{"allow":["GET"]}}],"collection":[{"href":"https:\/\/www.drscholls.ca\/fr\/wp-json\/wp\/v2\/product"}],"about":[{"href":"https:\/\/www.drscholls.ca\/fr\/wp-json\/wp\/v2\/types\/product"}],"wp:featuredmedia":[{"embeddable":true,"href":"https:\/\/www.drscholls.ca\/fr\/wp-json\/wp\/v2\/media\/13740"}],"wp:attachment":[{"href":"https:\/\/www.drscholls.ca\/fr\/wp-json\/wp\/v2\/media?parent=13028"}],"wp:term":[{"taxonomy":"product_brand","embeddable":true,"href":"https:\/\/www.drscholls.ca\/fr\/wp-json\/wp\/v2\/product_brand?post=13028"},{"taxonomy":"product_cat","embeddable":true,"href":"https:\/\/www.drscholls.ca\/fr\/wp-json\/wp\/v2\/product_cat?post=13028"},{"taxonomy":"product_tag","embeddable":true,"href":"https:\/\/www.drscholls.ca\/fr\/wp-json\/wp\/v2\/product_tag?post=13028"}],"curies":[{"name":"wp","href":"https:\/\/api.w.org\/{rel}","templated":true}]}}