{"id":13022,"date":"2020-09-08T09:06:34","date_gmt":"2020-09-08T14:06:34","guid":{"rendered":"https:\/\/www.drscholls.ca\/fr\/?post_type=product&#038;p=13022"},"modified":"2025-03-21T16:16:27","modified_gmt":"2025-03-21T21:16:27","slug":"semelles-confort-odour-destroyers-sport","status":"publish","type":"product","link":"https:\/\/www.drscholls.ca\/fr\/p\/confort-et-energie\/semelles-confort-odour-destroyers-sport\/","title":{"rendered":"Semelles Odour Destroyers<sup>\u00ae<\/sup> Sport"},"content":{"rendered":"<div class=\"wpb-content-wrapper\">[vc_section full_width=&#8221;stretch_row&#8221; el_id=&#8221;product-tabs&#8221;][vc_row][vc_column][vc_tta_tabs style=&#8221;flat&#8221; shape=&#8221;square&#8221; alignment=&#8221;centre&#8221; active_section=&#8221;1&#8243; colour=&#8221;white&#8221;][vc_tta_section title=&#8221;Explications&#8221; tab_id=&#8221;why-it-works&#8221;][vc_row_inner][vc_column_inner width=&#8221;1\/2&#8243;][vc_single_image image=&#8221;13067&#8243; img_size=&#8221;full&#8221; alignment=&#8221;centre&#8221;][\/vc_column_inner][vc_column_inner width=&#8221;1\/2&#8243;][vc_column_text]\r\n<ul>\r\n \t<li>Les <a href=\"https:\/\/www.drscholls.ca\/fr\/ca\/symptomes-et-problemes\/affections-cutanees-du-pied\/odeurs-et-moiteur-des-pieds\/\"><strong>odeurs des pieds<\/strong><\/a> sont un probl\u00e8me courant. L\u2019exc\u00e8s de transpiration du pied impr\u00e8gne les chaussettes et la doublure des chaussures, et cr\u00e9e un environnement propice \u00e0 la prolif\u00e9ration de bact\u00e9ries pouvant causer une mauvaise odeur.<\/li>\r\n \t<li>Nos <strong>S<\/strong><strong>emelles Odour Destroyers<sup>\u00ae<\/sup> Sport<\/strong> sont con\u00e7ues pour des chaussures sport et de course. Elles pr\u00e9viennent les mauvaises odeurs dans la chaussure en absorbant la transpiration et l\u2019humidit\u00e9 et offrent une solution durable pour \u00e9viter les odeurs et la moiteur des pieds. La couche de charbon activ\u00e9 et de bicarbonate de sodium absorbe et neutralise les odeurs d\u00e9sagr\u00e9ables. Un agent antibact\u00e9rien pr\u00e9vient la prolif\u00e9ration bact\u00e9rienne responsable des odeurs. Elles absorbent \u00e9galement les chocs pour am\u00e9liorer le confort.<\/li>\r\n<\/ul>\r\n[\/vc_column_text][\/vc_column_inner][\/vc_row_inner][\/vc_tta_section][vc_tta_section title=&#8221;Mode d\u2019emploi&#8221; tab_id=&#8221;how-to-use&#8221;][vc_row_inner][vc_column_inner width=&#8221;1\/3&#8243;][vc_column_text]\r\n<h6 class=\"head\" style=\"text-align: center;\">1<sup>re<\/sup> \u00c9TAPE<\/h6>\r\n<p style=\"text-align: center;\">choisir la pointure qui convient \u00e0 votre chaussure (voir inscription au bas de la semelle, M pour homme et W pour femme).<\/p>\r\n[\/vc_column_text][\/vc_column_inner][vc_column_inner width=&#8221;1\/3&#8243;][vc_column_text]\r\n<h6 class=\"head\" style=\"text-align: center;\">2<sup>e<\/sup> \u00c9TAPE<\/h6>\r\n<p style=\"text-align: center;\">couper les semelles en suivant les pointill\u00e9s qui conviennent avec des ciseaux bien aiguis\u00e9s.<\/p>\r\n[\/vc_column_text][\/vc_column_inner][vc_column_inner width=&#8221;1\/3&#8243;][vc_column_text]\r\n<h6 class=\"head\" style=\"text-align: center;\">3<sup>e<\/sup> \u00c9TAPE<\/h6>\r\n<p style=\"text-align: center;\">installer les semelles dans les chaussures.<\/p>\r\n[\/vc_column_text][\/vc_column_inner][\/vc_row_inner][\/vc_tta_section][\/vc_tta_tabs][\/vc_column][\/vc_row][\/vc_section][vc_row el_id=&#8221;product-carousel&#8221;][vc_column][vc_custom_heading text=&#8221;Trouver d&#8217;autres produits connexes&#8221; font_container=&#8221;tag:h2|text_align:center&#8221; use_theme_fonts=&#8221;yes&#8221; el_class=&#8221;text-uppercase&#8221;][vc_raw_html]JTVCcHJvZHVjdHNfc2xpZGVyJTIwY2F0cyUzRCUyMjIxMCUyMiUyMGF1dG9wbGF5JTNEJUUyJTgwJTlEZmFsc2UlRTIlODAlOUQlMjBvcmRlcmJ5JTNEJTIybWVudV9vcmRlciUyMiU1RA==[\/vc_raw_html][\/vc_column][\/vc_row]<\/div>","protected":false},"excerpt":{"rendered":"<p>Nos <strong>Semelles Odour Destroyers<sup>\u00ae<\/sup> Sport<\/strong> absorbent la transpiration et \u00e9liminent les <a href=\"https:\/\/www.drscholls.ca\/fr\/ca\/symptomes-et-problemes\/affections-cutanees-du-pied\/odeurs-et-moiteur-des-pieds\/\">odeurs des pieds<\/a>.<\/p>\n<h5>Avantages<\/h5>\n<ul>\n<li>Protection durable contre les odeurs.<\/li>\n<li>Absorption des chocs et de la transpiration.<\/li>\n<li>Gardent les chaussures fra\u00eeches et s\u00e8ches toute la journ\u00e9e.<\/li>\n<li>Pointures\u00a0: homme\u00a07-11 et femme\u00a05-10.<\/li>\n<\/ul>\n<h5>Quantit\u00e9<\/h5>\n<ul>\n<li>1 paire<\/li>\n<\/ul>\n","protected":false},"featured_media":13760,"template":"","meta":{"_acf_changed":false},"product_brand":[],"product_cat":[203,22,170,351,210,224,199,173,174,350],"product_tag":[],"class_list":{"0":"post-13022","1":"product","2":"type-product","3":"status-publish","4":"has-post-thumbnail","6":"product_cat-chaussures-de-sport-et-espadrilles","7":"product_cat-confort-et-energie","8":"product_cat-odeurs-et-transpiration","9":"product_cat-odeurs-et-moiteur-des-pieds","10":"product_cat-odour-destroyers","11":"product_cat-semelles","12":"product_cat-semelles-completes","13":"product_cat-semelles-femmes","14":"product_cat-semelles-homme","15":"product_cat-technologie-odour-destroyers","17":"first","18":"instock","19":"taxable","20":"shipping-taxable","21":"product-type-simple"},"acf":[],"_links":{"self":[{"href":"https:\/\/www.drscholls.ca\/fr\/wp-json\/wp\/v2\/product\/13022","targetHints":{"allow":["GET"]}}],"collection":[{"href":"https:\/\/www.drscholls.ca\/fr\/wp-json\/wp\/v2\/product"}],"about":[{"href":"https:\/\/www.drscholls.ca\/fr\/wp-json\/wp\/v2\/types\/product"}],"wp:featuredmedia":[{"embeddable":true,"href":"https:\/\/www.drscholls.ca\/fr\/wp-json\/wp\/v2\/media\/13760"}],"wp:attachment":[{"href":"https:\/\/www.drscholls.ca\/fr\/wp-json\/wp\/v2\/media?parent=13022"}],"wp:term":[{"taxonomy":"product_brand","embeddable":true,"href":"https:\/\/www.drscholls.ca\/fr\/wp-json\/wp\/v2\/product_brand?post=13022"},{"taxonomy":"product_cat","embeddable":true,"href":"https:\/\/www.drscholls.ca\/fr\/wp-json\/wp\/v2\/product_cat?post=13022"},{"taxonomy":"product_tag","embeddable":true,"href":"https:\/\/www.drscholls.ca\/fr\/wp-json\/wp\/v2\/product_tag?post=13022"}],"curies":[{"name":"wp","href":"https:\/\/api.w.org\/{rel}","templated":true}]}}