{"id":13020,"date":"2020-09-04T17:05:59","date_gmt":"2020-09-04T22:05:59","guid":{"rendered":"https:\/\/www.drscholls.ca\/fr\/?post_type=product&#038;p=13020"},"modified":"2025-03-21T16:16:27","modified_gmt":"2025-03-21T21:16:27","slug":"poudre-desodorisante-en-aerosol-pour-toute-la-journee","status":"publish","type":"product","link":"https:\/\/www.drscholls.ca\/fr\/p\/traitements-pour-la-peau\/poudre-desodorisante-en-aerosol-pour-toute-la-journee\/","title":{"rendered":"Odour-X"},"content":{"rendered":"<div class=\"wpb-content-wrapper\">[vc_section full_width=&#8221;stretch_row&#8221; el_id=&#8221;product-tabs&#8221;][vc_row][vc_column][vc_tta_tabs style=&#8221;flat&#8221; shape=&#8221;square&#8221; alignment=&#8221;centre&#8221; active_section=&#8221;1&#8243; colour=&#8221;white&#8221;][vc_tta_section title=&#8221;Explications&#8221; tab_id=&#8221;why-it-works&#8221;][vc_row_inner][vc_column_inner][vc_column_text]\r\n<ul>\r\n \t<li>Les <a href=\"https:\/\/www.drscholls.ca\/fr\/ca\/symptomes-et-problemes\/affections-cutanees-du-pied\/odeurs-et-moiteur-des-pieds\/\"><strong>odeurs des pieds<\/strong><\/a> sont un probl\u00e8me courant. L\u2019exc\u00e8s de transpiration du pied impr\u00e8gne les chaussettes et la doublure des chaussures, et cr\u00e9e un environnement propice \u00e0 la prolif\u00e9ration de bact\u00e9ries pouvant causer une mauvaise odeur. Le plus souvent, on s\u2019aper\u00e7oit d\u2019un probl\u00e8me d\u2019odeur des pieds lorsqu\u2019on enl\u00e8ve nos chaussures pour la premi\u00e8re fois de la journ\u00e9e.<\/li>\r\n \t<li>Des chaussures sans a\u00e9ration, des bottes qui ne sont pas en cuir ou des chaussettes en polyester ou en nylon qui \u00e9vacuent mal l\u2019humidit\u00e9 contribuent \u00e0 la persistance des odeurs.<\/li>\r\n \t<li>Notre <strong>poudre d\u00e9sodorisante en a\u00e9rosol pour toute la journ\u00e9e Odour Destroyers<sup>\u00ae<\/sup><\/strong> offre un syst\u00e8me triple action pour absorber l\u2019humidit\u00e9 et \u00e9liminer les odeurs d\u00e8s l\u2019application. Cette protection garde les pieds au frais toute la journ\u00e9e. Dites adieu \u00e0 la transpiration et aux odeurs des pieds!<\/li>\r\n<\/ul>\r\n[\/vc_column_text][\/vc_column_inner][\/vc_row_inner][\/vc_tta_section][vc_tta_section title=&#8221;Ingr\u00e9dients&#8221; tab_id=&#8221;ingredients&#8221;][vc_column_text]<strong><em>Ingredients<\/em><\/strong>\r\n<em>Isobutane, alcool d\u00e9naturalis\u00e9, oxyde de zinc, bicarbonate de sodium, parfum.<\/em>[\/vc_column_text][\/vc_tta_section][vc_tta_section title=&#8221;Mode d\u2019emploi&#8221; tab_id=&#8221;how-to-use&#8221;][vc_row_inner][vc_column_inner width=&#8221;1\/3&#8243;][vc_column_text]\r\n<h6 class=\"head\" style=\"text-align: center;\">1<sup>re<\/sup> \u00c9TAPE<\/h6>\r\n<p style=\"text-align: center;\">appliquer une fois par jour.<\/p>\r\n[\/vc_column_text][\/vc_column_inner][vc_column_inner width=&#8221;1\/3&#8243;][vc_column_text]\r\n<h6 class=\"head\" style=\"text-align: center;\">2<sup>e<\/sup> \u00c9TAPE<\/h6>\r\n<p style=\"text-align: center;\">bien secouer la canette et vaporiser g\u00e9n\u00e9reusement sur les pieds en tenant la canette \u00e0 15\u00a0cm de distance. Les pieds doivent \u00eatre propres et secs.<\/p>\r\n[\/vc_column_text][\/vc_column_inner][vc_column_inner width=&#8221;1\/3&#8243;][vc_column_text]\r\n<h6 class=\"head\" style=\"text-align: center;\">3<sup>e<\/sup> \u00c9TAPE<\/h6>\r\n<p style=\"text-align: center;\">Si le vaporisateur est bouch\u00e9, d\u00e9bloquer l\u2019orifice avec une \u00e9pingle.<\/p>\r\n[\/vc_column_text][\/vc_column_inner][\/vc_row_inner][\/vc_tta_section][\/vc_tta_tabs][\/vc_column][\/vc_row][\/vc_section][vc_row el_id=&#8221;product-carousel&#8221;][vc_column][vc_custom_heading text=&#8221;Trouver d&#8217;autres produits connexes&#8221; font_container=&#8221;tag:h2|text_align:center&#8221; use_theme_fonts=&#8221;yes&#8221; el_class=&#8221;text-uppercase&#8221;][vc_raw_html]JTVCcHJvZHVjdHNfc2xpZGVyJTIwY2F0cyUzRCUyMjIxMCUyMiUyMGF1dG9wbGF5JTNEJUUyJTgwJTlEZmFsc2UlRTIlODAlOUQlMjBvcmRlcmJ5JTNEJTIybWVudV9vcmRlciUyMiU1RA==[\/vc_raw_html][\/vc_column][\/vc_row]<\/div>","protected":false},"excerpt":{"rendered":"<p>Notre <strong>Odour-X<sup>\u00ae<\/sup><\/strong> absorbe la transpiration et \u00e9limine les <a href=\"https:\/\/drschollscadev.wpengine.com\/fr\/ca\/symptomes-et-problemes\/affections-cutanees-du-pied\/odeurs-et-moiteur-des-pieds\/\">odeurs des pieds<\/a>.<\/p>\n<h5>Avantages<\/h5>\n<ul>\n<li>Procure une protection qui dure toute la journ\u00e9e et absorbe l\u2019humidit\u00e9.<\/li>\n<li>Garde les pieds au frais.<\/li>\n<\/ul>\n<h5>Quantit\u00e9<\/h5>\n<ul>\n<li>133g<\/li>\n<\/ul>\n","protected":false},"featured_media":13730,"template":"","meta":{"_acf_changed":false},"product_brand":[],"product_cat":[350,321],"product_tag":[],"class_list":{"0":"post-13020","1":"product","2":"type-product","3":"status-publish","4":"has-post-thumbnail","6":"product_cat-technologie-odour-destroyers","7":"product_cat-traitements-pour-la-peau","9":"first","10":"instock","11":"taxable","12":"shipping-taxable","13":"product-type-simple"},"acf":[],"_links":{"self":[{"href":"https:\/\/www.drscholls.ca\/fr\/wp-json\/wp\/v2\/product\/13020","targetHints":{"allow":["GET"]}}],"collection":[{"href":"https:\/\/www.drscholls.ca\/fr\/wp-json\/wp\/v2\/product"}],"about":[{"href":"https:\/\/www.drscholls.ca\/fr\/wp-json\/wp\/v2\/types\/product"}],"wp:featuredmedia":[{"embeddable":true,"href":"https:\/\/www.drscholls.ca\/fr\/wp-json\/wp\/v2\/media\/13730"}],"wp:attachment":[{"href":"https:\/\/www.drscholls.ca\/fr\/wp-json\/wp\/v2\/media?parent=13020"}],"wp:term":[{"taxonomy":"product_brand","embeddable":true,"href":"https:\/\/www.drscholls.ca\/fr\/wp-json\/wp\/v2\/product_brand?post=13020"},{"taxonomy":"product_cat","embeddable":true,"href":"https:\/\/www.drscholls.ca\/fr\/wp-json\/wp\/v2\/product_cat?post=13020"},{"taxonomy":"product_tag","embeddable":true,"href":"https:\/\/www.drscholls.ca\/fr\/wp-json\/wp\/v2\/product_tag?post=13020"}],"curies":[{"name":"wp","href":"https:\/\/api.w.org\/{rel}","templated":true}]}}