{"id":13014,"date":"2020-09-04T16:35:15","date_gmt":"2020-09-04T21:35:15","guid":{"rendered":"https:\/\/www.drscholls.ca\/fr\/?post_type=product&#038;p=13014"},"modified":"2022-09-23T08:30:58","modified_gmt":"2022-09-23T13:30:58","slug":"traitement-acrochordons","status":"publish","type":"product","link":"https:\/\/www.drscholls.ca\/fr\/p\/traitements-pour-la-peau\/traitement-acrochordons\/","title":{"rendered":"Traitement des acrochordons"},"content":{"rendered":"<div class=\"wpb-content-wrapper\">[vc_section full_width=&#8221;stretch_row&#8221; el_id=&#8221;product-tabs&#8221;][vc_row][vc_column][vc_tta_tabs style=&#8221;flat&#8221; shape=&#8221;square&#8221; alignment=&#8221;centre&#8221; active_section=&#8221;1&#8243; colour=&#8221;white&#8221;][vc_tta_section title=&#8221;Explications&#8221; tab_id=&#8221;why-it-works&#8221;][vc_row_inner][vc_column_inner width=&#8221;1\/2&#8243;][vc_single_image image=&#8221;13068&#8243; img_size=&#8221;full&#8221; alignment=&#8221;centre&#8221;][\/vc_column_inner][vc_column_inner width=&#8221;1\/2&#8243;][vc_column_text]\r\n<ul>\r\n \t<li>Les <a href=\"\/fr\/ca\/symptomes-et-problemes\/affections-cutanees-du-pied\/acrochordons\/\"><strong>acrochordons<\/strong><\/a> sont de petites excroissances de peau douce, de couleur chair (ou l\u00e9g\u00e8rement plus fonc\u00e9e), g\u00e9n\u00e9ralement inoffensives et indolores. Ils ont parfois une tige courte et \u00e9troite, et peuvent atteindre 1,25\u00a0cm de long.<\/li>\r\n \t<li>Les acrochordons apparaissent surtout dans les r\u00e9gions suivantes\u00a0: cou, aisselles, aine ou int\u00e9rieur des cuisses, et section m\u00e9diane du corps ou sous les plis de la peau. On ignore encore la cause exacte de l\u2019apparition d\u2019acrochordons, mais on pense qu\u2019ils se produisent par frottement de la peau contre la peau. Ils sont courants chez les personnes \u00e2g\u00e9es ou en surpoids.<\/li>\r\n \t<li>Dans le pass\u00e9, les m\u00e9decins utilisaient diverses techniques pour les enlever. Aujourd\u2019hui, gr\u00e2ce \u00e0 notre <strong>traitement des acrochordons<\/strong>, il est possible de les enlever efficacement, parfois en un seul traitement. Le traitement est facile \u00e0 utiliser \u00e0 la maison, et il se trouve dans la section des premiers soins.<\/li>\r\n<\/ul>\r\n[\/vc_column_text][\/vc_column_inner][\/vc_row_inner][\/vc_tta_section][vc_tta_section title=&#8221;Ingr\u00e9dients&#8221; tab_id=&#8221;ingredients&#8221;][vc_column_text]<strong>Ingr\u00e9dients\u00a0<\/strong>:<em> \u00c9ther dim\u00e9thylique, propane.<\/em>[\/vc_column_text][\/vc_tta_section][vc_tta_section title=&#8221;Mode d\u2019emploi&#8221; tab_id=&#8221;how-to-use&#8221;][vc_row_inner][vc_column_inner][vc_column_text]\r\n<p style=\"text-align: center;\">Utiliser ce <strong>traitement uniquement si l\u2019acrochordon<\/strong> correspond \u00e0 tous les crit\u00e8res suivants\u00a0:<\/p>\r\n[\/vc_column_text][\/vc_column_inner][\/vc_row_inner][vc_row_inner][vc_column_inner width=&#8221;1\/4&#8243;][vc_column_text]\r\n<h6 class=\"head\" style=\"text-align: center;\">1<sup>re<\/sup>\u00a0\u00c9TAPE<\/h6>\r\n<p class=\"para\" style=\"text-align: center;\">Il est situ\u00e9 au cou, directement sous un bras ou directement sous un sein<\/p>\r\n[\/vc_column_text][\/vc_column_inner][vc_column_inner width=&#8221;1\/4&#8243;][vc_column_text]\r\n<h6 class=\"head\" style=\"text-align: center;\">2<sup>e<\/sup>\u00a0\u00c9TAPE<\/h6>\r\n<p class=\"para\" style=\"text-align: center;\">Il est doux et facile \u00e0 bouger<\/p>\r\n[\/vc_column_text][\/vc_column_inner][vc_column_inner width=&#8221;1\/4&#8243;][vc_column_text]\r\n<h6 class=\"head\" style=\"text-align: center;\">3<sup>e<\/sup>\u00a0\u00c9TAPE<\/h6>\r\n<p class=\"para\" style=\"text-align: center;\">Sa couleur est similaire \u00e0 celle de la peau environnante<\/p>\r\n[\/vc_column_text][\/vc_column_inner][vc_column_inner width=&#8221;1\/4&#8243;][vc_column_text]\r\n<h6 class=\"head\" style=\"text-align: center;\">4<sup>e<\/sup>\u00a0\u00c9TAPE<\/h6>\r\n<p class=\"para\" style=\"text-align: center;\">Son diam\u00e8tre ne d\u00e9passe pas 3 mm et il d\u00e9passe comme une tige, semblable \u00e0 un p\u00e9doncule.<\/p>\r\n[\/vc_column_text][\/vc_column_inner][\/vc_row_inner][vc_row_inner][vc_column_inner][vc_column_text]<strong>Avertissement<\/strong>\u00a0:<em> ne pas utiliser si vous avez actuellement ou avez d\u00e9j\u00e0 eu un cancer de la peau. Veuillez lire l\u2019emballage et les instructions avant d\u2019utiliser ce produit.<\/em>[\/vc_column_text][\/vc_column_inner][\/vc_row_inner][\/vc_tta_section][\/vc_tta_tabs][\/vc_column][\/vc_row][\/vc_section]<\/div>","protected":false},"excerpt":{"rendered":"<p>Notre traitement est sp\u00e9cialement con\u00e7u pour enlever les <a href=\"\/fr\/ca\/symptomes-et-problemes\/affections-cutanees-du-pied\/acrochordons\/\">acrochordons<\/a>.<\/p>\n<h5>Avantages<\/h5>\n<ul>\n<li>Enl\u00e8ve les acrochordons rapidement, parfois m\u00eame en UN SEUL TRAITEMENT.<\/li>\n<li>Facile \u00e0 utiliser \u00e0 la maison avec un applicateur en angle.<\/li>\n<li>Technologie d&#8217;\u00e9limination des acrochordons Derma-Freeze \u00e9prouv\u00e9e par les m\u00e9decins. Facile \u00e0 utiliser \u00e0 la maison.<\/li>\n<\/ul>\n<h5>Quantit\u00e9<\/h5>\n<ul>\n<li>L\u2019ensemble comprend : 1 canette pressuris\u00e9e. 1 activateur r\u00e9utilisable (int\u00e9gr\u00e9 \u00e0 la base) et 8 applicateurs jetables \u00e0 bout doux.<\/li>\n<\/ul>\n<p><strong><a href=\"\/fr\/wp-content\/uploads\/sites\/4\/DrSchollsSkinTag.pdf\">FAITS SUR LE M\u00c9DICAMENT (PDF)<img decoding=\"async\" class=\"alignnone size-full wp-image-12084\" src=\"https:\/\/www.drscholls.ca\/fr\/wp-content\/uploads\/image003.png\" alt=\"\" width=\"15\" height=\"16\" \/><\/a><\/strong><\/p>\n","protected":false},"featured_media":13804,"template":"","meta":{"_acf_changed":false},"product_brand":[],"product_cat":[336,321],"product_tag":[],"class_list":{"0":"post-13014","1":"product","2":"type-product","3":"status-publish","4":"has-post-thumbnail","6":"product_cat-acrochordons","7":"product_cat-traitements-pour-la-peau","9":"first","10":"instock","11":"taxable","12":"shipping-taxable","13":"product-type-simple"},"acf":[],"_links":{"self":[{"href":"https:\/\/www.drscholls.ca\/fr\/wp-json\/wp\/v2\/product\/13014","targetHints":{"allow":["GET"]}}],"collection":[{"href":"https:\/\/www.drscholls.ca\/fr\/wp-json\/wp\/v2\/product"}],"about":[{"href":"https:\/\/www.drscholls.ca\/fr\/wp-json\/wp\/v2\/types\/product"}],"wp:featuredmedia":[{"embeddable":true,"href":"https:\/\/www.drscholls.ca\/fr\/wp-json\/wp\/v2\/media\/13804"}],"wp:attachment":[{"href":"https:\/\/www.drscholls.ca\/fr\/wp-json\/wp\/v2\/media?parent=13014"}],"wp:term":[{"taxonomy":"product_brand","embeddable":true,"href":"https:\/\/www.drscholls.ca\/fr\/wp-json\/wp\/v2\/product_brand?post=13014"},{"taxonomy":"product_cat","embeddable":true,"href":"https:\/\/www.drscholls.ca\/fr\/wp-json\/wp\/v2\/product_cat?post=13014"},{"taxonomy":"product_tag","embeddable":true,"href":"https:\/\/www.drscholls.ca\/fr\/wp-json\/wp\/v2\/product_tag?post=13014"}],"curies":[{"name":"wp","href":"https:\/\/api.w.org\/{rel}","templated":true}]}}