{"id":13012,"date":"2020-09-04T16:25:44","date_gmt":"2020-09-04T21:25:44","guid":{"rendered":"https:\/\/www.drscholls.ca\/fr\/?post_type=product&#038;p=13012"},"modified":"2020-11-18T12:09:41","modified_gmt":"2020-11-18T17:09:41","slug":"semelles-fresh-cool-chaussures-plates","status":"publish","type":"product","link":"https:\/\/www.drscholls.ca\/fr\/p\/stylish-step\/semelles-fresh-cool-chaussures-plates\/","title":{"rendered":"Fresh &#038; Cool<sup>\u00ae<\/sup> Pour Chaussures Plates"},"content":{"rendered":"<div class=\"wpb-content-wrapper\">[vc_section full_width=&#8221;stretch_row&#8221; el_id=&#8221;product-tabs&#8221;][vc_row][vc_column][vc_tta_tabs style=&#8221;flat&#8221; shape=&#8221;square&#8221; alignment=&#8221;centre&#8221; active_section=&#8221;1&#8243; colour=&#8221;white&#8221;][vc_tta_section title=&#8221;Explications&#8221; tab_id=&#8221;why-it-works&#8221;][vc_row_inner][vc_column_inner width=&#8221;1\/2&#8243;][vc_single_image image=&#8221;13069&#8243; img_size=&#8221;full&#8221; alignment=&#8221;centre&#8221;][\/vc_column_inner][vc_column_inner width=&#8221;1\/2&#8243;][vc_column_text]\r\n<ul>\r\n \t<li>Le plus souvent, on s\u2019aper\u00e7oit d\u2019un probl\u00e8me <a href=\"https:\/\/www.drscholls.ca\/fr\/ca\/symptomes-et-problemes\/affections-cutanees-du-pied\/odeurs-et-moiteur-des-pieds\/\"><strong>d\u2019odeur des pieds<\/strong><\/a> lorsqu\u2019on enl\u00e8ve nos chaussures pour la premi\u00e8re fois de la journ\u00e9e. Des chaussures sans a\u00e9ration, des bottes qui ne sont pas en cuir ou des chaussettes en polyester ou en nylon qui \u00e9vacuent mal l\u2019humidit\u00e9 contribuent \u00e0 la persistance des odeurs.<\/li>\r\n \t<li>Nos <strong>Semelles \u00be Stylish Step<sup>\u00ae<\/sup> Fresh &amp; Cool<sup>\u00ae<\/sup><\/strong>pour chaussures plates emp\u00eache les odeurs et la moiteur en favorisant la circulation d\u2019air. Le tissu sup\u00e9rieur respirant et \u00e9vacuant l\u2019humidit\u00e9 garde les pieds au sec pour \u00e9viter les odeurs, et les poches de gel aux talons assurent une absorption sup\u00e9rieure* des chocs.<\/li>\r\n<\/ul>\r\n[\/vc_column_text][\/vc_column_inner][\/vc_row_inner][\/vc_tta_section][vc_tta_section title=&#8221;Mode d\u2019emploi&#8221; tab_id=&#8221;how-to-use&#8221;][vc_row_inner][vc_column_inner width=&#8221;1\/3&#8243;][vc_column_text]\r\n<h6 class=\"head\" style=\"text-align: center;\">1<sup>re<\/sup> \u00c9TAPE<\/h6>\r\n<p style=\"text-align: center;\">essuyer l\u2019int\u00e9rieur de la chaussure.<\/p>\r\n[\/vc_column_text][\/vc_column_inner][vc_column_inner width=&#8221;1\/3&#8243;][vc_column_text]\r\n<h6 class=\"head\" style=\"text-align: center;\">2<sup>e<\/sup> \u00c9TAPE<\/h6>\r\n<p style=\"text-align: center;\">retirer la portion de la pellicule au niveau du talon.<\/p>\r\n[\/vc_column_text][\/vc_column_inner][vc_column_inner width=&#8221;1\/3&#8243;][vc_column_text]\r\n<h6 class=\"head\" style=\"text-align: center;\">3<sup>e<\/sup> \u00c9TAPE<\/h6>\r\n<p style=\"text-align: center;\">\u00a0installer la semelle en alignant le talon avec l\u2019arri\u00e8re de la chaussure.<\/p>\r\n[\/vc_column_text][\/vc_column_inner][\/vc_row_inner][vc_row_inner][vc_column_inner width=&#8221;1\/3&#8243;][vc_column_text]\r\n<h6 class=\"head\" style=\"text-align: center;\">4<sup>e<\/sup> \u00c9TAPE<\/h6>\r\n<p style=\"text-align: center;\">apr\u00e8s avoir bien align\u00e9 la semelle, enlever le reste de la pellicule et appuyer fermement.<\/p>\r\n[\/vc_column_text][\/vc_column_inner][vc_column_inner width=&#8221;1\/3&#8243;][vc_column_text]\r\n<h6 class=\"head\" style=\"text-align: center;\">5<sup>e<\/sup> \u00c9TAPE<\/h6>\r\n<p style=\"text-align: center;\">\u00a0remplacer la semelle apr\u00e8s 6\u00a0mois ou d\u00e8s qu\u2019il y a des signes d\u2019usure.<\/p>\r\n[\/vc_column_text][\/vc_column_inner][vc_column_inner width=&#8221;1\/3&#8243;][vc_column_text]\r\n<h6 class=\"head\" style=\"text-align: center;\">6<sup>e<\/sup> \u00c9TAPE<\/h6>\r\n<p style=\"text-align: center;\">\u00a0faire attention \u00e0 la doublure de la chaussure lors du retrait de la semelle.<\/p>\r\n[\/vc_column_text][\/vc_column_inner][\/vc_row_inner][\/vc_tta_section][\/vc_tta_tabs][\/vc_column][\/vc_row][\/vc_section][vc_row el_id=&#8221;product-carousel&#8221;][vc_column][vc_custom_heading text=&#8221;Trouver d&#8217;autres produits connexe&#8221; font_container=&#8221;tag:h2|text_align:center&#8221; use_theme_fonts=&#8221;yes&#8221; el_class=&#8221;text-uppercase&#8221;][vc_raw_html]JTVCcHJvZHVjdHNfc2xpZGVyJTIwY2F0cyUzRCUyMjI1JTIyJTIwYXV0b3BsYXklM0QlRTIlODAlOURmYWxzZSVFMiU4MCU5RCUyMG9yZGVyYnklM0QlMjJtZW51X29yZGVyJTIyJTVE[\/vc_raw_html][\/vc_column][\/vc_row]<\/div>","protected":false},"excerpt":{"rendered":"<p>Nous avons con\u00e7u nos <strong>Semelles \u00be Stylish Step<sup>\u00ae<\/sup> Fresh &amp; Cool<sup>\u00ae<\/sup><\/strong> pour absorber l\u2019humidit\u00e9 et \u00e9liminer les <a href=\"https:\/\/www.drscholls.ca\/fr\/ca\/symptomes-et-problemes\/affections-cutanees-du-pied\/odeurs-et-moiteur-des-pieds\/\">odeurs<\/a>.<\/p>\n<h5>Avantages<\/h5>\n<ul>\n<li>Garde les pieds au frais et secs toute la journ\u00e9e.<\/li>\n<li>Le tissu sup\u00e9rieur respirant et \u00e9vacuant l\u2019humidit\u00e9 garde les pieds au sec pour \u00e9viter les odeurs, et les poches de gel aux talons assurent une absorption sup\u00e9rieure des chocs.<\/li>\n<li>Une couche de mousse offre un effet amortissant et un support, pour un meilleur confort.<\/li>\n<li>Pointure pour femme 6 \u00e0 10.<\/li>\n<\/ul>\n<h5>Quantit\u00e9<\/h5>\n<ul>\n<li>1 paire<\/li>\n<\/ul>\n","protected":false},"featured_media":13013,"template":"","meta":{"_acf_changed":false},"product_brand":[],"product_cat":[198,25],"product_tag":[],"class_list":{"0":"post-13012","1":"product","2":"type-product","3":"status-publish","4":"has-post-thumbnail","6":"product_cat-semelles-3-4","7":"product_cat-stylish-step","9":"first","10":"instock","11":"taxable","12":"shipping-taxable","13":"product-type-simple"},"acf":[],"_links":{"self":[{"href":"https:\/\/www.drscholls.ca\/fr\/wp-json\/wp\/v2\/product\/13012","targetHints":{"allow":["GET"]}}],"collection":[{"href":"https:\/\/www.drscholls.ca\/fr\/wp-json\/wp\/v2\/product"}],"about":[{"href":"https:\/\/www.drscholls.ca\/fr\/wp-json\/wp\/v2\/types\/product"}],"wp:featuredmedia":[{"embeddable":true,"href":"https:\/\/www.drscholls.ca\/fr\/wp-json\/wp\/v2\/media\/13013"}],"wp:attachment":[{"href":"https:\/\/www.drscholls.ca\/fr\/wp-json\/wp\/v2\/media?parent=13012"}],"wp:term":[{"taxonomy":"product_brand","embeddable":true,"href":"https:\/\/www.drscholls.ca\/fr\/wp-json\/wp\/v2\/product_brand?post=13012"},{"taxonomy":"product_cat","embeddable":true,"href":"https:\/\/www.drscholls.ca\/fr\/wp-json\/wp\/v2\/product_cat?post=13012"},{"taxonomy":"product_tag","embeddable":true,"href":"https:\/\/www.drscholls.ca\/fr\/wp-json\/wp\/v2\/product_tag?post=13012"}],"curies":[{"name":"wp","href":"https:\/\/api.w.org\/{rel}","templated":true}]}}