{"id":803,"date":"2020-06-23T10:51:23","date_gmt":"2020-06-23T15:51:23","guid":{"rendered":"https:\/\/www.drscholls.ca\/fr\/?page_id=803"},"modified":"2022-10-20T16:02:52","modified_gmt":"2022-10-20T21:02:52","slug":"garantie","status":"publish","type":"page","link":"https:\/\/www.drscholls.ca\/fr\/t\/garantie\/","title":{"rendered":"GARANTIE DE REMBOURSEMENT DE DR. SCHOLL\u00ae"},"content":{"rendered":"<div class=\"wpb-content-wrapper\">[vc_row][vc_column][vc_single_image image=&#8221;804&#8243; img_size=&#8221;full&#8221; alignment=&#8221;centre&#8221;][\/vc_column][\/vc_row][vc_row][vc_column][vc_column_text]\r\n<h4 style=\"text-align: center;\"><strong>GARANTIE DE REMBOURSEMENT DE DR. SCHOLL<sup>\u00ae<\/sup><\/strong><\/h4>\r\n[\/vc_column_text][\/vc_column][\/vc_row][vc_row][vc_column][vc_column_text]Pour tout remboursement, veuillez communiquer directement avec nous par courriel \u00e0 <a href=\"mailto:drscholls.ca@drscholls.com\">drscholls.ca@drscholls.com<\/a>.\r\n\r\nVous pouvez \u00e9galement nous contacter par la poste\u00a0:\r\nScholl\u2019s Wellness Company\r\nConsumer Affairs \u2013 Canada\r\n204-3365 Harvester\u00a0Road\r\nBurlington (Ontario)\u00a0\u00a0L7N 3N2\r\n\r\nPour que nous puissions proc\u00e9der \u00e0 votre remboursement, veuillez nous fournir une description de votre exp\u00e9rience, ainsi que les renseignements suivants\u00a0:\r\n\r\n\u2013 Des photos (recto et verso) du produit.\r\n\u2013 Le CUP du produit (code universel des produits).\r\n\u2013 Le num\u00e9ro de lot du produit et la date d\u2019expiration (le cas \u00e9ch\u00e9ant).[\/vc_column_text][\/vc_column][\/vc_row]<\/div>","protected":false},"excerpt":{"rendered":"<p>[vc_row][vc_column][vc_single_image image=&#8221;804&#8243; img_size=&#8221;full&#8221; alignment=&#8221;centre&#8221;][\/vc_column][\/vc_row][vc_row][vc_column][vc_column_text] GARANTIE DE REMBOURSEMENT DE DR. SCHOLL\u00ae [\/vc_column_text][\/vc_column][\/vc_row][vc_row][vc_column][vc_column_text]Pour tout remboursement, veuillez communiquer directement avec nous par courriel \u00e0 drscholls.ca@drscholls.com. Vous pouvez \u00e9galement nous contacter par la poste\u00a0: Scholl\u2019s Wellness Company Consumer Affairs \u2013 Canada 204-3365 Harvester\u00a0Road Burlington (Ontario)\u00a0\u00a0L7N 3N2 Pour que nous puissions proc\u00e9der \u00e0 votre remboursement, veuillez nous fournir une description&hellip;<\/p>\n","protected":false},"author":432,"featured_media":0,"parent":11744,"menu_order":0,"comment_status":"closed","ping_status":"closed","template":"","meta":{"_acf_changed":false,"footnotes":""},"class_list":["post-803","page","type-page","status-publish","hentry"],"acf":[],"_links":{"self":[{"href":"https:\/\/www.drscholls.ca\/fr\/wp-json\/wp\/v2\/pages\/803","targetHints":{"allow":["GET"]}}],"collection":[{"href":"https:\/\/www.drscholls.ca\/fr\/wp-json\/wp\/v2\/pages"}],"about":[{"href":"https:\/\/www.drscholls.ca\/fr\/wp-json\/wp\/v2\/types\/page"}],"author":[{"embeddable":true,"href":"https:\/\/www.drscholls.ca\/fr\/wp-json\/wp\/v2\/users\/432"}],"replies":[{"embeddable":true,"href":"https:\/\/www.drscholls.ca\/fr\/wp-json\/wp\/v2\/comments?post=803"}],"version-history":[{"count":0,"href":"https:\/\/www.drscholls.ca\/fr\/wp-json\/wp\/v2\/pages\/803\/revisions"}],"up":[{"embeddable":true,"href":"https:\/\/www.drscholls.ca\/fr\/wp-json\/wp\/v2\/pages\/11744"}],"wp:attachment":[{"href":"https:\/\/www.drscholls.ca\/fr\/wp-json\/wp\/v2\/media?parent=803"}],"curies":[{"name":"wp","href":"https:\/\/api.w.org\/{rel}","templated":true}]}}