{"id":798,"date":"2020-06-22T16:40:01","date_gmt":"2020-06-22T21:40:01","guid":{"rendered":"https:\/\/www.drscholls.ca\/fr\/?page_id=798"},"modified":"2020-11-30T13:05:00","modified_gmt":"2020-11-30T18:05:00","slug":"faq","status":"publish","type":"page","link":"https:\/\/www.drscholls.ca\/fr\/t\/faq\/","title":{"rendered":"Foire Aux Questions"},"content":{"rendered":"<div class=\"wpb-content-wrapper\">[vc_row][vc_column][vc_column_text]\r\n<h2 style=\"text-align: center;\">FOIRE AUX QUESTIONS SUR L\u2019UTILISATION DE NOS PRODUITS<\/h2>\r\n[\/vc_column_text][vc_column_text]\r\n<h4>SEMELLES<\/h4>\r\n[\/vc_column_text][vc_tta_accordion active_section=&#8221;&#8221; collapsible_all=&#8221;true&#8221; colour=&#8221;white&#8221; el_class=&#8221;grey-text left-align&#8221; el_id=&#8221;faq&#8221;][vc_tta_section title=&#8221;Comment choisir la bonne semelle Dr. Scholl\u2019s<sup>\u00ae<\/sup>?&#8221; tab_id=&#8221;1592857095769-9d9110a6-b838&#8243;][vc_column_text]Dr. Scholl\u2019s<sup>\u00ae <\/sup>offre une vari\u00e9t\u00e9 de semelles et d\u2019orth\u00e8ses pour toutes sortes de probl\u00e8mes au pieds et au bas du corps, d\u2019utilisation et de types de chaussures. Pour d\u00e9couvrir quelle semelle ou orth\u00e8se vous convient le mieux, <a href=\"\/fr\/t\/conseiller-en-semelles\/\">consultez le Conseiller en semelles<\/a>.[\/vc_column_text][\/vc_tta_section][vc_tta_section title=&#8221;Quels types d\u2019affections les semelles Dr. Scholl\u2019s<sup>\u00ae<\/sup> aident-elles \u00e0 traiter?&#8221; tab_id=&#8221;1592856956111-e5101f98-b4e5&#8243;][vc_column_text]Les semelles int\u00e9rieures et les orth\u00e8ses Dr Scholl\u00ae permettent de traiter diverses affections des pieds, des genoux, du bas du dos, des jambes et des hanches, ainsi que certaines affections cutan\u00e9es.\u00a0<a href=\"\/fr\/cc\/symptomes-et-problemes-de-sante\/\">Pour en savoir plus, consultez la page Sympt\u00f4mes et probl\u00e8mes<\/a>.[\/vc_column_text][\/vc_tta_section][vc_tta_section title=&#8221;Que fait la technologie avanc\u00e9e Dr. Scholl\u2019s<sup>\u00ae<\/sup> Massaging Gel<sup>\u00ae<\/sup>?&#8221; tab_id=&#8221;1592857561618-9b9f5340-5f41&#8243;][vc_column_text]Seul Dr. Scholl\u00ae dispose de la technologie avanc\u00e9e Massaging Gel\u00ae pour un soutien et un amorti qui a fait ses preuves et qui vous apporte un confort tout au long de la journ\u00e9e et vous permet de vous sentir plus \u00e9nergique. Elle contribue \u00e0 r\u00e9duire la fatigue musculaire des pieds et des jambes et vous permet de rester debout plus longtemps.\r\n\r\nLa technologie avanc\u00e9e Massaging Gel\u00ae dispose d\u2019un coussin \u00e0 bandes r\u00e9actives dot\u00e9 de gel multicouches qui :\r\n<div class=\"faqlist\">\r\n<ul class=\"listPara-blue\">\r\n \t<li>S\u2019adapte pour vous donner \u00e0 la fois amorti et ressort \u00e0 chacun de vos pas.<\/li>\r\n \t<li>R\u00e9agit diff\u00e9remment en fonction des diff\u00e9rents niveaux d\u2019activit\u00e9s et d\u2019impact.<\/li>\r\n<\/ul>\r\nD\u00e9couvrez les semelles Confort &amp; \u00c9nergie Massaging Gel\u00ae de Dr. Scholl&#8217;s\u00ae\r\n<div class=\"faqlist\">\r\n<ul class=\"listPara-blue\">\r\n \t<li><a href=\"\/fr\/p\/comfort-and-energy\/massaging-gel-advanced-insoles\/\">Semelles Confort &amp; <\/a><a href=\"\/fr\/p\/comfort-and-energy\/work-insoles\/\">\u00c9<\/a><a href=\"\/fr\/p\/comfort-and-energy\/massaging-gel-advanced-insoles\/\">nergie Massaging Gel<sup>\u00ae<\/sup><\/a><\/li>\r\n \t<li><a href=\"\/fr\/p\/comfort-and-energy\/work-insoles\/\">Semelles de travail Confort &amp; \u00c9nergie\u00ae<\/a><\/li>\r\n \t<li><a href=\"\/fr\/p\/comfort-and-energy\/memory-fit-insoles\/\">Semelles Confort &amp; <\/a><a href=\"\/fr\/p\/comfort-and-energy\/work-insoles\/\">\u00c9<\/a><a href=\"\/fr\/p\/comfort-and-energy\/memory-fit-insoles\/\">nergie Memory Fit<sup>\u00ae<\/sup><\/a><\/li>\r\n \t<li><a href=\"\/fr\/p\/comfort-and-energy\/heel-cushions\/\">Coussinets Confort pour talons<\/a><\/li>\r\n \t<li><a href=\"\/fr\/p\/athletic-series\/sport-insoles\/\">Semelles sport Athletic Seriesl\u00ae<\/a><\/li>\r\n<\/ul>\r\n<\/div>\r\n<\/div>\r\n[\/vc_column_text][\/vc_tta_section][vc_tta_section title=&#8221;Que fait la technologie avanc\u00e9e Dr. Scholl\u2019s<sup>\u00ae<\/sup> Shock Guard<sup>\u00ae<\/sup>?&#8221; tab_id=&#8221;1592857902787-f15d26fe-bcb2&#8243;][vc_column_text]Chacun de vos pas peut provoquer un choc douloureux au niveau des pieds, des genoux et du bas du dos. La technologie Shock Guard\u00ae aide \u00e0 absorber ce choc et traite la douleur \u00e0 sa source pour vous procurer un soulagement imm\u00e9diat et durable dans vos activit\u00e9s quotidiennes.\r\n\r\nDisponible dans les produits suivants. Cliquez sur les liens ci-dessous pour en savoir plus et effectuer vos achats.\r\n<div class=\"faqlist\">\r\n<ul class=\"listPara-blue\">\r\n \t<li><a href=\"\/fr\/p\/pain-relief\/orthotics-for-heel-pain\/\">Orth\u00e8ses <\/a><a href=\"\/fr\/p\/pain-relief\/orthotics-for-heel-pain\/\">Dr. Scholl\u2019s<sup>\u00ae<\/sup><\/a><a href=\"\/fr\/p\/pain-relief\/orthotics-for-heel-pain\/\">pour les douleurs au talon<\/a><\/li>\r\n \t<li><a href=\"\/fr\/p\/pain-relief\/orthotics-for-plantar-fasciitis\/\">Orth\u00e8ses <\/a><a href=\"\/fr\/p\/pain-relief\/orthotics-for-plantar-fasciitis\/\">Dr. Scholl\u2019s<sup>\u00ae<\/sup><\/a><a href=\"\/fr\/p\/pain-relief\/orthotics-for-plantar-fasciitis\/\"> pour la fasciite plantaire<\/a><\/li>\r\n \t<li><a href=\"\/fr\/p\/pain-relief\/orthotics-for-arch-pain\/\">Orth\u00e8ses Dr. Scholl<\/a><a href=\"\/fr\/p\/pain-relief\/orthotics-for-arch-pain\/\"><sup>\u00ae<\/sup><\/a><a href=\"\/fr\/p\/pain-relief\/orthotics-for-arch-pain\/\">&#8216;s pour les douleurs de la vo\u00fbte plantaire<\/a><\/li>\r\n \t<li><a href=\"\/fr\/p\/pain-relief\/orthotics-for-sore-soles\/\">Orth\u00e8ses Dr. Scholl&#8217;s<\/a><a href=\"\/fr\/p\/pain-relief\/orthotics-for-sore-soles\/\"><sup>\u00ae<\/sup><\/a><a href=\"\/fr\/p\/pain-relief\/orthotics-for-sore-soles\/\"> pour les pieds douloureux<\/a><\/li>\r\n \t<li><a href=\"\/fr\/p\/pain-relief\/orthotics-for-ball-of-foot-pain\/\">Orth\u00e8ses Dr. Scholl&#8217;<\/a><a href=\"\/fr\/p\/pain-relief\/orthotics-for-ball-of-foot-pain\/\">s<sup>\u00ae<\/sup><\/a><a href=\"\/fr\/p\/pain-relief\/orthotics-for-ball-of-foot-pain\/\"> pour les douleurs de l\u2019avant-pied<\/a><\/li>\r\n \t<li><a href=\"\/fr\/p\/pain-relief\/orthotics-for-lower-back-pain\/\">Orth\u00e8ses Dr. Scholl<\/a><a href=\"\/fr\/p\/pain-relief\/orthotics-for-lower-back-pain\/\">\u2019s<sup>\u00ae<\/sup><\/a><a href=\"\/fr\/p\/pain-relief\/orthotics-for-lower-back-pain\/\"> pour les douleurs lombaires<\/a><\/li>\r\n \t<li><a href=\"\/fr\/p\/pain-relief\/orthotics-for-heavy-duty-support\/\">Orth\u00e8ses Dr. Scholl&#8217;<\/a><a href=\"\/fr\/p\/pain-relief\/orthotics-for-heavy-duty-support\/\">s<sup>\u00ae<\/sup> <\/a><a href=\"\/fr\/p\/pain-relief\/orthotics-for-heavy-duty-support\/\"> pour un soutien optimal<\/a><\/li>\r\n \t<li><a href=\"\/fr\/ca\/symptomes-et-problemes\/douleur-au-bas-du-dos-et-problemes-de-sante\/douleur-arthrosique\/\">Orth\u00e8ses Dr. Scholl\u2019s<sup>\u00ae<\/sup> pour les douleurs arthritiques (dues \u00e0 l\u2019arthrose)<\/a> (due to Osteoarthritis)<\/li>\r\n<\/ul>\r\n<\/div>\r\n[\/vc_column_text][\/vc_tta_section][vc_tta_section title=&#8221;Quelle pointure de semelle Dr. Scholl\u2019s<sup>\u00ae<\/sup> dois-je acheter?&#8221; tab_id=&#8221;1592858160316-daf6f57f-c039&#8243;][vc_column_text]Les semelles et orth\u00e8ses Dr. Scholl&#8217;s\u00ae sont con\u00e7ues pour s\u2019adapter \u00e0 diff\u00e9rentes tailles de chaussures. Pour obtenir le meilleur ajustement, achetez la semelle ou l\u2019orth\u00e8se qui correspond \u00e0 votre pointure. En g\u00e9n\u00e9ral, les semelles et orth\u00e8ses pour hommes vont de la taille 8 \u00e0 13, et les semelles et orth\u00e8ses pour femmes de la taille 6 \u00e0 10. Pour conna\u00eetre la taille qui vous convient, consultez la page du produit correspondant \u00e0 la semelle ou \u00e0 l\u2019orth\u00e8se qui vous int\u00e9resse.[\/vc_column_text][\/vc_tta_section][vc_tta_section title=&#8221;Les semelles Dr. Scholl\u2019s<sup>\u00ae<\/sup> conviennent-elles aux chaussures serr\u00e9es ou habill\u00e9es?&#8221; tab_id=&#8221;1592858222254-b4bb0b45-4b52&#8243;][vc_column_text]Toutes les semelles et orth\u00e8ses Dr. Scholl&#8217;s\u00ae sont con\u00e7ues pour convenir \u00e0 la plupart des mod\u00e8les de chaussures. Toutefois, certaines ont un design plus fin qui convient mieux aux chaussures de ville :\r\n<div class=\"faqlist\">\r\n<ul class=\"listPara-blue\">\r\n \t<li><a href=\"https:\/\/www.drscholls.ca\/fr\/p\/comfort-and-energy\/massaging-gel-ultra-thin-insoles\/\">Semelles Confort &amp; \u00c9nergiel\u00ae ultra minces<\/a><\/li>\r\n \t<li><a href=\"https:\/\/www.drscholls.ca\/fr\/p\/comfort-and-energy\/massaging-gel-advanced-insoles\/\">Semelles Confort &amp; \u00c9nergie Massaging Gel<\/a><a href=\"https:\/\/www.drscholls.ca\/fr\/p\/comfort-and-energy\/massaging-gel-advanced-insoles\/\"><sup>\u00ae<\/sup><\/a><\/li>\r\n \t<li><a href=\"\/fr\/pc\/stylish-step\/\">Semelles et renforts Stylish Step<\/a><a href=\"\/fr\/pc\/stylish-step\/\"><sup>\u00ae<\/sup><\/a><a href=\"\/fr\/pc\/stylish-step\/\"> pour chaussures pour femmes<\/a><\/li>\r\n \t<li><a href=\"https:\/\/www.drscholls.ca\/fr\/p\/foot-odour-and-sweat\/comfort-odour-destroyers-insoles\/\">Semelles anti-odeur Odour Destroyer<sup>\u00ae<\/sup><\/a><\/li>\r\n \t<li><a href=\"\/fr\/p\/comfort-and-energy\/double-air-pillo-insoles\/\">Semelles Double Air-Pillo<sup>\u00ae<\/sup><\/a><\/li>\r\n<\/ul>\r\n<\/div>\r\n[\/vc_column_text][\/vc_tta_section][vc_tta_section title=&#8221;Dois-je couper mes semelles Dr. Scholl\u2019s<sup>\u00ae<\/sup>?&#8221; tab_id=&#8221;1592858321162-ea31a4f0-f9e2&#8243;][vc_column_text]En fonction de votre pointure et de la semelle ou de l\u2019orth\u00e8se que vous avez achet\u00e9e, il peut \u00eatre n\u00e9cessaire de proc\u00e9der \u00e0 des d\u00e9coupes pour obtenir un ajustement optimal. Pour plus d\u2019informations, consultez la page du produit correspondant \u00e0 votre semelle ou \u00e0 votre orth\u00e8se.[\/vc_column_text][\/vc_tta_section][vc_tta_section title=&#8221;Combien de temps durent les semelles Dr. Scholl\u2019s<sup>\u00ae<\/sup>?&#8221; tab_id=&#8221;1592858386978-98ab22cb-380a&#8221;][vc_column_text]La plupart des semelles et orth\u00e8ses Dr. Scholl&#8217;s\u00ae sont con\u00e7ues pour durer six (6) mois avec une utilisation r\u00e9guli\u00e8re. Elles doivent \u00eatre remplac\u00e9es dans ce d\u00e9lai ou d\u00e8s les premiers signes d\u2019usure.[\/vc_column_text][\/vc_tta_section][vc_tta_section title=&#8221;Les semelles Dr. Scholl\u2019s<sup>\u00ae<\/sup> contiennent-elles du latex?&#8221; tab_id=&#8221;1592858516055-2c2faaa3-4e83&#8243;][vc_column_text]Les semelles Air-Pillo\u00ae, Air Pillo\u00ae Ultra et Odour Destroyer\u00ae contiennent un latex de caoutchouc naturel. Toutes les autres semelles et orth\u00e8ses Dr. Scholl&#8217;s\u00ae sont sans latex.[\/vc_column_text][\/vc_tta_section][vc_tta_section title=&#8221;Comment puis-je nettoyer mes semelles Dr. Scholl\u2019s<sup>\u00ae<\/sup>?&#8221; tab_id=&#8221;1592858761597-9c336a58-854a&#8221;][vc_column_text]Vous pouvez laver les semelles et orth\u00e8ses Dr. Scholl\u00ae \u00e0 la main ou en machine \u00e0 laver \u00e0 froid. Elles doivent s\u00e9cher \u00e0 l\u2019air libre et ne peuvent \u00eatre s\u00e9ch\u00e9es en machine.[\/vc_column_text][\/vc_tta_section][vc_tta_section title=&#8221;Que se passe-t-il si les semelles de mes chaussures ne sont pas amovibles? Puis-je tout de m\u00eame y installer mes semelles Dr. Scholl\u2019s<sup>\u00ae<\/sup>?&#8221; tab_id=&#8221;1592858898163-70309b03-eb22&#8243;][vc_column_text]Les semelles et les orth\u00e8ses Dr Scholl&#8217;s\u00ae peuvent \u00eatre plac\u00e9es sur la semelle int\u00e9rieure existante d\u2019une chaussure, \u00e0 condition que celle-ci reste confortable et ne soit pas trop serr\u00e9e. Toute semelle ou orth\u00e8se qui n\u2019est pas de pleine longueur doit \u00eatre plac\u00e9e par-dessus la semelle int\u00e9rieure existante de la chaussure.[\/vc_column_text][\/vc_tta_section][vc_tta_section title=&#8221;Les semelles Dr. Scholl\u2019s<sup>\u00ae<\/sup> peuvent-elles \u00eatre transf\u00e9r\u00e9es d\u2019une chaussure \u00e0 l\u2019autre?&#8221; tab_id=&#8221;1592859040361-2f753d6d-bbbc&#8221;][vc_column_text]Oui, les semelles et les orth\u00e8ses Dr Scholl&#8217;s\u00ae peuvent \u00eatre transf\u00e9r\u00e9es d\u2019une chaussure \u00e0 l\u2019autre \u00e0 condition que la chaussure soit encore confortable et ne soit pas trop serr\u00e9e. Comme chaque chaussure est diff\u00e9rente, certaines semelles et orth\u00e8ses peuvent mieux s\u2019adapter \u00e0 certaines chaussures. Nous vous encourageons \u00e0 trouver la semelle int\u00e9rieure ou l\u2019orth\u00e8se qui vous convient le mieux pour chaque chaussure.[\/vc_column_text][\/vc_tta_section][\/vc_tta_accordion][vc_column_text]\r\n<h4>COUSSINETS ET TRAITEMENTS CONTRE LES VERRUES, LES AMPOULES, LES CORS, LES CALLOSIT\u00c9S ET LES OIGNONS<\/h4>\r\n[\/vc_column_text][vc_tta_accordion active_section=&#8221;&#8221; collapsible_all=&#8221;true&#8221; colour=&#8221;white&#8221; el_class=&#8221;grey-text left-align&#8221; el_id=&#8221;faq&#8221;][vc_tta_section title=&#8221;Que fait la technologie DURAGEL<sup>\u00ae<\/sup> de Dr. Scholl?&#8221; tab_id=&#8221;1592859205456-e2a0b5cf-b668&#8243;][vc_column_text]La technologie DURAGEL\u00ae est int\u00e9gr\u00e9e \u00e0 nos coussinets et \u00e0 nos traitements haut de gamme pour les rendre fins, flexibles et presque invisibles. Il contient 30 \u00e0 50 % d\u2019eau et est un coussin durable qui \u00e9pouse les contours de votre peau pour prot\u00e9ger vos cors, callosit\u00e9s, ampoules ou oignons. Les coussinets s\u2019adaptent facilement \u00e0 n\u2019importe quelle chaussure pour soulager la douleur tout au long de la journ\u00e9e.\r\n\r\nD\u00e9couvrez les produits DURAGEL\u00ae:\r\n<div class=\"faqlist\">\r\n<ul class=\"listPara-blue\">\r\n \t<li><a href=\"\/fr\/p\/foot-corns\/corn-cushions-with-duragel-technology\/\">Coussinets pour cors DURAGEL<\/a><a href=\"\/fr\/p\/foot-calluses\/callus-removers-with-duragel-technology\/\"><sup>\u00ae<\/sup><\/a><a href=\"\/fr\/p\/foot-corns\/corn-cushions-with-duragel-technology\/\"> Dr Scholl&#8217;s<sup>\u00ae<\/sup><\/a><\/li>\r\n \t<li><a href=\"\/fr\/p\/foot-corns\/corn-removers-with-duragel-technology\/\">Anti-cors DURAGEL<\/a><a href=\"\/fr\/p\/foot-calluses\/callus-removers-with-duragel-technology\/\"><sup>\u00ae<\/sup><\/a><a href=\"\/fr\/p\/foot-corns\/corn-removers-with-duragel-technology\/\"> Dr Scholl&#8217;s<sup>\u00ae<\/sup><\/a><\/li>\r\n \t<li><a href=\"\/fr\/p\/foot-calluses\/callus-cushions-with-duragel-technology\/\">Coussinets pour durillons DURAGEL<\/a><a href=\"\/fr\/p\/foot-calluses\/callus-cushions-with-duragel-technology\/\"><sup>\u00ae<\/sup><\/a><a href=\"\/fr\/p\/foot-calluses\/callus-cushions-with-duragel-technology\/\"> Dr Scholl&#8217;s<sup>\u00ae<\/sup><\/a><\/li>\r\n \t<li><a href=\"\/fr\/p\/foot-calluses\/callus-removers-with-duragel-technology\/\">Anti-durillons DURAGEL<\/a><a href=\"\/fr\/p\/foot-calluses\/callus-removers-with-duragel-technology\/\"><sup>\u00ae<\/sup><\/a><a href=\"\/fr\/p\/foot-calluses\/callus-removers-with-duragel-technology\/\"> Dr Scholl&#8217;s<sup>\u00ae<\/sup><\/a><\/li>\r\n \t<li><a href=\"\/fr\/p\/bunion\/bunion-cushions-with-duragel-technology\/\">Couissinets pour oignons DURAGEL<\/a><a href=\"\/fr\/p\/foot-calluses\/callus-removers-with-duragel-technology\/\"><sup>\u00ae<\/sup><\/a><a href=\"\/fr\/p\/bunion\/bunion-cushions-with-duragel-technology\/\"> Dr Scholl&#8217;s<sup>\u00ae<\/sup><\/a><\/li>\r\n \t<li><a href=\"\/fr\/p\/blister\/blister-treatment-cushions-with-duragel-technology\/\">Coussinets pour ampoules DURAGEL<\/a><a href=\"\/fr\/p\/foot-calluses\/callus-removers-with-duragel-technology\/\"><sup>\u00ae<\/sup><\/a><a href=\"\/fr\/p\/blister\/blister-treatment-cushions-with-duragel-technology\/\"> Dr Scholl&#8217;s<sup>\u00ae<\/sup><\/a><\/li>\r\n \t<li><a href=\"\/fr\/p\/wart-removers\/clear-away-wart-removers-flexible-comfort-strip\/\">Anti-verrues DURAGEL<\/a><a href=\"\/fr\/p\/foot-calluses\/callus-removers-with-duragel-technology\/\"><sup>\u00ae<\/sup><\/a><a href=\"\/fr\/p\/wart-removers\/clear-away-wart-removers-flexible-comfort-strip\/\"> ClearAway<\/a><a href=\"\/fr\/p\/foot-calluses\/callus-removers-with-duragel-technology\/\"><sup>\u00ae<\/sup><\/a><a href=\"\/fr\/p\/wart-removers\/clear-away-wart-removers-flexible-comfort-strip\/\"> Dr Scholl&#8217;s<\/a><sup><a href=\"\/fr\/p\/foot-calluses\/callus-removers-with-duragel-technology\/\">\u00ae<\/a><\/sup><\/li>\r\n<\/ul>\r\n<\/div>\r\n[\/vc_column_text][\/vc_tta_section][vc_tta_section title=&#8221;Si j\u2019ai un bandage ou un coussinet Dr. Scholl\u2019s<sup>\u00ae<\/sup>, puis-je toute de m\u00eame prendre un bain ou une douche?&#8221; tab_id=&#8221;1592859205480-b5ffb41d-63d6&#8243;][vc_column_text]Vous pouvez porter les protections et les coussinets Dr. Scholl&#8217;s\u00ae sous la douche, mais cela r\u00e9duira leur dur\u00e9e de fixation, qui varie selon le produit.[\/vc_column_text][\/vc_tta_section][\/vc_tta_accordion][vc_column_text]\r\n<h4>PRODUITS D\u00c9SODORISANTS<\/h4>\r\n[\/vc_column_text][vc_tta_accordion active_section=&#8221;&#8221; collapsible_all=&#8221;true&#8221; colour=&#8221;white&#8221; el_class=&#8221;grey-text left-align&#8221; el_id=&#8221;faq&#8221;][vc_tta_section title=&#8221;O\u00f9 puis-je trouver plus d\u2019informations sur les odeurs de pieds?&#8221; tab_id=&#8221;1592859827892-d2470caf-04c8&#8243;][vc_column_text]Visitez <a href=\"\/fr\/ca\/symptomes-et-problemes\/affections-cutanees-du-pied\/odeurs-et-moiteur-des-pieds\/\">la page Odeurs &amp; Transpiration des pieds<\/a>.[\/vc_column_text][\/vc_tta_section][vc_tta_section title=&#8221;Que fait la technologie avanc\u00e9e Dr. Scholl\u2019s<sup>\u00ae<\/sup> SweatMax<sup>\u00ae<\/sup>?&#8221; tab_id=&#8221;1592859827936-26872493-d550&#8243;][vc_column_text]La technologie Sweat Max\u00ae absorbe la sueur et contribue \u00e0 \u00e9liminer les odeurs. En savoir plus sur les produits Sweat Max\u00ae:\r\n<div class=\"faqlist\">\r\n<ul class=\"listPara-blue\">\r\n \t<li><a href=\"https:\/\/www.drscholls.ca\/fr\/p\/foot-odour-and-sweat\/odour-fighting-foot-powder\/\">Poudre pour les pieds anti-odeurs Odour Destroyer<\/a><a href=\"https:\/\/www.drscholls.ca\/fr\/p\/foot-odour-and-sweat\/odour-fighting-foot-powder\/\"><sup>\u00ae<\/sup><\/a><a href=\"https:\/\/www.drscholls.ca\/fr\/p\/foot-odour-and-sweat\/odour-fighting-foot-powder\/\"> Dr Scholl<\/a>&#8216;s<a href=\"https:\/\/www.drscholls.ca\/fr\/p\/foot-odour-and-sweat\/odour-fighting-foot-powder\/\"><sup>\u00ae<\/sup><\/a><\/li>\r\n \t<li><a href=\"https:\/\/www.drscholls.ca\/fr\/p\/foot-odour-and-sweat\/foot-deodourant-non-aerosol\/\">D\u00e9odorant pour les pieds Odour Destroyer<\/a><a href=\"https:\/\/www.drscholls.ca\/fr\/p\/foot-odour-and-sweat\/comfort-odour-destroyers-insoles\/\"><sup>\u00ae<\/sup><\/a><a href=\"https:\/\/www.drscholls.ca\/fr\/p\/foot-odour-and-sweat\/foot-deodourant-non-aerosol\/\"> Dr Scholl&#8217;s<sup>\u00ae<\/sup><\/a><\/li>\r\n \t<li><a href=\"https:\/\/www.drscholls.ca\/fr\/p\/foot-odour-and-sweat\/comfort-odour-destroyers-insoles\/\">Semelles anti-odeurs Odour Destroyer<\/a><a href=\"https:\/\/www.drscholls.ca\/fr\/p\/foot-odour-and-sweat\/comfort-odour-destroyers-insoles\/\"><sup>\u00ae<\/sup><\/a><a href=\"https:\/\/www.drscholls.ca\/fr\/p\/foot-odour-and-sweat\/comfort-odour-destroyers-insoles\/\"> Dr Scholl&#8217;s<sup>\u00ae<\/sup><\/a><\/li>\r\n<\/ul>\r\n<\/div>\r\n[\/vc_column_text][\/vc_tta_section][\/vc_tta_accordion][vc_separator border_width=&#8221;2&#8243;][\/vc_column][\/vc_row][vc_row][vc_column][vc_column_text]\r\n<h2 style=\"text-align: center;\">GARANTIE ET REMBOURSEMENTS<\/h2>\r\n[\/vc_column_text][vc_tta_accordion active_section=&#8221;&#8221; collapsible_all=&#8221;true&#8221; colour=&#8221;white&#8221; el_class=&#8221;grey-text left-align&#8221; el_id=&#8221;faq&#8221;][vc_tta_section title=&#8221;Offrez-vous des garanties de remboursement? Quelles sont-elles?&#8221; tab_id=&#8221;1592860434843-2ad61de2-ff69&#8243;][vc_column_text]Visitez <a href=\"\/fr\/t\/garantie\/\">la page Garantie de remboursement<\/a> pour savoir quels produits nous garantissons et comment obtenir un remboursement.[\/vc_column_text][\/vc_tta_section][vc_tta_section title=&#8221;Quel est l\u2019\u00e9tat de mon remboursement?&#8221; tab_id=&#8221;1592860434876-1a32e999-2ba6&#8243;][vc_column_text]Pour v\u00e9rifier l\u2019\u00e9tat de votre remboursement, veuillez appeler notre \u00e9quipe Relations Client\u00e8le au (866) 338-9745 Lun-Ven 9h-17h HNE ou par courriel : <a href=\"mailto:drscholls.ca@drscholls.com\">drscholls.ca@drscholls.com<\/a>[\/vc_column_text][\/vc_tta_section][vc_tta_section title=&#8221;Qu\u2019est-ce qu\u2019un CUP?&#8221; tab_id=&#8221;1592860529612-f00685c0-5c00&#8243;][vc_column_text]Un code CUP est un code de produit unique \u00e0 douze chiffres. Il se trouve au dos de tous les emballages de Dr. Scholl&#8217;s\u00ae et ressemble \u00e0 l\u2019image ci-dessous.\r\n\r\n<img decoding=\"async\" class=\"alignnone size-full wp-image-800\" src=\"https:\/\/www.drscholls.ca\/fr\/wp-content\/uploads\/sites\/4\/upc-barcode-image.jpg\" alt=\"Image d&#039;un exemple de code ? barres montrant un CUP.?\" width=\"147\" height=\"101\" \/>[\/vc_column_text][\/vc_tta_section][\/vc_tta_accordion][vc_separator border_width=&#8221;2&#8243;][\/vc_column][\/vc_row][vc_row][vc_column][vc_column_text]\r\n<h2 style=\"text-align: center;\">AUTRES FAQ<\/h2>\r\n[\/vc_column_text][vc_tta_accordion active_section=&#8221;&#8221; collapsible_all=&#8221;true&#8221; colour=&#8221;white&#8221; el_class=&#8221;grey-text left-align&#8221; el_id=&#8221;faq&#8221;][vc_tta_section title=&#8221;O\u00f9 puis-je trouver les coupons et offres actuels de Dr. Scholl\u2019s<sup>\u00ae<\/sup>?&#8221; tab_id=&#8221;1592861805638-b40c218c-c311&#8243;][vc_column_text]Lorsqu\u2019ils sont disponibles, vous trouverez des coupons et des offres sur <a href=\"\/fr\/t\/offres-speciales-bondereduction\/\">la page Coupons &amp; offres.<\/a>[\/vc_column_text][\/vc_tta_section][\/vc_tta_accordion][\/vc_column][\/vc_row]<\/div>","protected":false},"excerpt":{"rendered":"<p>[vc_row][vc_column][vc_column_text] FOIRE AUX QUESTIONS SUR L\u2019UTILISATION DE NOS PRODUITS [\/vc_column_text][vc_column_text] SEMELLES [\/vc_column_text][vc_tta_accordion active_section=&#8221;&#8221; collapsible_all=&#8221;true&#8221; colour=&#8221;white&#8221; el_class=&#8221;grey-text left-align&#8221; el_id=&#8221;faq&#8221;][vc_tta_section title=&#8221;Comment choisir la bonne semelle Dr. Scholl\u2019s\u00ae?&#8221; tab_id=&#8221;1592857095769-9d9110a6-b838&#8243;][vc_column_text]Dr. Scholl\u2019s\u00ae offre une vari\u00e9t\u00e9 de semelles et d\u2019orth\u00e8ses pour toutes sortes de probl\u00e8mes au pieds et au bas du corps, d\u2019utilisation et de types de chaussures. Pour d\u00e9couvrir quelle&hellip;<\/p>\n","protected":false},"author":10,"featured_media":0,"parent":11744,"menu_order":0,"comment_status":"closed","ping_status":"closed","template":"","meta":{"_acf_changed":false,"footnotes":""},"class_list":["post-798","page","type-page","status-publish","hentry"],"acf":[],"_links":{"self":[{"href":"https:\/\/www.drscholls.ca\/fr\/wp-json\/wp\/v2\/pages\/798","targetHints":{"allow":["GET"]}}],"collection":[{"href":"https:\/\/www.drscholls.ca\/fr\/wp-json\/wp\/v2\/pages"}],"about":[{"href":"https:\/\/www.drscholls.ca\/fr\/wp-json\/wp\/v2\/types\/page"}],"author":[{"embeddable":true,"href":"https:\/\/www.drscholls.ca\/fr\/wp-json\/wp\/v2\/users\/10"}],"replies":[{"embeddable":true,"href":"https:\/\/www.drscholls.ca\/fr\/wp-json\/wp\/v2\/comments?post=798"}],"version-history":[{"count":0,"href":"https:\/\/www.drscholls.ca\/fr\/wp-json\/wp\/v2\/pages\/798\/revisions"}],"up":[{"embeddable":true,"href":"https:\/\/www.drscholls.ca\/fr\/wp-json\/wp\/v2\/pages\/11744"}],"wp:attachment":[{"href":"https:\/\/www.drscholls.ca\/fr\/wp-json\/wp\/v2\/media?parent=798"}],"curies":[{"name":"wp","href":"https:\/\/api.w.org\/{rel}","templated":true}]}}