{"id":788,"date":"2020-06-22T12:47:18","date_gmt":"2020-06-22T17:47:18","guid":{"rendered":"https:\/\/www.drscholls.ca\/fr\/?page_id=788"},"modified":"2020-11-19T19:56:33","modified_gmt":"2020-11-20T00:56:33","slug":"douleur-a-la-hanche","status":"publish","type":"page","link":"https:\/\/www.drscholls.ca\/fr\/ca\/symptomes-et-problemes\/douleur-au-bas-du-dos-et-problemes-de-sante\/douleur-a-la-hanche\/","title":{"rendered":"Douleur \u00e0 la Hanche"},"content":{"rendered":"<div class=\"wpb-content-wrapper\">[vc_section full_width=&#8221;stretch_row&#8221; content_placement=&#8221;middle&#8221; el_class=&#8221;blue-gradient pt-5 pb-3 mb-5&#8243;][vc_row content_placement=&#8221;middle&#8221;][vc_column width=&#8221;2\/3&#8243;][vc_raw_html]JTNDaDElMjBjbGFzcyUzRCUyMnRleHQtdXBwZXJjYXNlJTIwbWItMCUyMiUzRUxlJTIwUG9pbnQlMjBTdXIlMjBsYSUyMERvdWxldXIlMjAlQzMlQTAlMjBsYSUyMEhhbmNoZSUzQ3NwYW4lMjBjbGFzcyUzRCUyMnllbGxvdyUyMiUzRSUzQSUzQyUyRnNwYW4lM0UlM0MlMkZoMSUzRQ==[\/vc_raw_html][\/vc_column][vc_column width=&#8221;1\/3&#8243;][vc_raw_html el_class=&#8221;yellow&#8221;]JTNDcCUzRSUzQ2ElMjBocmVmJTNEJTIyJTIzZGVmaW5pdGlvbiUyMiUyMGNsYXNzJTNEJTIyYW5jaG9yJTIyJTNFRGUlMjBxdW9pJTIwcyVFMiU4MCU5OWFnaXQtaWwlM0YlM0MlMkZhJTNFJTNDJTJGcCUzRSUwQSUzQ3AlM0UlM0NhJTIwaHJlZiUzRCUyMiUyM2NhdXNlcyUyMiUyMGNsYXNzJTNEJTIyYW5jaG9yJTIyJTNFUXVlbGxlcyUyMGVuJTIwc29udCUyMGxlcyUyMGNhdXNlcyUzRiUzQyUyRmElM0UlM0MlMkZwJTNFJTBBJTNDcCUzRSUzQ2ElMjBocmVmJTNEJTIyJTIzc29sdXRpb25zJTIyJTIwY2xhc3MlM0QlMjJhbmNob3IlMjIlM0VRdWUlMjBwdWlzLWplJTIwZmFpcmUlM0YlM0MlMkZhJTNFJTNDJTJGcCUzRQ==[\/vc_raw_html][\/vc_column][\/vc_row][\/vc_section][vc_section el_id=&#8221;definition&#8221; el_class=&#8221;mt-4 mb-5&#8243;][vc_row][vc_column width=&#8221;1\/12&#8243;][\/vc_column][vc_column width=&#8221;5\/6&#8243;][vc_custom_heading text=&#8221;DOULEUR \u00c0 LA HANCHE 101&#8243; font_container=&#8221;tag:h2|text_align:center&#8221; use_theme_fonts=&#8221;yes&#8221; el_class=&#8221;text-uppercase&#8221;][vc_column_text el_class=&#8221;lg&#8221;]\r\n<p class=\"symptoms-para\" style=\"text-align: center;\">\u00c0 l\u2019exception de l\u2019\u00e9paule, la hanche est l\u2019articulation du corps qui a la plus grande amplitude de mouvement. Il n\u2019est donc pas surprenant que les hanches jouent un r\u00f4le majeur dans le maintien du corps en mouvement, qu\u2019il s\u2019agisse de porter le poids ou de donner aux muscles puissants des jambes la capacit\u00e9 de travailler.<\/p>\r\n[\/vc_column_text][\/vc_column][vc_column width=&#8221;1\/12&#8243;][\/vc_column][\/vc_row][\/vc_section][vc_section full_width=&#8221;stretch_row&#8221; el_class=&#8221;mb-5&#8243;][vc_row equal_height=&#8221;yes&#8221; content_placement=&#8221;middle&#8221; el_class=&#8221;no-padding&#8221;][vc_column width=&#8221;1\/2&#8243;][vc_single_image image=&#8221;789&#8243; img_size=&#8221;full&#8221; alignment=&#8221;centre&#8221; el_class=&#8221;no-padding&#8221; css=&#8221;.vc_custom_1592847509623{margin-bottom: 0px !important;}&#8221;][\/vc_column][vc_column width=&#8221;1\/2&#8243; el_class=&#8221;yellow-gradient&#8221;][vc_column_text el_class=&#8221;px-5 pt-5 pb-3&#8243;]Et, sans surprise, les mouvements peuvent provoquer un stress au niveau des articulations de la hanche et entra\u00eener des douleurs. Bien que les causes varient, il existe deux types de douleurs \u00e0 la hanche:\r\n<ul class=\"listPara-blue\">\r\n \t<li><strong>Douleur dans l\u2019articulation de la hanche elle-m\u00eame, qui se manifeste g\u00e9n\u00e9ralement \u00e0 l\u2019int\u00e9rieur de la hanche ou de l\u2019aine,<\/strong><\/li>\r\n \t<li><strong>Douleurs dans les muscles, ligaments, tendons, etc. attach\u00e9s \u00e0 la hanche, que vous pouvez ressentir \u00e0 l\u2019ext\u00e9rieur de la hanche, du haut de la cuisse ou de la fesse.<\/strong><\/li>\r\n<\/ul>\r\n[\/vc_column_text][\/vc_column][\/vc_row][\/vc_section][vc_section el_id=&#8221;causes&#8221; el_class=&#8221;mt-4&#8243;][vc_row][vc_column width=&#8221;1\/12&#8243;][\/vc_column][vc_column width=&#8221;5\/6&#8243;][vc_custom_heading text=&#8221;QUELLES SONT LES CAUSES DE LA DOULEUR \u00c0 LA HANCHE?&#8221; font_container=&#8221;tag:h2|text_align:center&#8221; use_theme_fonts=&#8221;yes&#8221; el_class=&#8221;text-uppercase&#8221;][vc_column_text]\r\n<p style=\"text-align: center;\">Comme pour d\u2019autres types de douleurs, les douleurs \u00e0 la hanche peuvent \u00eatre dues \u00e0 une surutilisation ou du surmenage. Il existe aussi des causes graves comme les blessures, l\u2019arthrose, les tendinites, les bursites et la sciatique. Pour les blessures ou troubles de sant\u00e9, consultez votre m\u00e9decin pour obtenir un diagnostic et d\u00e9cider du meilleur traitement.<\/p>\r\n[\/vc_column_text][\/vc_column][vc_column width=&#8221;1\/12&#8243;][\/vc_column][\/vc_row][\/vc_section][vc_row full_width=&#8221;stretch_row&#8221; el_class=&#8221;my-5&#8243;][vc_column][vc_separator][\/vc_column][\/vc_row][vc_section el_class=&#8221;mt-5&#8243; el_id=&#8221;solutions&#8221;][vc_row][vc_column width=&#8221;1\/12&#8243;][\/vc_column][vc_column width=&#8221;5\/6&#8243;][vc_custom_heading text=&#8221;NE LAISSEZ PAS LA DOULEUR DE LA HANCHE VOUS RALENTIR&#8221; font_container=&#8221;tag:h2|text_align:center&#8221; use_theme_fonts=&#8221;yes&#8221; el_class=&#8221;text-uppercase&#8221;][vc_column_text]\r\n<p style=\"text-align: center;\">Voici quelques conseils pour soulager les douleurs mineures de la hanche.<\/p>\r\n\r\n<ul class=\"listPara\">\r\n \t<li>Ajoutez des orth\u00e8ses ou des semelles con\u00e7ues pour aider \u00e0 absorber le choc des d\u00e9placements.<\/li>\r\n \t<li>\r\n<p class=\"head2\">ASTUCE: REPOS-GLACE-\u00c9L\u00c9VATION:<\/p>\r\n\r\n<ul>\r\n \t<li><strong>Repos<\/strong> \u2013 donnez \u00e0 vos hanches une pause et du temps pour gu\u00e9rir, soit en r\u00e9duisant votre activit\u00e9, soit en \u00e9vitant compl\u00e8tement de bouger pendant un certain temps.<\/li>\r\n \t<li><strong>Glace<\/strong> \u2013 appliquez de la glace pendant 20\u00a0minutes toutes les 3 ou 4\u00a0heures pendant 3\u00a0jours maximum jusqu\u2019\u00e0 ce que la douleur disparaisse.<\/li>\r\n \t<li><strong>\u00c9l\u00e9vation<\/strong>\u00a0\u2013 posez vos hanches sur un oreiller pendant que vous vous reposez pour all\u00e9ger encore plus la pression.<\/li>\r\n<\/ul>\r\n<\/li>\r\n \t<li>Lorsque vous recommencerez \u00e0 \u00eatre actif, n\u2019oubliez pas de vous d\u00e9tendre, de faire des \u00e9tirements et les \u00e9chauffements.<\/li>\r\n<\/ul>\r\n<p class=\"legal-text legal-text-first\" style=\"text-align: center;\"><em>Ces renseignements ne remplacent pas un diagnostic m\u00e9dical. \u00c0 titre indicatif seulement. Si vous \u00eates diab\u00e9tique, avez une mauvaise circulation sanguine ou une peau fragile, ou si les sympt\u00f4mes sont graves ou persistent, consultez votre podologue ou votre m\u00e9decin avant d\u2019utiliser ces produits.<\/em><\/p>\r\n<p class=\"source-Info legal-text\">\u2020SOURCE: Mayo Clinic Staff. &#8220;Hip pain.&#8221; Mayo Clinic. N.p., 16 May 2016. Web. 02 Feb. 2017.\r\n<a href=\"http:\/\/www.mayoclinic.org\/symptoms\/hip-pain\/basics\/definition\/sym-20050684\">http:\/\/www.mayoclinic.org\/symptoms\/hip-pain\/basics\/definition\/sym-20050684.<\/a><\/p>\r\n[\/vc_column_text][\/vc_column][vc_column width=&#8221;1\/12&#8243;][\/vc_column][\/vc_row][\/vc_section][vc_section el_class=&#8221;yellow-gradient wavy py-5 my-5&#8243;][vc_row][vc_column width=&#8221;1\/6&#8243;][\/vc_column][vc_column width=&#8221;2\/3&#8243;][vc_custom_heading text=&#8221;TROUBLES DE SANT\u00c9 LI\u00c9S \u00c0 LA DOULEUR \u00c0 LA HANCHE&#8221; font_container=&#8221;tag:h2|text_align:center&#8221; use_theme_fonts=&#8221;yes&#8221; el_class=&#8221;text-uppercase mb-4&#8243;][vc_row_inner equal_height=&#8221;yes&#8221; gap=&#8221;35&#8243; el_class=&#8221;mb-4&#8243;][vc_column_inner width=&#8221;1\/3&#8243; css=&#8221;.vc_custom_1592336241287{padding-top: 0px !important;background-color: #ffffff !important;}&#8221;][vc_single_image image=&#8221;724&#8243; img_size=&#8221;full&#8221; onclick=&#8221;custom_link&#8221; link=&#8221;\/fr\/ca\/symptomes-et-problemes\/douleur-aux-pieds-et-problemes-de-sante\/arthrose\/&#8221;][vc_separator][vc_column_text el_class=&#8221;lg&#8221;]\r\n<p style=\"text-align: center;\"><a href=\"https:\/\/www.drscholls.ca\/fr\/ca\/symptomes-et-problemes\/douleur-aux-pieds-et-problemes-de-sante\/arthrose\/\">Arthrose<\/a><\/p>\r\n[\/vc_column_text][\/vc_column_inner][vc_column_inner width=&#8221;1\/3&#8243; css=&#8221;.vc_custom_1592336262621{padding-top: 0px !important;background-color: #ffffff !important;}&#8221;][vc_single_image image=&#8221;672&#8243; img_size=&#8221;full&#8221; onclick=&#8221;custom_link&#8221; link=&#8221;\/fr\/ca\/symptomes-et-problemes\/douleur-au-bas-du-dos-et-problemes-de-sante\/fatigue-musculaire\/&#8221;][vc_separator][vc_column_text el_class=&#8221;lg&#8221;]\r\n<p style=\"text-align: center;\"><a href=\"https:\/\/www.drscholls.ca\/fr\/ca\/symptomes-et-problemes\/douleur-au-bas-du-dos-et-problemes-de-sante\/fatigue-musculaire\/\">Douleurs Musculaires<\/a><\/p>\r\n[\/vc_column_text][\/vc_column_inner][vc_column_inner width=&#8221;1\/3&#8243; css=&#8221;.vc_custom_1592336255537{padding-top: 0px !important;background-color: #ffffff !important;}&#8221;][vc_single_image image=&#8221;659&#8243; img_size=&#8221;full&#8221; onclick=&#8221;custom_link&#8221; link=&#8221;\/fr\/ca\/symptomes-et-problemes\/douleur-au-bas-du-dos-et-problemes-de-sante\/douleur-au-bas-du-dos\/&#8221;][vc_separator][vc_column_text el_class=&#8221;lg&#8221;]\r\n<p style=\"text-align: center;\"><a href=\"https:\/\/www.drscholls.ca\/fr\/ca\/symptomes-et-problemes\/douleur-au-bas-du-dos-et-problemes-de-sante\/douleur-au-bas-du-dos\/\">Douleurs Lombaires<\/a><\/p>\r\n[\/vc_column_text][\/vc_column_inner][\/vc_row_inner][vc_btn title=&#8221;Voir les autres sympt\u00f4mes et affections de la partie inf\u00e9rieure du corps&#8221; color=&#8221;btn-blue&#8221; colour=&#8221;btn-blue&#8221; el_class=&#8221;btn-wavy&#8221; link=&#8221;url:%2Ffr%2Fcc%2Fsymptomes-et-problemes%2Fdouleur-au-bas-du-dos-et-problemes-de-sante%2F|title:Les%20Douleurs%20Du%20Bas%20Du%20Corps&#8221;][\/vc_column][vc_column width=&#8221;1\/6&#8243;][\/vc_column][\/vc_row][\/vc_section]<\/div>","protected":false},"excerpt":{"rendered":"<p>[vc_section full_width=&#8221;stretch_row&#8221; content_placement=&#8221;middle&#8221; el_class=&#8221;blue-gradient pt-5 pb-3 mb-5&#8243;][vc_row content_placement=&#8221;middle&#8221;][vc_column width=&#8221;2\/3&#8243;][vc_raw_html]JTNDaDElMjBjbGFzcyUzRCUyMnRleHQtdXBwZXJjYXNlJTIwbWItMCUyMiUzRUxlJTIwUG9pbnQlMjBTdXIlMjBsYSUyMERvdWxldXIlMjAlQzMlQTAlMjBsYSUyMEhhbmNoZSUzQ3NwYW4lMjBjbGFzcyUzRCUyMnllbGxvdyUyMiUzRSUzQSUzQyUyRnNwYW4lM0UlM0MlMkZoMSUzRQ==[\/vc_raw_html][\/vc_column][vc_column width=&#8221;1\/3&#8243;][vc_raw_html el_class=&#8221;yellow&#8221;]JTNDcCUzRSUzQ2ElMjBocmVmJTNEJTIyJTIzZGVmaW5pdGlvbiUyMiUyMGNsYXNzJTNEJTIyYW5jaG9yJTIyJTNFRGUlMjBxdW9pJTIwcyVFMiU4MCU5OWFnaXQtaWwlM0YlM0MlMkZhJTNFJTNDJTJGcCUzRSUwQSUzQ3AlM0UlM0NhJTIwaHJlZiUzRCUyMiUyM2NhdXNlcyUyMiUyMGNsYXNzJTNEJTIyYW5jaG9yJTIyJTNFUXVlbGxlcyUyMGVuJTIwc29udCUyMGxlcyUyMGNhdXNlcyUzRiUzQyUyRmElM0UlM0MlMkZwJTNFJTBBJTNDcCUzRSUzQ2ElMjBocmVmJTNEJTIyJTIzc29sdXRpb25zJTIyJTIwY2xhc3MlM0QlMjJhbmNob3IlMjIlM0VRdWUlMjBwdWlzLWplJTIwZmFpcmUlM0YlM0MlMkZhJTNFJTNDJTJGcCUzRQ==[\/vc_raw_html][\/vc_column][\/vc_row][\/vc_section][vc_section el_id=&#8221;definition&#8221; el_class=&#8221;mt-4 mb-5&#8243;][vc_row][vc_column width=&#8221;1\/12&#8243;][\/vc_column][vc_column width=&#8221;5\/6&#8243;][vc_custom_heading text=&#8221;DOULEUR \u00c0 LA HANCHE 101&#8243; font_container=&#8221;tag:h2|text_align:center&#8221; use_theme_fonts=&#8221;yes&#8221; el_class=&#8221;text-uppercase&#8221;][vc_column_text el_class=&#8221;lg&#8221;] \u00c0 l\u2019exception de l\u2019\u00e9paule, la hanche est l\u2019articulation du corps qui a la plus grande amplitude de mouvement. Il n\u2019est donc pas surprenant que les hanches jouent un r\u00f4le majeur&hellip;<\/p>\n","protected":false},"author":9,"featured_media":0,"parent":11626,"menu_order":0,"comment_status":"closed","ping_status":"closed","template":"","meta":{"_acf_changed":false,"footnotes":""},"class_list":["post-788","page","type-page","status-publish","hentry"],"acf":[],"_links":{"self":[{"href":"https:\/\/www.drscholls.ca\/fr\/wp-json\/wp\/v2\/pages\/788","targetHints":{"allow":["GET"]}}],"collection":[{"href":"https:\/\/www.drscholls.ca\/fr\/wp-json\/wp\/v2\/pages"}],"about":[{"href":"https:\/\/www.drscholls.ca\/fr\/wp-json\/wp\/v2\/types\/page"}],"author":[{"embeddable":true,"href":"https:\/\/www.drscholls.ca\/fr\/wp-json\/wp\/v2\/users\/9"}],"replies":[{"embeddable":true,"href":"https:\/\/www.drscholls.ca\/fr\/wp-json\/wp\/v2\/comments?post=788"}],"version-history":[{"count":0,"href":"https:\/\/www.drscholls.ca\/fr\/wp-json\/wp\/v2\/pages\/788\/revisions"}],"up":[{"embeddable":true,"href":"https:\/\/www.drscholls.ca\/fr\/wp-json\/wp\/v2\/pages\/11626"}],"wp:attachment":[{"href":"https:\/\/www.drscholls.ca\/fr\/wp-json\/wp\/v2\/media?parent=788"}],"curies":[{"name":"wp","href":"https:\/\/api.w.org\/{rel}","templated":true}]}}