{"id":779,"date":"2020-06-22T09:52:25","date_gmt":"2020-06-22T14:52:25","guid":{"rendered":"https:\/\/www.drscholls.ca\/fr\/?page_id=779"},"modified":"2020-11-11T18:49:01","modified_gmt":"2020-11-11T23:49:01","slug":"contactez-nous","status":"publish","type":"page","link":"https:\/\/www.drscholls.ca\/fr\/contactez-nous\/","title":{"rendered":"Contactez-nous"},"content":{"rendered":"<div class=\"wpb-content-wrapper\">[vc_row][vc_column][vc_column_text]\r\n<h2 style=\"text-align: center;\"><strong>DR. SCHOLL&#8217;S\u00ae NOUS CONTACTER<\/strong><\/h2>\r\n[\/vc_column_text][\/vc_column][\/vc_row][vc_row][vc_column][vc_column_text]Si vous avez des questions, pr\u00e9occupations concernant l\u2019usage de nos produits, ou plaintes vous pouvez nous joindre par courrier, par t\u00e9l\u00e9phone ou par courriel.\r\n\r\nChoisissez la m\u00e9thode de contact la plus pratique\r\n\r\nSi vous pensez avoir ressenti un effet secondaire associ\u00e9 \u00e0 l&#8217;utilisation de notre produit, veuillez d\u2019abord contacter un professionnel de la sant\u00e9, puis contactez-nous soit par t\u00e9l\u00e9phone au num\u00e9ro indiqu\u00e9 soit par courriel. Si vous pensez avoir observ\u00e9 un probl\u00e8me de qualit\u00e9 du produit, veuillez nous contacter en utilisant les coordonn\u00e9es ci-dessous.[\/vc_column_text][\/vc_column][\/vc_row][vc_row][vc_column][vc_column_text]\r\n<h4 class=\"heading-2\"><strong>EN CAS D&#8217;URGENCE<\/strong><\/h4>\r\nS&#8217;il s&#8217;agit d&#8217;une urgence m\u00e9dicale, contactez votre m\u00e9decin ou appelez le 911.\r\n<h4 class=\"heading-2\"><strong>PAR COURRIER<\/strong><\/h4>\r\nScholl\u2019s Wellness Company\r\nConsumer Affairs &#8211; Canada\r\n204-3365 Harvester Road\r\nBurlington, ON\u00a0 L7N 3N2\r\n<h4 class=\"heading-2\"><strong>PAR T\u00c9L\u00c9PHONE<\/strong><\/h4>\r\nMon-Fri 9AM-5PM CST\r\n866-627-8745\r\n<h4 class=\"heading-2\"><strong>PAR COURRIEL<\/strong><\/h4>\r\n<a href=\"mailto:drscholls.ca@drscholls.com\">drscholls.ca@drscholls.com<\/a>[\/vc_column_text][\/vc_column][\/vc_row]<\/div>","protected":false},"excerpt":{"rendered":"<p>[vc_row][vc_column][vc_column_text] DR. SCHOLL&#8217;S\u00ae NOUS CONTACTER [\/vc_column_text][\/vc_column][\/vc_row][vc_row][vc_column][vc_column_text]Si vous avez des questions, pr\u00e9occupations concernant l\u2019usage de nos produits, ou plaintes vous pouvez nous joindre par courrier, par t\u00e9l\u00e9phone ou par courriel. Choisissez la m\u00e9thode de contact la plus pratique Si vous pensez avoir ressenti un effet secondaire associ\u00e9 \u00e0 l&#8217;utilisation de notre produit, veuillez d\u2019abord contacter un&hellip;<\/p>\n","protected":false},"author":10,"featured_media":0,"parent":0,"menu_order":0,"comment_status":"closed","ping_status":"closed","template":"","meta":{"_acf_changed":false,"footnotes":""},"class_list":["post-779","page","type-page","status-publish","hentry"],"acf":[],"_links":{"self":[{"href":"https:\/\/www.drscholls.ca\/fr\/wp-json\/wp\/v2\/pages\/779","targetHints":{"allow":["GET"]}}],"collection":[{"href":"https:\/\/www.drscholls.ca\/fr\/wp-json\/wp\/v2\/pages"}],"about":[{"href":"https:\/\/www.drscholls.ca\/fr\/wp-json\/wp\/v2\/types\/page"}],"author":[{"embeddable":true,"href":"https:\/\/www.drscholls.ca\/fr\/wp-json\/wp\/v2\/users\/10"}],"replies":[{"embeddable":true,"href":"https:\/\/www.drscholls.ca\/fr\/wp-json\/wp\/v2\/comments?post=779"}],"version-history":[{"count":0,"href":"https:\/\/www.drscholls.ca\/fr\/wp-json\/wp\/v2\/pages\/779\/revisions"}],"wp:attachment":[{"href":"https:\/\/www.drscholls.ca\/fr\/wp-json\/wp\/v2\/media?parent=779"}],"curies":[{"name":"wp","href":"https:\/\/api.w.org\/{rel}","templated":true}]}}