{"id":696,"date":"2020-06-18T17:55:59","date_gmt":"2020-06-18T22:55:59","guid":{"rendered":"https:\/\/www.drscholls.ca\/fr\/?page_id=696"},"modified":"2020-11-24T11:24:11","modified_gmt":"2020-11-24T16:24:11","slug":"odeurs-et-moiteur-des-pieds","status":"publish","type":"page","link":"https:\/\/www.drscholls.ca\/fr\/ca\/symptomes-et-problemes\/affections-cutanees-du-pied\/odeurs-et-moiteur-des-pieds\/","title":{"rendered":"Odeurs et Moiteur des Pieds"},"content":{"rendered":"<div class=\"wpb-content-wrapper\">[vc_section full_width=&#8221;stretch_row&#8221; content_placement=&#8221;middle&#8221; el_class=&#8221;blue-gradient pt-5 pb-3 mb-5&#8243;][vc_row content_placement=&#8221;middle&#8221;][vc_column width=&#8221;2\/3&#8243;][vc_raw_html]JTNDaDElMjBjbGFzcyUzRCUyMnRleHQtdXBwZXJjYXNlJTIwbWItMCUyMiUzRUxlJTIwUG9pbnQlMjBTdXIlMjBMZXMlMjBPZGV1cnMlMjBldCUyMGxhJTIwVHJhbnNwaXJhdGlvbiUyMERlcyUyMFBpZWRzJTNDc3BhbiUyMGNsYXNzJTNEJTIyeWVsbG93JTIyJTNFJTNBJTNDJTJGc3BhbiUzRSUzQyUyRmgxJTNF[\/vc_raw_html][\/vc_column][vc_column width=&#8221;1\/3&#8243;][vc_raw_html el_class=&#8221;yellow&#8221;]JTNDcCUzRSUzQ2ElMjBocmVmJTNEJTIyJTIzZGVmaW5pdGlvbiUyMiUyMGNsYXNzJTNEJTIyYW5jaG9yJTIyJTNFRGUlMjBxdW9pJTIwcyVFMiU4MCU5OWFnaXQtaWwlM0YlM0MlMkZhJTNFJTNDJTJGcCUzRSUwQSUzQ3AlM0UlM0NhJTIwaHJlZiUzRCUyMiUyM2NhdXNlcyUyMiUyMGNsYXNzJTNEJTIyYW5jaG9yJTIyJTNFUXVlbGxlcyUyMGVuJTIwc29udCUyMGxlcyUyMGNhdXNlcyUzRiUzQyUyRmElM0UlM0MlMkZwJTNFJTBBJTNDcCUzRSUzQ2ElMjBocmVmJTNEJTIyJTIzc29sdXRpb25zJTIyJTIwY2xhc3MlM0QlMjJhbmNob3IlMjIlM0VRdWUlMjBwdWlzLWplJTIwZmFpcmUlM0YlM0MlMkZhJTNFJTNDJTJGcCUzRQ==[\/vc_raw_html][\/vc_column][\/vc_row][\/vc_section][vc_section el_id=&#8221;definition&#8221; el_class=&#8221;mt-4 mb-5&#8243;][vc_row][vc_column width=&#8221;1\/12&#8243;][\/vc_column][vc_column width=&#8221;5\/6&#8243;][vc_custom_heading text=&#8221;Qu\u2019est-Ce Que Les Odeurs et la Transpiration Des Pieds?&#8221; font_container=&#8221;tag:h2|text_align:center&#8221; use_theme_fonts=&#8221;yes&#8221; el_class=&#8221;text-uppercase&#8221;][vc_column_text el_class=&#8221;lg&#8221;]\r\n<p class=\"symptoms-para\" style=\"text-align: center;\">Les odeurs de pied sont un probl\u00e8me courant. L\u2019exc\u00e8s de transpiration du pied impr\u00e8gne les chaussettes et la doublure des chaussures, et cr\u00e9e un environnement propice \u00e0 la prolif\u00e9ration de bact\u00e9ries pouvant causer une mauvaise odeur.<\/p>\r\n[\/vc_column_text][\/vc_column][vc_column width=&#8221;1\/12&#8243;][\/vc_column][\/vc_row][\/vc_section][vc_section full_width=&#8221;stretch_row&#8221; el_class=&#8221;mb-5&#8243;][vc_row equal_height=&#8221;yes&#8221; content_placement=&#8221;middle&#8221; el_class=&#8221;no-padding&#8221;][vc_column width=&#8221;1\/2&#8243;][vc_single_image image=&#8221;697&#8243; img_size=&#8221;full&#8221; alignment=&#8221;centre&#8221; el_class=&#8221;no-padding&#8221; css=&#8221;.vc_custom_1592520070729{margin-bottom: 0px !important;}&#8221;][\/vc_column][vc_column width=&#8221;1\/2&#8243; el_class=&#8221;yellow-gradient&#8221;][vc_column_text el_class=&#8221;px-5 pt-5 pb-3&#8243;]Le plus souvent, on s\u2019aper\u00e7oit d\u2019un probl\u00e8me d\u2019odeur des pieds lorsqu\u2019on enl\u00e8ve nos chaussures pour la premi\u00e8re fois de la journ\u00e9e.\r\n\r\nDes chaussures sans a\u00e9ration, des bottes qui ne sont pas en cuir ou des chaussettes en polyester ou en nylon qui \u00e9vacuent mal l\u2019humidit\u00e9 contribuent \u00e0 la persistance des odeurs.[\/vc_column_text][\/vc_column][\/vc_row][\/vc_section][vc_section el_id=&#8221;causes&#8221; el_class=&#8221;mt-4&#8243;][vc_row][vc_column width=&#8221;1\/12&#8243;][\/vc_column][vc_column width=&#8221;5\/6&#8243;][vc_custom_heading text=&#8221;Quelles Sont Les Causes Des Odeurs et de la Transpiration Des Pieds?&#8221; font_container=&#8221;tag:h2|text_align:center&#8221; use_theme_fonts=&#8221;yes&#8221; el_class=&#8221;text-uppercase&#8221;][vc_column_text]\r\n<p style=\"text-align: center;\">La sueur des pieds procure un environnement propice \u00e0 la prolif\u00e9ration des bact\u00e9ries responsables des odeurs, et celles-ci se nourrissent des cellules de peau morte des pieds.<\/p>\r\n[\/vc_column_text][\/vc_column][vc_column width=&#8221;1\/12&#8243;][\/vc_column][\/vc_row][\/vc_section][vc_row full_width=&#8221;stretch_row&#8221; el_class=&#8221;my-5&#8243;][vc_column][vc_separator][\/vc_column][\/vc_row][vc_section][vc_row content_placement=&#8221;top&#8221;][vc_column][vc_custom_heading text=&#8221;Trouver Des Produits Pour \u00c9liminer les Odeurs et la Transpiration Des Pieds&#8221; font_container=&#8221;tag:h2|text_align:center&#8221; use_theme_fonts=&#8221;yes&#8221; el_class=&#8221;text-uppercase&#8221;][vc_raw_html]JTVCcHJvZHVjdHNfc2xpZGVyJTIwY2F0cyUzRCUyMjE3MCUyMiUyMGF1dG9wbGF5JTNEJUUyJTgwJTlEZmFsc2UlRTIlODAlOUQlMjAlMjBvcmRlcmJ5JTNEJTIybWVudV9vcmRlciUyMiU1RA==[\/vc_raw_html][\/vc_column][\/vc_row][\/vc_section][vc_section el_class=&#8221;mt-5&#8243; el_id=&#8221;solutions&#8221;][vc_row][vc_column width=&#8221;1\/12&#8243;][\/vc_column][vc_column width=&#8221;5\/6&#8243;][vc_custom_heading text=&#8221;\u00c9LIMINEZ LES ODEURS DES PIEDS, GARDEZ-LES AU SEC ET ALLEZ DE L\u2019AVANT&#8221; font_container=&#8221;tag:h2|text_align:center&#8221; use_theme_fonts=&#8221;yes&#8221; el_class=&#8221;text-uppercase&#8221;][vc_column_text]Voici quelques conseils pour r\u00e9duire les odeurs des pieds:\r\n<ul>\r\n \t<li>Essayez l\u2019un de nos produits suivants,<\/li>\r\n \t<li>Gardez vos pieds au sec et a\u00e9r\u00e9s,<\/li>\r\n \t<li>Changez de chaussures tous les jours pour qu\u2019elles s\u00e8chent bien,<\/li>\r\n \t<li>Portez des chaussettes propres en coton, car le coton aide \u00e0 \u00e9loigner la transpiration de la peau,<\/li>\r\n \t<li>Utilisez des poudres ou agents de s\u00e9chage,<\/li>\r\n \t<li>Pratiquez une bonne hygi\u00e8ne quotidienne (lavez-vous bien les pieds et s\u00e9chez-les).<\/li>\r\n<\/ul>\r\n<p style=\"text-align: center;\"><em>Ces renseignements ne remplacent pas un diagnostic m\u00e9dical. \u00c0 titre indicatif seulement. Si vous \u00eates diab\u00e9tique, avez une mauvaise circulation sanguine ou une peau fragile, ou si les sympt\u00f4mes sont graves ou persistent, consultez votre podologue ou votre m\u00e9decin avant d\u2019utiliser ces produits.<\/em><\/p>\r\n[\/vc_column_text][\/vc_column][vc_column width=&#8221;1\/12&#8243;][\/vc_column][\/vc_row][\/vc_section][vc_section el_class=&#8221;yellow-gradient wavy py-5 my-5&#8243;][vc_row][vc_column width=&#8221;1\/6&#8243;][\/vc_column][vc_column width=&#8221;2\/3&#8243;][vc_custom_heading text=&#8221;TROUBLES DE SANT\u00c9 LI\u00c9S AUX ODEURS ET \u00c0 LA TRANSPIRATION DES PIEDS&#8221; font_container=&#8221;tag:h2|text_align:center&#8221; use_theme_fonts=&#8221;yes&#8221; el_class=&#8221;text-uppercase mb-4&#8243;][vc_row_inner equal_height=&#8221;yes&#8221; gap=&#8221;35&#8243; el_class=&#8221;mb-4&#8243;][vc_column_inner width=&#8221;1\/3&#8243; css=&#8221;.vc_custom_1595712366417{padding-top: 0px !important;}&#8221;][\/vc_column_inner][vc_column_inner width=&#8221;1\/3&#8243; css=&#8221;.vc_custom_1595712370109{background-color: #ffffff !important;}&#8221;][vc_single_image image=&#8221;698&#8243; img_size=&#8221;full&#8221; onclick=&#8221;custom_link&#8221; link=&#8221;\/fr\/ca\/symptomes-et-problemes\/douleur-aux-pieds-et-problemes-de-sante\/inconforts-lies-au-port-de-chaussures\/&#8221;][vc_separator][vc_column_text el_class=&#8221;lg&#8221;]\r\n<p style=\"text-align: center;\"><a href=\"https:\/\/www.drscholls.ca\/fr\/ca\/symptomes-et-problemes\/douleur-aux-pieds-et-problemes-de-sante\/inconforts-lies-au-port-de-chaussures\/\">Inconfort Dans les\r\nChaussures<\/a><\/p>\r\n[\/vc_column_text][\/vc_column_inner][vc_column_inner width=&#8221;1\/3&#8243;][\/vc_column_inner][\/vc_row_inner][vc_btn title=&#8221;Voir les autres sympt\u00f4mes et affections du pied&#8221; color=&#8221;btn-blue&#8221; colour=&#8221;btn-blue&#8221; el_class=&#8221;btn-wavy&#8221; link=&#8221;url:%2Ffr%2Fcc%2Fsymptomes-et-problemes%2Faffections-cutanees-du-pied%2F|title:Affections%20de%20la%20Peau%20Des%20Pieds&#8221;][\/vc_column][vc_column width=&#8221;1\/6&#8243;][\/vc_column][\/vc_row][\/vc_section]<\/div>","protected":false},"excerpt":{"rendered":"<p>[vc_section full_width=&#8221;stretch_row&#8221; content_placement=&#8221;middle&#8221; el_class=&#8221;blue-gradient pt-5 pb-3 mb-5&#8243;][vc_row content_placement=&#8221;middle&#8221;][vc_column width=&#8221;2\/3&#8243;][vc_raw_html]JTNDaDElMjBjbGFzcyUzRCUyMnRleHQtdXBwZXJjYXNlJTIwbWItMCUyMiUzRUxlJTIwUG9pbnQlMjBTdXIlMjBMZXMlMjBPZGV1cnMlMjBldCUyMGxhJTIwVHJhbnNwaXJhdGlvbiUyMERlcyUyMFBpZWRzJTNDc3BhbiUyMGNsYXNzJTNEJTIyeWVsbG93JTIyJTNFJTNBJTNDJTJGc3BhbiUzRSUzQyUyRmgxJTNF[\/vc_raw_html][\/vc_column][vc_column width=&#8221;1\/3&#8243;][vc_raw_html el_class=&#8221;yellow&#8221;]JTNDcCUzRSUzQ2ElMjBocmVmJTNEJTIyJTIzZGVmaW5pdGlvbiUyMiUyMGNsYXNzJTNEJTIyYW5jaG9yJTIyJTNFRGUlMjBxdW9pJTIwcyVFMiU4MCU5OWFnaXQtaWwlM0YlM0MlMkZhJTNFJTNDJTJGcCUzRSUwQSUzQ3AlM0UlM0NhJTIwaHJlZiUzRCUyMiUyM2NhdXNlcyUyMiUyMGNsYXNzJTNEJTIyYW5jaG9yJTIyJTNFUXVlbGxlcyUyMGVuJTIwc29udCUyMGxlcyUyMGNhdXNlcyUzRiUzQyUyRmElM0UlM0MlMkZwJTNFJTBBJTNDcCUzRSUzQ2ElMjBocmVmJTNEJTIyJTIzc29sdXRpb25zJTIyJTIwY2xhc3MlM0QlMjJhbmNob3IlMjIlM0VRdWUlMjBwdWlzLWplJTIwZmFpcmUlM0YlM0MlMkZhJTNFJTNDJTJGcCUzRQ==[\/vc_raw_html][\/vc_column][\/vc_row][\/vc_section][vc_section el_id=&#8221;definition&#8221; el_class=&#8221;mt-4 mb-5&#8243;][vc_row][vc_column width=&#8221;1\/12&#8243;][\/vc_column][vc_column width=&#8221;5\/6&#8243;][vc_custom_heading text=&#8221;Qu\u2019est-Ce Que Les Odeurs et la Transpiration Des Pieds?&#8221; font_container=&#8221;tag:h2|text_align:center&#8221; use_theme_fonts=&#8221;yes&#8221; el_class=&#8221;text-uppercase&#8221;][vc_column_text el_class=&#8221;lg&#8221;] Les odeurs de pied sont un probl\u00e8me courant. L\u2019exc\u00e8s de transpiration du pied impr\u00e8gne les chaussettes et la doublure des chaussures, et cr\u00e9e un environnement propice&hellip;<\/p>\n","protected":false},"author":10,"featured_media":0,"parent":11627,"menu_order":0,"comment_status":"closed","ping_status":"closed","template":"","meta":{"_acf_changed":false,"footnotes":""},"class_list":["post-696","page","type-page","status-publish","hentry"],"acf":[],"_links":{"self":[{"href":"https:\/\/www.drscholls.ca\/fr\/wp-json\/wp\/v2\/pages\/696","targetHints":{"allow":["GET"]}}],"collection":[{"href":"https:\/\/www.drscholls.ca\/fr\/wp-json\/wp\/v2\/pages"}],"about":[{"href":"https:\/\/www.drscholls.ca\/fr\/wp-json\/wp\/v2\/types\/page"}],"author":[{"embeddable":true,"href":"https:\/\/www.drscholls.ca\/fr\/wp-json\/wp\/v2\/users\/10"}],"replies":[{"embeddable":true,"href":"https:\/\/www.drscholls.ca\/fr\/wp-json\/wp\/v2\/comments?post=696"}],"version-history":[{"count":0,"href":"https:\/\/www.drscholls.ca\/fr\/wp-json\/wp\/v2\/pages\/696\/revisions"}],"up":[{"embeddable":true,"href":"https:\/\/www.drscholls.ca\/fr\/wp-json\/wp\/v2\/pages\/11627"}],"wp:attachment":[{"href":"https:\/\/www.drscholls.ca\/fr\/wp-json\/wp\/v2\/media?parent=696"}],"curies":[{"name":"wp","href":"https:\/\/api.w.org\/{rel}","templated":true}]}}