{"id":693,"date":"2020-06-18T17:35:10","date_gmt":"2020-06-18T22:35:10","guid":{"rendered":"https:\/\/www.drscholls.ca\/fr\/?page_id=693"},"modified":"2020-11-24T11:24:19","modified_gmt":"2020-11-24T16:24:19","slug":"oignons","status":"publish","type":"page","link":"https:\/\/www.drscholls.ca\/fr\/ca\/symptomes-et-problemes\/affections-cutanees-du-pied\/oignons\/","title":{"rendered":"Oignons"},"content":{"rendered":"<div class=\"wpb-content-wrapper\">[vc_section full_width=&#8221;stretch_row&#8221; content_placement=&#8221;middle&#8221; el_class=&#8221;blue-gradient pt-5 pb-3 mb-5&#8243;][vc_row content_placement=&#8221;middle&#8221;][vc_column width=&#8221;2\/3&#8243;][vc_raw_html]JTNDaDElMjBjbGFzcyUzRCUyMnRleHQtdXBwZXJjYXNlJTIwbWItMCUyMiUzRUxlJTIwUG9pbnQlMjBTdXIlMjBMZXMlMjBPaWdub25zJTNDc3BhbiUyMGNsYXNzJTNEJTIyeWVsbG93JTIyJTNFJTNBJTNDJTJGc3BhbiUzRSUzQyUyRmgxJTNF[\/vc_raw_html][\/vc_column][vc_column width=&#8221;1\/3&#8243;][vc_raw_html el_class=&#8221;yellow&#8221;]JTNDcCUzRSUzQ3NwYW4lMjBjbGFzcyUzRCUyMnllbGxvdyUyMiUzRSUzQ2ElMjBocmVmJTNEJTIyJTIzZGVmaW5pdGlvbiUyMiUyMGNsYXNzJTNEJTIyYW5jaG9yJTIyJTNFRGUlMjBxdW9pJTIwcyVFMiU4MCU5OWFnaXQtaWwlM0YlM0MlMkZhJTNFJTNDJTJGcCUzRSUzQyUyRnNwYW4lM0UlMEElM0NwJTNFJTNDc3BhbiUyMGNsYXNzJTNEJUUyJTgwJTlDeWVsbG93JUUyJTgwJTlEJTNFJTNDYSUyMGhyZWYlM0QlRTIlODAlOUMlMjNjYXVzZXMlRTIlODAlOUQlMjBjbGFzcyUzRCVFMiU4MCU5Q2FuY2hvciVFMiU4MCU5RCUzRVF1ZWxsZXMlMjBlbiUyMHNvbnQlMjBsZXMlMjBjYXVzZXMlM0YlM0MlMkZhJTNFJTNDJTJGcCUzRSUzQyUyRnNwYW4lM0UlMEElM0NwJTNFJTNDc3BhbiUyMGNsYXNzJTNEJUUyJTgwJTlDeWVsbG93JUUyJTgwJTlEJTNFJTNDYSUyMGhyZWYlM0QlRTIlODAlOUMlMjNzb2x1dGlvbnMlRTIlODAlOUQlMjBjbGFzcyUzRCVFMiU4MCU5Q2FuY2hvciVFMiU4MCU5RCUzRVF1ZSUyMHB1aXMtamUlMjBmYWlyZSUzRiUzQyUyRmElM0UlM0MlMkZwJTNFJTNDJTJGc3BhbiUzRQ==[\/vc_raw_html][\/vc_column][\/vc_row][\/vc_section][vc_section el_id=&#8221;definition&#8221; el_class=&#8221;mt-4 mb-5&#8243;][vc_row][vc_column width=&#8221;1\/12&#8243;][\/vc_column][vc_column width=&#8221;5\/6&#8243;][vc_custom_heading text=&#8221;Que Sont Les Oignons?&#8221; font_container=&#8221;tag:h2|text_align:center&#8221; use_theme_fonts=&#8221;yes&#8221; el_class=&#8221;text-uppercase&#8221;][vc_column_text el_class=&#8221;lg&#8221;]\r\n<p style=\"text-align: center;\">Les oignons sont des agrandissements douloureux de la zone situ\u00e9e derri\u00e8re le gros orteil.<\/p>\r\n[\/vc_column_text][\/vc_column][vc_column width=&#8221;1\/12&#8243;][\/vc_column][\/vc_row][\/vc_section][vc_section full_width=&#8221;stretch_row&#8221; el_class=&#8221;mb-5&#8243;][vc_row equal_height=&#8221;yes&#8221; content_placement=&#8221;middle&#8221; el_class=&#8221;no-padding&#8221;][vc_column width=&#8221;1\/2&#8243;][vc_single_image image=&#8221;694&#8243; img_size=&#8221;full&#8221; alignment=&#8221;centre&#8221; el_class=&#8221;no-padding&#8221; css=&#8221;.vc_custom_1592517796875{margin-bottom: 0px !important;}&#8221;][\/vc_column][vc_column width=&#8221;1\/2&#8243; el_class=&#8221;yellow-gradient&#8221;][vc_column_text el_class=&#8221;px-5 pt-5 pb-3&#8243;]\r\n<p class=\"module-para\">La douleur ou la raideur du gros orteil est l\u2019un des quelques sympt\u00f4mes de l\u2019oignon. Les oignons peuvent provoquer l\u2019inversion du pied ou sa rotation vers l\u2019ext\u00e9rieur, ce qui rend la marche difficile. Ils sont g\u00e9n\u00e9ralement plus fr\u00e9quents chez les femmes, mais n\u2019importe qui &#8211; m\u00eame les enfants &#8211; peut en avoir.<\/p>\r\n\r\n<h4 class=\"head\">Signe que vous avez peut-\u00eatre un oignon:<\/h4>\r\n<ul class=\"listPara-blue\">\r\n \t<li>Douleur \u00e0 l\u2019articulation du gros orteil, qui peut rendre la marche difficile<\/li>\r\n \t<li>Rougeur et enflure de l\u2019articulation du gros orteil<\/li>\r\n \t<li>Callosit\u00e9 sous l\u2019articulation du gros orteil<\/li>\r\n \t<li>Diminution du mouvement du gros orteil, ou douleur au gros orteil<\/li>\r\n<\/ul>\r\n[\/vc_column_text][\/vc_column][\/vc_row][\/vc_section][vc_section el_id=&#8221;causes&#8221; el_class=&#8221;mt-4&#8243;][vc_row][vc_column width=&#8221;1\/12&#8243;][\/vc_column][vc_column width=&#8221;5\/6&#8243;][vc_custom_heading text=&#8221;Quelles Sont Les Causes Des Oignons?&#8221; font_container=&#8221;tag:h2|text_align:center&#8221; use_theme_fonts=&#8221;yes&#8221; el_class=&#8221;text-uppercase&#8221;][vc_column_text]De multiples facteurs peuvent contribuer aux oignons, par exemple:\r\n<ul>\r\n \t<li>Des chaussures mal ajust\u00e9es, surtout trop \u00e9troites<\/li>\r\n \t<li>Mouvement anormal des pieds<\/li>\r\n<\/ul>\r\n<p style=\"text-align: left;\">Quelle que soit la cause, des oignons se forment lorsque les os de la grande articulation du gros orteil sont d\u00e9salign\u00e9s.<\/p>\r\n[\/vc_column_text][\/vc_column][vc_column width=&#8221;1\/12&#8243;][\/vc_column][\/vc_row][vc_row][vc_column][vc_separator][\/vc_column][\/vc_row][\/vc_section][vc_section][vc_row content_placement=&#8221;top&#8221;][vc_column][vc_custom_heading text=&#8221;Trouver Des Produits Pour Traiter Les Oignons&#8221; font_container=&#8221;tag:h2|text_align:center&#8221; use_theme_fonts=&#8221;yes&#8221; el_class=&#8221;text-uppercase&#8221;][vc_raw_html]JTVCcHJvZHVjdHNfc2xpZGVyJTIwY2F0cyUzRCUyMjI3JTIyJTIwYXV0b3BsYXklM0QlMjJmYWxzZSUyMiUyMG9yZGVyYnklM0QlMjJtZW51X29yZGVyJTIyJTVE[\/vc_raw_html][\/vc_column][\/vc_row][\/vc_section][vc_section el_class=&#8221;mt-5&#8243; el_id=&#8221;solutions&#8221;][vc_row][vc_column width=&#8221;1\/12&#8243;][\/vc_column][vc_column width=&#8221;5\/6&#8243;][vc_custom_heading text=&#8221;Le Traitement Des Oignons&#8221; font_container=&#8221;tag:h2|text_align:center&#8221; use_theme_fonts=&#8221;yes&#8221; el_class=&#8221;text-uppercase&#8221;][vc_column_text]Les oignons ont tendance \u00e0 se former lentement au fil du temps, donc m\u00eame si vous ne le remarquez pas avant qu\u2019il soit compl\u00e8tement form\u00e9, il y a certaines choses qui peuvent aider \u00e0 r\u00e9duire les risques d\u2019en d\u00e9velopper un. Et si vous avez des oignons, les sympt\u00f4mes peuvent \u00eatre att\u00e9nu\u00e9s en prenant quelques mesures simples, par exemple:\r\n<ul>\r\n \t<li>Porter des chaussures bien ajust\u00e9es, ce qui contribue \u00e0 ralentir la progression des oignons et \u00e0 att\u00e9nuer l\u2019inconfort<\/li>\r\n \t<li>Placer de l\u2019amortissement sur l\u2019oignon pour att\u00e9nuer l\u2019inconfort<\/li>\r\n \t<li>Choisir des mod\u00e8les de chaussures qui procurent beaucoup d\u2019espace au niveau des orteils<\/li>\r\n \t<li>Choisir des chaussures bien ajust\u00e9es pour les enfants, car ils peuvent aussi d\u00e9velopper des oignons \u00e9tant donn\u00e9 qu\u2019ils grandissent<\/li>\r\n \t<li>Consulter votre m\u00e9decin<\/li>\r\n<\/ul>\r\n<p style=\"text-align: center;\"><em>Ces renseignements ne remplacent pas un diagnostic m\u00e9dical. \u00c0 titre indicatif seulement. Si vous \u00eates diab\u00e9tique, avez une mauvaise circulation sanguine ou une peau fragile, ou si les sympt\u00f4mes sont graves ou persistent, consultez votre podologue ou votre m\u00e9decin avant d\u2019utiliser ces produits.<\/em><\/p>\r\n[\/vc_column_text][\/vc_column][vc_column width=&#8221;1\/12&#8243;][\/vc_column][\/vc_row][\/vc_section][vc_section el_class=&#8221;yellow-gradient wavy py-5 my-5&#8243;][vc_row][vc_column width=&#8221;1\/6&#8243;][\/vc_column][vc_column width=&#8221;2\/3&#8243;][vc_custom_heading text=&#8221;Troubles De Sant\u00e9 Li\u00e9s Aux Oignons&#8221; font_container=&#8221;tag:h2|text_align:center&#8221; use_theme_fonts=&#8221;yes&#8221; el_class=&#8221;text-uppercase mb-4&#8243;][vc_row_inner equal_height=&#8221;yes&#8221; gap=&#8221;35&#8243; el_class=&#8221;mb-4&#8243;][vc_column_inner width=&#8221;1\/3&#8243; css=&#8221;.vc_custom_1592336241287{padding-top: 0px !important;background-color: #ffffff !important;}&#8221;][vc_single_image image=&#8221;662&#8243; img_size=&#8221;full&#8221; onclick=&#8221;custom_link&#8221; link=&#8221;\/fr\/ca\/symptomes-et-problemes\/affections-cutanees-du-pied\/callosites\/&#8221;][vc_separator][vc_column_text el_class=&#8221;lg&#8221;]\r\n<p style=\"text-align: center;\"><a href=\"\/fr\/ca\/symptomes-et-problemes\/affections-cutanees-du-pied\/callosites\/\">Callosit\u00e9s<\/a><\/p>\r\n[\/vc_column_text][\/vc_column_inner][vc_column_inner width=&#8221;1\/3&#8243; css=&#8221;.vc_custom_1592336262621{padding-top: 0px !important;background-color: #ffffff !important;}&#8221;][vc_single_image image=&#8221;664&#8243; img_size=&#8221;full&#8221; onclick=&#8221;custom_link&#8221; link=&#8221;\/fr\/ca\/symptomes-et-problemes\/affections-cutanees-du-pied\/ampoules\/&#8221;][vc_separator][vc_column_text el_class=&#8221;lg&#8221;]\r\n<p style=\"text-align: center;\"><a href=\"\/fr\/ca\/symptomes-et-problemes\/affections-cutanees-du-pied\/ampoules\/\">Ampoules<\/a><\/p>\r\n[\/vc_column_text][\/vc_column_inner][vc_column_inner width=&#8221;1\/3&#8243; css=&#8221;.vc_custom_1592336255537{padding-top: 0px !important;background-color: #ffffff !important;}&#8221;][vc_single_image image=&#8221;673&#8243; img_size=&#8221;full&#8221; onclick=&#8221;custom_link&#8221; link=&#8221;\/fr\/ca\/symptomes-et-problemes\/affections-cutanees-du-pied\/cors\/&#8221;][vc_separator][vc_column_text el_class=&#8221;lg&#8221;]\r\n<p style=\"text-align: center;\"><a href=\"\/fr\/ca\/symptomes-et-problemes\/affections-cutanees-du-pied\/cors\/\">Cors<\/a><\/p>\r\n[\/vc_column_text][\/vc_column_inner][\/vc_row_inner][vc_btn title=&#8221;Voir les autres sympt\u00f4mes et affections du pied&#8221; color=&#8221;btn-blue&#8221; colour=&#8221;btn-blue&#8221; el_class=&#8221;btn-wavy&#8221; link=&#8221;url:%2Ffr%2Fcc%2Fsymptomes-et-problemes-de-sante%2Faffections-cutanees-du-pied%2F|title:Foot%20Skin%20Conditions&#8221;][\/vc_column][vc_column width=&#8221;1\/6&#8243;][\/vc_column][\/vc_row][\/vc_section]<\/div>","protected":false},"excerpt":{"rendered":"<p>[vc_section full_width=&#8221;stretch_row&#8221; content_placement=&#8221;middle&#8221; el_class=&#8221;blue-gradient pt-5 pb-3 mb-5&#8243;][vc_row content_placement=&#8221;middle&#8221;][vc_column width=&#8221;2\/3&#8243;][vc_raw_html]JTNDaDElMjBjbGFzcyUzRCUyMnRleHQtdXBwZXJjYXNlJTIwbWItMCUyMiUzRUxlJTIwUG9pbnQlMjBTdXIlMjBMZXMlMjBPaWdub25zJTNDc3BhbiUyMGNsYXNzJTNEJTIyeWVsbG93JTIyJTNFJTNBJTNDJTJGc3BhbiUzRSUzQyUyRmgxJTNF[\/vc_raw_html][\/vc_column][vc_column width=&#8221;1\/3&#8243;][vc_raw_html el_class=&#8221;yellow&#8221;]JTNDcCUzRSUzQ3NwYW4lMjBjbGFzcyUzRCUyMnllbGxvdyUyMiUzRSUzQ2ElMjBocmVmJTNEJTIyJTIzZGVmaW5pdGlvbiUyMiUyMGNsYXNzJTNEJTIyYW5jaG9yJTIyJTNFRGUlMjBxdW9pJTIwcyVFMiU4MCU5OWFnaXQtaWwlM0YlM0MlMkZhJTNFJTNDJTJGcCUzRSUzQyUyRnNwYW4lM0UlMEElM0NwJTNFJTNDc3BhbiUyMGNsYXNzJTNEJUUyJTgwJTlDeWVsbG93JUUyJTgwJTlEJTNFJTNDYSUyMGhyZWYlM0QlRTIlODAlOUMlMjNjYXVzZXMlRTIlODAlOUQlMjBjbGFzcyUzRCVFMiU4MCU5Q2FuY2hvciVFMiU4MCU5RCUzRVF1ZWxsZXMlMjBlbiUyMHNvbnQlMjBsZXMlMjBjYXVzZXMlM0YlM0MlMkZhJTNFJTNDJTJGcCUzRSUzQyUyRnNwYW4lM0UlMEElM0NwJTNFJTNDc3BhbiUyMGNsYXNzJTNEJUUyJTgwJTlDeWVsbG93JUUyJTgwJTlEJTNFJTNDYSUyMGhyZWYlM0QlRTIlODAlOUMlMjNzb2x1dGlvbnMlRTIlODAlOUQlMjBjbGFzcyUzRCVFMiU4MCU5Q2FuY2hvciVFMiU4MCU5RCUzRVF1ZSUyMHB1aXMtamUlMjBmYWlyZSUzRiUzQyUyRmElM0UlM0MlMkZwJTNFJTNDJTJGc3BhbiUzRQ==[\/vc_raw_html][\/vc_column][\/vc_row][\/vc_section][vc_section el_id=&#8221;definition&#8221; el_class=&#8221;mt-4 mb-5&#8243;][vc_row][vc_column width=&#8221;1\/12&#8243;][\/vc_column][vc_column width=&#8221;5\/6&#8243;][vc_custom_heading text=&#8221;Que Sont Les Oignons?&#8221; font_container=&#8221;tag:h2|text_align:center&#8221; use_theme_fonts=&#8221;yes&#8221; el_class=&#8221;text-uppercase&#8221;][vc_column_text el_class=&#8221;lg&#8221;] Les oignons sont des agrandissements douloureux de la zone situ\u00e9e derri\u00e8re le gros orteil. [\/vc_column_text][\/vc_column][vc_column width=&#8221;1\/12&#8243;][\/vc_column][\/vc_row][\/vc_section][vc_section full_width=&#8221;stretch_row&#8221; el_class=&#8221;mb-5&#8243;][vc_row equal_height=&#8221;yes&#8221; content_placement=&#8221;middle&#8221; el_class=&#8221;no-padding&#8221;][vc_column width=&#8221;1\/2&#8243;][vc_single_image image=&#8221;694&#8243; img_size=&#8221;full&#8221; alignment=&#8221;centre&#8221; el_class=&#8221;no-padding&#8221; css=&#8221;.vc_custom_1592517796875{margin-bottom: 0px !important;}&#8221;][\/vc_column][vc_column width=&#8221;1\/2&#8243; el_class=&#8221;yellow-gradient&#8221;][vc_column_text&hellip;<\/p>\n","protected":false},"author":10,"featured_media":0,"parent":11627,"menu_order":0,"comment_status":"closed","ping_status":"closed","template":"","meta":{"_acf_changed":false,"footnotes":""},"class_list":["post-693","page","type-page","status-publish","hentry"],"acf":[],"_links":{"self":[{"href":"https:\/\/www.drscholls.ca\/fr\/wp-json\/wp\/v2\/pages\/693","targetHints":{"allow":["GET"]}}],"collection":[{"href":"https:\/\/www.drscholls.ca\/fr\/wp-json\/wp\/v2\/pages"}],"about":[{"href":"https:\/\/www.drscholls.ca\/fr\/wp-json\/wp\/v2\/types\/page"}],"author":[{"embeddable":true,"href":"https:\/\/www.drscholls.ca\/fr\/wp-json\/wp\/v2\/users\/10"}],"replies":[{"embeddable":true,"href":"https:\/\/www.drscholls.ca\/fr\/wp-json\/wp\/v2\/comments?post=693"}],"version-history":[{"count":0,"href":"https:\/\/www.drscholls.ca\/fr\/wp-json\/wp\/v2\/pages\/693\/revisions"}],"up":[{"embeddable":true,"href":"https:\/\/www.drscholls.ca\/fr\/wp-json\/wp\/v2\/pages\/11627"}],"wp:attachment":[{"href":"https:\/\/www.drscholls.ca\/fr\/wp-json\/wp\/v2\/media?parent=693"}],"curies":[{"name":"wp","href":"https:\/\/api.w.org\/{rel}","templated":true}]}}